{"id":17834,"date":"2020-07-28T12:22:34","date_gmt":"2020-07-28T10:22:34","guid":{"rendered":"https:\/\/vanitasespai.es\/?page_id=17834"},"modified":"2020-07-28T12:24:45","modified_gmt":"2020-07-28T10:24:45","slug":"nails","status":"publish","type":"page","link":"https:\/\/vanitasespai.es\/en\/nails\/","title":{"rendered":"Nails"},"content":{"rendered":"<p>Hands are our most exposed part of the body. We are forced to use them everywhere, show them at work and use them daily in all kinds of duties. They are one of the most important parts in our non- verbal communication. Logically, a carefully composed image is never complete without a professional manicure or pedicure.<\/p>\n<p>There is an infinite number of colours, new nail polish finishes such as the innovative Shellac, and solutions to brittle nails. It is impossible not to notice cared-for, beautifully shaped and nicely polished nails. With all the options available at Vanitas Espai you don\u2019t have any more excuses, come and try our manicure and pedicure.<\/p>\n","protected":false},"excerpt":{"rendered":"<p>Hands are our most exposed part of the body. We are forced to use them everywhere, show them at work and use them daily in all kinds of duties. They are one of the most important parts in our non- verbal communication. Logically, a carefully composed image is never complete without a professional manicure or [&hellip;]<\/p>\n","protected":false},"author":1,"featured_media":17008,"parent":0,"menu_order":0,"comment_status":"closed","ping_status":"closed","template":"home-services.php","meta":{"_acf_changed":false,"_joinchat":[],"footnotes":""},"class_list":["post-17834","page","type-page","status-publish","has-post-thumbnail","hentry"],"acf":[],"yoast_head":"<!-- This site is optimized with the Yoast SEO plugin v26.1.1 - https:\/\/yoast.com\/wordpress\/plugins\/seo\/ -->\n<title>Vanitas Espai - Nails<\/title>\n<meta name=\"robots\" content=\"index, follow, max-snippet:-1, max-image-preview:large, max-video-preview:-1\" \/>\n<link rel=\"canonical\" href=\"https:\/\/vanitasespai.es\/en\/nails\/\" \/>\n<meta property=\"og:locale\" content=\"en_US\" \/>\n<meta property=\"og:type\" content=\"article\" \/>\n<meta property=\"og:title\" content=\"Vanitas Espai - Nails\" \/>\n<meta property=\"og:description\" content=\"Hands are our most exposed part of the body. We are forced to use them everywhere, show them at work and use them daily in all kinds of duties. They are one of the most important parts in our non- verbal communication. Logically, a carefully composed image is never complete without a professional manicure or [&hellip;]\" \/>\n<meta property=\"og:url\" content=\"https:\/\/vanitasespai.es\/en\/nails\/\" \/>\n<meta property=\"og:site_name\" content=\"Vanitas Espai\" \/>\n<meta property=\"article:modified_time\" content=\"2020-07-28T10:24:45+00:00\" \/>\n<meta property=\"og:image\" content=\"https:\/\/vanitasespai.es\/wp-content\/uploads\/2013\/01\/Fondo-Zona-Manicura-Spa.jpg\" \/>\n\t<meta property=\"og:image:width\" content=\"1920\" \/>\n\t<meta property=\"og:image:height\" content=\"991\" \/>\n\t<meta property=\"og:image:type\" content=\"image\/jpeg\" \/>\n<meta name=\"twitter:card\" content=\"summary_large_image\" \/>\n<meta name=\"twitter:label1\" content=\"Est. reading time\" \/>\n\t<meta name=\"twitter:data1\" content=\"1 minute\" \/>\n<script type=\"application\/ld+json\" class=\"yoast-schema-graph\">{\"@context\":\"https:\/\/schema.org\",\"@graph\":[{\"@type\":\"WebPage\",\"@id\":\"https:\/\/vanitasespai.es\/en\/nails\/\",\"url\":\"https:\/\/vanitasespai.es\/en\/nails\/\",\"name\":\"Vanitas Espai - Nails\",\"isPartOf\":{\"@id\":\"https:\/\/vanitasespai.es\/#website\"},\"primaryImageOfPage\":{\"@id\":\"https:\/\/vanitasespai.es\/en\/nails\/#primaryimage\"},\"image\":{\"@id\":\"https:\/\/vanitasespai.es\/en\/nails\/#primaryimage\"},\"thumbnailUrl\":\"https:\/\/vanitasespai.es\/wp-content\/uploads\/2013\/01\/Fondo-Zona-Manicura-Spa.jpg\",\"datePublished\":\"2020-07-28T10:22:34+00:00\",\"dateModified\":\"2020-07-28T10:24:45+00:00\",\"breadcrumb\":{\"@id\":\"https:\/\/vanitasespai.es\/en\/nails\/#breadcrumb\"},\"inLanguage\":\"en-US\",\"potentialAction\":[{\"@type\":\"ReadAction\",\"target\":[\"https:\/\/vanitasespai.es\/en\/nails\/\"]}]},{\"@type\":\"ImageObject\",\"inLanguage\":\"en-US\",\"@id\":\"https:\/\/vanitasespai.es\/en\/nails\/#primaryimage\",\"url\":\"https:\/\/vanitasespai.es\/wp-content\/uploads\/2013\/01\/Fondo-Zona-Manicura-Spa.jpg\",\"contentUrl\":\"https:\/\/vanitasespai.es\/wp-content\/uploads\/2013\/01\/Fondo-Zona-Manicura-Spa.jpg\",\"width\":1920,\"height\":991},{\"@type\":\"BreadcrumbList\",\"@id\":\"https:\/\/vanitasespai.es\/en\/nails\/#breadcrumb\",\"itemListElement\":[{\"@type\":\"ListItem\",\"position\":1,\"name\":\"Home\",\"item\":\"https:\/\/vanitasespai.es\/en\/\"},{\"@type\":\"ListItem\",\"position\":2,\"name\":\"Nails\"}]},{\"@type\":\"WebSite\",\"@id\":\"https:\/\/vanitasespai.es\/#website\",\"url\":\"https:\/\/vanitasespai.es\/\",\"name\":\"Vanitas Espai\",\"description\":\"Mejor sal\u00f3n de Peluquer\u00eda y Est\u00e9tica de Barcelona\",\"potentialAction\":[{\"@type\":\"SearchAction\",\"target\":{\"@type\":\"EntryPoint\",\"urlTemplate\":\"https:\/\/vanitasespai.es\/?s={search_term_string}\"},\"query-input\":{\"@type\":\"PropertyValueSpecification\",\"valueRequired\":true,\"valueName\":\"search_term_string\"}}],\"inLanguage\":\"en-US\"}]}<\/script>\n<!-- \/ Yoast SEO plugin. -->","yoast_head_json":{"title":"Vanitas Espai - Nails","robots":{"index":"index","follow":"follow","max-snippet":"max-snippet:-1","max-image-preview":"max-image-preview:large","max-video-preview":"max-video-preview:-1"},"canonical":"https:\/\/vanitasespai.es\/en\/nails\/","og_locale":"en_US","og_type":"article","og_title":"Vanitas Espai - Nails","og_description":"Hands are our most exposed part of the body. We are forced to use them everywhere, show them at work and use them daily in all kinds of duties. They are one of the most important parts in our non- verbal communication. Logically, a carefully composed image is never complete without a professional manicure or [&hellip;]","og_url":"https:\/\/vanitasespai.es\/en\/nails\/","og_site_name":"Vanitas Espai","article_modified_time":"2020-07-28T10:24:45+00:00","og_image":[{"width":1920,"height":991,"url":"https:\/\/vanitasespai.es\/wp-content\/uploads\/2013\/01\/Fondo-Zona-Manicura-Spa.jpg","type":"image\/jpeg"}],"twitter_card":"summary_large_image","twitter_misc":{"Est. reading time":"1 minute"},"schema":{"@context":"https:\/\/schema.org","@graph":[{"@type":"WebPage","@id":"https:\/\/vanitasespai.es\/en\/nails\/","url":"https:\/\/vanitasespai.es\/en\/nails\/","name":"Vanitas Espai - Nails","isPartOf":{"@id":"https:\/\/vanitasespai.es\/#website"},"primaryImageOfPage":{"@id":"https:\/\/vanitasespai.es\/en\/nails\/#primaryimage"},"image":{"@id":"https:\/\/vanitasespai.es\/en\/nails\/#primaryimage"},"thumbnailUrl":"https:\/\/vanitasespai.es\/wp-content\/uploads\/2013\/01\/Fondo-Zona-Manicura-Spa.jpg","datePublished":"2020-07-28T10:22:34+00:00","dateModified":"2020-07-28T10:24:45+00:00","breadcrumb":{"@id":"https:\/\/vanitasespai.es\/en\/nails\/#breadcrumb"},"inLanguage":"en-US","potentialAction":[{"@type":"ReadAction","target":["https:\/\/vanitasespai.es\/en\/nails\/"]}]},{"@type":"ImageObject","inLanguage":"en-US","@id":"https:\/\/vanitasespai.es\/en\/nails\/#primaryimage","url":"https:\/\/vanitasespai.es\/wp-content\/uploads\/2013\/01\/Fondo-Zona-Manicura-Spa.jpg","contentUrl":"https:\/\/vanitasespai.es\/wp-content\/uploads\/2013\/01\/Fondo-Zona-Manicura-Spa.jpg","width":1920,"height":991},{"@type":"BreadcrumbList","@id":"https:\/\/vanitasespai.es\/en\/nails\/#breadcrumb","itemListElement":[{"@type":"ListItem","position":1,"name":"Home","item":"https:\/\/vanitasespai.es\/en\/"},{"@type":"ListItem","position":2,"name":"Nails"}]},{"@type":"WebSite","@id":"https:\/\/vanitasespai.es\/#website","url":"https:\/\/vanitasespai.es\/","name":"Vanitas Espai","description":"Mejor sal\u00f3n de Peluquer\u00eda y Est\u00e9tica de Barcelona","potentialAction":[{"@type":"SearchAction","target":{"@type":"EntryPoint","urlTemplate":"https:\/\/vanitasespai.es\/?s={search_term_string}"},"query-input":{"@type":"PropertyValueSpecification","valueRequired":true,"valueName":"search_term_string"}}],"inLanguage":"en-US"}]}},"_links":{"self":[{"href":"https:\/\/vanitasespai.es\/en\/wp-json\/wp\/v2\/pages\/17834","targetHints":{"allow":["GET"]}}],"collection":[{"href":"https:\/\/vanitasespai.es\/en\/wp-json\/wp\/v2\/pages"}],"about":[{"href":"https:\/\/vanitasespai.es\/en\/wp-json\/wp\/v2\/types\/page"}],"author":[{"embeddable":true,"href":"https:\/\/vanitasespai.es\/en\/wp-json\/wp\/v2\/users\/1"}],"replies":[{"embeddable":true,"href":"https:\/\/vanitasespai.es\/en\/wp-json\/wp\/v2\/comments?post=17834"}],"version-history":[{"count":3,"href":"https:\/\/vanitasespai.es\/en\/wp-json\/wp\/v2\/pages\/17834\/revisions"}],"predecessor-version":[{"id":17837,"href":"https:\/\/vanitasespai.es\/en\/wp-json\/wp\/v2\/pages\/17834\/revisions\/17837"}],"wp:featuredmedia":[{"embeddable":true,"href":"https:\/\/vanitasespai.es\/en\/wp-json\/wp\/v2\/media\/17008"}],"wp:attachment":[{"href":"https:\/\/vanitasespai.es\/en\/wp-json\/wp\/v2\/media?parent=17834"}],"curies":[{"name":"wp","href":"https:\/\/api.w.org\/{rel}","templated":true}]}}