{"id":17817,"date":"2020-07-27T18:37:54","date_gmt":"2020-07-27T16:37:54","guid":{"rendered":"https:\/\/vanitasespai.es\/?page_id=17817"},"modified":"2020-07-28T14:25:03","modified_gmt":"2020-07-28T12:25:03","slug":"hair-salon","status":"publish","type":"page","link":"https:\/\/vanitasespai.es\/en\/hair-salon\/","title":{"rendered":"Hair salon"},"content":{"rendered":"<h2>AN EXQUISITE SERVICE, YOU WILL FEEL TOTALLY EXCLUSIVE AND SPOILED<\/h2>\n<p>At our salon <em>you will find <strong>the best hair salon services in Barcelona<\/strong>, with maximum convenience, professionalism and attention,<\/em> making you feel very special.<\/p>\n<p>Vanitas has high-qualified experts with experience and training in the best national and international salons. All of them are passionate about the beauty world. We always try to respect your style and to follow trendy haircuts for women and men, colors, innovative highlights techniques, hair straightening, recovering hair treatments, 100% natural hair extensions.<\/p>\n<p>For us, hairdressing is an art that enables us to make you feel better, seeing yourself more beautiful and helping you find a look according to what you want to project outside. We have access to the best European and international products to take care of your hair giving it strength and vividness to enhance your natural appeal.<\/p>\n","protected":false},"excerpt":{"rendered":"<p>AN EXQUISITE SERVICE, YOU WILL FEEL TOTALLY EXCLUSIVE AND SPOILED At our salon you will find the best hair salon services in Barcelona, with maximum convenience, professionalism and attention, making you feel very special. Vanitas has high-qualified experts with experience and training in the best national and international salons. All of them are passionate about [&hellip;]<\/p>\n","protected":false},"author":1,"featured_media":17004,"parent":0,"menu_order":0,"comment_status":"closed","ping_status":"closed","template":"home-services.php","meta":{"_acf_changed":false,"_joinchat":[],"footnotes":""},"class_list":["post-17817","page","type-page","status-publish","has-post-thumbnail","hentry"],"acf":[],"yoast_head":"<!-- This site is optimized with the Yoast SEO plugin v26.1.1 - https:\/\/yoast.com\/wordpress\/plugins\/seo\/ -->\n<title>Vanitas Espai - Hair salon<\/title>\n<meta name=\"robots\" content=\"index, follow, max-snippet:-1, max-image-preview:large, max-video-preview:-1\" \/>\n<link rel=\"canonical\" href=\"https:\/\/vanitasespai.es\/en\/hair-salon\/\" \/>\n<meta property=\"og:locale\" content=\"en_US\" \/>\n<meta property=\"og:type\" content=\"article\" \/>\n<meta property=\"og:title\" content=\"Vanitas Espai - Hair salon\" \/>\n<meta property=\"og:description\" content=\"AN EXQUISITE SERVICE, YOU WILL FEEL TOTALLY EXCLUSIVE AND SPOILED At our salon you will find the best hair salon services in Barcelona, with maximum convenience, professionalism and attention, making you feel very special. Vanitas has high-qualified experts with experience and training in the best national and international salons. All of them are passionate about [&hellip;]\" \/>\n<meta property=\"og:url\" content=\"https:\/\/vanitasespai.es\/en\/hair-salon\/\" \/>\n<meta property=\"og:site_name\" content=\"Vanitas Espai\" \/>\n<meta property=\"article:modified_time\" content=\"2020-07-28T12:25:03+00:00\" \/>\n<meta property=\"og:image\" content=\"https:\/\/vanitasespai.es\/wp-content\/uploads\/2013\/01\/Fondo-Zona-Peluqueria-Corte.jpg\" \/>\n\t<meta property=\"og:image:width\" content=\"1920\" \/>\n\t<meta property=\"og:image:height\" content=\"991\" \/>\n\t<meta property=\"og:image:type\" content=\"image\/jpeg\" \/>\n<meta name=\"twitter:card\" content=\"summary_large_image\" \/>\n<meta name=\"twitter:label1\" content=\"Est. reading time\" \/>\n\t<meta name=\"twitter:data1\" content=\"1 minute\" \/>\n<script type=\"application\/ld+json\" class=\"yoast-schema-graph\">{\"@context\":\"https:\/\/schema.org\",\"@graph\":[{\"@type\":\"WebPage\",\"@id\":\"https:\/\/vanitasespai.es\/en\/hair-salon\/\",\"url\":\"https:\/\/vanitasespai.es\/en\/hair-salon\/\",\"name\":\"Vanitas Espai - Hair salon\",\"isPartOf\":{\"@id\":\"https:\/\/vanitasespai.es\/#website\"},\"primaryImageOfPage\":{\"@id\":\"https:\/\/vanitasespai.es\/en\/hair-salon\/#primaryimage\"},\"image\":{\"@id\":\"https:\/\/vanitasespai.es\/en\/hair-salon\/#primaryimage\"},\"thumbnailUrl\":\"https:\/\/vanitasespai.es\/wp-content\/uploads\/2013\/01\/Fondo-Zona-Peluqueria-Corte.jpg\",\"datePublished\":\"2020-07-27T16:37:54+00:00\",\"dateModified\":\"2020-07-28T12:25:03+00:00\",\"breadcrumb\":{\"@id\":\"https:\/\/vanitasespai.es\/en\/hair-salon\/#breadcrumb\"},\"inLanguage\":\"en-US\",\"potentialAction\":[{\"@type\":\"ReadAction\",\"target\":[\"https:\/\/vanitasespai.es\/en\/hair-salon\/\"]}]},{\"@type\":\"ImageObject\",\"inLanguage\":\"en-US\",\"@id\":\"https:\/\/vanitasespai.es\/en\/hair-salon\/#primaryimage\",\"url\":\"https:\/\/vanitasespai.es\/wp-content\/uploads\/2013\/01\/Fondo-Zona-Peluqueria-Corte.jpg\",\"contentUrl\":\"https:\/\/vanitasespai.es\/wp-content\/uploads\/2013\/01\/Fondo-Zona-Peluqueria-Corte.jpg\",\"width\":1920,\"height\":991},{\"@type\":\"BreadcrumbList\",\"@id\":\"https:\/\/vanitasespai.es\/en\/hair-salon\/#breadcrumb\",\"itemListElement\":[{\"@type\":\"ListItem\",\"position\":1,\"name\":\"Home\",\"item\":\"https:\/\/vanitasespai.es\/en\/\"},{\"@type\":\"ListItem\",\"position\":2,\"name\":\"Hair salon\"}]},{\"@type\":\"WebSite\",\"@id\":\"https:\/\/vanitasespai.es\/#website\",\"url\":\"https:\/\/vanitasespai.es\/\",\"name\":\"Vanitas Espai\",\"description\":\"Mejor sal\u00f3n de Peluquer\u00eda y Est\u00e9tica de Barcelona\",\"potentialAction\":[{\"@type\":\"SearchAction\",\"target\":{\"@type\":\"EntryPoint\",\"urlTemplate\":\"https:\/\/vanitasespai.es\/?s={search_term_string}\"},\"query-input\":{\"@type\":\"PropertyValueSpecification\",\"valueRequired\":true,\"valueName\":\"search_term_string\"}}],\"inLanguage\":\"en-US\"}]}<\/script>\n<!-- \/ Yoast SEO plugin. -->","yoast_head_json":{"title":"Vanitas Espai - Hair salon","robots":{"index":"index","follow":"follow","max-snippet":"max-snippet:-1","max-image-preview":"max-image-preview:large","max-video-preview":"max-video-preview:-1"},"canonical":"https:\/\/vanitasespai.es\/en\/hair-salon\/","og_locale":"en_US","og_type":"article","og_title":"Vanitas Espai - Hair salon","og_description":"AN EXQUISITE SERVICE, YOU WILL FEEL TOTALLY EXCLUSIVE AND SPOILED At our salon you will find the best hair salon services in Barcelona, with maximum convenience, professionalism and attention, making you feel very special. Vanitas has high-qualified experts with experience and training in the best national and international salons. All of them are passionate about [&hellip;]","og_url":"https:\/\/vanitasespai.es\/en\/hair-salon\/","og_site_name":"Vanitas Espai","article_modified_time":"2020-07-28T12:25:03+00:00","og_image":[{"width":1920,"height":991,"url":"https:\/\/vanitasespai.es\/wp-content\/uploads\/2013\/01\/Fondo-Zona-Peluqueria-Corte.jpg","type":"image\/jpeg"}],"twitter_card":"summary_large_image","twitter_misc":{"Est. reading time":"1 minute"},"schema":{"@context":"https:\/\/schema.org","@graph":[{"@type":"WebPage","@id":"https:\/\/vanitasespai.es\/en\/hair-salon\/","url":"https:\/\/vanitasespai.es\/en\/hair-salon\/","name":"Vanitas Espai - Hair salon","isPartOf":{"@id":"https:\/\/vanitasespai.es\/#website"},"primaryImageOfPage":{"@id":"https:\/\/vanitasespai.es\/en\/hair-salon\/#primaryimage"},"image":{"@id":"https:\/\/vanitasespai.es\/en\/hair-salon\/#primaryimage"},"thumbnailUrl":"https:\/\/vanitasespai.es\/wp-content\/uploads\/2013\/01\/Fondo-Zona-Peluqueria-Corte.jpg","datePublished":"2020-07-27T16:37:54+00:00","dateModified":"2020-07-28T12:25:03+00:00","breadcrumb":{"@id":"https:\/\/vanitasespai.es\/en\/hair-salon\/#breadcrumb"},"inLanguage":"en-US","potentialAction":[{"@type":"ReadAction","target":["https:\/\/vanitasespai.es\/en\/hair-salon\/"]}]},{"@type":"ImageObject","inLanguage":"en-US","@id":"https:\/\/vanitasespai.es\/en\/hair-salon\/#primaryimage","url":"https:\/\/vanitasespai.es\/wp-content\/uploads\/2013\/01\/Fondo-Zona-Peluqueria-Corte.jpg","contentUrl":"https:\/\/vanitasespai.es\/wp-content\/uploads\/2013\/01\/Fondo-Zona-Peluqueria-Corte.jpg","width":1920,"height":991},{"@type":"BreadcrumbList","@id":"https:\/\/vanitasespai.es\/en\/hair-salon\/#breadcrumb","itemListElement":[{"@type":"ListItem","position":1,"name":"Home","item":"https:\/\/vanitasespai.es\/en\/"},{"@type":"ListItem","position":2,"name":"Hair salon"}]},{"@type":"WebSite","@id":"https:\/\/vanitasespai.es\/#website","url":"https:\/\/vanitasespai.es\/","name":"Vanitas Espai","description":"Mejor sal\u00f3n de Peluquer\u00eda y Est\u00e9tica de Barcelona","potentialAction":[{"@type":"SearchAction","target":{"@type":"EntryPoint","urlTemplate":"https:\/\/vanitasespai.es\/?s={search_term_string}"},"query-input":{"@type":"PropertyValueSpecification","valueRequired":true,"valueName":"search_term_string"}}],"inLanguage":"en-US"}]}},"_links":{"self":[{"href":"https:\/\/vanitasespai.es\/en\/wp-json\/wp\/v2\/pages\/17817","targetHints":{"allow":["GET"]}}],"collection":[{"href":"https:\/\/vanitasespai.es\/en\/wp-json\/wp\/v2\/pages"}],"about":[{"href":"https:\/\/vanitasespai.es\/en\/wp-json\/wp\/v2\/types\/page"}],"author":[{"embeddable":true,"href":"https:\/\/vanitasespai.es\/en\/wp-json\/wp\/v2\/users\/1"}],"replies":[{"embeddable":true,"href":"https:\/\/vanitasespai.es\/en\/wp-json\/wp\/v2\/comments?post=17817"}],"version-history":[{"count":6,"href":"https:\/\/vanitasespai.es\/en\/wp-json\/wp\/v2\/pages\/17817\/revisions"}],"predecessor-version":[{"id":17823,"href":"https:\/\/vanitasespai.es\/en\/wp-json\/wp\/v2\/pages\/17817\/revisions\/17823"}],"wp:featuredmedia":[{"embeddable":true,"href":"https:\/\/vanitasespai.es\/en\/wp-json\/wp\/v2\/media\/17004"}],"wp:attachment":[{"href":"https:\/\/vanitasespai.es\/en\/wp-json\/wp\/v2\/media?parent=17817"}],"curies":[{"name":"wp","href":"https:\/\/api.w.org\/{rel}","templated":true}]}}