{"id":17810,"date":"2020-07-26T19:39:23","date_gmt":"2020-07-26T17:39:23","guid":{"rendered":"https:\/\/vanitasespai.es\/?page_id=17810"},"modified":"2020-07-26T19:39:36","modified_gmt":"2020-07-26T17:39:36","slug":"work-with-us","status":"publish","type":"page","link":"https:\/\/vanitasespai.es\/en\/work-with-us\/","title":{"rendered":"Work with us"},"content":{"rendered":"<div role=\"form\" class=\"wpcf7\" id=\"wpcf7-f17809-o1\" lang=\"en-US\" dir=\"ltr\">\n<div class=\"screen-reader-response\"><p role=\"status\" aria-live=\"polite\" aria-atomic=\"true\"><\/p> <ul><\/ul><\/div>\n<form action=\"\/en\/wp-json\/wp\/v2\/pages\/17810#wpcf7-f17809-o1\" method=\"post\" class=\"wpcf7-form init\" enctype=\"multipart\/form-data\" novalidate=\"novalidate\" data-status=\"init\">\n<div style=\"display: none;\">\n<input type=\"hidden\" name=\"_wpcf7\" value=\"17809\" \/>\n<input type=\"hidden\" name=\"_wpcf7_version\" value=\"5.4.1\" \/>\n<input type=\"hidden\" name=\"_wpcf7_locale\" value=\"en_US\" \/>\n<input type=\"hidden\" name=\"_wpcf7_unit_tag\" value=\"wpcf7-f17809-o1\" \/>\n<input type=\"hidden\" name=\"_wpcf7_container_post\" value=\"0\" \/>\n<input type=\"hidden\" name=\"_wpcf7_posted_data_hash\" value=\"\" \/>\n<input type=\"hidden\" name=\"_wpcf7cf_hidden_group_fields\" value=\"[]\" \/>\n<input type=\"hidden\" name=\"_wpcf7cf_hidden_groups\" value=\"[]\" \/>\n<input type=\"hidden\" name=\"_wpcf7cf_visible_groups\" value=\"[]\" \/>\n<input type=\"hidden\" name=\"_wpcf7cf_repeaters\" value=\"[]\" \/>\n<input type=\"hidden\" name=\"_wpcf7cf_steps\" value=\"{}\" \/>\n<input type=\"hidden\" name=\"_wpcf7cf_options\" value=\"{&quot;form_id&quot;:17809,&quot;conditions&quot;:[],&quot;settings&quot;:{&quot;animation&quot;:&quot;yes&quot;,&quot;animation_intime&quot;:200,&quot;animation_outtime&quot;:200,&quot;conditions_ui&quot;:&quot;normal&quot;,&quot;notice_dismissed&quot;:false,&quot;notice_dismissed_update-cf7-5.8.7&quot;:true}}\" \/>\n<\/div>\n<p><label> First name and Surname <span>(required)<\/span><\/label><br \/>\n    <span class=\"wpcf7-form-control-wrap your-name\"><input type=\"text\" name=\"your-name\" value=\"\" size=\"40\" class=\"wpcf7-form-control wpcf7-text wpcf7-validates-as-required\" aria-required=\"true\" aria-invalid=\"false\" \/><\/span> <\/p>\n<p><label>Email <span>(required)<\/span><\/label><br \/>\n    <span class=\"wpcf7-form-control-wrap your-email\"><input type=\"email\" name=\"your-email\" value=\"\" size=\"40\" class=\"wpcf7-form-control wpcf7-text wpcf7-email wpcf7-validates-as-required wpcf7-validates-as-email\" aria-required=\"true\" aria-invalid=\"false\" \/><\/span> <\/p>\n<p><label>Please attach your CV in PDF\u00a0 <span>(required)<\/span><\/label><br \/>\n<span class=\"wpcf7-form-control-wrap cv-candidatos\"><input type=\"file\" name=\"cv-candidatos\" size=\"40\" class=\"wpcf7-form-control wpcf7-file wpcf7-validates-as-required\" accept=\".pdf,.txt\" aria-required=\"true\" aria-invalid=\"false\" \/><\/span><\/p>\n<p><label><strong>When could you join our company?<\/strong><span>(required)<\/span><\/label><br \/>\n<span class=\"wpcf7-form-control-wrap killer-1\"><span class=\"wpcf7-form-control wpcf7-radio\"><span class=\"wpcf7-list-item first\"><input type=\"radio\" name=\"killer-1\" value=\"In 3 months\" \/><span class=\"wpcf7-list-item-label\">In 3 months<\/span><\/span><span class=\"wpcf7-list-item\"><input type=\"radio\" name=\"killer-1\" value=\"In 1 month\" \/><span class=\"wpcf7-list-item-label\">In 1 month<\/span><\/span><span class=\"wpcf7-list-item\"><input type=\"radio\" name=\"killer-1\" value=\"In 15 days\" \/><span class=\"wpcf7-list-item-label\">In 15 days<\/span><\/span><span class=\"wpcf7-list-item\"><input type=\"radio\" name=\"killer-1\" value=\"In one week\" \/><span class=\"wpcf7-list-item-label\">In one week<\/span><\/span><span class=\"wpcf7-list-item last\"><input type=\"radio\" name=\"killer-1\" value=\"Immediately\" \/><span class=\"wpcf7-list-item-label\">Immediately<\/span><\/span><\/span><\/span><\/p>\n<p><label><strong>How do you cope with stress? <\/strong><span>(required)<\/span><\/label><br \/>\n<span class=\"wpcf7-form-control-wrap killer-2\"><span class=\"wpcf7-form-control wpcf7-radio\"><span class=\"wpcf7-list-item first\"><input type=\"radio\" name=\"killer-2\" value=\"I lose confidence in myself and ask for advice\" \/><span class=\"wpcf7-list-item-label\">I lose confidence in myself and ask for advice<\/span><\/span><span class=\"wpcf7-list-item\"><input type=\"radio\" name=\"killer-2\" value=\"I insist until I finish my objective\" \/><span class=\"wpcf7-list-item-label\">I insist until I finish my objective<\/span><\/span><span class=\"wpcf7-list-item\"><input type=\"radio\" name=\"killer-2\" value=\"I stop to rest and then continue\" \/><span class=\"wpcf7-list-item-label\">I stop to rest and then continue<\/span><\/span><span class=\"wpcf7-list-item\"><input type=\"radio\" name=\"killer-2\" value=\"I try to recharge myself in my private life\" \/><span class=\"wpcf7-list-item-label\">I try to recharge myself in my private life<\/span><\/span><span class=\"wpcf7-list-item last\"><input type=\"radio\" name=\"killer-2\" value=\"I ask for advice to my manager\" \/><span class=\"wpcf7-list-item-label\">I ask for advice to my manager<\/span><\/span><\/span><\/span><\/p>\n<p><label><strong>What\u2019s you level of English?  <\/strong><span>(required)<\/span><\/label><br \/>\n<span class=\"wpcf7-form-control-wrap killer-3\"><span class=\"wpcf7-form-control wpcf7-radio\"><span class=\"wpcf7-list-item first\"><input type=\"radio\" name=\"killer-3\" value=\"Native\" \/><span class=\"wpcf7-list-item-label\">Native<\/span><\/span><span class=\"wpcf7-list-item\"><input type=\"radio\" name=\"killer-3\" value=\"Proficiency or ESB title\" \/><span class=\"wpcf7-list-item-label\">Proficiency or ESB title<\/span><\/span><span class=\"wpcf7-list-item\"><input type=\"radio\" name=\"killer-3\" value=\"First Certificate, TOELF \/ Advanced\" \/><span class=\"wpcf7-list-item-label\">First Certificate, TOELF \/ Advanced<\/span><\/span><span class=\"wpcf7-list-item\"><input type=\"radio\" name=\"killer-3\" value=\"I don\u2019t have a title but I can express myself\" \/><span class=\"wpcf7-list-item-label\">I don\u2019t have a title but I can express myself<\/span><\/span><span class=\"wpcf7-list-item last\"><input type=\"radio\" name=\"killer-3\" value=\"I don\u2019t speak English\" \/><span class=\"wpcf7-list-item-label\">I don\u2019t speak English<\/span><\/span><\/span><\/span><\/p>\n<p><br\/><br\/><label><span class=\"wpcf7-form-control-wrap acceptance-638\"><span class=\"wpcf7-form-control wpcf7-acceptance\"><span class=\"wpcf7-list-item\"><input type=\"checkbox\" name=\"acceptance-638\" value=\"1\" aria-invalid=\"false\" \/><\/span><\/span><\/span>I have read and accept the  <a href=\"https:\/\/vanitasespai.es\/aviso-legal\/\" target=\"_blank\" onClick=\"window.open(this.href, this.target, 'width=400,height=400'); return false;\">terms and conditions<\/a> from Vanitas Espai<\/label><br\/><br\/><\/p>\n<p><input type=\"submit\" value=\"SEND\" class=\"wpcf7-form-control wpcf7-submit\" \/><\/p>\n<p><b>Data Controller:<\/b><span style=\"font-weight: 400;\">Vanitas Espai S.L<\/span><br \/>\n<b>Purpose:<\/b><span style=\"font-weight: 400;\">Appointment Management<\/span><br \/>\n<b>Legal Basis:<\/b><span style=\"font-weight: 400;\"> Pre-contractual measures (Art. 6.1.b. GDPR)<br \/>\n<b>Recipients:<\/b><span style=\"font-weight: 400;\">We will not transfer your data to third parties.<\/span><br \/>\n<b>Rights:<\/b><span style=\"font-weight: 400;\">You have the right to access, rectify, and delete your data, as well as other rights that you can consult in our privacy policy or through our email address <a href=\"mailto:info@vanitasespai.com\">info@vanitasespai.com<\/a><br \/>\n<b>Additional Information:<\/b><span style=\"font-weight: 400;\">You can consult the additional information in our data protection policy<\/span><\/p>\n<div class=\"wpcf7-response-output\" aria-hidden=\"true\"><\/div><\/form><\/div>\n","protected":false},"excerpt":{"rendered":"","protected":false},"author":1,"featured_media":17011,"parent":0,"menu_order":0,"comment_status":"closed","ping_status":"closed","template":"page-default.php","meta":{"_acf_changed":false,"_joinchat":[],"footnotes":""},"class_list":["post-17810","page","type-page","status-publish","has-post-thumbnail","hentry"],"acf":[],"yoast_head":"<!-- This site is optimized with the Yoast SEO plugin v26.1.1 - https:\/\/yoast.com\/wordpress\/plugins\/seo\/ -->\n<title>Vanitas Espai - Work with us<\/title>\n<meta name=\"robots\" content=\"index, follow, max-snippet:-1, max-image-preview:large, max-video-preview:-1\" \/>\n<link rel=\"canonical\" href=\"https:\/\/vanitasespai.es\/en\/work-with-us\/\" \/>\n<meta property=\"og:locale\" content=\"en_US\" \/>\n<meta property=\"og:type\" content=\"article\" \/>\n<meta property=\"og:title\" content=\"Vanitas Espai - Work with us\" \/>\n<meta property=\"og:url\" content=\"https:\/\/vanitasespai.es\/en\/work-with-us\/\" \/>\n<meta property=\"og:site_name\" content=\"Vanitas Espai\" \/>\n<meta property=\"article:modified_time\" content=\"2020-07-26T17:39:36+00:00\" \/>\n<meta property=\"og:image\" content=\"https:\/\/vanitasespai.es\/wp-content\/uploads\/2013\/01\/Fondo-Recepcion.jpg\" \/>\n\t<meta property=\"og:image:width\" content=\"1920\" \/>\n\t<meta property=\"og:image:height\" content=\"991\" \/>\n\t<meta property=\"og:image:type\" content=\"image\/jpeg\" \/>\n<meta name=\"twitter:card\" content=\"summary_large_image\" \/>\n<script type=\"application\/ld+json\" class=\"yoast-schema-graph\">{\"@context\":\"https:\/\/schema.org\",\"@graph\":[{\"@type\":\"WebPage\",\"@id\":\"https:\/\/vanitasespai.es\/en\/work-with-us\/\",\"url\":\"https:\/\/vanitasespai.es\/en\/work-with-us\/\",\"name\":\"Vanitas Espai - Work with us\",\"isPartOf\":{\"@id\":\"https:\/\/vanitasespai.es\/#website\"},\"primaryImageOfPage\":{\"@id\":\"https:\/\/vanitasespai.es\/en\/work-with-us\/#primaryimage\"},\"image\":{\"@id\":\"https:\/\/vanitasespai.es\/en\/work-with-us\/#primaryimage\"},\"thumbnailUrl\":\"https:\/\/vanitasespai.es\/wp-content\/uploads\/2013\/01\/Fondo-Recepcion.jpg\",\"datePublished\":\"2020-07-26T17:39:23+00:00\",\"dateModified\":\"2020-07-26T17:39:36+00:00\",\"breadcrumb\":{\"@id\":\"https:\/\/vanitasespai.es\/en\/work-with-us\/#breadcrumb\"},\"inLanguage\":\"en-US\",\"potentialAction\":[{\"@type\":\"ReadAction\",\"target\":[\"https:\/\/vanitasespai.es\/en\/work-with-us\/\"]}]},{\"@type\":\"ImageObject\",\"inLanguage\":\"en-US\",\"@id\":\"https:\/\/vanitasespai.es\/en\/work-with-us\/#primaryimage\",\"url\":\"https:\/\/vanitasespai.es\/wp-content\/uploads\/2013\/01\/Fondo-Recepcion.jpg\",\"contentUrl\":\"https:\/\/vanitasespai.es\/wp-content\/uploads\/2013\/01\/Fondo-Recepcion.jpg\",\"width\":1920,\"height\":991},{\"@type\":\"BreadcrumbList\",\"@id\":\"https:\/\/vanitasespai.es\/en\/work-with-us\/#breadcrumb\",\"itemListElement\":[{\"@type\":\"ListItem\",\"position\":1,\"name\":\"Home\",\"item\":\"https:\/\/vanitasespai.es\/en\/\"},{\"@type\":\"ListItem\",\"position\":2,\"name\":\"Work with us\"}]},{\"@type\":\"WebSite\",\"@id\":\"https:\/\/vanitasespai.es\/#website\",\"url\":\"https:\/\/vanitasespai.es\/\",\"name\":\"Vanitas Espai\",\"description\":\"Mejor sal\u00f3n de Peluquer\u00eda y Est\u00e9tica de Barcelona\",\"potentialAction\":[{\"@type\":\"SearchAction\",\"target\":{\"@type\":\"EntryPoint\",\"urlTemplate\":\"https:\/\/vanitasespai.es\/?s={search_term_string}\"},\"query-input\":{\"@type\":\"PropertyValueSpecification\",\"valueRequired\":true,\"valueName\":\"search_term_string\"}}],\"inLanguage\":\"en-US\"}]}<\/script>\n<!-- \/ Yoast SEO plugin. -->","yoast_head_json":{"title":"Vanitas Espai - Work with us","robots":{"index":"index","follow":"follow","max-snippet":"max-snippet:-1","max-image-preview":"max-image-preview:large","max-video-preview":"max-video-preview:-1"},"canonical":"https:\/\/vanitasespai.es\/en\/work-with-us\/","og_locale":"en_US","og_type":"article","og_title":"Vanitas Espai - Work with us","og_url":"https:\/\/vanitasespai.es\/en\/work-with-us\/","og_site_name":"Vanitas Espai","article_modified_time":"2020-07-26T17:39:36+00:00","og_image":[{"width":1920,"height":991,"url":"https:\/\/vanitasespai.es\/wp-content\/uploads\/2013\/01\/Fondo-Recepcion.jpg","type":"image\/jpeg"}],"twitter_card":"summary_large_image","schema":{"@context":"https:\/\/schema.org","@graph":[{"@type":"WebPage","@id":"https:\/\/vanitasespai.es\/en\/work-with-us\/","url":"https:\/\/vanitasespai.es\/en\/work-with-us\/","name":"Vanitas Espai - Work with us","isPartOf":{"@id":"https:\/\/vanitasespai.es\/#website"},"primaryImageOfPage":{"@id":"https:\/\/vanitasespai.es\/en\/work-with-us\/#primaryimage"},"image":{"@id":"https:\/\/vanitasespai.es\/en\/work-with-us\/#primaryimage"},"thumbnailUrl":"https:\/\/vanitasespai.es\/wp-content\/uploads\/2013\/01\/Fondo-Recepcion.jpg","datePublished":"2020-07-26T17:39:23+00:00","dateModified":"2020-07-26T17:39:36+00:00","breadcrumb":{"@id":"https:\/\/vanitasespai.es\/en\/work-with-us\/#breadcrumb"},"inLanguage":"en-US","potentialAction":[{"@type":"ReadAction","target":["https:\/\/vanitasespai.es\/en\/work-with-us\/"]}]},{"@type":"ImageObject","inLanguage":"en-US","@id":"https:\/\/vanitasespai.es\/en\/work-with-us\/#primaryimage","url":"https:\/\/vanitasespai.es\/wp-content\/uploads\/2013\/01\/Fondo-Recepcion.jpg","contentUrl":"https:\/\/vanitasespai.es\/wp-content\/uploads\/2013\/01\/Fondo-Recepcion.jpg","width":1920,"height":991},{"@type":"BreadcrumbList","@id":"https:\/\/vanitasespai.es\/en\/work-with-us\/#breadcrumb","itemListElement":[{"@type":"ListItem","position":1,"name":"Home","item":"https:\/\/vanitasespai.es\/en\/"},{"@type":"ListItem","position":2,"name":"Work with us"}]},{"@type":"WebSite","@id":"https:\/\/vanitasespai.es\/#website","url":"https:\/\/vanitasespai.es\/","name":"Vanitas Espai","description":"Mejor sal\u00f3n de Peluquer\u00eda y Est\u00e9tica de Barcelona","potentialAction":[{"@type":"SearchAction","target":{"@type":"EntryPoint","urlTemplate":"https:\/\/vanitasespai.es\/?s={search_term_string}"},"query-input":{"@type":"PropertyValueSpecification","valueRequired":true,"valueName":"search_term_string"}}],"inLanguage":"en-US"}]}},"_links":{"self":[{"href":"https:\/\/vanitasespai.es\/en\/wp-json\/wp\/v2\/pages\/17810","targetHints":{"allow":["GET"]}}],"collection":[{"href":"https:\/\/vanitasespai.es\/en\/wp-json\/wp\/v2\/pages"}],"about":[{"href":"https:\/\/vanitasespai.es\/en\/wp-json\/wp\/v2\/types\/page"}],"author":[{"embeddable":true,"href":"https:\/\/vanitasespai.es\/en\/wp-json\/wp\/v2\/users\/1"}],"replies":[{"embeddable":true,"href":"https:\/\/vanitasespai.es\/en\/wp-json\/wp\/v2\/comments?post=17810"}],"version-history":[{"count":4,"href":"https:\/\/vanitasespai.es\/en\/wp-json\/wp\/v2\/pages\/17810\/revisions"}],"predecessor-version":[{"id":17814,"href":"https:\/\/vanitasespai.es\/en\/wp-json\/wp\/v2\/pages\/17810\/revisions\/17814"}],"wp:featuredmedia":[{"embeddable":true,"href":"https:\/\/vanitasespai.es\/en\/wp-json\/wp\/v2\/media\/17011"}],"wp:attachment":[{"href":"https:\/\/vanitasespai.es\/en\/wp-json\/wp\/v2\/media?parent=17810"}],"curies":[{"name":"wp","href":"https:\/\/api.w.org\/{rel}","templated":true}]}}