{"id":17796,"date":"2020-07-26T18:38:00","date_gmt":"2020-07-26T16:38:00","guid":{"rendered":"https:\/\/vanitasespai.es\/?page_id=17796"},"modified":"2023-03-06T12:35:09","modified_gmt":"2023-03-06T11:35:09","slug":"about-vanitas-espai","status":"publish","type":"page","link":"https:\/\/vanitasespai.es\/en\/about-vanitas-espai\/","title":{"rendered":"About Vanitas Espai"},"content":{"rendered":"<p><strong>Vanitas Espai<\/strong> is a welcoming design space in the heart of the Barcelonan Eixample with an ambiance created for you to feel totally relaxed while we take care of your image in our exclusive<strong> hair salon and aesthetic zones<\/strong>. You will receive personalized attention that will make you feel very special. Our specialists are always updated with the latest innovations and tendencies.<\/p>\n<p><strong>We are the hair salon that you have been searching for in Barcelona<\/strong> to take care of your hair and give you advise on what look suits you best, as well as offer the best facial and body treatments for you to always show glowing skin and look fabulous.<br \/>\nAt Vanitas Espai, we have the widest and most selected range of hair salon, aesthetics and personal care services: <strong>unisex hair treatments, change of look to all ages, Californian highlights, Balayage highlights, hair by hair eyelash extensions, hair straightening, rejuvenating hair treatments, as well as all kinds of services for brides<\/strong> (makeup, hairdos, trials and others),\u00a0f<strong>acial and body treatments, manicure, pedicure, massage<\/strong> and much more that you will be able to find out in our blog or our services section. Book your appointment now to meet us personally and find out all we can do to make you feel better and more beautiful.<\/p>\n<p>&nbsp;<\/p>\n\t\t\t<style>\n                #foogallery-gallery-12471.fg-justified .fg-item {\n                    margin-right: 1px;\n                    margin-bottom: 1px;\n                }\n\n                #foogallery-gallery-12471.fg-justified .fg-image {\n                    height: 150px;\n                }\n\t\t\t<\/style>\n\t\t\t<div class=\"foogallery foogallery-container foogallery-justified foogallery-lightbox-dfactory fg-justified fg-light fg-loading-default fg-loaded-fade-in fg-hover-fade fg-ready\" id=\"foogallery-gallery-12471\" data-foogallery=\"{&quot;item&quot;:{&quot;showCaptionTitle&quot;:true,&quot;showCaptionDescription&quot;:true},&quot;lazy&quot;:true,&quot;template&quot;:{&quot;rowHeight&quot;:150,&quot;maxRowHeight&quot;:300,&quot;margins&quot;:1,&quot;align&quot;:&quot;center&quot;,&quot;lastRow&quot;:&quot;smart&quot;}}\" >\n\t<div class=\"fg-item fg-type-image fg-idle\"><figure class=\"fg-item-inner\"><a href=\"https:\/\/vanitasespai.es\/wp-content\/uploads\/2017\/08\/Recepcion.jpg\" data-attachment-id=\"17012\" data-rel=\"lightbox-image-bGlnaHRib3g=\" data-rl_title=\"\" data-rl_caption=\"\" data-type=\"image\" class=\"fg-thumb\" title=\"\"><span class=\"fg-image-wrap\"><img fetchpriority=\"high\" decoding=\"async\" height=\"300\" width=\"449\" class=\"skip-lazy fg-image\" data-src-fg=\"https:\/\/vanitasespai.es\/wp-content\/uploads\/cache\/2017\/08\/Recepcion\/2899444116.jpg\" src=\"data:image\/svg+xml,%3Csvg%20xmlns%3D%22http%3A%2F%2Fwww.w3.org%2F2000%2Fsvg%22%20width%3D%22449%22%20height%3D%22300%22%20viewBox%3D%220%200%20449%20300%22%3E%3C%2Fsvg%3E\" loading=\"eager\"><\/span><span class=\"fg-image-overlay\"><\/span><\/a><figcaption class=\"fg-caption\"><div class=\"fg-caption-inner\"><\/div><\/figcaption><\/figure><div class=\"fg-loader\"><\/div><\/div><div class=\"fg-item fg-type-image fg-idle\"><figure class=\"fg-item-inner\"><a href=\"https:\/\/vanitasespai.es\/wp-content\/uploads\/2017\/08\/Escaparate-Logo.jpg\" data-attachment-id=\"17018\" data-rel=\"lightbox-image-bGlnaHRib3g=\" data-rl_title=\"\" data-rl_caption=\"\" data-type=\"image\" class=\"fg-thumb\" title=\"\"><span class=\"fg-image-wrap\"><img decoding=\"async\" height=\"300\" width=\"449\" class=\"skip-lazy fg-image\" data-src-fg=\"https:\/\/vanitasespai.es\/wp-content\/uploads\/cache\/2017\/08\/Escaparate-Logo\/3116786950.jpg\" src=\"data:image\/svg+xml,%3Csvg%20xmlns%3D%22http%3A%2F%2Fwww.w3.org%2F2000%2Fsvg%22%20width%3D%22449%22%20height%3D%22300%22%20viewBox%3D%220%200%20449%20300%22%3E%3C%2Fsvg%3E\" loading=\"eager\"><\/span><span class=\"fg-image-overlay\"><\/span><\/a><figcaption class=\"fg-caption\"><div class=\"fg-caption-inner\"><\/div><\/figcaption><\/figure><div class=\"fg-loader\"><\/div><\/div><div class=\"fg-item fg-type-image fg-idle\"><figure class=\"fg-item-inner\"><a href=\"https:\/\/vanitasespai.es\/wp-content\/uploads\/2017\/08\/Zona-Peluqueria-Color.jpg\" data-attachment-id=\"17015\" data-rel=\"lightbox-image-bGlnaHRib3g=\" data-rl_title=\"\" data-rl_caption=\"\" data-type=\"image\" class=\"fg-thumb\" title=\"\"><span class=\"fg-image-wrap\"><img decoding=\"async\" height=\"300\" width=\"449\" class=\"skip-lazy fg-image\" data-src-fg=\"https:\/\/vanitasespai.es\/wp-content\/uploads\/cache\/2017\/08\/Zona-Peluqueria-Color\/1671100671.jpg\" src=\"data:image\/svg+xml,%3Csvg%20xmlns%3D%22http%3A%2F%2Fwww.w3.org%2F2000%2Fsvg%22%20width%3D%22449%22%20height%3D%22300%22%20viewBox%3D%220%200%20449%20300%22%3E%3C%2Fsvg%3E\" loading=\"eager\"><\/span><span class=\"fg-image-overlay\"><\/span><\/a><figcaption class=\"fg-caption\"><div class=\"fg-caption-inner\"><\/div><\/figcaption><\/figure><div class=\"fg-loader\"><\/div><\/div><div class=\"fg-item fg-type-image fg-idle\"><figure class=\"fg-item-inner\"><a href=\"https:\/\/vanitasespai.es\/wp-content\/uploads\/2017\/08\/Zona-Peluqueria-Corte-2.jpg\" data-attachment-id=\"17016\" data-rel=\"lightbox-image-bGlnaHRib3g=\" data-rl_title=\"\" data-rl_caption=\"\" data-type=\"image\" class=\"fg-thumb\" title=\"\"><span class=\"fg-image-wrap\"><img decoding=\"async\" height=\"300\" width=\"449\" class=\"skip-lazy fg-image\" data-src-fg=\"https:\/\/vanitasespai.es\/wp-content\/uploads\/cache\/2017\/08\/Zona-Peluqueria-Corte-2\/263402606.jpg\" src=\"data:image\/svg+xml,%3Csvg%20xmlns%3D%22http%3A%2F%2Fwww.w3.org%2F2000%2Fsvg%22%20width%3D%22449%22%20height%3D%22300%22%20viewBox%3D%220%200%20449%20300%22%3E%3C%2Fsvg%3E\" loading=\"eager\"><\/span><span class=\"fg-image-overlay\"><\/span><\/a><figcaption class=\"fg-caption\"><div class=\"fg-caption-inner\"><\/div><\/figcaption><\/figure><div class=\"fg-loader\"><\/div><\/div><div class=\"fg-item fg-type-image fg-idle\"><figure class=\"fg-item-inner\"><a href=\"https:\/\/vanitasespai.es\/wp-content\/uploads\/2017\/08\/Zona-Peluqueria-Corte.jpg\" data-attachment-id=\"17017\" data-rel=\"lightbox-image-bGlnaHRib3g=\" data-rl_title=\"\" data-rl_caption=\"\" data-type=\"image\" class=\"fg-thumb\" title=\"\"><span class=\"fg-image-wrap\"><img decoding=\"async\" height=\"300\" width=\"449\" class=\"skip-lazy fg-image\" data-src-fg=\"https:\/\/vanitasespai.es\/wp-content\/uploads\/cache\/2017\/08\/Zona-Peluqueria-Corte\/2413722800.jpg\" src=\"data:image\/svg+xml,%3Csvg%20xmlns%3D%22http%3A%2F%2Fwww.w3.org%2F2000%2Fsvg%22%20width%3D%22449%22%20height%3D%22300%22%20viewBox%3D%220%200%20449%20300%22%3E%3C%2Fsvg%3E\" loading=\"eager\"><\/span><span class=\"fg-image-overlay\"><\/span><\/a><figcaption class=\"fg-caption\"><div class=\"fg-caption-inner\"><\/div><\/figcaption><\/figure><div class=\"fg-loader\"><\/div><\/div><div class=\"fg-item fg-type-image fg-idle\"><figure class=\"fg-item-inner\"><a href=\"https:\/\/vanitasespai.es\/wp-content\/uploads\/2017\/08\/Zona-Relax-Lavacabezas.jpg\" data-attachment-id=\"17020\" data-rel=\"lightbox-image-bGlnaHRib3g=\" data-rl_title=\"\" data-rl_caption=\"\" data-type=\"image\" class=\"fg-thumb\" title=\"\"><span class=\"fg-image-wrap\"><img decoding=\"async\" height=\"300\" width=\"449\" class=\"skip-lazy fg-image\" data-src-fg=\"https:\/\/vanitasespai.es\/wp-content\/uploads\/cache\/2017\/08\/Zona-Relax-Lavacabezas\/2976971389.jpg\" src=\"data:image\/svg+xml,%3Csvg%20xmlns%3D%22http%3A%2F%2Fwww.w3.org%2F2000%2Fsvg%22%20width%3D%22449%22%20height%3D%22300%22%20viewBox%3D%220%200%20449%20300%22%3E%3C%2Fsvg%3E\" loading=\"eager\"><\/span><span class=\"fg-image-overlay\"><\/span><\/a><figcaption class=\"fg-caption\"><div class=\"fg-caption-inner\"><\/div><\/figcaption><\/figure><div class=\"fg-loader\"><\/div><\/div><div class=\"fg-item fg-type-image fg-idle\"><figure class=\"fg-item-inner\"><a href=\"https:\/\/vanitasespai.es\/wp-content\/uploads\/2017\/08\/Zona-Relax-Lavacabezas-2.jpg\" data-attachment-id=\"17019\" data-rel=\"lightbox-image-bGlnaHRib3g=\" data-rl_title=\"\" data-rl_caption=\"\" data-type=\"image\" class=\"fg-thumb\" title=\"\"><span class=\"fg-image-wrap\"><img decoding=\"async\" height=\"300\" width=\"449\" class=\"skip-lazy fg-image\" data-src-fg=\"https:\/\/vanitasespai.es\/wp-content\/uploads\/cache\/2017\/08\/Zona-Relax-Lavacabezas-2\/2084323292.jpg\" src=\"data:image\/svg+xml,%3Csvg%20xmlns%3D%22http%3A%2F%2Fwww.w3.org%2F2000%2Fsvg%22%20width%3D%22449%22%20height%3D%22300%22%20viewBox%3D%220%200%20449%20300%22%3E%3C%2Fsvg%3E\" loading=\"eager\"><\/span><span class=\"fg-image-overlay\"><\/span><\/a><figcaption class=\"fg-caption\"><div class=\"fg-caption-inner\"><\/div><\/figcaption><\/figure><div class=\"fg-loader\"><\/div><\/div><div class=\"fg-item fg-type-image fg-idle\"><figure class=\"fg-item-inner\"><a href=\"https:\/\/vanitasespai.es\/wp-content\/uploads\/2016\/11\/vnt-2016-g3.jpg\" data-attachment-id=\"16700\" data-rel=\"lightbox-image-bGlnaHRib3g=\" data-rl_title=\"\" data-rl_caption=\"\" data-type=\"image\" class=\"fg-thumb\" title=\"\"><span class=\"fg-image-wrap\"><img decoding=\"async\" height=\"300\" width=\"455\" class=\"skip-lazy fg-image\" data-src-fg=\"https:\/\/vanitasespai.es\/wp-content\/uploads\/cache\/2016\/11\/vnt-2016-g3\/4191283867.jpg\" src=\"data:image\/svg+xml,%3Csvg%20xmlns%3D%22http%3A%2F%2Fwww.w3.org%2F2000%2Fsvg%22%20width%3D%22455%22%20height%3D%22300%22%20viewBox%3D%220%200%20455%20300%22%3E%3C%2Fsvg%3E\" loading=\"eager\"><\/span><span class=\"fg-image-overlay\"><\/span><\/a><figcaption class=\"fg-caption\"><div class=\"fg-caption-inner\"><\/div><\/figcaption><\/figure><div class=\"fg-loader\"><\/div><\/div><div class=\"fg-item fg-type-image fg-idle\"><figure class=\"fg-item-inner\"><a href=\"https:\/\/vanitasespai.es\/wp-content\/uploads\/2017\/08\/Zona-Manicura-Spa.jpg\" data-attachment-id=\"17013\" data-rel=\"lightbox-image-bGlnaHRib3g=\" data-rl_title=\"\" data-rl_caption=\"\" data-type=\"image\" class=\"fg-thumb\" title=\"\"><span class=\"fg-image-wrap\"><img decoding=\"async\" height=\"300\" width=\"449\" class=\"skip-lazy fg-image\" data-src-fg=\"https:\/\/vanitasespai.es\/wp-content\/uploads\/cache\/2017\/08\/Zona-Manicura-Spa\/1121243819.jpg\" src=\"data:image\/svg+xml,%3Csvg%20xmlns%3D%22http%3A%2F%2Fwww.w3.org%2F2000%2Fsvg%22%20width%3D%22449%22%20height%3D%22300%22%20viewBox%3D%220%200%20449%20300%22%3E%3C%2Fsvg%3E\" loading=\"eager\"><\/span><span class=\"fg-image-overlay\"><\/span><\/a><figcaption class=\"fg-caption\"><div class=\"fg-caption-inner\"><\/div><\/figcaption><\/figure><div class=\"fg-loader\"><\/div><\/div><div class=\"fg-item fg-type-image fg-idle\"><figure class=\"fg-item-inner\"><a href=\"https:\/\/vanitasespai.es\/wp-content\/uploads\/2017\/08\/Zona-Pedicura-Spa.jpg\" data-attachment-id=\"17014\" data-rel=\"lightbox-image-bGlnaHRib3g=\" data-rl_title=\"\" data-rl_caption=\"\" data-type=\"image\" class=\"fg-thumb\" title=\"\"><span class=\"fg-image-wrap\"><img decoding=\"async\" height=\"300\" width=\"449\" class=\"skip-lazy fg-image\" data-src-fg=\"https:\/\/vanitasespai.es\/wp-content\/uploads\/cache\/2017\/08\/Zona-Pedicura-Spa\/1877216936.jpg\" src=\"data:image\/svg+xml,%3Csvg%20xmlns%3D%22http%3A%2F%2Fwww.w3.org%2F2000%2Fsvg%22%20width%3D%22449%22%20height%3D%22300%22%20viewBox%3D%220%200%20449%20300%22%3E%3C%2Fsvg%3E\" loading=\"eager\"><\/span><span class=\"fg-image-overlay\"><\/span><\/a><figcaption class=\"fg-caption\"><div class=\"fg-caption-inner\"><\/div><\/figcaption><\/figure><div class=\"fg-loader\"><\/div><\/div><div class=\"fg-item fg-type-image fg-idle\"><figure class=\"fg-item-inner\"><a href=\"https:\/\/vanitasespai.es\/wp-content\/uploads\/2017\/08\/Zona-VIP-con-lavacabezas.jpg\" data-attachment-id=\"17021\" data-rel=\"lightbox-image-bGlnaHRib3g=\" data-rl_title=\"\" data-rl_caption=\"\" data-type=\"image\" class=\"fg-thumb\" title=\"\"><span class=\"fg-image-wrap\"><img decoding=\"async\" height=\"300\" width=\"449\" class=\"skip-lazy fg-image\" data-src-fg=\"https:\/\/vanitasespai.es\/wp-content\/uploads\/cache\/2017\/08\/Zona-VIP-con-lavacabezas\/577880285.jpg\" src=\"data:image\/svg+xml,%3Csvg%20xmlns%3D%22http%3A%2F%2Fwww.w3.org%2F2000%2Fsvg%22%20width%3D%22449%22%20height%3D%22300%22%20viewBox%3D%220%200%20449%20300%22%3E%3C%2Fsvg%3E\" loading=\"eager\"><\/span><span class=\"fg-image-overlay\"><\/span><\/a><figcaption class=\"fg-caption\"><div class=\"fg-caption-inner\"><\/div><\/figcaption><\/figure><div class=\"fg-loader\"><\/div><\/div><div class=\"fg-item fg-type-image fg-idle\"><figure class=\"fg-item-inner\"><a href=\"https:\/\/vanitasespai.es\/wp-content\/uploads\/2017\/08\/Zona-VIP-Maquillaje.jpg\" data-attachment-id=\"17022\" data-rel=\"lightbox-image-bGlnaHRib3g=\" data-rl_title=\"\" data-rl_caption=\"\" data-type=\"image\" class=\"fg-thumb\" title=\"\"><span class=\"fg-image-wrap\"><img decoding=\"async\" height=\"300\" width=\"449\" class=\"skip-lazy fg-image\" data-src-fg=\"https:\/\/vanitasespai.es\/wp-content\/uploads\/cache\/2017\/08\/Zona-VIP-Maquillaje\/3595654821.jpg\" src=\"data:image\/svg+xml,%3Csvg%20xmlns%3D%22http%3A%2F%2Fwww.w3.org%2F2000%2Fsvg%22%20width%3D%22449%22%20height%3D%22300%22%20viewBox%3D%220%200%20449%20300%22%3E%3C%2Fsvg%3E\" loading=\"eager\"><\/span><span class=\"fg-image-overlay\"><\/span><\/a><figcaption class=\"fg-caption\"><div class=\"fg-caption-inner\"><\/div><\/figcaption><\/figure><div class=\"fg-loader\"><\/div><\/div><\/div>\n\n","protected":false},"excerpt":{"rendered":"<p>Vanitas Espai is a welcoming design space in the heart of the Barcelonan Eixample with an ambiance created for you to feel totally relaxed while we take care of your image in our exclusive hair salon and aesthetic zones. You will receive personalized attention that will make you feel very special. Our specialists are always [&hellip;]<\/p>\n","protected":false},"author":1,"featured_media":17000,"parent":0,"menu_order":0,"comment_status":"closed","ping_status":"closed","template":"page-default.php","meta":{"_acf_changed":false,"_joinchat":[],"footnotes":""},"class_list":["post-17796","page","type-page","status-publish","has-post-thumbnail","hentry"],"acf":[],"yoast_head":"<!-- This site is optimized with the Yoast SEO plugin v26.1.1 - https:\/\/yoast.com\/wordpress\/plugins\/seo\/ -->\n<title>Vanitas Espai - About Vanitas Espai<\/title>\n<meta name=\"robots\" content=\"index, follow, max-snippet:-1, max-image-preview:large, max-video-preview:-1\" \/>\n<link rel=\"canonical\" href=\"https:\/\/vanitasespai.es\/en\/about-vanitas-espai\/\" \/>\n<meta property=\"og:locale\" content=\"en_US\" \/>\n<meta property=\"og:type\" content=\"article\" \/>\n<meta property=\"og:title\" content=\"Vanitas Espai - About Vanitas Espai\" \/>\n<meta property=\"og:description\" content=\"Vanitas Espai is a welcoming design space in the heart of the Barcelonan Eixample with an ambiance created for you to feel totally relaxed while we take care of your image in our exclusive hair salon and aesthetic zones. You will receive personalized attention that will make you feel very special. Our specialists are always [&hellip;]\" \/>\n<meta property=\"og:url\" content=\"https:\/\/vanitasespai.es\/en\/about-vanitas-espai\/\" \/>\n<meta property=\"og:site_name\" content=\"Vanitas Espai\" \/>\n<meta property=\"article:modified_time\" content=\"2023-03-06T11:35:09+00:00\" \/>\n<meta property=\"og:image\" content=\"https:\/\/vanitasespai.es\/wp-content\/uploads\/2011\/08\/fondo-escaparate-entero.jpg\" \/>\n\t<meta property=\"og:image:width\" content=\"1440\" \/>\n\t<meta property=\"og:image:height\" content=\"991\" \/>\n\t<meta property=\"og:image:type\" content=\"image\/jpeg\" \/>\n<meta name=\"twitter:card\" content=\"summary_large_image\" \/>\n<meta name=\"twitter:label1\" content=\"Est. reading time\" \/>\n\t<meta name=\"twitter:data1\" content=\"2 minutes\" \/>\n<script type=\"application\/ld+json\" class=\"yoast-schema-graph\">{\"@context\":\"https:\/\/schema.org\",\"@graph\":[{\"@type\":\"WebPage\",\"@id\":\"https:\/\/vanitasespai.es\/en\/about-vanitas-espai\/\",\"url\":\"https:\/\/vanitasespai.es\/en\/about-vanitas-espai\/\",\"name\":\"Vanitas Espai - About Vanitas Espai\",\"isPartOf\":{\"@id\":\"https:\/\/vanitasespai.es\/#website\"},\"primaryImageOfPage\":{\"@id\":\"https:\/\/vanitasespai.es\/en\/about-vanitas-espai\/#primaryimage\"},\"image\":{\"@id\":\"https:\/\/vanitasespai.es\/en\/about-vanitas-espai\/#primaryimage\"},\"thumbnailUrl\":\"https:\/\/vanitasespai.es\/wp-content\/uploads\/2011\/08\/fondo-escaparate-entero.jpg\",\"datePublished\":\"2020-07-26T16:38:00+00:00\",\"dateModified\":\"2023-03-06T11:35:09+00:00\",\"breadcrumb\":{\"@id\":\"https:\/\/vanitasespai.es\/en\/about-vanitas-espai\/#breadcrumb\"},\"inLanguage\":\"en-US\",\"potentialAction\":[{\"@type\":\"ReadAction\",\"target\":[\"https:\/\/vanitasespai.es\/en\/about-vanitas-espai\/\"]}]},{\"@type\":\"ImageObject\",\"inLanguage\":\"en-US\",\"@id\":\"https:\/\/vanitasespai.es\/en\/about-vanitas-espai\/#primaryimage\",\"url\":\"https:\/\/vanitasespai.es\/wp-content\/uploads\/2011\/08\/fondo-escaparate-entero.jpg\",\"contentUrl\":\"https:\/\/vanitasespai.es\/wp-content\/uploads\/2011\/08\/fondo-escaparate-entero.jpg\",\"width\":1440,\"height\":991},{\"@type\":\"BreadcrumbList\",\"@id\":\"https:\/\/vanitasespai.es\/en\/about-vanitas-espai\/#breadcrumb\",\"itemListElement\":[{\"@type\":\"ListItem\",\"position\":1,\"name\":\"Home\",\"item\":\"https:\/\/vanitasespai.es\/en\/\"},{\"@type\":\"ListItem\",\"position\":2,\"name\":\"About Vanitas Espai\"}]},{\"@type\":\"WebSite\",\"@id\":\"https:\/\/vanitasespai.es\/#website\",\"url\":\"https:\/\/vanitasespai.es\/\",\"name\":\"Vanitas Espai\",\"description\":\"Mejor sal\u00f3n de Peluquer\u00eda y Est\u00e9tica de Barcelona\",\"potentialAction\":[{\"@type\":\"SearchAction\",\"target\":{\"@type\":\"EntryPoint\",\"urlTemplate\":\"https:\/\/vanitasespai.es\/?s={search_term_string}\"},\"query-input\":{\"@type\":\"PropertyValueSpecification\",\"valueRequired\":true,\"valueName\":\"search_term_string\"}}],\"inLanguage\":\"en-US\"}]}<\/script>\n<!-- \/ Yoast SEO plugin. -->","yoast_head_json":{"title":"Vanitas Espai - About Vanitas Espai","robots":{"index":"index","follow":"follow","max-snippet":"max-snippet:-1","max-image-preview":"max-image-preview:large","max-video-preview":"max-video-preview:-1"},"canonical":"https:\/\/vanitasespai.es\/en\/about-vanitas-espai\/","og_locale":"en_US","og_type":"article","og_title":"Vanitas Espai - About Vanitas Espai","og_description":"Vanitas Espai is a welcoming design space in the heart of the Barcelonan Eixample with an ambiance created for you to feel totally relaxed while we take care of your image in our exclusive hair salon and aesthetic zones. You will receive personalized attention that will make you feel very special. Our specialists are always [&hellip;]","og_url":"https:\/\/vanitasespai.es\/en\/about-vanitas-espai\/","og_site_name":"Vanitas Espai","article_modified_time":"2023-03-06T11:35:09+00:00","og_image":[{"width":1440,"height":991,"url":"https:\/\/vanitasespai.es\/wp-content\/uploads\/2011\/08\/fondo-escaparate-entero.jpg","type":"image\/jpeg"}],"twitter_card":"summary_large_image","twitter_misc":{"Est. reading time":"2 minutes"},"schema":{"@context":"https:\/\/schema.org","@graph":[{"@type":"WebPage","@id":"https:\/\/vanitasespai.es\/en\/about-vanitas-espai\/","url":"https:\/\/vanitasespai.es\/en\/about-vanitas-espai\/","name":"Vanitas Espai - About Vanitas Espai","isPartOf":{"@id":"https:\/\/vanitasespai.es\/#website"},"primaryImageOfPage":{"@id":"https:\/\/vanitasespai.es\/en\/about-vanitas-espai\/#primaryimage"},"image":{"@id":"https:\/\/vanitasespai.es\/en\/about-vanitas-espai\/#primaryimage"},"thumbnailUrl":"https:\/\/vanitasespai.es\/wp-content\/uploads\/2011\/08\/fondo-escaparate-entero.jpg","datePublished":"2020-07-26T16:38:00+00:00","dateModified":"2023-03-06T11:35:09+00:00","breadcrumb":{"@id":"https:\/\/vanitasespai.es\/en\/about-vanitas-espai\/#breadcrumb"},"inLanguage":"en-US","potentialAction":[{"@type":"ReadAction","target":["https:\/\/vanitasespai.es\/en\/about-vanitas-espai\/"]}]},{"@type":"ImageObject","inLanguage":"en-US","@id":"https:\/\/vanitasespai.es\/en\/about-vanitas-espai\/#primaryimage","url":"https:\/\/vanitasespai.es\/wp-content\/uploads\/2011\/08\/fondo-escaparate-entero.jpg","contentUrl":"https:\/\/vanitasespai.es\/wp-content\/uploads\/2011\/08\/fondo-escaparate-entero.jpg","width":1440,"height":991},{"@type":"BreadcrumbList","@id":"https:\/\/vanitasespai.es\/en\/about-vanitas-espai\/#breadcrumb","itemListElement":[{"@type":"ListItem","position":1,"name":"Home","item":"https:\/\/vanitasespai.es\/en\/"},{"@type":"ListItem","position":2,"name":"About Vanitas Espai"}]},{"@type":"WebSite","@id":"https:\/\/vanitasespai.es\/#website","url":"https:\/\/vanitasespai.es\/","name":"Vanitas Espai","description":"Mejor sal\u00f3n de Peluquer\u00eda y Est\u00e9tica de Barcelona","potentialAction":[{"@type":"SearchAction","target":{"@type":"EntryPoint","urlTemplate":"https:\/\/vanitasespai.es\/?s={search_term_string}"},"query-input":{"@type":"PropertyValueSpecification","valueRequired":true,"valueName":"search_term_string"}}],"inLanguage":"en-US"}]}},"_links":{"self":[{"href":"https:\/\/vanitasespai.es\/en\/wp-json\/wp\/v2\/pages\/17796","targetHints":{"allow":["GET"]}}],"collection":[{"href":"https:\/\/vanitasespai.es\/en\/wp-json\/wp\/v2\/pages"}],"about":[{"href":"https:\/\/vanitasespai.es\/en\/wp-json\/wp\/v2\/types\/page"}],"author":[{"embeddable":true,"href":"https:\/\/vanitasespai.es\/en\/wp-json\/wp\/v2\/users\/1"}],"replies":[{"embeddable":true,"href":"https:\/\/vanitasespai.es\/en\/wp-json\/wp\/v2\/comments?post=17796"}],"version-history":[{"count":5,"href":"https:\/\/vanitasespai.es\/en\/wp-json\/wp\/v2\/pages\/17796\/revisions"}],"predecessor-version":[{"id":18797,"href":"https:\/\/vanitasespai.es\/en\/wp-json\/wp\/v2\/pages\/17796\/revisions\/18797"}],"wp:featuredmedia":[{"embeddable":true,"href":"https:\/\/vanitasespai.es\/en\/wp-json\/wp\/v2\/media\/17000"}],"wp:attachment":[{"href":"https:\/\/vanitasespai.es\/en\/wp-json\/wp\/v2\/media?parent=17796"}],"curies":[{"name":"wp","href":"https:\/\/api.w.org\/{rel}","templated":true}]}}