{"id":17777,"date":"2020-07-25T21:22:03","date_gmt":"2020-07-25T19:22:03","guid":{"rendered":"https:\/\/vanitasespai.es\/?page_id=17777"},"modified":"2020-07-28T17:52:11","modified_gmt":"2020-07-28T15:52:11","slug":"chic-beauty-party","status":"publish","type":"page","link":"https:\/\/vanitasespai.es\/en\/brides\/chic-beauty-party\/","title":{"rendered":"Chic Beauty Party"},"content":{"rendered":"<p style=\"background: #999999; padding: 15px; max-width: 670px; text-align: center; margin: 0 auto; color: #fff;\">Until further notice the Chic Beauty Party are suspended.<br \/>\nThank you very much for understanding..<\/p>\n<p>&nbsp;<\/p>\n<p>If you are planning a <strong>hen party, a birthday or any other special occasion<\/strong> of a friend, sister or acquaintances; Vanitas Espai offers you the possibility of organizing a private, original, chic and fun party; <strong>the first perfect step for a celebration night in style.<\/strong> Beauty, a drink and a good time with friends in a luxurious space with pampering and care. Can you ask for more?<\/p>\n<p>The concept of <strong>Chic Beauty Party<\/strong> at Vanitas Espai is <strong>organizing an original, chic and fun hen party<\/strong> for you to have a beauty moment of chill and laughs and feel great for the dinner, the night out or whatever you have in mind to continue the celebration.<\/p>\n<p><strong>Our Beauty Party in Barcelona\u00a0is the queen of the beauty parties<\/strong>: Enjoy an unforgettable moment with your friends. You can choose any of our services in our list of hairdressing and aesthetics services. Come and enjoy this moment of beauty and relaxation together, with aOur Beauty Party in Barcelona\u00a0is the queen of the beauty parties: Enjoy an unforgettable moment with your friends. You can choose any of our services in our list of hairdressing and aesthetics services. Come and enjoy this moment of beauty and relaxation together, with a cava open bar. Write to info@vanitasespai.com and we will send you all the detailed information by mail. .<\/p>\n<p>Write to<strong> info@vanitasespai.com<\/strong> and we will send you all the detailed information by mail.<\/p>\n<hr \/>\n","protected":false},"excerpt":{"rendered":"<p>Until further notice the Chic Beauty Party are suspended. Thank you very much for understanding.. &nbsp; If you are planning a hen party, a birthday or any other special occasion of a friend, sister or acquaintances; Vanitas Espai offers you the possibility of organizing a private, original, chic and fun party; the first perfect step [&hellip;]<\/p>\n","protected":false},"author":1,"featured_media":17007,"parent":17838,"menu_order":0,"comment_status":"open","ping_status":"open","template":"chic-beauty-party.php","meta":{"_acf_changed":false,"_joinchat":[],"footnotes":""},"class_list":["post-17777","page","type-page","status-publish","has-post-thumbnail","hentry"],"acf":[],"yoast_head":"<!-- This site is optimized with the Yoast SEO plugin v26.1.1 - https:\/\/yoast.com\/wordpress\/plugins\/seo\/ -->\n<title>Vanitas Espai - Chic Beauty Party<\/title>\n<meta name=\"robots\" content=\"index, follow, max-snippet:-1, max-image-preview:large, max-video-preview:-1\" \/>\n<link rel=\"canonical\" href=\"https:\/\/vanitasespai.es\/en\/brides\/chic-beauty-party\/\" \/>\n<meta property=\"og:locale\" content=\"en_US\" \/>\n<meta property=\"og:type\" content=\"article\" \/>\n<meta property=\"og:title\" content=\"Vanitas Espai - Chic Beauty Party\" \/>\n<meta property=\"og:description\" content=\"Until further notice the Chic Beauty Party are suspended. Thank you very much for understanding.. &nbsp; If you are planning a hen party, a birthday or any other special occasion of a friend, sister or acquaintances; Vanitas Espai offers you the possibility of organizing a private, original, chic and fun party; the first perfect step [&hellip;]\" \/>\n<meta property=\"og:url\" content=\"https:\/\/vanitasespai.es\/en\/brides\/chic-beauty-party\/\" \/>\n<meta property=\"og:site_name\" content=\"Vanitas Espai\" \/>\n<meta property=\"article:modified_time\" content=\"2020-07-28T15:52:11+00:00\" \/>\n<meta property=\"og:image\" content=\"https:\/\/vanitasespai.es\/wp-content\/uploads\/2014\/02\/Fondo-Zona-VIP.jpg\" \/>\n\t<meta property=\"og:image:width\" content=\"1920\" \/>\n\t<meta property=\"og:image:height\" content=\"991\" \/>\n\t<meta property=\"og:image:type\" content=\"image\/jpeg\" \/>\n<meta name=\"twitter:card\" content=\"summary_large_image\" \/>\n<meta name=\"twitter:label1\" content=\"Est. reading time\" \/>\n\t<meta name=\"twitter:data1\" content=\"1 minute\" \/>\n<script type=\"application\/ld+json\" class=\"yoast-schema-graph\">{\"@context\":\"https:\/\/schema.org\",\"@graph\":[{\"@type\":\"WebPage\",\"@id\":\"https:\/\/vanitasespai.es\/en\/brides\/chic-beauty-party\/\",\"url\":\"https:\/\/vanitasespai.es\/en\/brides\/chic-beauty-party\/\",\"name\":\"Vanitas Espai - Chic Beauty Party\",\"isPartOf\":{\"@id\":\"https:\/\/vanitasespai.es\/#website\"},\"primaryImageOfPage\":{\"@id\":\"https:\/\/vanitasespai.es\/en\/brides\/chic-beauty-party\/#primaryimage\"},\"image\":{\"@id\":\"https:\/\/vanitasespai.es\/en\/brides\/chic-beauty-party\/#primaryimage\"},\"thumbnailUrl\":\"https:\/\/vanitasespai.es\/wp-content\/uploads\/2014\/02\/Fondo-Zona-VIP.jpg\",\"datePublished\":\"2020-07-25T19:22:03+00:00\",\"dateModified\":\"2020-07-28T15:52:11+00:00\",\"breadcrumb\":{\"@id\":\"https:\/\/vanitasespai.es\/en\/brides\/chic-beauty-party\/#breadcrumb\"},\"inLanguage\":\"en-US\",\"potentialAction\":[{\"@type\":\"ReadAction\",\"target\":[\"https:\/\/vanitasespai.es\/en\/brides\/chic-beauty-party\/\"]}]},{\"@type\":\"ImageObject\",\"inLanguage\":\"en-US\",\"@id\":\"https:\/\/vanitasespai.es\/en\/brides\/chic-beauty-party\/#primaryimage\",\"url\":\"https:\/\/vanitasespai.es\/wp-content\/uploads\/2014\/02\/Fondo-Zona-VIP.jpg\",\"contentUrl\":\"https:\/\/vanitasespai.es\/wp-content\/uploads\/2014\/02\/Fondo-Zona-VIP.jpg\",\"width\":1920,\"height\":991},{\"@type\":\"BreadcrumbList\",\"@id\":\"https:\/\/vanitasespai.es\/en\/brides\/chic-beauty-party\/#breadcrumb\",\"itemListElement\":[{\"@type\":\"ListItem\",\"position\":1,\"name\":\"Home\",\"item\":\"https:\/\/vanitasespai.es\/en\/\"},{\"@type\":\"ListItem\",\"position\":2,\"name\":\"Brides\",\"item\":\"https:\/\/vanitasespai.es\/en\/brides\/\"},{\"@type\":\"ListItem\",\"position\":3,\"name\":\"Chic Beauty Party\"}]},{\"@type\":\"WebSite\",\"@id\":\"https:\/\/vanitasespai.es\/#website\",\"url\":\"https:\/\/vanitasespai.es\/\",\"name\":\"Vanitas Espai\",\"description\":\"Mejor sal\u00f3n de Peluquer\u00eda y Est\u00e9tica de Barcelona\",\"potentialAction\":[{\"@type\":\"SearchAction\",\"target\":{\"@type\":\"EntryPoint\",\"urlTemplate\":\"https:\/\/vanitasespai.es\/?s={search_term_string}\"},\"query-input\":{\"@type\":\"PropertyValueSpecification\",\"valueRequired\":true,\"valueName\":\"search_term_string\"}}],\"inLanguage\":\"en-US\"}]}<\/script>\n<!-- \/ Yoast SEO plugin. -->","yoast_head_json":{"title":"Vanitas Espai - Chic Beauty Party","robots":{"index":"index","follow":"follow","max-snippet":"max-snippet:-1","max-image-preview":"max-image-preview:large","max-video-preview":"max-video-preview:-1"},"canonical":"https:\/\/vanitasespai.es\/en\/brides\/chic-beauty-party\/","og_locale":"en_US","og_type":"article","og_title":"Vanitas Espai - Chic Beauty Party","og_description":"Until further notice the Chic Beauty Party are suspended. Thank you very much for understanding.. &nbsp; If you are planning a hen party, a birthday or any other special occasion of a friend, sister or acquaintances; Vanitas Espai offers you the possibility of organizing a private, original, chic and fun party; the first perfect step [&hellip;]","og_url":"https:\/\/vanitasespai.es\/en\/brides\/chic-beauty-party\/","og_site_name":"Vanitas Espai","article_modified_time":"2020-07-28T15:52:11+00:00","og_image":[{"width":1920,"height":991,"url":"https:\/\/vanitasespai.es\/wp-content\/uploads\/2014\/02\/Fondo-Zona-VIP.jpg","type":"image\/jpeg"}],"twitter_card":"summary_large_image","twitter_misc":{"Est. reading time":"1 minute"},"schema":{"@context":"https:\/\/schema.org","@graph":[{"@type":"WebPage","@id":"https:\/\/vanitasespai.es\/en\/brides\/chic-beauty-party\/","url":"https:\/\/vanitasespai.es\/en\/brides\/chic-beauty-party\/","name":"Vanitas Espai - Chic Beauty Party","isPartOf":{"@id":"https:\/\/vanitasespai.es\/#website"},"primaryImageOfPage":{"@id":"https:\/\/vanitasespai.es\/en\/brides\/chic-beauty-party\/#primaryimage"},"image":{"@id":"https:\/\/vanitasespai.es\/en\/brides\/chic-beauty-party\/#primaryimage"},"thumbnailUrl":"https:\/\/vanitasespai.es\/wp-content\/uploads\/2014\/02\/Fondo-Zona-VIP.jpg","datePublished":"2020-07-25T19:22:03+00:00","dateModified":"2020-07-28T15:52:11+00:00","breadcrumb":{"@id":"https:\/\/vanitasespai.es\/en\/brides\/chic-beauty-party\/#breadcrumb"},"inLanguage":"en-US","potentialAction":[{"@type":"ReadAction","target":["https:\/\/vanitasespai.es\/en\/brides\/chic-beauty-party\/"]}]},{"@type":"ImageObject","inLanguage":"en-US","@id":"https:\/\/vanitasespai.es\/en\/brides\/chic-beauty-party\/#primaryimage","url":"https:\/\/vanitasespai.es\/wp-content\/uploads\/2014\/02\/Fondo-Zona-VIP.jpg","contentUrl":"https:\/\/vanitasespai.es\/wp-content\/uploads\/2014\/02\/Fondo-Zona-VIP.jpg","width":1920,"height":991},{"@type":"BreadcrumbList","@id":"https:\/\/vanitasespai.es\/en\/brides\/chic-beauty-party\/#breadcrumb","itemListElement":[{"@type":"ListItem","position":1,"name":"Home","item":"https:\/\/vanitasespai.es\/en\/"},{"@type":"ListItem","position":2,"name":"Brides","item":"https:\/\/vanitasespai.es\/en\/brides\/"},{"@type":"ListItem","position":3,"name":"Chic Beauty Party"}]},{"@type":"WebSite","@id":"https:\/\/vanitasespai.es\/#website","url":"https:\/\/vanitasespai.es\/","name":"Vanitas Espai","description":"Mejor sal\u00f3n de Peluquer\u00eda y Est\u00e9tica de Barcelona","potentialAction":[{"@type":"SearchAction","target":{"@type":"EntryPoint","urlTemplate":"https:\/\/vanitasespai.es\/?s={search_term_string}"},"query-input":{"@type":"PropertyValueSpecification","valueRequired":true,"valueName":"search_term_string"}}],"inLanguage":"en-US"}]}},"_links":{"self":[{"href":"https:\/\/vanitasespai.es\/en\/wp-json\/wp\/v2\/pages\/17777","targetHints":{"allow":["GET"]}}],"collection":[{"href":"https:\/\/vanitasespai.es\/en\/wp-json\/wp\/v2\/pages"}],"about":[{"href":"https:\/\/vanitasespai.es\/en\/wp-json\/wp\/v2\/types\/page"}],"author":[{"embeddable":true,"href":"https:\/\/vanitasespai.es\/en\/wp-json\/wp\/v2\/users\/1"}],"replies":[{"embeddable":true,"href":"https:\/\/vanitasespai.es\/en\/wp-json\/wp\/v2\/comments?post=17777"}],"version-history":[{"count":6,"href":"https:\/\/vanitasespai.es\/en\/wp-json\/wp\/v2\/pages\/17777\/revisions"}],"predecessor-version":[{"id":17954,"href":"https:\/\/vanitasespai.es\/en\/wp-json\/wp\/v2\/pages\/17777\/revisions\/17954"}],"up":[{"embeddable":true,"href":"https:\/\/vanitasespai.es\/en\/wp-json\/wp\/v2\/pages\/17838"}],"wp:featuredmedia":[{"embeddable":true,"href":"https:\/\/vanitasespai.es\/en\/wp-json\/wp\/v2\/media\/17007"}],"wp:attachment":[{"href":"https:\/\/vanitasespai.es\/en\/wp-json\/wp\/v2\/media?parent=17777"}],"curies":[{"name":"wp","href":"https:\/\/api.w.org\/{rel}","templated":true}]}}