{"id":17732,"date":"2020-07-21T16:15:39","date_gmt":"2020-07-21T14:15:39","guid":{"rendered":"https:\/\/vanitasespai.es\/?page_id=17732"},"modified":"2026-01-12T12:16:43","modified_gmt":"2026-01-12T11:16:43","slug":"facial-hygiene","status":"publish","type":"page","link":"https:\/\/vanitasespai.es\/en\/aesthetic\/facial-hygiene\/","title":{"rendered":"Facial Hygiene"},"content":{"rendered":"<p><strong>Do you notice too many pores or blackheads on your skin?<\/strong> Would you like to have smooth, tight and completely clean skin similar to movie actresses?<\/p>\n<p><strong>Do you notice dull, dry and oily skin?<\/strong> Would you prefer a soft, radiant and healthy porcelain complexion?<\/p>\n<p>The skin gets dirty for many reasons: tobacco, stress, environmental pollution, passage of time, make-up, creams and much more\u2026 If we don\u2019t look after our skin, it deteriorates and looses the freshness of youth.<\/p>\n<h2>RENOVATE YOUR IMAGE WITH A COMPLETE FACIAL HYGIENE AT VANITAS ESPAI:<\/h2>\n<p>At Vanitas Espai we rely on qualified experts to remove all skin impurities and leave your face like a Japanese geisha. We have a wide variety of facial treatment services available for you. You can check them to see which one is most suitable.<\/p>\n<p>Nevertheless, on this post we will give you all the details of the facial hygiene procedure, which will significantly improve your skin aspect.<\/p>\n<p><strong>STEP 1 &#8211; \u00a0CLEANSING<\/strong>: Make-up and impurities are removed.<\/p>\n<hr \/>\n<p><strong>STEP 2 &#8211; \u00a0EXFOLIATION (PEELING):<\/strong> Descaling of remaining impurities.<\/p>\n<hr \/>\n<p><strong>STEP 3 &#8211; \u00a0ULTRASONIC PEELING:\u00a0<\/strong> In this step, we use a surgical steel spatula to break up dirt and remove oil adhering to the skin&#8217;s surface to optimize the prepare for extraction.<\/p>\n<hr \/>\n<p><strong>STEP 4 &#8211; \u00a0 OZONE STEAM:<\/strong> Opening pores and blackheads.<\/p>\n<hr \/>\n<p><strong>STEP 5 &#8211; \u00a0EXTRACTION:<\/strong> Blackheads are extracted without damaging the skin.<\/p>\n<hr \/>\n<p><strong>STEP 6 &#8211; \u00a0HIGH FREQUENCY:<\/strong> Closing pores, cauterizing and oxygenating the skin.<\/p>\n<hr \/>\n<p><strong>STEP 7 &#8211; \u00a0FACIAL MASSAGE:<\/strong> An extensive massage is done on your face, neck and neckline.<\/p>\n<hr \/>\n<p><strong>STEP 8- \u00a0FACE MASK:<\/strong> We use the most suitable face mask for your skin type.<\/p>\n<hr \/>\n","protected":false},"excerpt":{"rendered":"<p>Do you notice too many pores or blackheads on your skin? Would you like to have smooth, tight and completely clean skin similar to movie actresses? Do you notice dull, dry and oily skin? Would you prefer a soft, radiant and healthy porcelain complexion? The skin gets dirty for many reasons: tobacco, stress, environmental pollution, [&hellip;]<\/p>\n","protected":false},"author":1,"featured_media":16700,"parent":17828,"menu_order":0,"comment_status":"closed","ping_status":"closed","template":"single-services.php","meta":{"_acf_changed":false,"_joinchat":[],"footnotes":""},"class_list":["post-17732","page","type-page","status-publish","has-post-thumbnail","hentry"],"acf":[],"yoast_head":"<!-- This site is optimized with the Yoast SEO plugin v26.1.1 - https:\/\/yoast.com\/wordpress\/plugins\/seo\/ -->\n<title>Vanitas Espai - Facial Hygiene<\/title>\n<meta name=\"robots\" content=\"index, follow, max-snippet:-1, max-image-preview:large, max-video-preview:-1\" \/>\n<link rel=\"canonical\" href=\"https:\/\/vanitasespai.es\/en\/aesthetic\/facial-hygiene\/\" \/>\n<meta property=\"og:locale\" content=\"en_US\" \/>\n<meta property=\"og:type\" content=\"article\" \/>\n<meta property=\"og:title\" content=\"Vanitas Espai - Facial Hygiene\" \/>\n<meta property=\"og:description\" content=\"Do you notice too many pores or blackheads on your skin? Would you like to have smooth, tight and completely clean skin similar to movie actresses? Do you notice dull, dry and oily skin? Would you prefer a soft, radiant and healthy porcelain complexion? The skin gets dirty for many reasons: tobacco, stress, environmental pollution, [&hellip;]\" \/>\n<meta property=\"og:url\" content=\"https:\/\/vanitasespai.es\/en\/aesthetic\/facial-hygiene\/\" \/>\n<meta property=\"og:site_name\" content=\"Vanitas Espai\" \/>\n<meta property=\"article:modified_time\" content=\"2026-01-12T11:16:43+00:00\" \/>\n<meta property=\"og:image\" content=\"https:\/\/vanitasespai.es\/wp-content\/uploads\/2016\/11\/vnt-2016-g3.jpg\" \/>\n\t<meta property=\"og:image:width\" content=\"1000\" \/>\n\t<meta property=\"og:image:height\" content=\"660\" \/>\n\t<meta property=\"og:image:type\" content=\"image\/jpeg\" \/>\n<meta name=\"twitter:card\" content=\"summary_large_image\" \/>\n<meta name=\"twitter:label1\" content=\"Est. reading time\" \/>\n\t<meta name=\"twitter:data1\" content=\"2 minutes\" \/>\n<script type=\"application\/ld+json\" class=\"yoast-schema-graph\">{\"@context\":\"https:\/\/schema.org\",\"@graph\":[{\"@type\":\"WebPage\",\"@id\":\"https:\/\/vanitasespai.es\/en\/aesthetic\/facial-hygiene\/\",\"url\":\"https:\/\/vanitasespai.es\/en\/aesthetic\/facial-hygiene\/\",\"name\":\"Vanitas Espai - Facial Hygiene\",\"isPartOf\":{\"@id\":\"https:\/\/vanitasespai.es\/#website\"},\"primaryImageOfPage\":{\"@id\":\"https:\/\/vanitasespai.es\/en\/aesthetic\/facial-hygiene\/#primaryimage\"},\"image\":{\"@id\":\"https:\/\/vanitasespai.es\/en\/aesthetic\/facial-hygiene\/#primaryimage\"},\"thumbnailUrl\":\"https:\/\/vanitasespai.es\/wp-content\/uploads\/2016\/11\/vnt-2016-g3.jpg\",\"datePublished\":\"2020-07-21T14:15:39+00:00\",\"dateModified\":\"2026-01-12T11:16:43+00:00\",\"breadcrumb\":{\"@id\":\"https:\/\/vanitasespai.es\/en\/aesthetic\/facial-hygiene\/#breadcrumb\"},\"inLanguage\":\"en-US\",\"potentialAction\":[{\"@type\":\"ReadAction\",\"target\":[\"https:\/\/vanitasespai.es\/en\/aesthetic\/facial-hygiene\/\"]}]},{\"@type\":\"ImageObject\",\"inLanguage\":\"en-US\",\"@id\":\"https:\/\/vanitasespai.es\/en\/aesthetic\/facial-hygiene\/#primaryimage\",\"url\":\"https:\/\/vanitasespai.es\/wp-content\/uploads\/2016\/11\/vnt-2016-g3.jpg\",\"contentUrl\":\"https:\/\/vanitasespai.es\/wp-content\/uploads\/2016\/11\/vnt-2016-g3.jpg\",\"width\":1000,\"height\":660},{\"@type\":\"BreadcrumbList\",\"@id\":\"https:\/\/vanitasespai.es\/en\/aesthetic\/facial-hygiene\/#breadcrumb\",\"itemListElement\":[{\"@type\":\"ListItem\",\"position\":1,\"name\":\"Home\",\"item\":\"https:\/\/vanitasespai.es\/en\/\"},{\"@type\":\"ListItem\",\"position\":2,\"name\":\"Aesthetic\",\"item\":\"https:\/\/vanitasespai.es\/en\/aesthetic\/\"},{\"@type\":\"ListItem\",\"position\":3,\"name\":\"Facial Hygiene\"}]},{\"@type\":\"WebSite\",\"@id\":\"https:\/\/vanitasespai.es\/#website\",\"url\":\"https:\/\/vanitasespai.es\/\",\"name\":\"Vanitas Espai\",\"description\":\"Mejor sal\u00f3n de Peluquer\u00eda y Est\u00e9tica de Barcelona\",\"potentialAction\":[{\"@type\":\"SearchAction\",\"target\":{\"@type\":\"EntryPoint\",\"urlTemplate\":\"https:\/\/vanitasespai.es\/?s={search_term_string}\"},\"query-input\":{\"@type\":\"PropertyValueSpecification\",\"valueRequired\":true,\"valueName\":\"search_term_string\"}}],\"inLanguage\":\"en-US\"}]}<\/script>\n<!-- \/ Yoast SEO plugin. -->","yoast_head_json":{"title":"Vanitas Espai - Facial Hygiene","robots":{"index":"index","follow":"follow","max-snippet":"max-snippet:-1","max-image-preview":"max-image-preview:large","max-video-preview":"max-video-preview:-1"},"canonical":"https:\/\/vanitasespai.es\/en\/aesthetic\/facial-hygiene\/","og_locale":"en_US","og_type":"article","og_title":"Vanitas Espai - Facial Hygiene","og_description":"Do you notice too many pores or blackheads on your skin? Would you like to have smooth, tight and completely clean skin similar to movie actresses? Do you notice dull, dry and oily skin? Would you prefer a soft, radiant and healthy porcelain complexion? The skin gets dirty for many reasons: tobacco, stress, environmental pollution, [&hellip;]","og_url":"https:\/\/vanitasespai.es\/en\/aesthetic\/facial-hygiene\/","og_site_name":"Vanitas Espai","article_modified_time":"2026-01-12T11:16:43+00:00","og_image":[{"width":1000,"height":660,"url":"https:\/\/vanitasespai.es\/wp-content\/uploads\/2016\/11\/vnt-2016-g3.jpg","type":"image\/jpeg"}],"twitter_card":"summary_large_image","twitter_misc":{"Est. reading time":"2 minutes"},"schema":{"@context":"https:\/\/schema.org","@graph":[{"@type":"WebPage","@id":"https:\/\/vanitasespai.es\/en\/aesthetic\/facial-hygiene\/","url":"https:\/\/vanitasespai.es\/en\/aesthetic\/facial-hygiene\/","name":"Vanitas Espai - Facial Hygiene","isPartOf":{"@id":"https:\/\/vanitasespai.es\/#website"},"primaryImageOfPage":{"@id":"https:\/\/vanitasespai.es\/en\/aesthetic\/facial-hygiene\/#primaryimage"},"image":{"@id":"https:\/\/vanitasespai.es\/en\/aesthetic\/facial-hygiene\/#primaryimage"},"thumbnailUrl":"https:\/\/vanitasespai.es\/wp-content\/uploads\/2016\/11\/vnt-2016-g3.jpg","datePublished":"2020-07-21T14:15:39+00:00","dateModified":"2026-01-12T11:16:43+00:00","breadcrumb":{"@id":"https:\/\/vanitasespai.es\/en\/aesthetic\/facial-hygiene\/#breadcrumb"},"inLanguage":"en-US","potentialAction":[{"@type":"ReadAction","target":["https:\/\/vanitasespai.es\/en\/aesthetic\/facial-hygiene\/"]}]},{"@type":"ImageObject","inLanguage":"en-US","@id":"https:\/\/vanitasespai.es\/en\/aesthetic\/facial-hygiene\/#primaryimage","url":"https:\/\/vanitasespai.es\/wp-content\/uploads\/2016\/11\/vnt-2016-g3.jpg","contentUrl":"https:\/\/vanitasespai.es\/wp-content\/uploads\/2016\/11\/vnt-2016-g3.jpg","width":1000,"height":660},{"@type":"BreadcrumbList","@id":"https:\/\/vanitasespai.es\/en\/aesthetic\/facial-hygiene\/#breadcrumb","itemListElement":[{"@type":"ListItem","position":1,"name":"Home","item":"https:\/\/vanitasespai.es\/en\/"},{"@type":"ListItem","position":2,"name":"Aesthetic","item":"https:\/\/vanitasespai.es\/en\/aesthetic\/"},{"@type":"ListItem","position":3,"name":"Facial Hygiene"}]},{"@type":"WebSite","@id":"https:\/\/vanitasespai.es\/#website","url":"https:\/\/vanitasespai.es\/","name":"Vanitas Espai","description":"Mejor sal\u00f3n de Peluquer\u00eda y Est\u00e9tica de Barcelona","potentialAction":[{"@type":"SearchAction","target":{"@type":"EntryPoint","urlTemplate":"https:\/\/vanitasespai.es\/?s={search_term_string}"},"query-input":{"@type":"PropertyValueSpecification","valueRequired":true,"valueName":"search_term_string"}}],"inLanguage":"en-US"}]}},"_links":{"self":[{"href":"https:\/\/vanitasespai.es\/en\/wp-json\/wp\/v2\/pages\/17732","targetHints":{"allow":["GET"]}}],"collection":[{"href":"https:\/\/vanitasespai.es\/en\/wp-json\/wp\/v2\/pages"}],"about":[{"href":"https:\/\/vanitasespai.es\/en\/wp-json\/wp\/v2\/types\/page"}],"author":[{"embeddable":true,"href":"https:\/\/vanitasespai.es\/en\/wp-json\/wp\/v2\/users\/1"}],"replies":[{"embeddable":true,"href":"https:\/\/vanitasespai.es\/en\/wp-json\/wp\/v2\/comments?post=17732"}],"version-history":[{"count":12,"href":"https:\/\/vanitasespai.es\/en\/wp-json\/wp\/v2\/pages\/17732\/revisions"}],"predecessor-version":[{"id":19796,"href":"https:\/\/vanitasespai.es\/en\/wp-json\/wp\/v2\/pages\/17732\/revisions\/19796"}],"up":[{"embeddable":true,"href":"https:\/\/vanitasespai.es\/en\/wp-json\/wp\/v2\/pages\/17828"}],"wp:featuredmedia":[{"embeddable":true,"href":"https:\/\/vanitasespai.es\/en\/wp-json\/wp\/v2\/media\/16700"}],"wp:attachment":[{"href":"https:\/\/vanitasespai.es\/en\/wp-json\/wp\/v2\/media?parent=17732"}],"curies":[{"name":"wp","href":"https:\/\/api.w.org\/{rel}","templated":true}]}}