{"id":17724,"date":"2020-07-21T16:01:59","date_gmt":"2020-07-21T14:01:59","guid":{"rendered":"https:\/\/vanitasespai.es\/?page_id=17724"},"modified":"2026-01-12T12:45:17","modified_gmt":"2026-01-12T11:45:17","slug":"depilatory-waxing","status":"publish","type":"page","link":"https:\/\/vanitasespai.es\/en\/aesthetic\/depilatory-waxing\/","title":{"rendered":"Depilatory waxing"},"content":{"rendered":"<p>Depilation is not something that should be uncomfortable and an obligation for either men or women. Visit us at Vanitas Espai and relax for a few minutes while we take care of this procedure for you so you can relax in your favourite salon.<br \/>\nDepilation can be done with warm wax, also known as roll-on wax or with hot wax. Warm wax is used on less sensitive areas or where the hair is thinner, such as legs or arms, as it is a quick and effective technique. For other areas, especially more sensitive ones, such as bikini area and underarms in case of women, hot wax is used, avoiding painful results and guaranteeing professional and hygienic waxing<\/p>\n","protected":false},"excerpt":{"rendered":"<p>Depilation is not something that should be uncomfortable and an obligation for either men or women. Visit us at Vanitas Espai and relax for a few minutes while we take care of this procedure for you so you can relax in your favourite salon. Depilation can be done with warm wax, also known as roll-on [&hellip;]<\/p>\n","protected":false},"author":1,"featured_media":16700,"parent":17828,"menu_order":0,"comment_status":"closed","ping_status":"closed","template":"single-services.php","meta":{"_acf_changed":false,"_joinchat":[],"footnotes":""},"class_list":["post-17724","page","type-page","status-publish","has-post-thumbnail","hentry"],"acf":[],"yoast_head":"<!-- This site is optimized with the Yoast SEO plugin v26.1.1 - https:\/\/yoast.com\/wordpress\/plugins\/seo\/ -->\n<title>Vanitas Espai - Depilatory waxing<\/title>\n<meta name=\"robots\" content=\"index, follow, max-snippet:-1, max-image-preview:large, max-video-preview:-1\" \/>\n<link rel=\"canonical\" href=\"https:\/\/vanitasespai.es\/en\/aesthetic\/depilatory-waxing\/\" \/>\n<meta property=\"og:locale\" content=\"en_US\" \/>\n<meta property=\"og:type\" content=\"article\" \/>\n<meta property=\"og:title\" content=\"Vanitas Espai - Depilatory waxing\" \/>\n<meta property=\"og:description\" content=\"Depilation is not something that should be uncomfortable and an obligation for either men or women. Visit us at Vanitas Espai and relax for a few minutes while we take care of this procedure for you so you can relax in your favourite salon. Depilation can be done with warm wax, also known as roll-on [&hellip;]\" \/>\n<meta property=\"og:url\" content=\"https:\/\/vanitasespai.es\/en\/aesthetic\/depilatory-waxing\/\" \/>\n<meta property=\"og:site_name\" content=\"Vanitas Espai\" \/>\n<meta property=\"article:modified_time\" content=\"2026-01-12T11:45:17+00:00\" \/>\n<meta property=\"og:image\" content=\"https:\/\/vanitasespai.es\/wp-content\/uploads\/2016\/11\/vnt-2016-g3.jpg\" \/>\n\t<meta property=\"og:image:width\" content=\"1000\" \/>\n\t<meta property=\"og:image:height\" content=\"660\" \/>\n\t<meta property=\"og:image:type\" content=\"image\/jpeg\" \/>\n<meta name=\"twitter:card\" content=\"summary_large_image\" \/>\n<meta name=\"twitter:label1\" content=\"Est. reading time\" \/>\n\t<meta name=\"twitter:data1\" content=\"1 minute\" \/>\n<script type=\"application\/ld+json\" class=\"yoast-schema-graph\">{\"@context\":\"https:\/\/schema.org\",\"@graph\":[{\"@type\":\"WebPage\",\"@id\":\"https:\/\/vanitasespai.es\/en\/aesthetic\/depilatory-waxing\/\",\"url\":\"https:\/\/vanitasespai.es\/en\/aesthetic\/depilatory-waxing\/\",\"name\":\"Vanitas Espai - Depilatory waxing\",\"isPartOf\":{\"@id\":\"https:\/\/vanitasespai.es\/#website\"},\"primaryImageOfPage\":{\"@id\":\"https:\/\/vanitasespai.es\/en\/aesthetic\/depilatory-waxing\/#primaryimage\"},\"image\":{\"@id\":\"https:\/\/vanitasespai.es\/en\/aesthetic\/depilatory-waxing\/#primaryimage\"},\"thumbnailUrl\":\"https:\/\/vanitasespai.es\/wp-content\/uploads\/2016\/11\/vnt-2016-g3.jpg\",\"datePublished\":\"2020-07-21T14:01:59+00:00\",\"dateModified\":\"2026-01-12T11:45:17+00:00\",\"breadcrumb\":{\"@id\":\"https:\/\/vanitasespai.es\/en\/aesthetic\/depilatory-waxing\/#breadcrumb\"},\"inLanguage\":\"en-US\",\"potentialAction\":[{\"@type\":\"ReadAction\",\"target\":[\"https:\/\/vanitasespai.es\/en\/aesthetic\/depilatory-waxing\/\"]}]},{\"@type\":\"ImageObject\",\"inLanguage\":\"en-US\",\"@id\":\"https:\/\/vanitasespai.es\/en\/aesthetic\/depilatory-waxing\/#primaryimage\",\"url\":\"https:\/\/vanitasespai.es\/wp-content\/uploads\/2016\/11\/vnt-2016-g3.jpg\",\"contentUrl\":\"https:\/\/vanitasespai.es\/wp-content\/uploads\/2016\/11\/vnt-2016-g3.jpg\",\"width\":1000,\"height\":660},{\"@type\":\"BreadcrumbList\",\"@id\":\"https:\/\/vanitasespai.es\/en\/aesthetic\/depilatory-waxing\/#breadcrumb\",\"itemListElement\":[{\"@type\":\"ListItem\",\"position\":1,\"name\":\"Home\",\"item\":\"https:\/\/vanitasespai.es\/en\/\"},{\"@type\":\"ListItem\",\"position\":2,\"name\":\"Aesthetic\",\"item\":\"https:\/\/vanitasespai.es\/en\/aesthetic\/\"},{\"@type\":\"ListItem\",\"position\":3,\"name\":\"Depilatory waxing\"}]},{\"@type\":\"WebSite\",\"@id\":\"https:\/\/vanitasespai.es\/#website\",\"url\":\"https:\/\/vanitasespai.es\/\",\"name\":\"Vanitas Espai\",\"description\":\"Mejor sal\u00f3n de Peluquer\u00eda y Est\u00e9tica de Barcelona\",\"potentialAction\":[{\"@type\":\"SearchAction\",\"target\":{\"@type\":\"EntryPoint\",\"urlTemplate\":\"https:\/\/vanitasespai.es\/?s={search_term_string}\"},\"query-input\":{\"@type\":\"PropertyValueSpecification\",\"valueRequired\":true,\"valueName\":\"search_term_string\"}}],\"inLanguage\":\"en-US\"}]}<\/script>\n<!-- \/ Yoast SEO plugin. -->","yoast_head_json":{"title":"Vanitas Espai - Depilatory waxing","robots":{"index":"index","follow":"follow","max-snippet":"max-snippet:-1","max-image-preview":"max-image-preview:large","max-video-preview":"max-video-preview:-1"},"canonical":"https:\/\/vanitasespai.es\/en\/aesthetic\/depilatory-waxing\/","og_locale":"en_US","og_type":"article","og_title":"Vanitas Espai - Depilatory waxing","og_description":"Depilation is not something that should be uncomfortable and an obligation for either men or women. Visit us at Vanitas Espai and relax for a few minutes while we take care of this procedure for you so you can relax in your favourite salon. Depilation can be done with warm wax, also known as roll-on [&hellip;]","og_url":"https:\/\/vanitasespai.es\/en\/aesthetic\/depilatory-waxing\/","og_site_name":"Vanitas Espai","article_modified_time":"2026-01-12T11:45:17+00:00","og_image":[{"width":1000,"height":660,"url":"https:\/\/vanitasespai.es\/wp-content\/uploads\/2016\/11\/vnt-2016-g3.jpg","type":"image\/jpeg"}],"twitter_card":"summary_large_image","twitter_misc":{"Est. reading time":"1 minute"},"schema":{"@context":"https:\/\/schema.org","@graph":[{"@type":"WebPage","@id":"https:\/\/vanitasespai.es\/en\/aesthetic\/depilatory-waxing\/","url":"https:\/\/vanitasespai.es\/en\/aesthetic\/depilatory-waxing\/","name":"Vanitas Espai - Depilatory waxing","isPartOf":{"@id":"https:\/\/vanitasespai.es\/#website"},"primaryImageOfPage":{"@id":"https:\/\/vanitasespai.es\/en\/aesthetic\/depilatory-waxing\/#primaryimage"},"image":{"@id":"https:\/\/vanitasespai.es\/en\/aesthetic\/depilatory-waxing\/#primaryimage"},"thumbnailUrl":"https:\/\/vanitasespai.es\/wp-content\/uploads\/2016\/11\/vnt-2016-g3.jpg","datePublished":"2020-07-21T14:01:59+00:00","dateModified":"2026-01-12T11:45:17+00:00","breadcrumb":{"@id":"https:\/\/vanitasespai.es\/en\/aesthetic\/depilatory-waxing\/#breadcrumb"},"inLanguage":"en-US","potentialAction":[{"@type":"ReadAction","target":["https:\/\/vanitasespai.es\/en\/aesthetic\/depilatory-waxing\/"]}]},{"@type":"ImageObject","inLanguage":"en-US","@id":"https:\/\/vanitasespai.es\/en\/aesthetic\/depilatory-waxing\/#primaryimage","url":"https:\/\/vanitasespai.es\/wp-content\/uploads\/2016\/11\/vnt-2016-g3.jpg","contentUrl":"https:\/\/vanitasespai.es\/wp-content\/uploads\/2016\/11\/vnt-2016-g3.jpg","width":1000,"height":660},{"@type":"BreadcrumbList","@id":"https:\/\/vanitasespai.es\/en\/aesthetic\/depilatory-waxing\/#breadcrumb","itemListElement":[{"@type":"ListItem","position":1,"name":"Home","item":"https:\/\/vanitasespai.es\/en\/"},{"@type":"ListItem","position":2,"name":"Aesthetic","item":"https:\/\/vanitasespai.es\/en\/aesthetic\/"},{"@type":"ListItem","position":3,"name":"Depilatory waxing"}]},{"@type":"WebSite","@id":"https:\/\/vanitasespai.es\/#website","url":"https:\/\/vanitasespai.es\/","name":"Vanitas Espai","description":"Mejor sal\u00f3n de Peluquer\u00eda y Est\u00e9tica de Barcelona","potentialAction":[{"@type":"SearchAction","target":{"@type":"EntryPoint","urlTemplate":"https:\/\/vanitasespai.es\/?s={search_term_string}"},"query-input":{"@type":"PropertyValueSpecification","valueRequired":true,"valueName":"search_term_string"}}],"inLanguage":"en-US"}]}},"_links":{"self":[{"href":"https:\/\/vanitasespai.es\/en\/wp-json\/wp\/v2\/pages\/17724","targetHints":{"allow":["GET"]}}],"collection":[{"href":"https:\/\/vanitasespai.es\/en\/wp-json\/wp\/v2\/pages"}],"about":[{"href":"https:\/\/vanitasespai.es\/en\/wp-json\/wp\/v2\/types\/page"}],"author":[{"embeddable":true,"href":"https:\/\/vanitasespai.es\/en\/wp-json\/wp\/v2\/users\/1"}],"replies":[{"embeddable":true,"href":"https:\/\/vanitasespai.es\/en\/wp-json\/wp\/v2\/comments?post=17724"}],"version-history":[{"count":8,"href":"https:\/\/vanitasespai.es\/en\/wp-json\/wp\/v2\/pages\/17724\/revisions"}],"predecessor-version":[{"id":19818,"href":"https:\/\/vanitasespai.es\/en\/wp-json\/wp\/v2\/pages\/17724\/revisions\/19818"}],"up":[{"embeddable":true,"href":"https:\/\/vanitasespai.es\/en\/wp-json\/wp\/v2\/pages\/17828"}],"wp:featuredmedia":[{"embeddable":true,"href":"https:\/\/vanitasespai.es\/en\/wp-json\/wp\/v2\/media\/16700"}],"wp:attachment":[{"href":"https:\/\/vanitasespai.es\/en\/wp-json\/wp\/v2\/media?parent=17724"}],"curies":[{"name":"wp","href":"https:\/\/api.w.org\/{rel}","templated":true}]}}