{"id":17711,"date":"2020-07-21T15:47:05","date_gmt":"2020-07-21T13:47:05","guid":{"rendered":"https:\/\/vanitasespai.es\/?page_id=17711"},"modified":"2026-01-12T12:20:13","modified_gmt":"2026-01-12T11:20:13","slug":"threading-hair-removal-technique","status":"publish","type":"page","link":"https:\/\/vanitasespai.es\/en\/aesthetic\/threading-hair-removal-technique\/","title":{"rendered":"Threading hair removal technique"},"content":{"rendered":"<h2>THREADING<\/h2>\n<p>Threading is an eastern millennial practice which consists of the best and most natural facial hair removal method that exists at the moment.<br \/>\nThis technique pulls the hair from the root and is perfect to remove hair around the face.<br \/>\nCotton threads are used with a controlled back and forth movement, plucking out unwanted hair from the root in the opposite direction from which direction your hair grows. The threads act like tweezers, forming an X, and pluck out unwanted hair almost painlessly (differently to other waxing techniques).<\/p>\n<p>Want to learn more about this facial threading technique? Check out <a href=\"http:\/\/vanitasespai.es\/contenidos-destacados\/depilacion-facial\/\">this link.<\/a><\/p>\n<h4>ADVANTAGES<\/h4>\n<p>\u00b7\u00a0 Waxing and tweezing can irritate the skin, but threading is unlikely to do so<br \/>\n.\u00a0 It pulls out the hair from the roots removing tiny hairs that you are likely to miss with tweezers<br \/>\n\u00b7\u00a0 The process lasts weeks<br \/>\n\u00b7\u00a0 You can remove all the facial hair without becoming thickened<br \/>\n\u00b7\u00a0 It\u2019s compatible with a peeling or acid treatments if we wish to thread the eyebrows.<br \/>\n\u00b7\u00a0 It\u2019s possible to use in sensitive areas such as brows and upper lip area because it does not wax your skin off<br \/>\n\u00b7\u00a0 It\u2019s an excellent alternative in case of Psoriasis (people with this dermal alteration cannot use any other kind of methods)<br \/>\nVanitas Espai is one of the few salons that offer this service with genuine specialists. Don\u2019t miss the opportunity to try it.<\/p>\n","protected":false},"excerpt":{"rendered":"<p>THREADING Threading is an eastern millennial practice which consists of the best and most natural facial hair removal method that exists at the moment. This technique pulls the hair from the root and is perfect to remove hair around the face. Cotton threads are used with a controlled back and forth movement, plucking out unwanted [&hellip;]<\/p>\n","protected":false},"author":1,"featured_media":16700,"parent":17828,"menu_order":0,"comment_status":"closed","ping_status":"closed","template":"single-services.php","meta":{"_acf_changed":false,"_joinchat":[],"footnotes":""},"class_list":["post-17711","page","type-page","status-publish","has-post-thumbnail","hentry"],"acf":[],"yoast_head":"<!-- This site is optimized with the Yoast SEO plugin v26.1.1 - https:\/\/yoast.com\/wordpress\/plugins\/seo\/ -->\n<title>Vanitas Espai - Threading hair removal technique<\/title>\n<meta name=\"robots\" content=\"index, follow, max-snippet:-1, max-image-preview:large, max-video-preview:-1\" \/>\n<link rel=\"canonical\" href=\"https:\/\/vanitasespai.es\/en\/aesthetic\/threading-hair-removal-technique\/\" \/>\n<meta property=\"og:locale\" content=\"en_US\" \/>\n<meta property=\"og:type\" content=\"article\" \/>\n<meta property=\"og:title\" content=\"Vanitas Espai - Threading hair removal technique\" \/>\n<meta property=\"og:description\" content=\"THREADING Threading is an eastern millennial practice which consists of the best and most natural facial hair removal method that exists at the moment. This technique pulls the hair from the root and is perfect to remove hair around the face. Cotton threads are used with a controlled back and forth movement, plucking out unwanted [&hellip;]\" \/>\n<meta property=\"og:url\" content=\"https:\/\/vanitasespai.es\/en\/aesthetic\/threading-hair-removal-technique\/\" \/>\n<meta property=\"og:site_name\" content=\"Vanitas Espai\" \/>\n<meta property=\"article:modified_time\" content=\"2026-01-12T11:20:13+00:00\" \/>\n<meta property=\"og:image\" content=\"https:\/\/vanitasespai.es\/wp-content\/uploads\/2016\/11\/vnt-2016-g3.jpg\" \/>\n\t<meta property=\"og:image:width\" content=\"1000\" \/>\n\t<meta property=\"og:image:height\" content=\"660\" \/>\n\t<meta property=\"og:image:type\" content=\"image\/jpeg\" \/>\n<meta name=\"twitter:card\" content=\"summary_large_image\" \/>\n<meta name=\"twitter:label1\" content=\"Est. reading time\" \/>\n\t<meta name=\"twitter:data1\" content=\"2 minutes\" \/>\n<script type=\"application\/ld+json\" class=\"yoast-schema-graph\">{\"@context\":\"https:\/\/schema.org\",\"@graph\":[{\"@type\":\"WebPage\",\"@id\":\"https:\/\/vanitasespai.es\/en\/aesthetic\/threading-hair-removal-technique\/\",\"url\":\"https:\/\/vanitasespai.es\/en\/aesthetic\/threading-hair-removal-technique\/\",\"name\":\"Vanitas Espai - Threading hair removal technique\",\"isPartOf\":{\"@id\":\"https:\/\/vanitasespai.es\/#website\"},\"primaryImageOfPage\":{\"@id\":\"https:\/\/vanitasespai.es\/en\/aesthetic\/threading-hair-removal-technique\/#primaryimage\"},\"image\":{\"@id\":\"https:\/\/vanitasespai.es\/en\/aesthetic\/threading-hair-removal-technique\/#primaryimage\"},\"thumbnailUrl\":\"https:\/\/vanitasespai.es\/wp-content\/uploads\/2016\/11\/vnt-2016-g3.jpg\",\"datePublished\":\"2020-07-21T13:47:05+00:00\",\"dateModified\":\"2026-01-12T11:20:13+00:00\",\"breadcrumb\":{\"@id\":\"https:\/\/vanitasespai.es\/en\/aesthetic\/threading-hair-removal-technique\/#breadcrumb\"},\"inLanguage\":\"en-US\",\"potentialAction\":[{\"@type\":\"ReadAction\",\"target\":[\"https:\/\/vanitasespai.es\/en\/aesthetic\/threading-hair-removal-technique\/\"]}]},{\"@type\":\"ImageObject\",\"inLanguage\":\"en-US\",\"@id\":\"https:\/\/vanitasespai.es\/en\/aesthetic\/threading-hair-removal-technique\/#primaryimage\",\"url\":\"https:\/\/vanitasespai.es\/wp-content\/uploads\/2016\/11\/vnt-2016-g3.jpg\",\"contentUrl\":\"https:\/\/vanitasespai.es\/wp-content\/uploads\/2016\/11\/vnt-2016-g3.jpg\",\"width\":1000,\"height\":660},{\"@type\":\"BreadcrumbList\",\"@id\":\"https:\/\/vanitasespai.es\/en\/aesthetic\/threading-hair-removal-technique\/#breadcrumb\",\"itemListElement\":[{\"@type\":\"ListItem\",\"position\":1,\"name\":\"Home\",\"item\":\"https:\/\/vanitasespai.es\/en\/\"},{\"@type\":\"ListItem\",\"position\":2,\"name\":\"Aesthetic\",\"item\":\"https:\/\/vanitasespai.es\/en\/aesthetic\/\"},{\"@type\":\"ListItem\",\"position\":3,\"name\":\"Threading hair removal technique\"}]},{\"@type\":\"WebSite\",\"@id\":\"https:\/\/vanitasespai.es\/#website\",\"url\":\"https:\/\/vanitasespai.es\/\",\"name\":\"Vanitas Espai\",\"description\":\"Mejor sal\u00f3n de Peluquer\u00eda y Est\u00e9tica de Barcelona\",\"potentialAction\":[{\"@type\":\"SearchAction\",\"target\":{\"@type\":\"EntryPoint\",\"urlTemplate\":\"https:\/\/vanitasespai.es\/?s={search_term_string}\"},\"query-input\":{\"@type\":\"PropertyValueSpecification\",\"valueRequired\":true,\"valueName\":\"search_term_string\"}}],\"inLanguage\":\"en-US\"}]}<\/script>\n<!-- \/ Yoast SEO plugin. -->","yoast_head_json":{"title":"Vanitas Espai - Threading hair removal technique","robots":{"index":"index","follow":"follow","max-snippet":"max-snippet:-1","max-image-preview":"max-image-preview:large","max-video-preview":"max-video-preview:-1"},"canonical":"https:\/\/vanitasespai.es\/en\/aesthetic\/threading-hair-removal-technique\/","og_locale":"en_US","og_type":"article","og_title":"Vanitas Espai - Threading hair removal technique","og_description":"THREADING Threading is an eastern millennial practice which consists of the best and most natural facial hair removal method that exists at the moment. This technique pulls the hair from the root and is perfect to remove hair around the face. Cotton threads are used with a controlled back and forth movement, plucking out unwanted [&hellip;]","og_url":"https:\/\/vanitasespai.es\/en\/aesthetic\/threading-hair-removal-technique\/","og_site_name":"Vanitas Espai","article_modified_time":"2026-01-12T11:20:13+00:00","og_image":[{"width":1000,"height":660,"url":"https:\/\/vanitasespai.es\/wp-content\/uploads\/2016\/11\/vnt-2016-g3.jpg","type":"image\/jpeg"}],"twitter_card":"summary_large_image","twitter_misc":{"Est. reading time":"2 minutes"},"schema":{"@context":"https:\/\/schema.org","@graph":[{"@type":"WebPage","@id":"https:\/\/vanitasespai.es\/en\/aesthetic\/threading-hair-removal-technique\/","url":"https:\/\/vanitasespai.es\/en\/aesthetic\/threading-hair-removal-technique\/","name":"Vanitas Espai - Threading hair removal technique","isPartOf":{"@id":"https:\/\/vanitasespai.es\/#website"},"primaryImageOfPage":{"@id":"https:\/\/vanitasespai.es\/en\/aesthetic\/threading-hair-removal-technique\/#primaryimage"},"image":{"@id":"https:\/\/vanitasespai.es\/en\/aesthetic\/threading-hair-removal-technique\/#primaryimage"},"thumbnailUrl":"https:\/\/vanitasespai.es\/wp-content\/uploads\/2016\/11\/vnt-2016-g3.jpg","datePublished":"2020-07-21T13:47:05+00:00","dateModified":"2026-01-12T11:20:13+00:00","breadcrumb":{"@id":"https:\/\/vanitasespai.es\/en\/aesthetic\/threading-hair-removal-technique\/#breadcrumb"},"inLanguage":"en-US","potentialAction":[{"@type":"ReadAction","target":["https:\/\/vanitasespai.es\/en\/aesthetic\/threading-hair-removal-technique\/"]}]},{"@type":"ImageObject","inLanguage":"en-US","@id":"https:\/\/vanitasespai.es\/en\/aesthetic\/threading-hair-removal-technique\/#primaryimage","url":"https:\/\/vanitasespai.es\/wp-content\/uploads\/2016\/11\/vnt-2016-g3.jpg","contentUrl":"https:\/\/vanitasespai.es\/wp-content\/uploads\/2016\/11\/vnt-2016-g3.jpg","width":1000,"height":660},{"@type":"BreadcrumbList","@id":"https:\/\/vanitasespai.es\/en\/aesthetic\/threading-hair-removal-technique\/#breadcrumb","itemListElement":[{"@type":"ListItem","position":1,"name":"Home","item":"https:\/\/vanitasespai.es\/en\/"},{"@type":"ListItem","position":2,"name":"Aesthetic","item":"https:\/\/vanitasespai.es\/en\/aesthetic\/"},{"@type":"ListItem","position":3,"name":"Threading hair removal technique"}]},{"@type":"WebSite","@id":"https:\/\/vanitasespai.es\/#website","url":"https:\/\/vanitasespai.es\/","name":"Vanitas Espai","description":"Mejor sal\u00f3n de Peluquer\u00eda y Est\u00e9tica de Barcelona","potentialAction":[{"@type":"SearchAction","target":{"@type":"EntryPoint","urlTemplate":"https:\/\/vanitasespai.es\/?s={search_term_string}"},"query-input":{"@type":"PropertyValueSpecification","valueRequired":true,"valueName":"search_term_string"}}],"inLanguage":"en-US"}]}},"_links":{"self":[{"href":"https:\/\/vanitasespai.es\/en\/wp-json\/wp\/v2\/pages\/17711","targetHints":{"allow":["GET"]}}],"collection":[{"href":"https:\/\/vanitasespai.es\/en\/wp-json\/wp\/v2\/pages"}],"about":[{"href":"https:\/\/vanitasespai.es\/en\/wp-json\/wp\/v2\/types\/page"}],"author":[{"embeddable":true,"href":"https:\/\/vanitasespai.es\/en\/wp-json\/wp\/v2\/users\/1"}],"replies":[{"embeddable":true,"href":"https:\/\/vanitasespai.es\/en\/wp-json\/wp\/v2\/comments?post=17711"}],"version-history":[{"count":8,"href":"https:\/\/vanitasespai.es\/en\/wp-json\/wp\/v2\/pages\/17711\/revisions"}],"predecessor-version":[{"id":19802,"href":"https:\/\/vanitasespai.es\/en\/wp-json\/wp\/v2\/pages\/17711\/revisions\/19802"}],"up":[{"embeddable":true,"href":"https:\/\/vanitasespai.es\/en\/wp-json\/wp\/v2\/pages\/17828"}],"wp:featuredmedia":[{"embeddable":true,"href":"https:\/\/vanitasespai.es\/en\/wp-json\/wp\/v2\/media\/16700"}],"wp:attachment":[{"href":"https:\/\/vanitasespai.es\/en\/wp-json\/wp\/v2\/media?parent=17711"}],"curies":[{"name":"wp","href":"https:\/\/api.w.org\/{rel}","templated":true}]}}