{"id":17682,"date":"2020-07-21T14:06:01","date_gmt":"2020-07-21T12:06:01","guid":{"rendered":"https:\/\/vanitasespai.es\/?page_id=17682"},"modified":"2026-01-12T13:00:08","modified_gmt":"2026-01-12T12:00:08","slug":"micropigmentatation","status":"publish","type":"page","link":"https:\/\/vanitasespai.es\/en\/aesthetic\/micropigmentatation\/","title":{"rendered":"Micropigmentatation"},"content":{"rendered":"<h2>WHAT IS MICROPIGMENTATION?<\/h2>\n<p>Permanent makeup (or semi permanent) or micropigmentation is a dermo-pigmentation that is carried out by putting pigments on the skin through needles that introduce them at the epidermis level.<\/p>\n<h2>WHAT IS MICROPIGMENTATION USED FOR?<\/h2>\n<p>To beautify, balance and\/or fix facial features, especially brows, lips or eyelids. It is also used to fix aesthetic damage or defects, such as: baldness camouflage, pubic hair alopecia, scars camouflage, mammary areolas reconstruction, burns camouflage, making freckles and moles.<\/p>\n<h2>HOW LONG DOES THE RESULT OF MICROPIGMENTATION LAST?<\/h2>\n<p>The result can vary between 2-3 years, depending on the skin. On older and dry skins it usually lasts 4-5 years and on younger skins it normally lasts 2-3 years. It also depends on the tones used as darker tones take longer to be eliminated.<\/p>\n<h2>HOW IS THE MICROPIGMENTATION PROCEDURE?<\/h2>\n<p>During micropigmentation there is an inflammation of the tissues as consequence of the wound produced by the needles. As body response, the skin will send leucocytes and macrophages to the micropigmented area. In the next few hours a scab will form which will last between 4 or 5 days. The scab makes the colour much more intense than the desired tone. It will disappear in a week approximately. After 30 days the pigmentation fixation process is not completed, producing loss of colour between 10%-15% or even more on some skins with higher sebaceous secretion, eliminating more pigment.<\/p>\n<h2>DOES MICROPIGMENTATION HURT?<\/h2>\n<p>The procedure produces a certain discomfort (although totally bearable) especially on sensitive areas such as lips and eyes. Discomfort depends on the sensitivity of each person. It is recommended applying an anesthetic cream 1 hour prior to the procedure.<\/p>\n<h2>DO I NEED A SECOND MICROPIGMENTATION SESSION?<\/h2>\n<p>After 30 days you will need to come back for a second session due to the normal fading of the pigment previously mentioned. It cannot be done before three days as it could cause a double increase in pain.<\/p>\n<h2>MICROPIGMENTATION FOLLOW-UP CARE<\/h2>\n<p>A specific cream is prescribed to help healing. Avoid direct sunlight until the procedure is completed and the affected area is totally healed. Likewise, it is recommended using sunscreen because an accidental exposure to sunlight for too long could result in undesired tones.<\/p>\n<h2>WHICH PROFESSIONAL WILL BE EXECUTING THE MICROPIGMENTATION?<\/h2>\n<p>Our micropigmentation technical personnel have all the medical certificates legally required. Apart from that, they have over 30 years of experience in applying this technique. One of them has been a teacher in the best micropigmentation training centres in Barcelona.<\/p>\n<h2>HOW MUCH TIME DOES IT REQUIRE?<\/h2>\n<hr \/>\n<p><strong>Upper Eye Liner:<\/strong> Approx. 60 minutes \u2013 350\u20ac<\/p>\n<hr \/>\n<p><strong>Lower Eye Liner:<\/strong> Approx. 60 minutes \u2013 250\u20ac<\/p>\n<hr \/>\n<p><strong>Upper Eye Liner+ Lower Eye Liner<\/strong>: Approx. 120 minutes \u2013 450\u20ac<\/p>\n<hr \/>\n<p><strong>Brows (hair by hair and\/or shading):<\/strong> Approx. 60 minutes \u2013 450\u20ac<\/p>\n<hr \/>\n<p><strong>Brows + Eye Liners: Approx.<\/strong> 180 minutes \u2013 650\u20ac<\/p>\n<hr \/>\n<p><strong>Lip Liner + Degradation:<\/strong> 450\u20ac<\/p>\n<hr \/>\n<p><strong>Brows + Lip Liner + Degradation:<\/strong> 750\u20ac<\/p>\n<hr \/>\n","protected":false},"excerpt":{"rendered":"<p>WHAT IS MICROPIGMENTATION? Permanent makeup (or semi permanent) or micropigmentation is a dermo-pigmentation that is carried out by putting pigments on the skin through needles that introduce them at the epidermis level. WHAT IS MICROPIGMENTATION USED FOR? To beautify, balance and\/or fix facial features, especially brows, lips or eyelids. It is also used to fix [&hellip;]<\/p>\n","protected":false},"author":1,"featured_media":16700,"parent":17828,"menu_order":0,"comment_status":"closed","ping_status":"closed","template":"single-services.php","meta":{"_acf_changed":false,"_joinchat":[],"footnotes":""},"class_list":["post-17682","page","type-page","status-publish","has-post-thumbnail","hentry"],"acf":[],"yoast_head":"<!-- This site is optimized with the Yoast SEO plugin v26.1.1 - https:\/\/yoast.com\/wordpress\/plugins\/seo\/ -->\n<title>Vanitas Espai - Micropigmentatation<\/title>\n<meta name=\"robots\" content=\"index, follow, max-snippet:-1, max-image-preview:large, max-video-preview:-1\" \/>\n<link rel=\"canonical\" href=\"https:\/\/vanitasespai.es\/en\/aesthetic\/micropigmentatation\/\" \/>\n<meta property=\"og:locale\" content=\"en_US\" \/>\n<meta property=\"og:type\" content=\"article\" \/>\n<meta property=\"og:title\" content=\"Vanitas Espai - Micropigmentatation\" \/>\n<meta property=\"og:description\" content=\"WHAT IS MICROPIGMENTATION? Permanent makeup (or semi permanent) or micropigmentation is a dermo-pigmentation that is carried out by putting pigments on the skin through needles that introduce them at the epidermis level. WHAT IS MICROPIGMENTATION USED FOR? To beautify, balance and\/or fix facial features, especially brows, lips or eyelids. It is also used to fix [&hellip;]\" \/>\n<meta property=\"og:url\" content=\"https:\/\/vanitasespai.es\/en\/aesthetic\/micropigmentatation\/\" \/>\n<meta property=\"og:site_name\" content=\"Vanitas Espai\" \/>\n<meta property=\"article:modified_time\" content=\"2026-01-12T12:00:08+00:00\" \/>\n<meta property=\"og:image\" content=\"https:\/\/vanitasespai.es\/wp-content\/uploads\/2016\/11\/vnt-2016-g3.jpg\" \/>\n\t<meta property=\"og:image:width\" content=\"1000\" \/>\n\t<meta property=\"og:image:height\" content=\"660\" \/>\n\t<meta property=\"og:image:type\" content=\"image\/jpeg\" \/>\n<meta name=\"twitter:card\" content=\"summary_large_image\" \/>\n<meta name=\"twitter:label1\" content=\"Est. reading time\" \/>\n\t<meta name=\"twitter:data1\" content=\"3 minutes\" \/>\n<script type=\"application\/ld+json\" class=\"yoast-schema-graph\">{\"@context\":\"https:\/\/schema.org\",\"@graph\":[{\"@type\":\"WebPage\",\"@id\":\"https:\/\/vanitasespai.es\/en\/aesthetic\/micropigmentatation\/\",\"url\":\"https:\/\/vanitasespai.es\/en\/aesthetic\/micropigmentatation\/\",\"name\":\"Vanitas Espai - Micropigmentatation\",\"isPartOf\":{\"@id\":\"https:\/\/vanitasespai.es\/#website\"},\"primaryImageOfPage\":{\"@id\":\"https:\/\/vanitasespai.es\/en\/aesthetic\/micropigmentatation\/#primaryimage\"},\"image\":{\"@id\":\"https:\/\/vanitasespai.es\/en\/aesthetic\/micropigmentatation\/#primaryimage\"},\"thumbnailUrl\":\"https:\/\/vanitasespai.es\/wp-content\/uploads\/2016\/11\/vnt-2016-g3.jpg\",\"datePublished\":\"2020-07-21T12:06:01+00:00\",\"dateModified\":\"2026-01-12T12:00:08+00:00\",\"breadcrumb\":{\"@id\":\"https:\/\/vanitasespai.es\/en\/aesthetic\/micropigmentatation\/#breadcrumb\"},\"inLanguage\":\"en-US\",\"potentialAction\":[{\"@type\":\"ReadAction\",\"target\":[\"https:\/\/vanitasespai.es\/en\/aesthetic\/micropigmentatation\/\"]}]},{\"@type\":\"ImageObject\",\"inLanguage\":\"en-US\",\"@id\":\"https:\/\/vanitasespai.es\/en\/aesthetic\/micropigmentatation\/#primaryimage\",\"url\":\"https:\/\/vanitasespai.es\/wp-content\/uploads\/2016\/11\/vnt-2016-g3.jpg\",\"contentUrl\":\"https:\/\/vanitasespai.es\/wp-content\/uploads\/2016\/11\/vnt-2016-g3.jpg\",\"width\":1000,\"height\":660},{\"@type\":\"BreadcrumbList\",\"@id\":\"https:\/\/vanitasespai.es\/en\/aesthetic\/micropigmentatation\/#breadcrumb\",\"itemListElement\":[{\"@type\":\"ListItem\",\"position\":1,\"name\":\"Home\",\"item\":\"https:\/\/vanitasespai.es\/en\/\"},{\"@type\":\"ListItem\",\"position\":2,\"name\":\"Aesthetic\",\"item\":\"https:\/\/vanitasespai.es\/en\/aesthetic\/\"},{\"@type\":\"ListItem\",\"position\":3,\"name\":\"Micropigmentatation\"}]},{\"@type\":\"WebSite\",\"@id\":\"https:\/\/vanitasespai.es\/#website\",\"url\":\"https:\/\/vanitasespai.es\/\",\"name\":\"Vanitas Espai\",\"description\":\"Mejor sal\u00f3n de Peluquer\u00eda y Est\u00e9tica de Barcelona\",\"potentialAction\":[{\"@type\":\"SearchAction\",\"target\":{\"@type\":\"EntryPoint\",\"urlTemplate\":\"https:\/\/vanitasespai.es\/?s={search_term_string}\"},\"query-input\":{\"@type\":\"PropertyValueSpecification\",\"valueRequired\":true,\"valueName\":\"search_term_string\"}}],\"inLanguage\":\"en-US\"}]}<\/script>\n<!-- \/ Yoast SEO plugin. -->","yoast_head_json":{"title":"Vanitas Espai - Micropigmentatation","robots":{"index":"index","follow":"follow","max-snippet":"max-snippet:-1","max-image-preview":"max-image-preview:large","max-video-preview":"max-video-preview:-1"},"canonical":"https:\/\/vanitasespai.es\/en\/aesthetic\/micropigmentatation\/","og_locale":"en_US","og_type":"article","og_title":"Vanitas Espai - Micropigmentatation","og_description":"WHAT IS MICROPIGMENTATION? Permanent makeup (or semi permanent) or micropigmentation is a dermo-pigmentation that is carried out by putting pigments on the skin through needles that introduce them at the epidermis level. WHAT IS MICROPIGMENTATION USED FOR? To beautify, balance and\/or fix facial features, especially brows, lips or eyelids. It is also used to fix [&hellip;]","og_url":"https:\/\/vanitasespai.es\/en\/aesthetic\/micropigmentatation\/","og_site_name":"Vanitas Espai","article_modified_time":"2026-01-12T12:00:08+00:00","og_image":[{"width":1000,"height":660,"url":"https:\/\/vanitasespai.es\/wp-content\/uploads\/2016\/11\/vnt-2016-g3.jpg","type":"image\/jpeg"}],"twitter_card":"summary_large_image","twitter_misc":{"Est. reading time":"3 minutes"},"schema":{"@context":"https:\/\/schema.org","@graph":[{"@type":"WebPage","@id":"https:\/\/vanitasespai.es\/en\/aesthetic\/micropigmentatation\/","url":"https:\/\/vanitasespai.es\/en\/aesthetic\/micropigmentatation\/","name":"Vanitas Espai - Micropigmentatation","isPartOf":{"@id":"https:\/\/vanitasespai.es\/#website"},"primaryImageOfPage":{"@id":"https:\/\/vanitasespai.es\/en\/aesthetic\/micropigmentatation\/#primaryimage"},"image":{"@id":"https:\/\/vanitasespai.es\/en\/aesthetic\/micropigmentatation\/#primaryimage"},"thumbnailUrl":"https:\/\/vanitasespai.es\/wp-content\/uploads\/2016\/11\/vnt-2016-g3.jpg","datePublished":"2020-07-21T12:06:01+00:00","dateModified":"2026-01-12T12:00:08+00:00","breadcrumb":{"@id":"https:\/\/vanitasespai.es\/en\/aesthetic\/micropigmentatation\/#breadcrumb"},"inLanguage":"en-US","potentialAction":[{"@type":"ReadAction","target":["https:\/\/vanitasespai.es\/en\/aesthetic\/micropigmentatation\/"]}]},{"@type":"ImageObject","inLanguage":"en-US","@id":"https:\/\/vanitasespai.es\/en\/aesthetic\/micropigmentatation\/#primaryimage","url":"https:\/\/vanitasespai.es\/wp-content\/uploads\/2016\/11\/vnt-2016-g3.jpg","contentUrl":"https:\/\/vanitasespai.es\/wp-content\/uploads\/2016\/11\/vnt-2016-g3.jpg","width":1000,"height":660},{"@type":"BreadcrumbList","@id":"https:\/\/vanitasespai.es\/en\/aesthetic\/micropigmentatation\/#breadcrumb","itemListElement":[{"@type":"ListItem","position":1,"name":"Home","item":"https:\/\/vanitasespai.es\/en\/"},{"@type":"ListItem","position":2,"name":"Aesthetic","item":"https:\/\/vanitasespai.es\/en\/aesthetic\/"},{"@type":"ListItem","position":3,"name":"Micropigmentatation"}]},{"@type":"WebSite","@id":"https:\/\/vanitasespai.es\/#website","url":"https:\/\/vanitasespai.es\/","name":"Vanitas Espai","description":"Mejor sal\u00f3n de Peluquer\u00eda y Est\u00e9tica de Barcelona","potentialAction":[{"@type":"SearchAction","target":{"@type":"EntryPoint","urlTemplate":"https:\/\/vanitasespai.es\/?s={search_term_string}"},"query-input":{"@type":"PropertyValueSpecification","valueRequired":true,"valueName":"search_term_string"}}],"inLanguage":"en-US"}]}},"_links":{"self":[{"href":"https:\/\/vanitasespai.es\/en\/wp-json\/wp\/v2\/pages\/17682","targetHints":{"allow":["GET"]}}],"collection":[{"href":"https:\/\/vanitasespai.es\/en\/wp-json\/wp\/v2\/pages"}],"about":[{"href":"https:\/\/vanitasespai.es\/en\/wp-json\/wp\/v2\/types\/page"}],"author":[{"embeddable":true,"href":"https:\/\/vanitasespai.es\/en\/wp-json\/wp\/v2\/users\/1"}],"replies":[{"embeddable":true,"href":"https:\/\/vanitasespai.es\/en\/wp-json\/wp\/v2\/comments?post=17682"}],"version-history":[{"count":7,"href":"https:\/\/vanitasespai.es\/en\/wp-json\/wp\/v2\/pages\/17682\/revisions"}],"predecessor-version":[{"id":19826,"href":"https:\/\/vanitasespai.es\/en\/wp-json\/wp\/v2\/pages\/17682\/revisions\/19826"}],"up":[{"embeddable":true,"href":"https:\/\/vanitasespai.es\/en\/wp-json\/wp\/v2\/pages\/17828"}],"wp:featuredmedia":[{"embeddable":true,"href":"https:\/\/vanitasespai.es\/en\/wp-json\/wp\/v2\/media\/16700"}],"wp:attachment":[{"href":"https:\/\/vanitasespai.es\/en\/wp-json\/wp\/v2\/media?parent=17682"}],"curies":[{"name":"wp","href":"https:\/\/api.w.org\/{rel}","templated":true}]}}