{"id":17667,"date":"2020-07-21T13:49:06","date_gmt":"2020-07-21T11:49:06","guid":{"rendered":"https:\/\/vanitasespai.es\/?page_id=17667"},"modified":"2026-01-12T12:18:10","modified_gmt":"2026-01-12T11:18:10","slug":"eyebrow-design","status":"publish","type":"page","link":"https:\/\/vanitasespai.es\/en\/eyelashes-and-eyebrows\/eyebrow-design\/","title":{"rendered":"Eyebrow design"},"content":{"rendered":"<p>Having a striking look is not only up to your eyes in any way. Other face features contribute in giving you a penetrating, striking and interesting look. Eyelashes, eyelids and eyebrows have an important role to enable you in having an impeccable and stunning appearance.<br \/>\nIn fact, in recent years, eyebrows have gained major importance in the aesthetics sector and personal care because, as you change its design and improve its appearance, we can improve our look in general.<br \/>\nAt Vanitas Espai we offer a <strong>professional eyebrow design<\/strong> service where our specialized team will evaluate your fisionamy, your essence and will suggest the best design according to your features<\/p>\n<h4>WANT TO ENHANCE YOUR NATURAL BEAUTY? PUT YOURSELF IN THE HANDS OF AN EXPERT!<\/h4>\n<hr \/>\n<h2>WHAT DOES AN EYEBROW DESIGN SERVICE CONSIST OF?<\/h2>\n<p>When we talk about an eyebrow design service carried out by experts, we refer to an expert estheticician appraising your features, your personality to determine<strong> what type of eyebrow best adapts to your face<\/strong>: the shape of the arch, thickness, etc.<br \/>\nDuring this aesthetic treatment, we will pluck your eyebrows as well as shape them to get the best out of it to make your eyes pop to achieve what we proposed from the beginning: a jaw-dropping look.<br \/>\nTo achieve this, we study your face shape, your expressions and your natural eyebrows. With this data collection we can start to work and bring out your pure and natural beauty.<\/p>\n<h2>HOW TO IDENTIFY WHICH DESIGN IS BEST SUITED FOR YOU<\/h2>\n<p>The fact is that when we start to wax we make the mistake of trying to modify the natural shape of our eyebrows, so the result is rather strange: very thin eyebrows for our face, too unequal, with an arch that does not adjust to our expression\u2026<br \/>\n<strong>The best eyebrows for you are your natural one<\/strong>s but you have to give it the most suitable arch to bring out your beauty and remove hair that can impact our expressions.<br \/>\nWith our eyebrow design service we will try to find your natural eyebrow shape to recover and enhance your essence to show it in the best possible way.<\/p>\n<h2>EYEBROW DESIGN \u2013 STEP BY STEP<\/h2>\n<p>If you decide to come to Vanitas Espai to design your eyebrows perfectly, you will be glad to know that it is what we do during this treatment. <strong>Here we tell you how, step-by-step, what this method consists of:<\/strong><br \/>\n1. We analyse your specific features so we can determine which design is most suitable for you<br \/>\n2. We will trim your eyebrows (only if they are too long) so we can brush and control them more easily.<br \/>\n3. We will pluck the hair from the root to avoid them breaking and leaving spare spots. We do this procedure with extreme care so that it\u2019s painless and most importantly, the result is well defined.<br \/>\n4. We recommend periodically doing your eyebrow design maintenance, and if so, techniques that can help give more body to your eyebrows, or how to control curly eyebrows if you have unruly eyebrows. .<\/p>\n<hr \/>\n","protected":false},"excerpt":{"rendered":"<p>Having a striking look is not only up to your eyes in any way. Other face features contribute in giving you a penetrating, striking and interesting look. Eyelashes, eyelids and eyebrows have an important role to enable you in having an impeccable and stunning appearance. In fact, in recent years, eyebrows have gained major importance [&hellip;]<\/p>\n","protected":false},"author":1,"featured_media":16700,"parent":17824,"menu_order":0,"comment_status":"closed","ping_status":"closed","template":"single-services.php","meta":{"_acf_changed":false,"_joinchat":[],"footnotes":""},"class_list":["post-17667","page","type-page","status-publish","has-post-thumbnail","hentry"],"acf":[],"yoast_head":"<!-- This site is optimized with the Yoast SEO plugin v26.1.1 - https:\/\/yoast.com\/wordpress\/plugins\/seo\/ -->\n<title>Vanitas Espai - Eyebrow design<\/title>\n<meta name=\"robots\" content=\"index, follow, max-snippet:-1, max-image-preview:large, max-video-preview:-1\" \/>\n<link rel=\"canonical\" href=\"https:\/\/vanitasespai.es\/en\/eyelashes-and-eyebrows\/eyebrow-design\/\" \/>\n<meta property=\"og:locale\" content=\"en_US\" \/>\n<meta property=\"og:type\" content=\"article\" \/>\n<meta property=\"og:title\" content=\"Vanitas Espai - Eyebrow design\" \/>\n<meta property=\"og:description\" content=\"Having a striking look is not only up to your eyes in any way. Other face features contribute in giving you a penetrating, striking and interesting look. Eyelashes, eyelids and eyebrows have an important role to enable you in having an impeccable and stunning appearance. In fact, in recent years, eyebrows have gained major importance [&hellip;]\" \/>\n<meta property=\"og:url\" content=\"https:\/\/vanitasespai.es\/en\/eyelashes-and-eyebrows\/eyebrow-design\/\" \/>\n<meta property=\"og:site_name\" content=\"Vanitas Espai\" \/>\n<meta property=\"article:modified_time\" content=\"2026-01-12T11:18:10+00:00\" \/>\n<meta property=\"og:image\" content=\"https:\/\/vanitasespai.es\/wp-content\/uploads\/2016\/11\/vnt-2016-g3.jpg\" \/>\n\t<meta property=\"og:image:width\" content=\"1000\" \/>\n\t<meta property=\"og:image:height\" content=\"660\" \/>\n\t<meta property=\"og:image:type\" content=\"image\/jpeg\" \/>\n<meta name=\"twitter:card\" content=\"summary_large_image\" \/>\n<meta name=\"twitter:label1\" content=\"Est. reading time\" \/>\n\t<meta name=\"twitter:data1\" content=\"3 minutes\" \/>\n<script type=\"application\/ld+json\" class=\"yoast-schema-graph\">{\"@context\":\"https:\/\/schema.org\",\"@graph\":[{\"@type\":\"WebPage\",\"@id\":\"https:\/\/vanitasespai.es\/en\/eyelashes-and-eyebrows\/eyebrow-design\/\",\"url\":\"https:\/\/vanitasespai.es\/en\/eyelashes-and-eyebrows\/eyebrow-design\/\",\"name\":\"Vanitas Espai - Eyebrow design\",\"isPartOf\":{\"@id\":\"https:\/\/vanitasespai.es\/#website\"},\"primaryImageOfPage\":{\"@id\":\"https:\/\/vanitasespai.es\/en\/eyelashes-and-eyebrows\/eyebrow-design\/#primaryimage\"},\"image\":{\"@id\":\"https:\/\/vanitasespai.es\/en\/eyelashes-and-eyebrows\/eyebrow-design\/#primaryimage\"},\"thumbnailUrl\":\"https:\/\/vanitasespai.es\/wp-content\/uploads\/2016\/11\/vnt-2016-g3.jpg\",\"datePublished\":\"2020-07-21T11:49:06+00:00\",\"dateModified\":\"2026-01-12T11:18:10+00:00\",\"breadcrumb\":{\"@id\":\"https:\/\/vanitasespai.es\/en\/eyelashes-and-eyebrows\/eyebrow-design\/#breadcrumb\"},\"inLanguage\":\"en-US\",\"potentialAction\":[{\"@type\":\"ReadAction\",\"target\":[\"https:\/\/vanitasespai.es\/en\/eyelashes-and-eyebrows\/eyebrow-design\/\"]}]},{\"@type\":\"ImageObject\",\"inLanguage\":\"en-US\",\"@id\":\"https:\/\/vanitasespai.es\/en\/eyelashes-and-eyebrows\/eyebrow-design\/#primaryimage\",\"url\":\"https:\/\/vanitasespai.es\/wp-content\/uploads\/2016\/11\/vnt-2016-g3.jpg\",\"contentUrl\":\"https:\/\/vanitasespai.es\/wp-content\/uploads\/2016\/11\/vnt-2016-g3.jpg\",\"width\":1000,\"height\":660},{\"@type\":\"BreadcrumbList\",\"@id\":\"https:\/\/vanitasespai.es\/en\/eyelashes-and-eyebrows\/eyebrow-design\/#breadcrumb\",\"itemListElement\":[{\"@type\":\"ListItem\",\"position\":1,\"name\":\"Home\",\"item\":\"https:\/\/vanitasespai.es\/en\/\"},{\"@type\":\"ListItem\",\"position\":2,\"name\":\"EYELASHES AND EYEBROWS\",\"item\":\"https:\/\/vanitasespai.es\/en\/eyelashes-and-eyebrows\/\"},{\"@type\":\"ListItem\",\"position\":3,\"name\":\"Eyebrow design\"}]},{\"@type\":\"WebSite\",\"@id\":\"https:\/\/vanitasespai.es\/#website\",\"url\":\"https:\/\/vanitasespai.es\/\",\"name\":\"Vanitas Espai\",\"description\":\"Mejor sal\u00f3n de Peluquer\u00eda y Est\u00e9tica de Barcelona\",\"potentialAction\":[{\"@type\":\"SearchAction\",\"target\":{\"@type\":\"EntryPoint\",\"urlTemplate\":\"https:\/\/vanitasespai.es\/?s={search_term_string}\"},\"query-input\":{\"@type\":\"PropertyValueSpecification\",\"valueRequired\":true,\"valueName\":\"search_term_string\"}}],\"inLanguage\":\"en-US\"}]}<\/script>\n<!-- \/ Yoast SEO plugin. -->","yoast_head_json":{"title":"Vanitas Espai - Eyebrow design","robots":{"index":"index","follow":"follow","max-snippet":"max-snippet:-1","max-image-preview":"max-image-preview:large","max-video-preview":"max-video-preview:-1"},"canonical":"https:\/\/vanitasespai.es\/en\/eyelashes-and-eyebrows\/eyebrow-design\/","og_locale":"en_US","og_type":"article","og_title":"Vanitas Espai - Eyebrow design","og_description":"Having a striking look is not only up to your eyes in any way. Other face features contribute in giving you a penetrating, striking and interesting look. Eyelashes, eyelids and eyebrows have an important role to enable you in having an impeccable and stunning appearance. In fact, in recent years, eyebrows have gained major importance [&hellip;]","og_url":"https:\/\/vanitasespai.es\/en\/eyelashes-and-eyebrows\/eyebrow-design\/","og_site_name":"Vanitas Espai","article_modified_time":"2026-01-12T11:18:10+00:00","og_image":[{"width":1000,"height":660,"url":"https:\/\/vanitasespai.es\/wp-content\/uploads\/2016\/11\/vnt-2016-g3.jpg","type":"image\/jpeg"}],"twitter_card":"summary_large_image","twitter_misc":{"Est. reading time":"3 minutes"},"schema":{"@context":"https:\/\/schema.org","@graph":[{"@type":"WebPage","@id":"https:\/\/vanitasespai.es\/en\/eyelashes-and-eyebrows\/eyebrow-design\/","url":"https:\/\/vanitasespai.es\/en\/eyelashes-and-eyebrows\/eyebrow-design\/","name":"Vanitas Espai - Eyebrow design","isPartOf":{"@id":"https:\/\/vanitasespai.es\/#website"},"primaryImageOfPage":{"@id":"https:\/\/vanitasespai.es\/en\/eyelashes-and-eyebrows\/eyebrow-design\/#primaryimage"},"image":{"@id":"https:\/\/vanitasespai.es\/en\/eyelashes-and-eyebrows\/eyebrow-design\/#primaryimage"},"thumbnailUrl":"https:\/\/vanitasespai.es\/wp-content\/uploads\/2016\/11\/vnt-2016-g3.jpg","datePublished":"2020-07-21T11:49:06+00:00","dateModified":"2026-01-12T11:18:10+00:00","breadcrumb":{"@id":"https:\/\/vanitasespai.es\/en\/eyelashes-and-eyebrows\/eyebrow-design\/#breadcrumb"},"inLanguage":"en-US","potentialAction":[{"@type":"ReadAction","target":["https:\/\/vanitasespai.es\/en\/eyelashes-and-eyebrows\/eyebrow-design\/"]}]},{"@type":"ImageObject","inLanguage":"en-US","@id":"https:\/\/vanitasespai.es\/en\/eyelashes-and-eyebrows\/eyebrow-design\/#primaryimage","url":"https:\/\/vanitasespai.es\/wp-content\/uploads\/2016\/11\/vnt-2016-g3.jpg","contentUrl":"https:\/\/vanitasespai.es\/wp-content\/uploads\/2016\/11\/vnt-2016-g3.jpg","width":1000,"height":660},{"@type":"BreadcrumbList","@id":"https:\/\/vanitasespai.es\/en\/eyelashes-and-eyebrows\/eyebrow-design\/#breadcrumb","itemListElement":[{"@type":"ListItem","position":1,"name":"Home","item":"https:\/\/vanitasespai.es\/en\/"},{"@type":"ListItem","position":2,"name":"EYELASHES AND EYEBROWS","item":"https:\/\/vanitasespai.es\/en\/eyelashes-and-eyebrows\/"},{"@type":"ListItem","position":3,"name":"Eyebrow design"}]},{"@type":"WebSite","@id":"https:\/\/vanitasespai.es\/#website","url":"https:\/\/vanitasespai.es\/","name":"Vanitas Espai","description":"Mejor sal\u00f3n de Peluquer\u00eda y Est\u00e9tica de Barcelona","potentialAction":[{"@type":"SearchAction","target":{"@type":"EntryPoint","urlTemplate":"https:\/\/vanitasespai.es\/?s={search_term_string}"},"query-input":{"@type":"PropertyValueSpecification","valueRequired":true,"valueName":"search_term_string"}}],"inLanguage":"en-US"}]}},"_links":{"self":[{"href":"https:\/\/vanitasespai.es\/en\/wp-json\/wp\/v2\/pages\/17667","targetHints":{"allow":["GET"]}}],"collection":[{"href":"https:\/\/vanitasespai.es\/en\/wp-json\/wp\/v2\/pages"}],"about":[{"href":"https:\/\/vanitasespai.es\/en\/wp-json\/wp\/v2\/types\/page"}],"author":[{"embeddable":true,"href":"https:\/\/vanitasespai.es\/en\/wp-json\/wp\/v2\/users\/1"}],"replies":[{"embeddable":true,"href":"https:\/\/vanitasespai.es\/en\/wp-json\/wp\/v2\/comments?post=17667"}],"version-history":[{"count":10,"href":"https:\/\/vanitasespai.es\/en\/wp-json\/wp\/v2\/pages\/17667\/revisions"}],"predecessor-version":[{"id":19799,"href":"https:\/\/vanitasespai.es\/en\/wp-json\/wp\/v2\/pages\/17667\/revisions\/19799"}],"up":[{"embeddable":true,"href":"https:\/\/vanitasespai.es\/en\/wp-json\/wp\/v2\/pages\/17824"}],"wp:featuredmedia":[{"embeddable":true,"href":"https:\/\/vanitasespai.es\/en\/wp-json\/wp\/v2\/media\/16700"}],"wp:attachment":[{"href":"https:\/\/vanitasespai.es\/en\/wp-json\/wp\/v2\/media?parent=17667"}],"curies":[{"name":"wp","href":"https:\/\/api.w.org\/{rel}","templated":true}]}}