{"id":17655,"date":"2020-07-21T13:24:04","date_gmt":"2020-07-21T11:24:04","guid":{"rendered":"https:\/\/vanitasespai.es\/?page_id=17655"},"modified":"2026-01-16T09:32:20","modified_gmt":"2026-01-16T08:32:20","slug":"makeup","status":"publish","type":"page","link":"https:\/\/vanitasespai.es\/en\/hair-salon\/makeup\/","title":{"rendered":"Makeup"},"content":{"rendered":"<p>It might seem that putting on make-up is a simple task, but you will realize that it\u2019s not so when a professional makeup artist does your make up. A good makeup with a nice hairstyle will transform you, making you feel sure of yourself and the protagonist of any event or a social convention that you wish to attend. At Vanitas Espai we can guarantee extraordinary results because we only use very exclusive top makeup, such as Chanel, MakeUp Forever, Bobby Brown, MAC, amongst others.<\/p>\n","protected":false},"excerpt":{"rendered":"<p>It might seem that putting on make-up is a simple task, but you will realize that it\u2019s not so when a professional makeup artist does your make up. A good makeup with a nice hairstyle will transform you, making you feel sure of yourself and the protagonist of any event or a social convention that [&hellip;]<\/p>\n","protected":false},"author":1,"featured_media":17007,"parent":17817,"menu_order":0,"comment_status":"closed","ping_status":"closed","template":"single-services.php","meta":{"_acf_changed":false,"_joinchat":[],"footnotes":""},"class_list":["post-17655","page","type-page","status-publish","has-post-thumbnail","hentry"],"acf":[],"yoast_head":"<!-- This site is optimized with the Yoast SEO plugin v26.1.1 - https:\/\/yoast.com\/wordpress\/plugins\/seo\/ -->\n<title>Vanitas Espai - Makeup<\/title>\n<meta name=\"robots\" content=\"index, follow, max-snippet:-1, max-image-preview:large, max-video-preview:-1\" \/>\n<link rel=\"canonical\" href=\"https:\/\/vanitasespai.es\/en\/hair-salon\/makeup\/\" \/>\n<meta property=\"og:locale\" content=\"en_US\" \/>\n<meta property=\"og:type\" content=\"article\" \/>\n<meta property=\"og:title\" content=\"Vanitas Espai - Makeup\" \/>\n<meta property=\"og:description\" content=\"It might seem that putting on make-up is a simple task, but you will realize that it\u2019s not so when a professional makeup artist does your make up. A good makeup with a nice hairstyle will transform you, making you feel sure of yourself and the protagonist of any event or a social convention that [&hellip;]\" \/>\n<meta property=\"og:url\" content=\"https:\/\/vanitasespai.es\/en\/hair-salon\/makeup\/\" \/>\n<meta property=\"og:site_name\" content=\"Vanitas Espai\" \/>\n<meta property=\"article:modified_time\" content=\"2026-01-16T08:32:20+00:00\" \/>\n<meta property=\"og:image\" content=\"https:\/\/vanitasespai.es\/wp-content\/uploads\/2014\/02\/Fondo-Zona-VIP.jpg\" \/>\n\t<meta property=\"og:image:width\" content=\"1920\" \/>\n\t<meta property=\"og:image:height\" content=\"991\" \/>\n\t<meta property=\"og:image:type\" content=\"image\/jpeg\" \/>\n<meta name=\"twitter:card\" content=\"summary_large_image\" \/>\n<meta name=\"twitter:label1\" content=\"Est. reading time\" \/>\n\t<meta name=\"twitter:data1\" content=\"1 minute\" \/>\n<script type=\"application\/ld+json\" class=\"yoast-schema-graph\">{\"@context\":\"https:\/\/schema.org\",\"@graph\":[{\"@type\":\"WebPage\",\"@id\":\"https:\/\/vanitasespai.es\/en\/hair-salon\/makeup\/\",\"url\":\"https:\/\/vanitasespai.es\/en\/hair-salon\/makeup\/\",\"name\":\"Vanitas Espai - Makeup\",\"isPartOf\":{\"@id\":\"https:\/\/vanitasespai.es\/#website\"},\"primaryImageOfPage\":{\"@id\":\"https:\/\/vanitasespai.es\/en\/hair-salon\/makeup\/#primaryimage\"},\"image\":{\"@id\":\"https:\/\/vanitasespai.es\/en\/hair-salon\/makeup\/#primaryimage\"},\"thumbnailUrl\":\"https:\/\/vanitasespai.es\/wp-content\/uploads\/2014\/02\/Fondo-Zona-VIP.jpg\",\"datePublished\":\"2020-07-21T11:24:04+00:00\",\"dateModified\":\"2026-01-16T08:32:20+00:00\",\"breadcrumb\":{\"@id\":\"https:\/\/vanitasespai.es\/en\/hair-salon\/makeup\/#breadcrumb\"},\"inLanguage\":\"en-US\",\"potentialAction\":[{\"@type\":\"ReadAction\",\"target\":[\"https:\/\/vanitasespai.es\/en\/hair-salon\/makeup\/\"]}]},{\"@type\":\"ImageObject\",\"inLanguage\":\"en-US\",\"@id\":\"https:\/\/vanitasespai.es\/en\/hair-salon\/makeup\/#primaryimage\",\"url\":\"https:\/\/vanitasespai.es\/wp-content\/uploads\/2014\/02\/Fondo-Zona-VIP.jpg\",\"contentUrl\":\"https:\/\/vanitasespai.es\/wp-content\/uploads\/2014\/02\/Fondo-Zona-VIP.jpg\",\"width\":1920,\"height\":991},{\"@type\":\"BreadcrumbList\",\"@id\":\"https:\/\/vanitasespai.es\/en\/hair-salon\/makeup\/#breadcrumb\",\"itemListElement\":[{\"@type\":\"ListItem\",\"position\":1,\"name\":\"Home\",\"item\":\"https:\/\/vanitasespai.es\/en\/\"},{\"@type\":\"ListItem\",\"position\":2,\"name\":\"Hair salon\",\"item\":\"https:\/\/vanitasespai.es\/en\/hair-salon\/\"},{\"@type\":\"ListItem\",\"position\":3,\"name\":\"Makeup\"}]},{\"@type\":\"WebSite\",\"@id\":\"https:\/\/vanitasespai.es\/#website\",\"url\":\"https:\/\/vanitasespai.es\/\",\"name\":\"Vanitas Espai\",\"description\":\"Mejor sal\u00f3n de Peluquer\u00eda y Est\u00e9tica de Barcelona\",\"potentialAction\":[{\"@type\":\"SearchAction\",\"target\":{\"@type\":\"EntryPoint\",\"urlTemplate\":\"https:\/\/vanitasespai.es\/?s={search_term_string}\"},\"query-input\":{\"@type\":\"PropertyValueSpecification\",\"valueRequired\":true,\"valueName\":\"search_term_string\"}}],\"inLanguage\":\"en-US\"}]}<\/script>\n<!-- \/ Yoast SEO plugin. -->","yoast_head_json":{"title":"Vanitas Espai - Makeup","robots":{"index":"index","follow":"follow","max-snippet":"max-snippet:-1","max-image-preview":"max-image-preview:large","max-video-preview":"max-video-preview:-1"},"canonical":"https:\/\/vanitasespai.es\/en\/hair-salon\/makeup\/","og_locale":"en_US","og_type":"article","og_title":"Vanitas Espai - Makeup","og_description":"It might seem that putting on make-up is a simple task, but you will realize that it\u2019s not so when a professional makeup artist does your make up. A good makeup with a nice hairstyle will transform you, making you feel sure of yourself and the protagonist of any event or a social convention that [&hellip;]","og_url":"https:\/\/vanitasespai.es\/en\/hair-salon\/makeup\/","og_site_name":"Vanitas Espai","article_modified_time":"2026-01-16T08:32:20+00:00","og_image":[{"width":1920,"height":991,"url":"https:\/\/vanitasespai.es\/wp-content\/uploads\/2014\/02\/Fondo-Zona-VIP.jpg","type":"image\/jpeg"}],"twitter_card":"summary_large_image","twitter_misc":{"Est. reading time":"1 minute"},"schema":{"@context":"https:\/\/schema.org","@graph":[{"@type":"WebPage","@id":"https:\/\/vanitasespai.es\/en\/hair-salon\/makeup\/","url":"https:\/\/vanitasespai.es\/en\/hair-salon\/makeup\/","name":"Vanitas Espai - Makeup","isPartOf":{"@id":"https:\/\/vanitasespai.es\/#website"},"primaryImageOfPage":{"@id":"https:\/\/vanitasespai.es\/en\/hair-salon\/makeup\/#primaryimage"},"image":{"@id":"https:\/\/vanitasespai.es\/en\/hair-salon\/makeup\/#primaryimage"},"thumbnailUrl":"https:\/\/vanitasespai.es\/wp-content\/uploads\/2014\/02\/Fondo-Zona-VIP.jpg","datePublished":"2020-07-21T11:24:04+00:00","dateModified":"2026-01-16T08:32:20+00:00","breadcrumb":{"@id":"https:\/\/vanitasespai.es\/en\/hair-salon\/makeup\/#breadcrumb"},"inLanguage":"en-US","potentialAction":[{"@type":"ReadAction","target":["https:\/\/vanitasespai.es\/en\/hair-salon\/makeup\/"]}]},{"@type":"ImageObject","inLanguage":"en-US","@id":"https:\/\/vanitasespai.es\/en\/hair-salon\/makeup\/#primaryimage","url":"https:\/\/vanitasespai.es\/wp-content\/uploads\/2014\/02\/Fondo-Zona-VIP.jpg","contentUrl":"https:\/\/vanitasespai.es\/wp-content\/uploads\/2014\/02\/Fondo-Zona-VIP.jpg","width":1920,"height":991},{"@type":"BreadcrumbList","@id":"https:\/\/vanitasespai.es\/en\/hair-salon\/makeup\/#breadcrumb","itemListElement":[{"@type":"ListItem","position":1,"name":"Home","item":"https:\/\/vanitasespai.es\/en\/"},{"@type":"ListItem","position":2,"name":"Hair salon","item":"https:\/\/vanitasespai.es\/en\/hair-salon\/"},{"@type":"ListItem","position":3,"name":"Makeup"}]},{"@type":"WebSite","@id":"https:\/\/vanitasespai.es\/#website","url":"https:\/\/vanitasespai.es\/","name":"Vanitas Espai","description":"Mejor sal\u00f3n de Peluquer\u00eda y Est\u00e9tica de Barcelona","potentialAction":[{"@type":"SearchAction","target":{"@type":"EntryPoint","urlTemplate":"https:\/\/vanitasespai.es\/?s={search_term_string}"},"query-input":{"@type":"PropertyValueSpecification","valueRequired":true,"valueName":"search_term_string"}}],"inLanguage":"en-US"}]}},"_links":{"self":[{"href":"https:\/\/vanitasespai.es\/en\/wp-json\/wp\/v2\/pages\/17655","targetHints":{"allow":["GET"]}}],"collection":[{"href":"https:\/\/vanitasespai.es\/en\/wp-json\/wp\/v2\/pages"}],"about":[{"href":"https:\/\/vanitasespai.es\/en\/wp-json\/wp\/v2\/types\/page"}],"author":[{"embeddable":true,"href":"https:\/\/vanitasespai.es\/en\/wp-json\/wp\/v2\/users\/1"}],"replies":[{"embeddable":true,"href":"https:\/\/vanitasespai.es\/en\/wp-json\/wp\/v2\/comments?post=17655"}],"version-history":[{"count":7,"href":"https:\/\/vanitasespai.es\/en\/wp-json\/wp\/v2\/pages\/17655\/revisions"}],"predecessor-version":[{"id":19832,"href":"https:\/\/vanitasespai.es\/en\/wp-json\/wp\/v2\/pages\/17655\/revisions\/19832"}],"up":[{"embeddable":true,"href":"https:\/\/vanitasespai.es\/en\/wp-json\/wp\/v2\/pages\/17817"}],"wp:featuredmedia":[{"embeddable":true,"href":"https:\/\/vanitasespai.es\/en\/wp-json\/wp\/v2\/media\/17007"}],"wp:attachment":[{"href":"https:\/\/vanitasespai.es\/en\/wp-json\/wp\/v2\/media?parent=17655"}],"curies":[{"name":"wp","href":"https:\/\/api.w.org\/{rel}","templated":true}]}}