{"id":17642,"date":"2020-07-21T13:04:41","date_gmt":"2020-07-21T11:04:41","guid":{"rendered":"https:\/\/vanitasespai.es\/?page_id=17642"},"modified":"2020-07-21T13:04:41","modified_gmt":"2020-07-21T11:04:41","slug":"updos-ans-semi-updos","status":"publish","type":"page","link":"https:\/\/vanitasespai.es\/en\/hair-salon\/updos-ans-semi-updos\/","title":{"rendered":"Updos ans semi updos"},"content":{"rendered":"<h2>AN ELEGANT, DARING, CLASSIC, INNOVATIVE OPTION&#8230;<\/h2>\n<p>There are many types of updos and semi updos that you can make use of for any special event: a wedding, a communion, a hen party, family gatherings or any other occasions. Consult our stylists to advise you which updos or semi updos hairstyles best suit you and make you into the protagonist of any event.<\/p>\n","protected":false},"excerpt":{"rendered":"<p>AN ELEGANT, DARING, CLASSIC, INNOVATIVE OPTION&#8230; There are many types of updos and semi updos that you can make use of for any special event: a wedding, a communion, a hen party, family gatherings or any other occasions. Consult our stylists to advise you which updos or semi updos hairstyles best suit you and make [&hellip;]<\/p>\n","protected":false},"author":1,"featured_media":17005,"parent":17817,"menu_order":0,"comment_status":"closed","ping_status":"closed","template":"single-services.php","meta":{"_acf_changed":false,"_joinchat":[],"footnotes":""},"class_list":["post-17642","page","type-page","status-publish","has-post-thumbnail","hentry"],"acf":[],"yoast_head":"<!-- This site is optimized with the Yoast SEO plugin v26.1.1 - https:\/\/yoast.com\/wordpress\/plugins\/seo\/ -->\n<title>Vanitas Espai - Updos ans semi updos<\/title>\n<meta name=\"robots\" content=\"index, follow, max-snippet:-1, max-image-preview:large, max-video-preview:-1\" \/>\n<link rel=\"canonical\" href=\"https:\/\/vanitasespai.es\/en\/hair-salon\/updos-ans-semi-updos\/\" \/>\n<meta property=\"og:locale\" content=\"en_US\" \/>\n<meta property=\"og:type\" content=\"article\" \/>\n<meta property=\"og:title\" content=\"Vanitas Espai - Updos ans semi updos\" \/>\n<meta property=\"og:description\" content=\"AN ELEGANT, DARING, CLASSIC, INNOVATIVE OPTION&#8230; There are many types of updos and semi updos that you can make use of for any special event: a wedding, a communion, a hen party, family gatherings or any other occasions. Consult our stylists to advise you which updos or semi updos hairstyles best suit you and make [&hellip;]\" \/>\n<meta property=\"og:url\" content=\"https:\/\/vanitasespai.es\/en\/hair-salon\/updos-ans-semi-updos\/\" \/>\n<meta property=\"og:site_name\" content=\"Vanitas Espai\" \/>\n<meta property=\"og:image\" content=\"https:\/\/vanitasespai.es\/wp-content\/uploads\/2011\/10\/Fondo-Zona-Relax-Lavacabezas.jpg\" \/>\n\t<meta property=\"og:image:width\" content=\"1920\" \/>\n\t<meta property=\"og:image:height\" content=\"991\" \/>\n\t<meta property=\"og:image:type\" content=\"image\/jpeg\" \/>\n<meta name=\"twitter:card\" content=\"summary_large_image\" \/>\n<script type=\"application\/ld+json\" class=\"yoast-schema-graph\">{\"@context\":\"https:\/\/schema.org\",\"@graph\":[{\"@type\":\"WebPage\",\"@id\":\"https:\/\/vanitasespai.es\/en\/hair-salon\/updos-ans-semi-updos\/\",\"url\":\"https:\/\/vanitasespai.es\/en\/hair-salon\/updos-ans-semi-updos\/\",\"name\":\"Vanitas Espai - Updos ans semi updos\",\"isPartOf\":{\"@id\":\"https:\/\/vanitasespai.es\/#website\"},\"primaryImageOfPage\":{\"@id\":\"https:\/\/vanitasespai.es\/en\/hair-salon\/updos-ans-semi-updos\/#primaryimage\"},\"image\":{\"@id\":\"https:\/\/vanitasespai.es\/en\/hair-salon\/updos-ans-semi-updos\/#primaryimage\"},\"thumbnailUrl\":\"https:\/\/vanitasespai.es\/wp-content\/uploads\/2011\/10\/Fondo-Zona-Relax-Lavacabezas.jpg\",\"datePublished\":\"2020-07-21T11:04:41+00:00\",\"breadcrumb\":{\"@id\":\"https:\/\/vanitasespai.es\/en\/hair-salon\/updos-ans-semi-updos\/#breadcrumb\"},\"inLanguage\":\"en-US\",\"potentialAction\":[{\"@type\":\"ReadAction\",\"target\":[\"https:\/\/vanitasespai.es\/en\/hair-salon\/updos-ans-semi-updos\/\"]}]},{\"@type\":\"ImageObject\",\"inLanguage\":\"en-US\",\"@id\":\"https:\/\/vanitasespai.es\/en\/hair-salon\/updos-ans-semi-updos\/#primaryimage\",\"url\":\"https:\/\/vanitasespai.es\/wp-content\/uploads\/2011\/10\/Fondo-Zona-Relax-Lavacabezas.jpg\",\"contentUrl\":\"https:\/\/vanitasespai.es\/wp-content\/uploads\/2011\/10\/Fondo-Zona-Relax-Lavacabezas.jpg\",\"width\":1920,\"height\":991},{\"@type\":\"BreadcrumbList\",\"@id\":\"https:\/\/vanitasespai.es\/en\/hair-salon\/updos-ans-semi-updos\/#breadcrumb\",\"itemListElement\":[{\"@type\":\"ListItem\",\"position\":1,\"name\":\"Home\",\"item\":\"https:\/\/vanitasespai.es\/en\/\"},{\"@type\":\"ListItem\",\"position\":2,\"name\":\"Hair salon\",\"item\":\"https:\/\/vanitasespai.es\/en\/hair-salon\/\"},{\"@type\":\"ListItem\",\"position\":3,\"name\":\"Updos ans semi updos\"}]},{\"@type\":\"WebSite\",\"@id\":\"https:\/\/vanitasespai.es\/#website\",\"url\":\"https:\/\/vanitasespai.es\/\",\"name\":\"Vanitas Espai\",\"description\":\"Mejor sal\u00f3n de Peluquer\u00eda y Est\u00e9tica de Barcelona\",\"potentialAction\":[{\"@type\":\"SearchAction\",\"target\":{\"@type\":\"EntryPoint\",\"urlTemplate\":\"https:\/\/vanitasespai.es\/?s={search_term_string}\"},\"query-input\":{\"@type\":\"PropertyValueSpecification\",\"valueRequired\":true,\"valueName\":\"search_term_string\"}}],\"inLanguage\":\"en-US\"}]}<\/script>\n<!-- \/ Yoast SEO plugin. -->","yoast_head_json":{"title":"Vanitas Espai - Updos ans semi updos","robots":{"index":"index","follow":"follow","max-snippet":"max-snippet:-1","max-image-preview":"max-image-preview:large","max-video-preview":"max-video-preview:-1"},"canonical":"https:\/\/vanitasespai.es\/en\/hair-salon\/updos-ans-semi-updos\/","og_locale":"en_US","og_type":"article","og_title":"Vanitas Espai - Updos ans semi updos","og_description":"AN ELEGANT, DARING, CLASSIC, INNOVATIVE OPTION&#8230; There are many types of updos and semi updos that you can make use of for any special event: a wedding, a communion, a hen party, family gatherings or any other occasions. Consult our stylists to advise you which updos or semi updos hairstyles best suit you and make [&hellip;]","og_url":"https:\/\/vanitasespai.es\/en\/hair-salon\/updos-ans-semi-updos\/","og_site_name":"Vanitas Espai","og_image":[{"width":1920,"height":991,"url":"https:\/\/vanitasespai.es\/wp-content\/uploads\/2011\/10\/Fondo-Zona-Relax-Lavacabezas.jpg","type":"image\/jpeg"}],"twitter_card":"summary_large_image","schema":{"@context":"https:\/\/schema.org","@graph":[{"@type":"WebPage","@id":"https:\/\/vanitasespai.es\/en\/hair-salon\/updos-ans-semi-updos\/","url":"https:\/\/vanitasespai.es\/en\/hair-salon\/updos-ans-semi-updos\/","name":"Vanitas Espai - Updos ans semi updos","isPartOf":{"@id":"https:\/\/vanitasespai.es\/#website"},"primaryImageOfPage":{"@id":"https:\/\/vanitasespai.es\/en\/hair-salon\/updos-ans-semi-updos\/#primaryimage"},"image":{"@id":"https:\/\/vanitasespai.es\/en\/hair-salon\/updos-ans-semi-updos\/#primaryimage"},"thumbnailUrl":"https:\/\/vanitasespai.es\/wp-content\/uploads\/2011\/10\/Fondo-Zona-Relax-Lavacabezas.jpg","datePublished":"2020-07-21T11:04:41+00:00","breadcrumb":{"@id":"https:\/\/vanitasespai.es\/en\/hair-salon\/updos-ans-semi-updos\/#breadcrumb"},"inLanguage":"en-US","potentialAction":[{"@type":"ReadAction","target":["https:\/\/vanitasespai.es\/en\/hair-salon\/updos-ans-semi-updos\/"]}]},{"@type":"ImageObject","inLanguage":"en-US","@id":"https:\/\/vanitasespai.es\/en\/hair-salon\/updos-ans-semi-updos\/#primaryimage","url":"https:\/\/vanitasespai.es\/wp-content\/uploads\/2011\/10\/Fondo-Zona-Relax-Lavacabezas.jpg","contentUrl":"https:\/\/vanitasespai.es\/wp-content\/uploads\/2011\/10\/Fondo-Zona-Relax-Lavacabezas.jpg","width":1920,"height":991},{"@type":"BreadcrumbList","@id":"https:\/\/vanitasespai.es\/en\/hair-salon\/updos-ans-semi-updos\/#breadcrumb","itemListElement":[{"@type":"ListItem","position":1,"name":"Home","item":"https:\/\/vanitasespai.es\/en\/"},{"@type":"ListItem","position":2,"name":"Hair salon","item":"https:\/\/vanitasespai.es\/en\/hair-salon\/"},{"@type":"ListItem","position":3,"name":"Updos ans semi updos"}]},{"@type":"WebSite","@id":"https:\/\/vanitasespai.es\/#website","url":"https:\/\/vanitasespai.es\/","name":"Vanitas Espai","description":"Mejor sal\u00f3n de Peluquer\u00eda y Est\u00e9tica de Barcelona","potentialAction":[{"@type":"SearchAction","target":{"@type":"EntryPoint","urlTemplate":"https:\/\/vanitasespai.es\/?s={search_term_string}"},"query-input":{"@type":"PropertyValueSpecification","valueRequired":true,"valueName":"search_term_string"}}],"inLanguage":"en-US"}]}},"_links":{"self":[{"href":"https:\/\/vanitasespai.es\/en\/wp-json\/wp\/v2\/pages\/17642","targetHints":{"allow":["GET"]}}],"collection":[{"href":"https:\/\/vanitasespai.es\/en\/wp-json\/wp\/v2\/pages"}],"about":[{"href":"https:\/\/vanitasespai.es\/en\/wp-json\/wp\/v2\/types\/page"}],"author":[{"embeddable":true,"href":"https:\/\/vanitasespai.es\/en\/wp-json\/wp\/v2\/users\/1"}],"replies":[{"embeddable":true,"href":"https:\/\/vanitasespai.es\/en\/wp-json\/wp\/v2\/comments?post=17642"}],"version-history":[{"count":3,"href":"https:\/\/vanitasespai.es\/en\/wp-json\/wp\/v2\/pages\/17642\/revisions"}],"predecessor-version":[{"id":17959,"href":"https:\/\/vanitasespai.es\/en\/wp-json\/wp\/v2\/pages\/17642\/revisions\/17959"}],"up":[{"embeddable":true,"href":"https:\/\/vanitasespai.es\/en\/wp-json\/wp\/v2\/pages\/17817"}],"wp:featuredmedia":[{"embeddable":true,"href":"https:\/\/vanitasespai.es\/en\/wp-json\/wp\/v2\/media\/17005"}],"wp:attachment":[{"href":"https:\/\/vanitasespai.es\/en\/wp-json\/wp\/v2\/media?parent=17642"}],"curies":[{"name":"wp","href":"https:\/\/api.w.org\/{rel}","templated":true}]}}