{"id":17637,"date":"2020-07-21T13:01:26","date_gmt":"2020-07-21T11:01:26","guid":{"rendered":"https:\/\/vanitasespai.es\/?page_id=17637"},"modified":"2024-01-10T12:12:37","modified_gmt":"2024-01-10T11:12:37","slug":"highlights","status":"publish","type":"page","link":"https:\/\/vanitasespai.es\/en\/hair-salon\/highlights\/","title":{"rendered":"Highlights"},"content":{"rendered":"<p>Highlights\/Soft Highlights can be a <strong>perfect alternative to cover up grey hair or to change your look without having to touch up your colour every month,<\/strong> lightening or darkening the hair according to the desired effect.<\/p>\n<p>Highlights\/Soft Highlights <strong>can damage hair and can result in an undesired tone if not done by expert stylists,<\/strong> that\u2019s why we advice you to come by your Vanitas Espai salon in Barcelona and allow yourself to be looked after with exquisitely performance, class and indulgence so that you obtain the results that you were looking for. .<\/p>\n<hr \/>\n","protected":false},"excerpt":{"rendered":"<p>Highlights\/Soft Highlights can be a perfect alternative to cover up grey hair or to change your look without having to touch up your colour every month, lightening or darkening the hair according to the desired effect. Highlights\/Soft Highlights can damage hair and can result in an undesired tone if not done by expert stylists, that\u2019s [&hellip;]<\/p>\n","protected":false},"author":1,"featured_media":17003,"parent":17817,"menu_order":0,"comment_status":"closed","ping_status":"closed","template":"single-services.php","meta":{"_acf_changed":false,"_joinchat":[],"footnotes":""},"class_list":["post-17637","page","type-page","status-publish","has-post-thumbnail","hentry"],"acf":[],"yoast_head":"<!-- This site is optimized with the Yoast SEO plugin v26.1.1 - https:\/\/yoast.com\/wordpress\/plugins\/seo\/ -->\n<title>Vanitas Espai - Highlights<\/title>\n<meta name=\"robots\" content=\"index, follow, max-snippet:-1, max-image-preview:large, max-video-preview:-1\" \/>\n<link rel=\"canonical\" href=\"https:\/\/vanitasespai.es\/en\/hair-salon\/highlights\/\" \/>\n<meta property=\"og:locale\" content=\"en_US\" \/>\n<meta property=\"og:type\" content=\"article\" \/>\n<meta property=\"og:title\" content=\"Vanitas Espai - Highlights\" \/>\n<meta property=\"og:description\" content=\"Highlights\/Soft Highlights can be a perfect alternative to cover up grey hair or to change your look without having to touch up your colour every month, lightening or darkening the hair according to the desired effect. Highlights\/Soft Highlights can damage hair and can result in an undesired tone if not done by expert stylists, that\u2019s [&hellip;]\" \/>\n<meta property=\"og:url\" content=\"https:\/\/vanitasespai.es\/en\/hair-salon\/highlights\/\" \/>\n<meta property=\"og:site_name\" content=\"Vanitas Espai\" \/>\n<meta property=\"article:modified_time\" content=\"2024-01-10T11:12:37+00:00\" \/>\n<meta property=\"og:image\" content=\"https:\/\/vanitasespai.es\/wp-content\/uploads\/2014\/02\/Fondo-Zona-Peluqueria-Color.jpg\" \/>\n\t<meta property=\"og:image:width\" content=\"1920\" \/>\n\t<meta property=\"og:image:height\" content=\"991\" \/>\n\t<meta property=\"og:image:type\" content=\"image\/jpeg\" \/>\n<meta name=\"twitter:card\" content=\"summary_large_image\" \/>\n<meta name=\"twitter:label1\" content=\"Est. reading time\" \/>\n\t<meta name=\"twitter:data1\" content=\"1 minute\" \/>\n<script type=\"application\/ld+json\" class=\"yoast-schema-graph\">{\"@context\":\"https:\/\/schema.org\",\"@graph\":[{\"@type\":\"WebPage\",\"@id\":\"https:\/\/vanitasespai.es\/en\/hair-salon\/highlights\/\",\"url\":\"https:\/\/vanitasespai.es\/en\/hair-salon\/highlights\/\",\"name\":\"Vanitas Espai - Highlights\",\"isPartOf\":{\"@id\":\"https:\/\/vanitasespai.es\/#website\"},\"primaryImageOfPage\":{\"@id\":\"https:\/\/vanitasespai.es\/en\/hair-salon\/highlights\/#primaryimage\"},\"image\":{\"@id\":\"https:\/\/vanitasespai.es\/en\/hair-salon\/highlights\/#primaryimage\"},\"thumbnailUrl\":\"https:\/\/vanitasespai.es\/wp-content\/uploads\/2014\/02\/Fondo-Zona-Peluqueria-Color.jpg\",\"datePublished\":\"2020-07-21T11:01:26+00:00\",\"dateModified\":\"2024-01-10T11:12:37+00:00\",\"breadcrumb\":{\"@id\":\"https:\/\/vanitasespai.es\/en\/hair-salon\/highlights\/#breadcrumb\"},\"inLanguage\":\"en-US\",\"potentialAction\":[{\"@type\":\"ReadAction\",\"target\":[\"https:\/\/vanitasespai.es\/en\/hair-salon\/highlights\/\"]}]},{\"@type\":\"ImageObject\",\"inLanguage\":\"en-US\",\"@id\":\"https:\/\/vanitasespai.es\/en\/hair-salon\/highlights\/#primaryimage\",\"url\":\"https:\/\/vanitasespai.es\/wp-content\/uploads\/2014\/02\/Fondo-Zona-Peluqueria-Color.jpg\",\"contentUrl\":\"https:\/\/vanitasespai.es\/wp-content\/uploads\/2014\/02\/Fondo-Zona-Peluqueria-Color.jpg\",\"width\":1920,\"height\":991},{\"@type\":\"BreadcrumbList\",\"@id\":\"https:\/\/vanitasespai.es\/en\/hair-salon\/highlights\/#breadcrumb\",\"itemListElement\":[{\"@type\":\"ListItem\",\"position\":1,\"name\":\"Home\",\"item\":\"https:\/\/vanitasespai.es\/en\/\"},{\"@type\":\"ListItem\",\"position\":2,\"name\":\"Hair salon\",\"item\":\"https:\/\/vanitasespai.es\/en\/hair-salon\/\"},{\"@type\":\"ListItem\",\"position\":3,\"name\":\"Highlights\"}]},{\"@type\":\"WebSite\",\"@id\":\"https:\/\/vanitasespai.es\/#website\",\"url\":\"https:\/\/vanitasespai.es\/\",\"name\":\"Vanitas Espai\",\"description\":\"Mejor sal\u00f3n de Peluquer\u00eda y Est\u00e9tica de Barcelona\",\"potentialAction\":[{\"@type\":\"SearchAction\",\"target\":{\"@type\":\"EntryPoint\",\"urlTemplate\":\"https:\/\/vanitasespai.es\/?s={search_term_string}\"},\"query-input\":{\"@type\":\"PropertyValueSpecification\",\"valueRequired\":true,\"valueName\":\"search_term_string\"}}],\"inLanguage\":\"en-US\"}]}<\/script>\n<!-- \/ Yoast SEO plugin. -->","yoast_head_json":{"title":"Vanitas Espai - Highlights","robots":{"index":"index","follow":"follow","max-snippet":"max-snippet:-1","max-image-preview":"max-image-preview:large","max-video-preview":"max-video-preview:-1"},"canonical":"https:\/\/vanitasespai.es\/en\/hair-salon\/highlights\/","og_locale":"en_US","og_type":"article","og_title":"Vanitas Espai - Highlights","og_description":"Highlights\/Soft Highlights can be a perfect alternative to cover up grey hair or to change your look without having to touch up your colour every month, lightening or darkening the hair according to the desired effect. Highlights\/Soft Highlights can damage hair and can result in an undesired tone if not done by expert stylists, that\u2019s [&hellip;]","og_url":"https:\/\/vanitasespai.es\/en\/hair-salon\/highlights\/","og_site_name":"Vanitas Espai","article_modified_time":"2024-01-10T11:12:37+00:00","og_image":[{"width":1920,"height":991,"url":"https:\/\/vanitasespai.es\/wp-content\/uploads\/2014\/02\/Fondo-Zona-Peluqueria-Color.jpg","type":"image\/jpeg"}],"twitter_card":"summary_large_image","twitter_misc":{"Est. reading time":"1 minute"},"schema":{"@context":"https:\/\/schema.org","@graph":[{"@type":"WebPage","@id":"https:\/\/vanitasespai.es\/en\/hair-salon\/highlights\/","url":"https:\/\/vanitasespai.es\/en\/hair-salon\/highlights\/","name":"Vanitas Espai - Highlights","isPartOf":{"@id":"https:\/\/vanitasespai.es\/#website"},"primaryImageOfPage":{"@id":"https:\/\/vanitasespai.es\/en\/hair-salon\/highlights\/#primaryimage"},"image":{"@id":"https:\/\/vanitasespai.es\/en\/hair-salon\/highlights\/#primaryimage"},"thumbnailUrl":"https:\/\/vanitasespai.es\/wp-content\/uploads\/2014\/02\/Fondo-Zona-Peluqueria-Color.jpg","datePublished":"2020-07-21T11:01:26+00:00","dateModified":"2024-01-10T11:12:37+00:00","breadcrumb":{"@id":"https:\/\/vanitasespai.es\/en\/hair-salon\/highlights\/#breadcrumb"},"inLanguage":"en-US","potentialAction":[{"@type":"ReadAction","target":["https:\/\/vanitasespai.es\/en\/hair-salon\/highlights\/"]}]},{"@type":"ImageObject","inLanguage":"en-US","@id":"https:\/\/vanitasespai.es\/en\/hair-salon\/highlights\/#primaryimage","url":"https:\/\/vanitasespai.es\/wp-content\/uploads\/2014\/02\/Fondo-Zona-Peluqueria-Color.jpg","contentUrl":"https:\/\/vanitasespai.es\/wp-content\/uploads\/2014\/02\/Fondo-Zona-Peluqueria-Color.jpg","width":1920,"height":991},{"@type":"BreadcrumbList","@id":"https:\/\/vanitasespai.es\/en\/hair-salon\/highlights\/#breadcrumb","itemListElement":[{"@type":"ListItem","position":1,"name":"Home","item":"https:\/\/vanitasespai.es\/en\/"},{"@type":"ListItem","position":2,"name":"Hair salon","item":"https:\/\/vanitasespai.es\/en\/hair-salon\/"},{"@type":"ListItem","position":3,"name":"Highlights"}]},{"@type":"WebSite","@id":"https:\/\/vanitasespai.es\/#website","url":"https:\/\/vanitasespai.es\/","name":"Vanitas Espai","description":"Mejor sal\u00f3n de Peluquer\u00eda y Est\u00e9tica de Barcelona","potentialAction":[{"@type":"SearchAction","target":{"@type":"EntryPoint","urlTemplate":"https:\/\/vanitasespai.es\/?s={search_term_string}"},"query-input":{"@type":"PropertyValueSpecification","valueRequired":true,"valueName":"search_term_string"}}],"inLanguage":"en-US"}]}},"_links":{"self":[{"href":"https:\/\/vanitasespai.es\/en\/wp-json\/wp\/v2\/pages\/17637","targetHints":{"allow":["GET"]}}],"collection":[{"href":"https:\/\/vanitasespai.es\/en\/wp-json\/wp\/v2\/pages"}],"about":[{"href":"https:\/\/vanitasespai.es\/en\/wp-json\/wp\/v2\/types\/page"}],"author":[{"embeddable":true,"href":"https:\/\/vanitasespai.es\/en\/wp-json\/wp\/v2\/users\/1"}],"replies":[{"embeddable":true,"href":"https:\/\/vanitasespai.es\/en\/wp-json\/wp\/v2\/comments?post=17637"}],"version-history":[{"count":5,"href":"https:\/\/vanitasespai.es\/en\/wp-json\/wp\/v2\/pages\/17637\/revisions"}],"predecessor-version":[{"id":18942,"href":"https:\/\/vanitasespai.es\/en\/wp-json\/wp\/v2\/pages\/17637\/revisions\/18942"}],"up":[{"embeddable":true,"href":"https:\/\/vanitasespai.es\/en\/wp-json\/wp\/v2\/pages\/17817"}],"wp:featuredmedia":[{"embeddable":true,"href":"https:\/\/vanitasespai.es\/en\/wp-json\/wp\/v2\/media\/17003"}],"wp:attachment":[{"href":"https:\/\/vanitasespai.es\/en\/wp-json\/wp\/v2\/media?parent=17637"}],"curies":[{"name":"wp","href":"https:\/\/api.w.org\/{rel}","templated":true}]}}