{"id":19510,"date":"2025-10-08T12:14:14","date_gmt":"2025-10-08T10:14:14","guid":{"rendered":"https:\/\/vanitasespai.es\/?page_id=19510"},"modified":"2025-10-08T12:14:50","modified_gmt":"2025-10-08T10:14:50","slug":"ungles","status":"publish","type":"page","link":"https:\/\/vanitasespai.es\/ca\/ungles\/","title":{"rendered":"Ungles"},"content":{"rendered":"<p>Les mans s\u00f3n una de les parts del cos m\u00e9s exposades. Di\u00e0riament, ens veiem obligats a passejar-les per tot arreu, a mostrar-les al lloc on treballem, a fer-les servir per a tot tipus de menesters. S\u00f3n una de les parts m\u00e9s importants de la nostra comunicaci\u00f3 no verbal. Com \u00e9s l\u00f2gic, una imatge cuidada mai no est\u00e0 completa sense una manicura o pedicura professionals i al dia.<\/p>\n<p>Hi ha una infinitat de colors, nous acabats d\u00b4esmaltat com l\u00b4innovador Shellac, i solucions per a les ungles m\u00e9s febles. \u00c9s impossible no fixar-se en unes ungles cuidades, amb forma i ben pintades. Amb totes les opcions disponibles a Vanitas Espai ja no tens excuses, vine a fer a manicura i la pedicura.<\/p>\n","protected":false},"excerpt":{"rendered":"<p>Les mans s\u00f3n una de les parts del cos m\u00e9s exposades. Di\u00e0riament, ens veiem obligats a passejar-les per tot arreu, a mostrar-les al lloc on treballem, a fer-les servir per a tot tipus de menesters. S\u00f3n una de les parts m\u00e9s importants de la nostra comunicaci\u00f3 no verbal. Com \u00e9s l\u00f2gic, una imatge cuidada mai [&hellip;]<\/p>\n","protected":false},"author":1,"featured_media":19489,"parent":0,"menu_order":0,"comment_status":"closed","ping_status":"closed","template":"home-services.php","meta":{"_acf_changed":false,"_joinchat":[],"footnotes":""},"class_list":["post-19510","page","type-page","status-publish","has-post-thumbnail","hentry"],"acf":[],"yoast_head":"<!-- This site is optimized with the Yoast SEO plugin v26.1.1 - https:\/\/yoast.com\/wordpress\/plugins\/seo\/ -->\n<title>Vanitas Espai - Ungles<\/title>\n<meta name=\"robots\" content=\"index, follow, max-snippet:-1, max-image-preview:large, max-video-preview:-1\" \/>\n<link rel=\"canonical\" href=\"https:\/\/vanitasespai.es\/ca\/ungles\/\" \/>\n<meta property=\"og:locale\" content=\"ca_ES\" \/>\n<meta property=\"og:type\" content=\"article\" \/>\n<meta property=\"og:title\" content=\"Vanitas Espai - Ungles\" \/>\n<meta property=\"og:description\" content=\"Les mans s\u00f3n una de les parts del cos m\u00e9s exposades. Di\u00e0riament, ens veiem obligats a passejar-les per tot arreu, a mostrar-les al lloc on treballem, a fer-les servir per a tot tipus de menesters. S\u00f3n una de les parts m\u00e9s importants de la nostra comunicaci\u00f3 no verbal. Com \u00e9s l\u00f2gic, una imatge cuidada mai [&hellip;]\" \/>\n<meta property=\"og:url\" content=\"https:\/\/vanitasespai.es\/ca\/ungles\/\" \/>\n<meta property=\"og:site_name\" content=\"Vanitas Espai\" \/>\n<meta property=\"article:modified_time\" content=\"2025-10-08T10:14:50+00:00\" \/>\n<meta property=\"og:image\" content=\"https:\/\/vanitasespai.es\/wp-content\/uploads\/2013\/01\/Fondo-Zona-Manicura-Spa.jpg\" \/>\n\t<meta property=\"og:image:width\" content=\"1920\" \/>\n\t<meta property=\"og:image:height\" content=\"991\" \/>\n\t<meta property=\"og:image:type\" content=\"image\/jpeg\" \/>\n<meta name=\"twitter:card\" content=\"summary_large_image\" \/>\n<meta name=\"twitter:label1\" content=\"Temps estimat de lectura\" \/>\n\t<meta name=\"twitter:data1\" content=\"1 minut\" \/>\n<script type=\"application\/ld+json\" class=\"yoast-schema-graph\">{\"@context\":\"https:\/\/schema.org\",\"@graph\":[{\"@type\":\"WebPage\",\"@id\":\"https:\/\/vanitasespai.es\/ca\/ungles\/\",\"url\":\"https:\/\/vanitasespai.es\/ca\/ungles\/\",\"name\":\"Vanitas Espai - Ungles\",\"isPartOf\":{\"@id\":\"https:\/\/vanitasespai.es\/#website\"},\"primaryImageOfPage\":{\"@id\":\"https:\/\/vanitasespai.es\/ca\/ungles\/#primaryimage\"},\"image\":{\"@id\":\"https:\/\/vanitasespai.es\/ca\/ungles\/#primaryimage\"},\"thumbnailUrl\":\"https:\/\/vanitasespai.es\/wp-content\/uploads\/2013\/01\/Fondo-Zona-Manicura-Spa.jpg\",\"datePublished\":\"2025-10-08T10:14:14+00:00\",\"dateModified\":\"2025-10-08T10:14:50+00:00\",\"breadcrumb\":{\"@id\":\"https:\/\/vanitasespai.es\/ca\/ungles\/#breadcrumb\"},\"inLanguage\":\"ca\",\"potentialAction\":[{\"@type\":\"ReadAction\",\"target\":[\"https:\/\/vanitasespai.es\/ca\/ungles\/\"]}]},{\"@type\":\"ImageObject\",\"inLanguage\":\"ca\",\"@id\":\"https:\/\/vanitasespai.es\/ca\/ungles\/#primaryimage\",\"url\":\"https:\/\/vanitasespai.es\/wp-content\/uploads\/2013\/01\/Fondo-Zona-Manicura-Spa.jpg\",\"contentUrl\":\"https:\/\/vanitasespai.es\/wp-content\/uploads\/2013\/01\/Fondo-Zona-Manicura-Spa.jpg\",\"width\":1920,\"height\":991},{\"@type\":\"BreadcrumbList\",\"@id\":\"https:\/\/vanitasespai.es\/ca\/ungles\/#breadcrumb\",\"itemListElement\":[{\"@type\":\"ListItem\",\"position\":1,\"name\":\"Home\",\"item\":\"https:\/\/vanitasespai.es\/ca\/\"},{\"@type\":\"ListItem\",\"position\":2,\"name\":\"Ungles\"}]},{\"@type\":\"WebSite\",\"@id\":\"https:\/\/vanitasespai.es\/#website\",\"url\":\"https:\/\/vanitasespai.es\/\",\"name\":\"Vanitas Espai\",\"description\":\"Mejor sal\u00f3n de Peluquer\u00eda y Est\u00e9tica de Barcelona\",\"potentialAction\":[{\"@type\":\"SearchAction\",\"target\":{\"@type\":\"EntryPoint\",\"urlTemplate\":\"https:\/\/vanitasespai.es\/?s={search_term_string}\"},\"query-input\":{\"@type\":\"PropertyValueSpecification\",\"valueRequired\":true,\"valueName\":\"search_term_string\"}}],\"inLanguage\":\"ca\"}]}<\/script>\n<!-- \/ Yoast SEO plugin. -->","yoast_head_json":{"title":"Vanitas Espai - Ungles","robots":{"index":"index","follow":"follow","max-snippet":"max-snippet:-1","max-image-preview":"max-image-preview:large","max-video-preview":"max-video-preview:-1"},"canonical":"https:\/\/vanitasespai.es\/ca\/ungles\/","og_locale":"ca_ES","og_type":"article","og_title":"Vanitas Espai - Ungles","og_description":"Les mans s\u00f3n una de les parts del cos m\u00e9s exposades. Di\u00e0riament, ens veiem obligats a passejar-les per tot arreu, a mostrar-les al lloc on treballem, a fer-les servir per a tot tipus de menesters. S\u00f3n una de les parts m\u00e9s importants de la nostra comunicaci\u00f3 no verbal. Com \u00e9s l\u00f2gic, una imatge cuidada mai [&hellip;]","og_url":"https:\/\/vanitasespai.es\/ca\/ungles\/","og_site_name":"Vanitas Espai","article_modified_time":"2025-10-08T10:14:50+00:00","og_image":[{"width":1920,"height":991,"url":"https:\/\/vanitasespai.es\/wp-content\/uploads\/2013\/01\/Fondo-Zona-Manicura-Spa.jpg","type":"image\/jpeg"}],"twitter_card":"summary_large_image","twitter_misc":{"Temps estimat de lectura":"1 minut"},"schema":{"@context":"https:\/\/schema.org","@graph":[{"@type":"WebPage","@id":"https:\/\/vanitasespai.es\/ca\/ungles\/","url":"https:\/\/vanitasespai.es\/ca\/ungles\/","name":"Vanitas Espai - Ungles","isPartOf":{"@id":"https:\/\/vanitasespai.es\/#website"},"primaryImageOfPage":{"@id":"https:\/\/vanitasespai.es\/ca\/ungles\/#primaryimage"},"image":{"@id":"https:\/\/vanitasespai.es\/ca\/ungles\/#primaryimage"},"thumbnailUrl":"https:\/\/vanitasespai.es\/wp-content\/uploads\/2013\/01\/Fondo-Zona-Manicura-Spa.jpg","datePublished":"2025-10-08T10:14:14+00:00","dateModified":"2025-10-08T10:14:50+00:00","breadcrumb":{"@id":"https:\/\/vanitasespai.es\/ca\/ungles\/#breadcrumb"},"inLanguage":"ca","potentialAction":[{"@type":"ReadAction","target":["https:\/\/vanitasespai.es\/ca\/ungles\/"]}]},{"@type":"ImageObject","inLanguage":"ca","@id":"https:\/\/vanitasespai.es\/ca\/ungles\/#primaryimage","url":"https:\/\/vanitasespai.es\/wp-content\/uploads\/2013\/01\/Fondo-Zona-Manicura-Spa.jpg","contentUrl":"https:\/\/vanitasespai.es\/wp-content\/uploads\/2013\/01\/Fondo-Zona-Manicura-Spa.jpg","width":1920,"height":991},{"@type":"BreadcrumbList","@id":"https:\/\/vanitasespai.es\/ca\/ungles\/#breadcrumb","itemListElement":[{"@type":"ListItem","position":1,"name":"Home","item":"https:\/\/vanitasespai.es\/ca\/"},{"@type":"ListItem","position":2,"name":"Ungles"}]},{"@type":"WebSite","@id":"https:\/\/vanitasespai.es\/#website","url":"https:\/\/vanitasespai.es\/","name":"Vanitas Espai","description":"Mejor sal\u00f3n de Peluquer\u00eda y Est\u00e9tica de Barcelona","potentialAction":[{"@type":"SearchAction","target":{"@type":"EntryPoint","urlTemplate":"https:\/\/vanitasespai.es\/?s={search_term_string}"},"query-input":{"@type":"PropertyValueSpecification","valueRequired":true,"valueName":"search_term_string"}}],"inLanguage":"ca"}]}},"_links":{"self":[{"href":"https:\/\/vanitasespai.es\/ca\/wp-json\/wp\/v2\/pages\/19510","targetHints":{"allow":["GET"]}}],"collection":[{"href":"https:\/\/vanitasespai.es\/ca\/wp-json\/wp\/v2\/pages"}],"about":[{"href":"https:\/\/vanitasespai.es\/ca\/wp-json\/wp\/v2\/types\/page"}],"author":[{"embeddable":true,"href":"https:\/\/vanitasespai.es\/ca\/wp-json\/wp\/v2\/users\/1"}],"replies":[{"embeddable":true,"href":"https:\/\/vanitasespai.es\/ca\/wp-json\/wp\/v2\/comments?post=19510"}],"version-history":[{"count":2,"href":"https:\/\/vanitasespai.es\/ca\/wp-json\/wp\/v2\/pages\/19510\/revisions"}],"predecessor-version":[{"id":19520,"href":"https:\/\/vanitasespai.es\/ca\/wp-json\/wp\/v2\/pages\/19510\/revisions\/19520"}],"wp:featuredmedia":[{"embeddable":true,"href":"https:\/\/vanitasespai.es\/ca\/wp-json\/wp\/v2\/media\/19489"}],"wp:attachment":[{"href":"https:\/\/vanitasespai.es\/ca\/wp-json\/wp\/v2\/media?parent=19510"}],"curies":[{"name":"wp","href":"https:\/\/api.w.org\/{rel}","templated":true}]}}