{"id":19493,"date":"2025-10-08T12:03:30","date_gmt":"2025-10-08T10:03:30","guid":{"rendered":"https:\/\/vanitasespai.es\/?page_id=19493"},"modified":"2025-10-08T12:04:36","modified_gmt":"2025-10-08T10:04:36","slug":"manicura-russa","status":"publish","type":"page","link":"https:\/\/vanitasespai.es\/ca\/ungles\/manicura-russa\/","title":{"rendered":"Manicura russa"},"content":{"rendered":"<h2>Manicura russa a Barcelona<\/h2>\n<p>La manicura russa \u00e9s una t\u00e8cnica que es caracteritza per la perfecci\u00f3 de l\u00b4acabat, aconsegueix unes ungles d\u00b4esc\u00e0ndol amb una manicura perfecta fins a 4 setmanes. \u00c9s molt similar a la manicura en sec i tamb\u00e9 \u00e9s habitual parlar-ne com a dry manicure, ja que \u00e9s una t\u00e8cnica de manicura que es treballa en sec sense humectants ni emol\u00b7lients que estoven la pell ni l&#8217;ungla. A la manicura russa el llimat \u00e9s la fase m\u00e9s important per a unes ungles netes i sense cut\u00edcula, s&#8217;utilitza el torn el\u00e8ctric per donar forma a l&#8217;ungla i per eliminar les cut\u00edcules i qualsevol irregularitat de la superf\u00edcie amb total precisi\u00f3. Aquest tractament de bellesa nom\u00e9s l&#8217;han d&#8217;aplicar esteticistes professionals per evitar danys a la pell ia les ungles.<\/p>\n<p>Si busques un sal\u00f3 de bellesa a Barcelona amb experi\u00e8ncia en la cura de les ungles i un servei de manicura professional, a Vanitas Espai els nostres esteticistes treballaran la teva manicura i t&#8217;aconsellaran els diferents tipus d&#8217;esmaltat i l&#8217;estil que millor s&#8217;adapta al teu look i al teu estil de vida.<\/p>\n<h2>Qu\u00e8 \u00e9s la manicura russa?<\/h2>\n<p>La manicura russa \u00e9s una tend\u00e8ncia en el tractament de les ungles, \u00e9s una t\u00e8cnica de manicura en sec i consisteix en l&#8217;eliminaci\u00f3 de les cut\u00edcules al sal\u00f3 de bellesa amb l&#8217;ajuda d&#8217;un torn el\u00e8ctric per eliminar asprors i donar a les ungles un acabat net i cuidat.<\/p>\n<p>La hidrataci\u00f3 i la cura de la pell de les cut\u00edcules \u00e9s essencial i retirar la pell amb suavitat per no fer malb\u00e9 les ungles ni les mans.<\/p>\n<p>Tot i que la manicura russa no aplica cap esmalt ni estil de decoraci\u00f3 d&#8217;ungles en particular, admet qualsevol estil i disseny i, el m\u00e9s habitual \u00e9s que la laca d&#8217;ungles i fins i tot el nail art sigui l&#8217;\u00faltim pas de la manicura russa al sal\u00f3 de bellesa. Al nostre sal\u00f3 d&#8217;ungles a Barcelona podr\u00e0s escollir entre diferents estils, diferents tons i colors per a les ungles, diferents t\u00e8cniques d&#8217;esmaltat per a la teva manicura i dissenys \u00fanics per a tu que s&#8217;adaptaran a l&#8217;estaci\u00f3 de l&#8217;any, a moments especials, esdeveniments i, per descomptat, un disseny d&#8217;ungles que va amb tu i amb els teus looks.<\/p>\n<p>Si prefereixes un estil discret i ets del makeup no makeup els tons nude i les t\u00e8cniques com ungles sab\u00f3 o milky nails et donaran a les teves manicures aquest acabat cuidat sense cridar latenci\u00f3. Si ets de tend\u00e8ncies i t&#8217;encanta provar nous estils, pots atrevir-te amb les coquetes nails que combinen tons past\u00eds amb charms com llacets o perles per a un acabat dol\u00e7 i molt femen\u00ed. Altres manicures perqu\u00e8 les ungles no passin desapercebudes s\u00f3n les jelly nails o les coated nails amb acabat met\u00e0l\u00b7lic molt brillant.<\/p>\n<p>Els tons cl\u00e0ssics que mai passen de moda com el vermell o granat sempre s\u00f3n un encert a les teves manicures, pots reinventar-los amb nail art o atrevir-te amb altres tons com els verds i els tons terra, molt mediterranis o el blau navy i els taronges per a l&#8217;estiu.<\/p>\n<h2>Beneficis de la Manicura Russa<\/h2>\n<p>La t\u00e8cnica de manicura russa que apliquem al nostre sal\u00f3 de Barcelona sempre la fan professionals qualificats que garanteixen que els tractaments de bellesa i est\u00e8tica es realitzen amb total garantia i seguretat per a tu.<\/p>\n<p>Un dels beneficis principals d&#8217;aquesta manicura \u00e9s que, en retirar les cut\u00edcules i netejar l&#8217;ungla, permet l&#8217;aplicaci\u00f3 de l&#8217;esmalt fins al final de les ungles i aix\u00ed dissimular el creixement de l&#8217;ungla durant m\u00e9s temps, garantint una manicura perfecta durant gaireb\u00e9 un mes.<\/p>\n<p>El resultat d\u00b4una manicura al nostre centre de Barcelona s\u00f3n unes ungles cuidades i amb un acabat professional. La manicura russa, a m\u00e9s, requereix una cura especial de les cut\u00edcules i de la pell.<\/p>\n<p>La manicura russa admet qualsevol estil i t\u00e8cnica d&#8217;esmalt a les ungles, des de l&#8217;estil cl\u00e0ssic de manicura francesa fins a les darreres tend\u00e8ncies de moda amb esmalts de primera qualitat que garanteixen un acabat perfecte i una llarga durada.<\/p>\n<h2>Manicures a Barcelona per a tu<\/h2>\n<p>La millor manicura \u00e9s la que, a m\u00e9s de quedar perfecta amb un disseny i esmalt que t&#8217;encanti, cuida les ungles i les mans. Un cop acabada la manicura russa podem aplicar l&#8217;esmalt que m\u00e9s ens agradi.<\/p>\n<p>Cuida les teves mans i gaudeix de l&#8217;experi\u00e8ncia de cura personal al centre de Barcelona. El nostre equip d&#8217;esteticistes i manicuristes professionals cuidaran de tu i de les ungles amb els millors productes del mercat.<\/p>\n<p>A Vanitas Espai, la teva bellesa i benestar s\u00f3n la nostra prioritat. T&#8217;esperem!<\/p>\n<hr \/>\n<p>&nbsp;<\/p>\n","protected":false},"excerpt":{"rendered":"<p>Manicura russa a Barcelona La manicura russa \u00e9s una t\u00e8cnica que es caracteritza per la perfecci\u00f3 de l\u00b4acabat, aconsegueix unes ungles d\u00b4esc\u00e0ndol amb una manicura perfecta fins a 4 setmanes. \u00c9s molt similar a la manicura en sec i tamb\u00e9 \u00e9s habitual parlar-ne com a dry manicure, ja que \u00e9s una t\u00e8cnica de manicura que [&hellip;]<\/p>\n","protected":false},"author":1,"featured_media":0,"parent":19510,"menu_order":0,"comment_status":"closed","ping_status":"closed","template":"single-services.php","meta":{"_acf_changed":false,"_joinchat":[],"footnotes":""},"class_list":["post-19493","page","type-page","status-publish","hentry"],"acf":[],"yoast_head":"<!-- This site is optimized with the Yoast SEO plugin v26.1.1 - https:\/\/yoast.com\/wordpress\/plugins\/seo\/ -->\n<title>Vanitas Espai - Manicura russa<\/title>\n<meta name=\"robots\" content=\"index, follow, max-snippet:-1, max-image-preview:large, max-video-preview:-1\" \/>\n<link rel=\"canonical\" href=\"https:\/\/vanitasespai.es\/ca\/manicura-russa\/\" \/>\n<meta property=\"og:locale\" content=\"ca_ES\" \/>\n<meta property=\"og:type\" content=\"article\" \/>\n<meta property=\"og:title\" content=\"Vanitas Espai - Manicura russa\" \/>\n<meta property=\"og:description\" content=\"Manicura russa a Barcelona La manicura russa \u00e9s una t\u00e8cnica que es caracteritza per la perfecci\u00f3 de l\u00b4acabat, aconsegueix unes ungles d\u00b4esc\u00e0ndol amb una manicura perfecta fins a 4 setmanes. \u00c9s molt similar a la manicura en sec i tamb\u00e9 \u00e9s habitual parlar-ne com a dry manicure, ja que \u00e9s una t\u00e8cnica de manicura que [&hellip;]\" \/>\n<meta property=\"og:url\" content=\"https:\/\/vanitasespai.es\/ca\/manicura-russa\/\" \/>\n<meta property=\"og:site_name\" content=\"Vanitas Espai\" \/>\n<meta property=\"article:modified_time\" content=\"2025-10-08T10:04:36+00:00\" \/>\n<meta property=\"og:image\" content=\"https:\/\/vanitasespai.es\/wp-content\/uploads\/2016\/11\/vanitas-2016-bg.jpg\" \/>\n\t<meta property=\"og:image:width\" content=\"1440\" \/>\n\t<meta property=\"og:image:height\" content=\"961\" \/>\n\t<meta property=\"og:image:type\" content=\"image\/jpeg\" \/>\n<meta name=\"twitter:card\" content=\"summary_large_image\" \/>\n<meta name=\"twitter:label1\" content=\"Temps estimat de lectura\" \/>\n\t<meta name=\"twitter:data1\" content=\"4 minuts\" \/>\n<script type=\"application\/ld+json\" class=\"yoast-schema-graph\">{\"@context\":\"https:\/\/schema.org\",\"@graph\":[{\"@type\":\"WebPage\",\"@id\":\"https:\/\/vanitasespai.es\/ca\/manicura-russa\/\",\"url\":\"https:\/\/vanitasespai.es\/ca\/manicura-russa\/\",\"name\":\"Vanitas Espai - Manicura russa\",\"isPartOf\":{\"@id\":\"https:\/\/vanitasespai.es\/#website\"},\"datePublished\":\"2025-10-08T10:03:30+00:00\",\"dateModified\":\"2025-10-08T10:04:36+00:00\",\"breadcrumb\":{\"@id\":\"https:\/\/vanitasespai.es\/ca\/manicura-russa\/#breadcrumb\"},\"inLanguage\":\"ca\",\"potentialAction\":[{\"@type\":\"ReadAction\",\"target\":[\"https:\/\/vanitasespai.es\/ca\/manicura-russa\/\"]}]},{\"@type\":\"BreadcrumbList\",\"@id\":\"https:\/\/vanitasespai.es\/ca\/manicura-russa\/#breadcrumb\",\"itemListElement\":[{\"@type\":\"ListItem\",\"position\":1,\"name\":\"Home\",\"item\":\"https:\/\/vanitasespai.es\/ca\/\"},{\"@type\":\"ListItem\",\"position\":2,\"name\":\"Manicura russa\"}]},{\"@type\":\"WebSite\",\"@id\":\"https:\/\/vanitasespai.es\/#website\",\"url\":\"https:\/\/vanitasespai.es\/\",\"name\":\"Vanitas Espai\",\"description\":\"Mejor sal\u00f3n de Peluquer\u00eda y Est\u00e9tica de Barcelona\",\"potentialAction\":[{\"@type\":\"SearchAction\",\"target\":{\"@type\":\"EntryPoint\",\"urlTemplate\":\"https:\/\/vanitasespai.es\/?s={search_term_string}\"},\"query-input\":{\"@type\":\"PropertyValueSpecification\",\"valueRequired\":true,\"valueName\":\"search_term_string\"}}],\"inLanguage\":\"ca\"}]}<\/script>\n<!-- \/ Yoast SEO plugin. -->","yoast_head_json":{"title":"Vanitas Espai - Manicura russa","robots":{"index":"index","follow":"follow","max-snippet":"max-snippet:-1","max-image-preview":"max-image-preview:large","max-video-preview":"max-video-preview:-1"},"canonical":"https:\/\/vanitasespai.es\/ca\/manicura-russa\/","og_locale":"ca_ES","og_type":"article","og_title":"Vanitas Espai - Manicura russa","og_description":"Manicura russa a Barcelona La manicura russa \u00e9s una t\u00e8cnica que es caracteritza per la perfecci\u00f3 de l\u00b4acabat, aconsegueix unes ungles d\u00b4esc\u00e0ndol amb una manicura perfecta fins a 4 setmanes. \u00c9s molt similar a la manicura en sec i tamb\u00e9 \u00e9s habitual parlar-ne com a dry manicure, ja que \u00e9s una t\u00e8cnica de manicura que [&hellip;]","og_url":"https:\/\/vanitasespai.es\/ca\/manicura-russa\/","og_site_name":"Vanitas Espai","article_modified_time":"2025-10-08T10:04:36+00:00","og_image":[{"width":1440,"height":961,"url":"https:\/\/vanitasespai.es\/wp-content\/uploads\/2016\/11\/vanitas-2016-bg.jpg","type":"image\/jpeg"}],"twitter_card":"summary_large_image","twitter_misc":{"Temps estimat de lectura":"4 minuts"},"schema":{"@context":"https:\/\/schema.org","@graph":[{"@type":"WebPage","@id":"https:\/\/vanitasespai.es\/ca\/manicura-russa\/","url":"https:\/\/vanitasespai.es\/ca\/manicura-russa\/","name":"Vanitas Espai - Manicura russa","isPartOf":{"@id":"https:\/\/vanitasespai.es\/#website"},"datePublished":"2025-10-08T10:03:30+00:00","dateModified":"2025-10-08T10:04:36+00:00","breadcrumb":{"@id":"https:\/\/vanitasespai.es\/ca\/manicura-russa\/#breadcrumb"},"inLanguage":"ca","potentialAction":[{"@type":"ReadAction","target":["https:\/\/vanitasespai.es\/ca\/manicura-russa\/"]}]},{"@type":"BreadcrumbList","@id":"https:\/\/vanitasespai.es\/ca\/manicura-russa\/#breadcrumb","itemListElement":[{"@type":"ListItem","position":1,"name":"Home","item":"https:\/\/vanitasespai.es\/ca\/"},{"@type":"ListItem","position":2,"name":"Manicura russa"}]},{"@type":"WebSite","@id":"https:\/\/vanitasespai.es\/#website","url":"https:\/\/vanitasespai.es\/","name":"Vanitas Espai","description":"Mejor sal\u00f3n de Peluquer\u00eda y Est\u00e9tica de Barcelona","potentialAction":[{"@type":"SearchAction","target":{"@type":"EntryPoint","urlTemplate":"https:\/\/vanitasespai.es\/?s={search_term_string}"},"query-input":{"@type":"PropertyValueSpecification","valueRequired":true,"valueName":"search_term_string"}}],"inLanguage":"ca"}]}},"_links":{"self":[{"href":"https:\/\/vanitasespai.es\/ca\/wp-json\/wp\/v2\/pages\/19493","targetHints":{"allow":["GET"]}}],"collection":[{"href":"https:\/\/vanitasespai.es\/ca\/wp-json\/wp\/v2\/pages"}],"about":[{"href":"https:\/\/vanitasespai.es\/ca\/wp-json\/wp\/v2\/types\/page"}],"author":[{"embeddable":true,"href":"https:\/\/vanitasespai.es\/ca\/wp-json\/wp\/v2\/users\/1"}],"replies":[{"embeddable":true,"href":"https:\/\/vanitasespai.es\/ca\/wp-json\/wp\/v2\/comments?post=19493"}],"version-history":[{"count":2,"href":"https:\/\/vanitasespai.es\/ca\/wp-json\/wp\/v2\/pages\/19493\/revisions"}],"predecessor-version":[{"id":19495,"href":"https:\/\/vanitasespai.es\/ca\/wp-json\/wp\/v2\/pages\/19493\/revisions\/19495"}],"up":[{"embeddable":true,"href":"https:\/\/vanitasespai.es\/ca\/wp-json\/wp\/v2\/pages\/19510"}],"wp:attachment":[{"href":"https:\/\/vanitasespai.es\/ca\/wp-json\/wp\/v2\/media?parent=19493"}],"curies":[{"name":"wp","href":"https:\/\/api.w.org\/{rel}","templated":true}]}}