{"id":19439,"date":"2025-10-08T10:59:37","date_gmt":"2025-10-08T08:59:37","guid":{"rendered":"https:\/\/vanitasespai.es\/?page_id=19439"},"modified":"2026-02-10T20:28:43","modified_gmt":"2026-02-10T19:28:43","slug":"tractaments-corporals","status":"publish","type":"page","link":"https:\/\/vanitasespai.es\/ca\/estetica\/tractaments-corporals\/","title":{"rendered":"Tractaments Corporals"},"content":{"rendered":"<p>Descobriu el millor servei de tractaments corporals a Barcelona. A continuaci\u00f3, una descripci\u00f3 detallada de tots els nostres serveis perqu\u00e8 puguis triar el que m\u00e9s s&#8217;ajusta a les teves necessitats:<\/p>\n<h2><\/h2>\n","protected":false},"excerpt":{"rendered":"<p>Descobriu el millor servei de tractaments corporals a Barcelona. A continuaci\u00f3, una descripci\u00f3 detallada de tots els nostres serveis perqu\u00e8 puguis triar el que m\u00e9s s&#8217;ajusta a les teves necessitats:<\/p>\n","protected":false},"author":1,"featured_media":19367,"parent":19452,"menu_order":0,"comment_status":"closed","ping_status":"closed","template":"single-services.php","meta":{"_acf_changed":false,"_joinchat":[],"footnotes":""},"class_list":["post-19439","page","type-page","status-publish","has-post-thumbnail","hentry"],"acf":[],"yoast_head":"<!-- This site is optimized with the Yoast SEO plugin v26.1.1 - https:\/\/yoast.com\/wordpress\/plugins\/seo\/ -->\n<title>Vanitas Espai - Tractaments Corporals<\/title>\n<meta name=\"robots\" content=\"index, follow, max-snippet:-1, max-image-preview:large, max-video-preview:-1\" \/>\n<link rel=\"canonical\" href=\"https:\/\/vanitasespai.es\/ca\/estetica\/tractaments-corporals\/\" \/>\n<meta property=\"og:locale\" content=\"ca_ES\" \/>\n<meta property=\"og:type\" content=\"article\" \/>\n<meta property=\"og:title\" content=\"Vanitas Espai - Tractaments Corporals\" \/>\n<meta property=\"og:description\" content=\"Descobriu el millor servei de tractaments corporals a Barcelona. A continuaci\u00f3, una descripci\u00f3 detallada de tots els nostres serveis perqu\u00e8 puguis triar el que m\u00e9s s&#8217;ajusta a les teves necessitats:\" \/>\n<meta property=\"og:url\" content=\"https:\/\/vanitasespai.es\/ca\/estetica\/tractaments-corporals\/\" \/>\n<meta property=\"og:site_name\" content=\"Vanitas Espai\" \/>\n<meta property=\"article:modified_time\" content=\"2026-02-10T19:28:43+00:00\" \/>\n<meta property=\"og:image\" content=\"https:\/\/vanitasespai.es\/wp-content\/uploads\/2016\/11\/vnt-2016-g3.jpg\" \/>\n\t<meta property=\"og:image:width\" content=\"1000\" \/>\n\t<meta property=\"og:image:height\" content=\"660\" \/>\n\t<meta property=\"og:image:type\" content=\"image\/jpeg\" \/>\n<meta name=\"twitter:card\" content=\"summary_large_image\" \/>\n<meta name=\"twitter:label1\" content=\"Temps estimat de lectura\" \/>\n\t<meta name=\"twitter:data1\" content=\"1 minut\" \/>\n<script type=\"application\/ld+json\" class=\"yoast-schema-graph\">{\"@context\":\"https:\/\/schema.org\",\"@graph\":[{\"@type\":\"WebPage\",\"@id\":\"https:\/\/vanitasespai.es\/ca\/estetica\/tractaments-corporals\/\",\"url\":\"https:\/\/vanitasespai.es\/ca\/estetica\/tractaments-corporals\/\",\"name\":\"Vanitas Espai - Tractaments Corporals\",\"isPartOf\":{\"@id\":\"https:\/\/vanitasespai.es\/#website\"},\"primaryImageOfPage\":{\"@id\":\"https:\/\/vanitasespai.es\/ca\/estetica\/tractaments-corporals\/#primaryimage\"},\"image\":{\"@id\":\"https:\/\/vanitasespai.es\/ca\/estetica\/tractaments-corporals\/#primaryimage\"},\"thumbnailUrl\":\"https:\/\/vanitasespai.es\/wp-content\/uploads\/2016\/11\/vnt-2016-g3.jpg\",\"datePublished\":\"2025-10-08T08:59:37+00:00\",\"dateModified\":\"2026-02-10T19:28:43+00:00\",\"breadcrumb\":{\"@id\":\"https:\/\/vanitasespai.es\/ca\/estetica\/tractaments-corporals\/#breadcrumb\"},\"inLanguage\":\"ca\",\"potentialAction\":[{\"@type\":\"ReadAction\",\"target\":[\"https:\/\/vanitasespai.es\/ca\/estetica\/tractaments-corporals\/\"]}]},{\"@type\":\"ImageObject\",\"inLanguage\":\"ca\",\"@id\":\"https:\/\/vanitasespai.es\/ca\/estetica\/tractaments-corporals\/#primaryimage\",\"url\":\"https:\/\/vanitasespai.es\/wp-content\/uploads\/2016\/11\/vnt-2016-g3.jpg\",\"contentUrl\":\"https:\/\/vanitasespai.es\/wp-content\/uploads\/2016\/11\/vnt-2016-g3.jpg\",\"width\":1000,\"height\":660},{\"@type\":\"BreadcrumbList\",\"@id\":\"https:\/\/vanitasespai.es\/ca\/estetica\/tractaments-corporals\/#breadcrumb\",\"itemListElement\":[{\"@type\":\"ListItem\",\"position\":1,\"name\":\"Home\",\"item\":\"https:\/\/vanitasespai.es\/ca\/\"},{\"@type\":\"ListItem\",\"position\":2,\"name\":\"Est\u00e8tica\",\"item\":\"https:\/\/vanitasespai.es\/ca\/estetica\/\"},{\"@type\":\"ListItem\",\"position\":3,\"name\":\"Tractaments Corporals\"}]},{\"@type\":\"WebSite\",\"@id\":\"https:\/\/vanitasespai.es\/#website\",\"url\":\"https:\/\/vanitasespai.es\/\",\"name\":\"Vanitas Espai\",\"description\":\"Mejor sal\u00f3n de Peluquer\u00eda y Est\u00e9tica de Barcelona\",\"potentialAction\":[{\"@type\":\"SearchAction\",\"target\":{\"@type\":\"EntryPoint\",\"urlTemplate\":\"https:\/\/vanitasespai.es\/?s={search_term_string}\"},\"query-input\":{\"@type\":\"PropertyValueSpecification\",\"valueRequired\":true,\"valueName\":\"search_term_string\"}}],\"inLanguage\":\"ca\"}]}<\/script>\n<!-- \/ Yoast SEO plugin. -->","yoast_head_json":{"title":"Vanitas Espai - Tractaments Corporals","robots":{"index":"index","follow":"follow","max-snippet":"max-snippet:-1","max-image-preview":"max-image-preview:large","max-video-preview":"max-video-preview:-1"},"canonical":"https:\/\/vanitasespai.es\/ca\/estetica\/tractaments-corporals\/","og_locale":"ca_ES","og_type":"article","og_title":"Vanitas Espai - Tractaments Corporals","og_description":"Descobriu el millor servei de tractaments corporals a Barcelona. A continuaci\u00f3, una descripci\u00f3 detallada de tots els nostres serveis perqu\u00e8 puguis triar el que m\u00e9s s&#8217;ajusta a les teves necessitats:","og_url":"https:\/\/vanitasespai.es\/ca\/estetica\/tractaments-corporals\/","og_site_name":"Vanitas Espai","article_modified_time":"2026-02-10T19:28:43+00:00","og_image":[{"width":1000,"height":660,"url":"https:\/\/vanitasespai.es\/wp-content\/uploads\/2016\/11\/vnt-2016-g3.jpg","type":"image\/jpeg"}],"twitter_card":"summary_large_image","twitter_misc":{"Temps estimat de lectura":"1 minut"},"schema":{"@context":"https:\/\/schema.org","@graph":[{"@type":"WebPage","@id":"https:\/\/vanitasespai.es\/ca\/estetica\/tractaments-corporals\/","url":"https:\/\/vanitasespai.es\/ca\/estetica\/tractaments-corporals\/","name":"Vanitas Espai - Tractaments Corporals","isPartOf":{"@id":"https:\/\/vanitasespai.es\/#website"},"primaryImageOfPage":{"@id":"https:\/\/vanitasespai.es\/ca\/estetica\/tractaments-corporals\/#primaryimage"},"image":{"@id":"https:\/\/vanitasespai.es\/ca\/estetica\/tractaments-corporals\/#primaryimage"},"thumbnailUrl":"https:\/\/vanitasespai.es\/wp-content\/uploads\/2016\/11\/vnt-2016-g3.jpg","datePublished":"2025-10-08T08:59:37+00:00","dateModified":"2026-02-10T19:28:43+00:00","breadcrumb":{"@id":"https:\/\/vanitasespai.es\/ca\/estetica\/tractaments-corporals\/#breadcrumb"},"inLanguage":"ca","potentialAction":[{"@type":"ReadAction","target":["https:\/\/vanitasespai.es\/ca\/estetica\/tractaments-corporals\/"]}]},{"@type":"ImageObject","inLanguage":"ca","@id":"https:\/\/vanitasespai.es\/ca\/estetica\/tractaments-corporals\/#primaryimage","url":"https:\/\/vanitasespai.es\/wp-content\/uploads\/2016\/11\/vnt-2016-g3.jpg","contentUrl":"https:\/\/vanitasespai.es\/wp-content\/uploads\/2016\/11\/vnt-2016-g3.jpg","width":1000,"height":660},{"@type":"BreadcrumbList","@id":"https:\/\/vanitasespai.es\/ca\/estetica\/tractaments-corporals\/#breadcrumb","itemListElement":[{"@type":"ListItem","position":1,"name":"Home","item":"https:\/\/vanitasespai.es\/ca\/"},{"@type":"ListItem","position":2,"name":"Est\u00e8tica","item":"https:\/\/vanitasespai.es\/ca\/estetica\/"},{"@type":"ListItem","position":3,"name":"Tractaments Corporals"}]},{"@type":"WebSite","@id":"https:\/\/vanitasespai.es\/#website","url":"https:\/\/vanitasespai.es\/","name":"Vanitas Espai","description":"Mejor sal\u00f3n de Peluquer\u00eda y Est\u00e9tica de Barcelona","potentialAction":[{"@type":"SearchAction","target":{"@type":"EntryPoint","urlTemplate":"https:\/\/vanitasespai.es\/?s={search_term_string}"},"query-input":{"@type":"PropertyValueSpecification","valueRequired":true,"valueName":"search_term_string"}}],"inLanguage":"ca"}]}},"_links":{"self":[{"href":"https:\/\/vanitasespai.es\/ca\/wp-json\/wp\/v2\/pages\/19439","targetHints":{"allow":["GET"]}}],"collection":[{"href":"https:\/\/vanitasespai.es\/ca\/wp-json\/wp\/v2\/pages"}],"about":[{"href":"https:\/\/vanitasespai.es\/ca\/wp-json\/wp\/v2\/types\/page"}],"author":[{"embeddable":true,"href":"https:\/\/vanitasespai.es\/ca\/wp-json\/wp\/v2\/users\/1"}],"replies":[{"embeddable":true,"href":"https:\/\/vanitasespai.es\/ca\/wp-json\/wp\/v2\/comments?post=19439"}],"version-history":[{"count":4,"href":"https:\/\/vanitasespai.es\/ca\/wp-json\/wp\/v2\/pages\/19439\/revisions"}],"predecessor-version":[{"id":19868,"href":"https:\/\/vanitasespai.es\/ca\/wp-json\/wp\/v2\/pages\/19439\/revisions\/19868"}],"up":[{"embeddable":true,"href":"https:\/\/vanitasespai.es\/ca\/wp-json\/wp\/v2\/pages\/19452"}],"wp:featuredmedia":[{"embeddable":true,"href":"https:\/\/vanitasespai.es\/ca\/wp-json\/wp\/v2\/media\/19367"}],"wp:attachment":[{"href":"https:\/\/vanitasespai.es\/ca\/wp-json\/wp\/v2\/media?parent=19439"}],"curies":[{"name":"wp","href":"https:\/\/api.w.org\/{rel}","templated":true}]}}