{"id":19432,"date":"2025-10-08T10:48:39","date_gmt":"2025-10-08T08:48:39","guid":{"rendered":"https:\/\/vanitasespai.es\/?page_id=19432"},"modified":"2025-10-08T10:50:01","modified_gmt":"2025-10-08T08:50:01","slug":"tratamiento-facial-con-dermapen","status":"publish","type":"page","link":"https:\/\/vanitasespai.es\/ca\/estetica\/tratamiento-facial-con-dermapen\/","title":{"rendered":"Tratamiento facial con Dermapen"},"content":{"rendered":"<p>En l&#8217;actualitat, pots trobar diferents procediments que t&#8217;ajuden a veure la teva cura, lluminosa i lliure d&#8217;imperfeccions. Dins aquesta varietat, un dels que destaquen \u00e9s el tractament facial Dermapen. Efectiu i gens invasiu, esdevindr\u00e0 el teu millor aliat si el teu objectiu \u00e9s elevar l&#8217;aspecte de la teva pell aconseguint alhora un aspecte rejovenit.<\/p>\n<p><strong>Qu\u00e8 \u00e9s i en qu\u00e8 consisteix el tractament facial Dermapen<\/strong><\/p>\n<p>El Dermapen \u00e9s un dispositiu molt utilitzat en diferents tractaments facials. El que aconsegueix \u00e9s millorar tant l&#8217;aspecte com la textura de la pell, tot incidint en aquells problemes que la fan lluir apagada i menys cuidada.<\/p>\n<p>El dip\u00f2sit Dermapen tamb\u00e9 es coneix com a &#8220;llapis anti-imperfeccions&#8221;. La ra\u00f3 \u00e9s que se centra a combatre les imperfeccions que puguis tenir, com a marques d&#8217;acne, taques o cicatrius. A m\u00e9s, tamb\u00e9 va un pas m\u00e9s enll\u00e0, eliminant fins i tot arrugues o l\u00ednies dexpressi\u00f3.<\/p>\n<p>&nbsp;<\/p>\n<h2>Quins beneficis t\u00e9 aquest procediment<\/h2>\n<p>El tractament Dermapen est\u00e0 indicat per a tota mena de pells amb imperfeccions. Entre els seus beneficis, t\u00e9 efecte rejovenidor i destaca per la seva capacitat d&#8217;eliminar arrugues fines, aix\u00ed com de reduir-ne d&#8217;altres de m\u00e9s profundes. Aix\u00ed mateix, corregeix problemes com la hiperpigmentaci\u00f3 o melasma, elimina les marques d&#8217;acne i les cicatrius quir\u00fargiques i millora les taques de l&#8217;edat i les ocasionades pels raigs del sol.<\/p>\n<p>Aquest procediment estimula la producci\u00f3 d&#8217;elastina i col\u00b7lagen des de l&#8217;interior de la pell, per la qual cosa els seus resultats s\u00f3n notables en poques setmanes. Tot i aix\u00f2, tan sols uns dies despr\u00e9s, ja es pot apreciar com la pell est\u00e0 m\u00e9s lluminosa, suau i hidratada. A m\u00e9s, comptar\u00e0 amb un to uniforme i un aspecte rejovenit.<\/p>\n<p>Com que no tenen efectes secundaris, ser\u00e0 una gran elecci\u00f3 capa\u00e7 de transformar el teu rostre sense esfor\u00e7. L&#8217;\u00fanic que cal tenir en compte \u00e9s realitzar certes cures quan facis servir les teves cremes o maquillatge, aix\u00ed com incrementar l&#8217;\u00fas de protecci\u00f3 solar.<\/p>\n<p>&nbsp;<\/p>\n<h2>\nCom es realitza el tractament amb Dermapen<\/h2>\n<p>Aquest dispositiu es duu a terme mitjan\u00e7ant la t\u00e8cnica de micropunci\u00f3 o microneedling. Es tracta d&#8217;un procediment senzill i no invasiu que es realitza amb seguretat completa sense importar el teu tipus de pell, el seu estat o l&#8217;edat del pacient.<\/p>\n<p>El tractament realitza petites perforacions amb les agulles de titani del Dermapen. L&#8217;objectiu \u00e9s obrir canals perqu\u00e8 puguin penetrar els principis actius aplicats durant el proc\u00e9s. Aix\u00f2 fa que s&#8217;absorbeixin molt millor i que el resultat sigui m\u00e9s visible i interessant. Tot i aix\u00f2, cal destacar que \u00e9s un proc\u00e9s indolor i no \u00e9s necess\u00e0ria l&#8217;aplicaci\u00f3 d&#8217;anest\u00e8sia.<\/p>\n<p>Despr\u00e9s del tractament amb Dermapen s&#8217;aplica una m\u00e0scara calmant, amb una durada aproximada de 50 minuts en total. Per millorar els resultats, pot ser necessari dur a terme m\u00ednim 5 sessions, deixant un espai entre 15 i 30 dies.<\/p>\n<p>&nbsp;<\/p>\n<h2>\nTractaments amb Dermapen a Barcelona<\/h2>\n<p>Si vols provar els beneficis del Dermapen a la teva pell, a Vanitas Espai oferim diversos procediments a Barcelona. El millor daquesta selecci\u00f3 \u00e9s que les sessions duren tan sols uns 50 minuts i els seus resultats es comencen a notar en molt poc temps. En aquest cas, con\u00e8ixer-los us ajudar\u00e0 a triar aquell que millor s&#8217;adapti a les vostres necessitats ia l&#8217;estat actual de la vostra pell.<\/p>\n<p>&nbsp;<\/p>\n<h3>Dermapin efecte tensor<\/h3>\n<p>Aquest procediment t\u00e9 com a objectiu reduir la flacciditat, recuperar la fermesa i millorar l&#8217;elasticitat de la pell. Es compon de silici org\u00e0nic, col\u00b7lagen i Omae per incrementar la retenci\u00f3 d&#8217;aigua i estimular la s\u00edntesi de col\u00b7lagen. D&#8217;aquesta manera, t\u00e9 un efecte l\u00edfting immediat sense resultar invasiu i amb un preu m\u00e9s assequible.<\/p>\n<p>&nbsp;<\/p>\n<h3>\nDermapen Antiaging<\/h3>\n<p>Un altre dels tractaments que destaquen \u00e9s l&#8217;Antiaging. En aquest cas, es fa amb \u00e0cid hialur\u00f2nic al 2% d&#8217;alt pes molecular. El seu objectiu \u00e9s aconseguir un efecte tensor, allisador d&#8217;arrugues i emplenador. De nou, \u00e9s apte per a tota mena de pells, encara que estigui recomanat per a aquelles que lluiten contra els primers signes d&#8217;envelliment.<\/p>\n<p>&nbsp;<\/p>\n<h3>\nDermapen c\u00f2ctel de vitamines<\/h3>\n<p>A Vanias Espai tamb\u00e9 oferim el tractament Dermapen c\u00f2ctel de vitamines, que combat l&#8217;oxidaci\u00f3 i el fotoenvelliment de la pell. S&#8217;aplica amb una barreja de vitamines A, B, C i E, aix\u00ed com \u00e0cid fer\u00falic i arginina. El seu objectiu \u00e9s estimular les defenses de la pell i potenciar el creixement cel\u00b7lular per protegir-les dels radicals lliures. Aix\u00ed mateix, incrementa la bios\u00edntesi de les prote\u00efnes alhora que augmenta la lluminositat i ofereix un to unificat. \u00c9s ideal per a les pells que necessiten un extra de lluminositat i reparaci\u00f3.<\/p>\n<p>Com veus, a Vanitas Espai comptem amb un tractament facial amb Dermapen per solucionar cada tipus de problema. Si la teva pell llueix apagada, notes que apareixen els primers signes d&#8217;envelliment o necessites un extra de lluminositat, trobar\u00e0s el procediment que s&#8217;adapti millor a tu.<\/p>\n","protected":false},"excerpt":{"rendered":"<p>En l&#8217;actualitat, pots trobar diferents procediments que t&#8217;ajuden a veure la teva cura, lluminosa i lliure d&#8217;imperfeccions. Dins aquesta varietat, un dels que destaquen \u00e9s el tractament facial Dermapen. Efectiu i gens invasiu, esdevindr\u00e0 el teu millor aliat si el teu objectiu \u00e9s elevar l&#8217;aspecte de la teva pell aconseguint alhora un aspecte rejovenit. Qu\u00e8 [&hellip;]<\/p>\n","protected":false},"author":1,"featured_media":19367,"parent":19452,"menu_order":0,"comment_status":"closed","ping_status":"closed","template":"single-services.php","meta":{"_acf_changed":false,"_joinchat":[],"footnotes":""},"class_list":["post-19432","page","type-page","status-publish","has-post-thumbnail","hentry"],"acf":[],"yoast_head":"<!-- This site is optimized with the Yoast SEO plugin v26.1.1 - https:\/\/yoast.com\/wordpress\/plugins\/seo\/ -->\n<title>Vanitas Espai - Tratamiento facial con Dermapen<\/title>\n<meta name=\"robots\" content=\"index, follow, max-snippet:-1, max-image-preview:large, max-video-preview:-1\" \/>\n<link rel=\"canonical\" href=\"https:\/\/vanitasespai.es\/ca\/tratamiento-facial-con-dermapen\/\" \/>\n<meta property=\"og:locale\" content=\"ca_ES\" \/>\n<meta property=\"og:type\" content=\"article\" \/>\n<meta property=\"og:title\" content=\"Vanitas Espai - Tratamiento facial con Dermapen\" \/>\n<meta property=\"og:description\" content=\"En l&#8217;actualitat, pots trobar diferents procediments que t&#8217;ajuden a veure la teva cura, lluminosa i lliure d&#8217;imperfeccions. Dins aquesta varietat, un dels que destaquen \u00e9s el tractament facial Dermapen. Efectiu i gens invasiu, esdevindr\u00e0 el teu millor aliat si el teu objectiu \u00e9s elevar l&#8217;aspecte de la teva pell aconseguint alhora un aspecte rejovenit. Qu\u00e8 [&hellip;]\" \/>\n<meta property=\"og:url\" content=\"https:\/\/vanitasespai.es\/ca\/tratamiento-facial-con-dermapen\/\" \/>\n<meta property=\"og:site_name\" content=\"Vanitas Espai\" \/>\n<meta property=\"article:modified_time\" content=\"2025-10-08T08:50:01+00:00\" \/>\n<meta property=\"og:image\" content=\"https:\/\/vanitasespai.es\/wp-content\/uploads\/2016\/11\/vnt-2016-g3.jpg\" \/>\n\t<meta property=\"og:image:width\" content=\"1000\" \/>\n\t<meta property=\"og:image:height\" content=\"660\" \/>\n\t<meta property=\"og:image:type\" content=\"image\/jpeg\" \/>\n<meta name=\"twitter:card\" content=\"summary_large_image\" \/>\n<meta name=\"twitter:label1\" content=\"Temps estimat de lectura\" \/>\n\t<meta name=\"twitter:data1\" content=\"4 minuts\" \/>\n<script type=\"application\/ld+json\" class=\"yoast-schema-graph\">{\"@context\":\"https:\/\/schema.org\",\"@graph\":[{\"@type\":\"WebPage\",\"@id\":\"https:\/\/vanitasespai.es\/ca\/tratamiento-facial-con-dermapen\/\",\"url\":\"https:\/\/vanitasespai.es\/ca\/tratamiento-facial-con-dermapen\/\",\"name\":\"Vanitas Espai - Tratamiento facial con Dermapen\",\"isPartOf\":{\"@id\":\"https:\/\/vanitasespai.es\/#website\"},\"primaryImageOfPage\":{\"@id\":\"https:\/\/vanitasespai.es\/ca\/tratamiento-facial-con-dermapen\/#primaryimage\"},\"image\":{\"@id\":\"https:\/\/vanitasespai.es\/ca\/tratamiento-facial-con-dermapen\/#primaryimage\"},\"thumbnailUrl\":\"https:\/\/vanitasespai.es\/wp-content\/uploads\/2016\/11\/vnt-2016-g3.jpg\",\"datePublished\":\"2025-10-08T08:48:39+00:00\",\"dateModified\":\"2025-10-08T08:50:01+00:00\",\"breadcrumb\":{\"@id\":\"https:\/\/vanitasespai.es\/ca\/tratamiento-facial-con-dermapen\/#breadcrumb\"},\"inLanguage\":\"ca\",\"potentialAction\":[{\"@type\":\"ReadAction\",\"target\":[\"https:\/\/vanitasespai.es\/ca\/tratamiento-facial-con-dermapen\/\"]}]},{\"@type\":\"ImageObject\",\"inLanguage\":\"ca\",\"@id\":\"https:\/\/vanitasespai.es\/ca\/tratamiento-facial-con-dermapen\/#primaryimage\",\"url\":\"https:\/\/vanitasespai.es\/wp-content\/uploads\/2016\/11\/vnt-2016-g3.jpg\",\"contentUrl\":\"https:\/\/vanitasespai.es\/wp-content\/uploads\/2016\/11\/vnt-2016-g3.jpg\",\"width\":1000,\"height\":660},{\"@type\":\"BreadcrumbList\",\"@id\":\"https:\/\/vanitasespai.es\/ca\/tratamiento-facial-con-dermapen\/#breadcrumb\",\"itemListElement\":[{\"@type\":\"ListItem\",\"position\":1,\"name\":\"Home\",\"item\":\"https:\/\/vanitasespai.es\/ca\/\"},{\"@type\":\"ListItem\",\"position\":2,\"name\":\"Tratamiento facial con Dermapen\"}]},{\"@type\":\"WebSite\",\"@id\":\"https:\/\/vanitasespai.es\/#website\",\"url\":\"https:\/\/vanitasespai.es\/\",\"name\":\"Vanitas Espai\",\"description\":\"Mejor sal\u00f3n de Peluquer\u00eda y Est\u00e9tica de Barcelona\",\"potentialAction\":[{\"@type\":\"SearchAction\",\"target\":{\"@type\":\"EntryPoint\",\"urlTemplate\":\"https:\/\/vanitasespai.es\/?s={search_term_string}\"},\"query-input\":{\"@type\":\"PropertyValueSpecification\",\"valueRequired\":true,\"valueName\":\"search_term_string\"}}],\"inLanguage\":\"ca\"}]}<\/script>\n<!-- \/ Yoast SEO plugin. -->","yoast_head_json":{"title":"Vanitas Espai - Tratamiento facial con Dermapen","robots":{"index":"index","follow":"follow","max-snippet":"max-snippet:-1","max-image-preview":"max-image-preview:large","max-video-preview":"max-video-preview:-1"},"canonical":"https:\/\/vanitasespai.es\/ca\/tratamiento-facial-con-dermapen\/","og_locale":"ca_ES","og_type":"article","og_title":"Vanitas Espai - Tratamiento facial con Dermapen","og_description":"En l&#8217;actualitat, pots trobar diferents procediments que t&#8217;ajuden a veure la teva cura, lluminosa i lliure d&#8217;imperfeccions. Dins aquesta varietat, un dels que destaquen \u00e9s el tractament facial Dermapen. Efectiu i gens invasiu, esdevindr\u00e0 el teu millor aliat si el teu objectiu \u00e9s elevar l&#8217;aspecte de la teva pell aconseguint alhora un aspecte rejovenit. Qu\u00e8 [&hellip;]","og_url":"https:\/\/vanitasespai.es\/ca\/tratamiento-facial-con-dermapen\/","og_site_name":"Vanitas Espai","article_modified_time":"2025-10-08T08:50:01+00:00","og_image":[{"width":1000,"height":660,"url":"https:\/\/vanitasespai.es\/wp-content\/uploads\/2016\/11\/vnt-2016-g3.jpg","type":"image\/jpeg"}],"twitter_card":"summary_large_image","twitter_misc":{"Temps estimat de lectura":"4 minuts"},"schema":{"@context":"https:\/\/schema.org","@graph":[{"@type":"WebPage","@id":"https:\/\/vanitasespai.es\/ca\/tratamiento-facial-con-dermapen\/","url":"https:\/\/vanitasespai.es\/ca\/tratamiento-facial-con-dermapen\/","name":"Vanitas Espai - Tratamiento facial con Dermapen","isPartOf":{"@id":"https:\/\/vanitasespai.es\/#website"},"primaryImageOfPage":{"@id":"https:\/\/vanitasespai.es\/ca\/tratamiento-facial-con-dermapen\/#primaryimage"},"image":{"@id":"https:\/\/vanitasespai.es\/ca\/tratamiento-facial-con-dermapen\/#primaryimage"},"thumbnailUrl":"https:\/\/vanitasespai.es\/wp-content\/uploads\/2016\/11\/vnt-2016-g3.jpg","datePublished":"2025-10-08T08:48:39+00:00","dateModified":"2025-10-08T08:50:01+00:00","breadcrumb":{"@id":"https:\/\/vanitasespai.es\/ca\/tratamiento-facial-con-dermapen\/#breadcrumb"},"inLanguage":"ca","potentialAction":[{"@type":"ReadAction","target":["https:\/\/vanitasespai.es\/ca\/tratamiento-facial-con-dermapen\/"]}]},{"@type":"ImageObject","inLanguage":"ca","@id":"https:\/\/vanitasespai.es\/ca\/tratamiento-facial-con-dermapen\/#primaryimage","url":"https:\/\/vanitasespai.es\/wp-content\/uploads\/2016\/11\/vnt-2016-g3.jpg","contentUrl":"https:\/\/vanitasespai.es\/wp-content\/uploads\/2016\/11\/vnt-2016-g3.jpg","width":1000,"height":660},{"@type":"BreadcrumbList","@id":"https:\/\/vanitasespai.es\/ca\/tratamiento-facial-con-dermapen\/#breadcrumb","itemListElement":[{"@type":"ListItem","position":1,"name":"Home","item":"https:\/\/vanitasespai.es\/ca\/"},{"@type":"ListItem","position":2,"name":"Tratamiento facial con Dermapen"}]},{"@type":"WebSite","@id":"https:\/\/vanitasespai.es\/#website","url":"https:\/\/vanitasespai.es\/","name":"Vanitas Espai","description":"Mejor sal\u00f3n de Peluquer\u00eda y Est\u00e9tica de Barcelona","potentialAction":[{"@type":"SearchAction","target":{"@type":"EntryPoint","urlTemplate":"https:\/\/vanitasespai.es\/?s={search_term_string}"},"query-input":{"@type":"PropertyValueSpecification","valueRequired":true,"valueName":"search_term_string"}}],"inLanguage":"ca"}]}},"_links":{"self":[{"href":"https:\/\/vanitasespai.es\/ca\/wp-json\/wp\/v2\/pages\/19432","targetHints":{"allow":["GET"]}}],"collection":[{"href":"https:\/\/vanitasespai.es\/ca\/wp-json\/wp\/v2\/pages"}],"about":[{"href":"https:\/\/vanitasespai.es\/ca\/wp-json\/wp\/v2\/types\/page"}],"author":[{"embeddable":true,"href":"https:\/\/vanitasespai.es\/ca\/wp-json\/wp\/v2\/users\/1"}],"replies":[{"embeddable":true,"href":"https:\/\/vanitasespai.es\/ca\/wp-json\/wp\/v2\/comments?post=19432"}],"version-history":[{"count":3,"href":"https:\/\/vanitasespai.es\/ca\/wp-json\/wp\/v2\/pages\/19432\/revisions"}],"predecessor-version":[{"id":19435,"href":"https:\/\/vanitasespai.es\/ca\/wp-json\/wp\/v2\/pages\/19432\/revisions\/19435"}],"up":[{"embeddable":true,"href":"https:\/\/vanitasespai.es\/ca\/wp-json\/wp\/v2\/pages\/19452"}],"wp:featuredmedia":[{"embeddable":true,"href":"https:\/\/vanitasespai.es\/ca\/wp-json\/wp\/v2\/media\/19367"}],"wp:attachment":[{"href":"https:\/\/vanitasespai.es\/ca\/wp-json\/wp\/v2\/media?parent=19432"}],"curies":[{"name":"wp","href":"https:\/\/api.w.org\/{rel}","templated":true}]}}