{"id":19429,"date":"2025-10-08T10:47:34","date_gmt":"2025-10-08T08:47:34","guid":{"rendered":"https:\/\/vanitasespai.es\/?page_id=19429"},"modified":"2025-10-08T10:47:58","modified_gmt":"2025-10-08T08:47:58","slug":"tractament-dermapen-capilar","status":"publish","type":"page","link":"https:\/\/vanitasespai.es\/ca\/estetica\/tractament-dermapen-capilar\/","title":{"rendered":"Tractament Dermapen capilar"},"content":{"rendered":"<p>Els cabells tenen la mateixa import\u00e0ncia que qualsevol altra zona del cos. Donar-li les cures adequades \u00e9s imprescindible per mantenir-lo sa i en bon estat. Tot i aix\u00f2, en moltes ocasions, no podem evitar que sorgeixin problemes. Per sort, tractaments com el Dermapen capil\u00b7lar arriben per solucionar les necessitats m\u00e9s urgents.<\/p>\n<h2>Qu\u00e8 \u00e9s el tractament Dermapen capil\u00b7lar<\/h2>\n<p>El dispositiu Dermapen es considera una eina de tecnologia precisa ideal per a tractaments facials, per\u00f2 tamb\u00e9 per al cuir cabellut i els cabells. Aquest tractament capil\u00b7lar utilitza el mcroneedling per fer penetrar els exosoomes amb l&#8217;objectiu de frenar la caiguda i millorar-ne l&#8217;aparen\u00e7a. Gr\u00e0cies a aix\u00f2, li atorga tanta fortalesa com un aspecte natural.<\/p>\n<p>El microneedling o dermapen consisteix a fer puncions no invasives amb les microagulles del dispositiu per depostirar els nutrients o principis actius que solucionin el problema segons la zona.<\/p>\n<p>Aix\u00ed, es combina l&#8217;efectivitat del Dermapen amb els exosomes. Aquesta innovadora ter\u00e0pia consisteix a aplicar aquestes petites ves\u00edcules pels seus m\u00faltiples beneficis. Al seu interior compten amb elements de creixement, ARN missatger i prote\u00efnes, actuant com a missatgers entre les c\u00e8l\u00b7lules que regeneren els fol\u00b7licles i milloren el creixement capil\u00b7lar.<\/p>\n<p>&nbsp;<\/p>\n<h2>Beneficis d&#8217;aquest procediment per als cabells<\/h2>\n<p>La combinaci\u00f3 del Dermapen amb el tractament d&#8217;exosomes capil\u00b7lar compta amb m\u00faltiples beneficis. Aquest procediment destaca per la seva efic\u00e0cia per combatre l&#8217;alop\u00e8cia o les caigudes de cabells. A m\u00e9s, es pot dur a terme a zones localitzades o per tot el cuir cabellut, depenent del resultat a aconseguir.<\/p>\n<p>Les puncions amb aquest dispositiu es realitzen amb agulles d&#8217;un sol \u00fas, garantint la higiene. A m\u00e9s, aquest tractament prev\u00e9 la caiguda capil\u00b7lar prematura mentre enforteix els fol\u00b7licles pilosos. Com a dada a tenir en compte, els resultats s\u00f3n visibles a partir del primer mes, per la qual cosa no caldr\u00e0 esperar gaire.<\/p>\n<p>Un altre dels avantatges d&#8217;aquest tractament \u00e9s que amb prou feines \u00e9s invasiu i es fa en uns 50 minuts. A m\u00e9s, \u00e9s pr\u00e0cticament indolor, no invasiu i molt r\u00e0pid, de manera que fins i tot les persones amb por de les agulles se&#8217;l poden aplicar sense cap problema.<\/p>\n<p>Apte tant per a homes com per a dones, el millor \u00e9s que es pot combinar amb altres tractaments, com ara l&#8217;empelt. En activar la nutrici\u00f3 capil\u00b7lar, aconsegueix que el cabell creixi molt m\u00e9s fort i saludable en poc temps, incrementant fins i tot el naixement de cabells nous.<\/p>\n<p>&nbsp;<\/p>\n<h2>Com es realitza aquest tractament<\/h2>\n<p>El tractament amb Dermapen, per altra banda, s&#8217;aplica de manera senzilla i efectiva. Es duu a terme sobre el cuir cabellut infiltrant els nutrients espec\u00edfics per al creixement i l&#8217;enfortiment dels cabells directament a la pell. Entre els seus usos m\u00e9s freq\u00fcents hi ha el de millorar la qualitat dels cabells, augmentar-ne la fortalesa o incrementar la densitat capil\u00b7lar, entre d&#8217;altres.<\/p>\n<p>Amb aquesta t\u00e8cnica innovadora i efica\u00e7 s&#8217;obtenen uns resultats dignes d&#8217;admirar. En focalitzar el producte necessari a la zona espec\u00edfica que ho requereix, el tractament \u00e9s notable de forma r\u00e0pida. Aix\u00ed mateix, com d\u00e8iem, amb prou feines resulta invasiu ni dolor\u00f3s, per la qual cosa \u00e9s apte per a qualsevol persona. Nom\u00e9s acabar, el pacient pot continuar amb la seva vida normal, tenint en compte alguns consells pr\u00e0ctics despr\u00e9s de la intervenci\u00f3.<\/p>\n<p>Per exemple, cal no rentar els cabells en les primeres 24 o 48 hores perqu\u00e8 els exosomes s&#8217;absorbeixin de la manera adequada. Tamb\u00e9 cal evitar l&#8217;exposici\u00f3 al sol de forma directa, per la qual cosa \u00e9s bo fer servir barret o gorra els primers dies. Per acabar, sempre cal seguir les indicacions del professional, ja que cada cas pot ser diferent.<\/p>\n<p>&nbsp;<\/p>\n<h2>Tractaments Dermapen capil\u00b7lar a Barcelona<\/h2>\n<p>A Vanitas Espai, especialistes en procediments est\u00e8tics, comptem amb un tractament Dermapen capil\u00b7lar perfecte per a tu. Si vols un cabell m\u00e9s fort i dens o est\u00e0s lluitant contra problemes com la calv\u00edcie, aquesta ser\u00e0 la teva millor elecci\u00f3.<\/p>\n<p>&nbsp;<\/p>\n<h3>Exosomes Hair<\/h3>\n<p>El tractament Exosomes Hair de Vanitas Espai \u00e9s un procediment capil\u00b7lar no invasiu que es duu a terme amb micropunci\u00f3. Aix\u00ed mateix, alhora, s&#8217;apliquen exosomes que activen i netegen el cuir cabellut. En infiltrar-se a la pell, aquests actius s&#8217;absorbeixen de manera m\u00e9s r\u00e0pida i efectiva just a la zona localitzada.<\/p>\n<p>Com a resultat, aquest procediment millora la caiguda dels cabells des de la primera intervenci\u00f3. Aix\u00ed mateix, tamb\u00e9 destaca per la seva capacitat perqu\u00e8 els cabells tinguin un aspecte millor, cosa que deriva de la seva acci\u00f3 d&#8217;activaci\u00f3. Es tracta d&#8217;un procediment indiquen per a aquells cuirs cabelluts que pateixin de caiguda o que tinguin poca densitat. Tot i aix\u00f2, tamb\u00e9 s&#8217;aplica amb l&#8217;objectiu de revitalitzar els cabells.<\/p>\n<p>El tractament Dermapen capil\u00b7lar, com veus, compta amb m\u00faltiples beneficis per als cabells segons les necessitats espec\u00edfiques de cada persona. A Vanitas Espai trobar\u00e0s el proc\u00e9s que millor s&#8217;adapti a tu amb l&#8217;objectiu d&#8217;oblidar-te de problemes com la calv\u00edcie, la caiguda prematura o greu, aix\u00ed com dels cabells apagats i sense vida.<\/p>\n","protected":false},"excerpt":{"rendered":"<p>Els cabells tenen la mateixa import\u00e0ncia que qualsevol altra zona del cos. Donar-li les cures adequades \u00e9s imprescindible per mantenir-lo sa i en bon estat. Tot i aix\u00f2, en moltes ocasions, no podem evitar que sorgeixin problemes. Per sort, tractaments com el Dermapen capil\u00b7lar arriben per solucionar les necessitats m\u00e9s urgents. Qu\u00e8 \u00e9s el tractament [&hellip;]<\/p>\n","protected":false},"author":1,"featured_media":19367,"parent":19452,"menu_order":0,"comment_status":"closed","ping_status":"closed","template":"single-services.php","meta":{"_acf_changed":false,"_joinchat":[],"footnotes":""},"class_list":["post-19429","page","type-page","status-publish","has-post-thumbnail","hentry"],"acf":[],"yoast_head":"<!-- This site is optimized with the Yoast SEO plugin v26.1.1 - https:\/\/yoast.com\/wordpress\/plugins\/seo\/ -->\n<title>Vanitas Espai - Tractament Dermapen capilar<\/title>\n<meta name=\"robots\" content=\"index, follow, max-snippet:-1, max-image-preview:large, max-video-preview:-1\" \/>\n<link rel=\"canonical\" href=\"https:\/\/vanitasespai.es\/ca\/tractament-dermapen-capilar\/\" \/>\n<meta property=\"og:locale\" content=\"ca_ES\" \/>\n<meta property=\"og:type\" content=\"article\" \/>\n<meta property=\"og:title\" content=\"Vanitas Espai - Tractament Dermapen capilar\" \/>\n<meta property=\"og:description\" content=\"Els cabells tenen la mateixa import\u00e0ncia que qualsevol altra zona del cos. Donar-li les cures adequades \u00e9s imprescindible per mantenir-lo sa i en bon estat. Tot i aix\u00f2, en moltes ocasions, no podem evitar que sorgeixin problemes. Per sort, tractaments com el Dermapen capil\u00b7lar arriben per solucionar les necessitats m\u00e9s urgents. Qu\u00e8 \u00e9s el tractament [&hellip;]\" \/>\n<meta property=\"og:url\" content=\"https:\/\/vanitasespai.es\/ca\/tractament-dermapen-capilar\/\" \/>\n<meta property=\"og:site_name\" content=\"Vanitas Espai\" \/>\n<meta property=\"article:modified_time\" content=\"2025-10-08T08:47:58+00:00\" \/>\n<meta property=\"og:image\" content=\"https:\/\/vanitasespai.es\/wp-content\/uploads\/2016\/11\/vnt-2016-g3.jpg\" \/>\n\t<meta property=\"og:image:width\" content=\"1000\" \/>\n\t<meta property=\"og:image:height\" content=\"660\" \/>\n\t<meta property=\"og:image:type\" content=\"image\/jpeg\" \/>\n<meta name=\"twitter:card\" content=\"summary_large_image\" \/>\n<meta name=\"twitter:label1\" content=\"Temps estimat de lectura\" \/>\n\t<meta name=\"twitter:data1\" content=\"4 minuts\" \/>\n<script type=\"application\/ld+json\" class=\"yoast-schema-graph\">{\"@context\":\"https:\/\/schema.org\",\"@graph\":[{\"@type\":\"WebPage\",\"@id\":\"https:\/\/vanitasespai.es\/ca\/tractament-dermapen-capilar\/\",\"url\":\"https:\/\/vanitasespai.es\/ca\/tractament-dermapen-capilar\/\",\"name\":\"Vanitas Espai - Tractament Dermapen capilar\",\"isPartOf\":{\"@id\":\"https:\/\/vanitasespai.es\/#website\"},\"primaryImageOfPage\":{\"@id\":\"https:\/\/vanitasespai.es\/ca\/tractament-dermapen-capilar\/#primaryimage\"},\"image\":{\"@id\":\"https:\/\/vanitasespai.es\/ca\/tractament-dermapen-capilar\/#primaryimage\"},\"thumbnailUrl\":\"https:\/\/vanitasespai.es\/wp-content\/uploads\/2016\/11\/vnt-2016-g3.jpg\",\"datePublished\":\"2025-10-08T08:47:34+00:00\",\"dateModified\":\"2025-10-08T08:47:58+00:00\",\"breadcrumb\":{\"@id\":\"https:\/\/vanitasespai.es\/ca\/tractament-dermapen-capilar\/#breadcrumb\"},\"inLanguage\":\"ca\",\"potentialAction\":[{\"@type\":\"ReadAction\",\"target\":[\"https:\/\/vanitasespai.es\/ca\/tractament-dermapen-capilar\/\"]}]},{\"@type\":\"ImageObject\",\"inLanguage\":\"ca\",\"@id\":\"https:\/\/vanitasespai.es\/ca\/tractament-dermapen-capilar\/#primaryimage\",\"url\":\"https:\/\/vanitasespai.es\/wp-content\/uploads\/2016\/11\/vnt-2016-g3.jpg\",\"contentUrl\":\"https:\/\/vanitasespai.es\/wp-content\/uploads\/2016\/11\/vnt-2016-g3.jpg\",\"width\":1000,\"height\":660},{\"@type\":\"BreadcrumbList\",\"@id\":\"https:\/\/vanitasespai.es\/ca\/tractament-dermapen-capilar\/#breadcrumb\",\"itemListElement\":[{\"@type\":\"ListItem\",\"position\":1,\"name\":\"Home\",\"item\":\"https:\/\/vanitasespai.es\/ca\/\"},{\"@type\":\"ListItem\",\"position\":2,\"name\":\"Tractament Dermapen capilar\"}]},{\"@type\":\"WebSite\",\"@id\":\"https:\/\/vanitasespai.es\/#website\",\"url\":\"https:\/\/vanitasespai.es\/\",\"name\":\"Vanitas Espai\",\"description\":\"Mejor sal\u00f3n de Peluquer\u00eda y Est\u00e9tica de Barcelona\",\"potentialAction\":[{\"@type\":\"SearchAction\",\"target\":{\"@type\":\"EntryPoint\",\"urlTemplate\":\"https:\/\/vanitasespai.es\/?s={search_term_string}\"},\"query-input\":{\"@type\":\"PropertyValueSpecification\",\"valueRequired\":true,\"valueName\":\"search_term_string\"}}],\"inLanguage\":\"ca\"}]}<\/script>\n<!-- \/ Yoast SEO plugin. -->","yoast_head_json":{"title":"Vanitas Espai - Tractament Dermapen capilar","robots":{"index":"index","follow":"follow","max-snippet":"max-snippet:-1","max-image-preview":"max-image-preview:large","max-video-preview":"max-video-preview:-1"},"canonical":"https:\/\/vanitasespai.es\/ca\/tractament-dermapen-capilar\/","og_locale":"ca_ES","og_type":"article","og_title":"Vanitas Espai - Tractament Dermapen capilar","og_description":"Els cabells tenen la mateixa import\u00e0ncia que qualsevol altra zona del cos. Donar-li les cures adequades \u00e9s imprescindible per mantenir-lo sa i en bon estat. Tot i aix\u00f2, en moltes ocasions, no podem evitar que sorgeixin problemes. Per sort, tractaments com el Dermapen capil\u00b7lar arriben per solucionar les necessitats m\u00e9s urgents. Qu\u00e8 \u00e9s el tractament [&hellip;]","og_url":"https:\/\/vanitasespai.es\/ca\/tractament-dermapen-capilar\/","og_site_name":"Vanitas Espai","article_modified_time":"2025-10-08T08:47:58+00:00","og_image":[{"width":1000,"height":660,"url":"https:\/\/vanitasespai.es\/wp-content\/uploads\/2016\/11\/vnt-2016-g3.jpg","type":"image\/jpeg"}],"twitter_card":"summary_large_image","twitter_misc":{"Temps estimat de lectura":"4 minuts"},"schema":{"@context":"https:\/\/schema.org","@graph":[{"@type":"WebPage","@id":"https:\/\/vanitasespai.es\/ca\/tractament-dermapen-capilar\/","url":"https:\/\/vanitasespai.es\/ca\/tractament-dermapen-capilar\/","name":"Vanitas Espai - Tractament Dermapen capilar","isPartOf":{"@id":"https:\/\/vanitasespai.es\/#website"},"primaryImageOfPage":{"@id":"https:\/\/vanitasespai.es\/ca\/tractament-dermapen-capilar\/#primaryimage"},"image":{"@id":"https:\/\/vanitasespai.es\/ca\/tractament-dermapen-capilar\/#primaryimage"},"thumbnailUrl":"https:\/\/vanitasespai.es\/wp-content\/uploads\/2016\/11\/vnt-2016-g3.jpg","datePublished":"2025-10-08T08:47:34+00:00","dateModified":"2025-10-08T08:47:58+00:00","breadcrumb":{"@id":"https:\/\/vanitasespai.es\/ca\/tractament-dermapen-capilar\/#breadcrumb"},"inLanguage":"ca","potentialAction":[{"@type":"ReadAction","target":["https:\/\/vanitasespai.es\/ca\/tractament-dermapen-capilar\/"]}]},{"@type":"ImageObject","inLanguage":"ca","@id":"https:\/\/vanitasespai.es\/ca\/tractament-dermapen-capilar\/#primaryimage","url":"https:\/\/vanitasespai.es\/wp-content\/uploads\/2016\/11\/vnt-2016-g3.jpg","contentUrl":"https:\/\/vanitasespai.es\/wp-content\/uploads\/2016\/11\/vnt-2016-g3.jpg","width":1000,"height":660},{"@type":"BreadcrumbList","@id":"https:\/\/vanitasespai.es\/ca\/tractament-dermapen-capilar\/#breadcrumb","itemListElement":[{"@type":"ListItem","position":1,"name":"Home","item":"https:\/\/vanitasespai.es\/ca\/"},{"@type":"ListItem","position":2,"name":"Tractament Dermapen capilar"}]},{"@type":"WebSite","@id":"https:\/\/vanitasespai.es\/#website","url":"https:\/\/vanitasespai.es\/","name":"Vanitas Espai","description":"Mejor sal\u00f3n de Peluquer\u00eda y Est\u00e9tica de Barcelona","potentialAction":[{"@type":"SearchAction","target":{"@type":"EntryPoint","urlTemplate":"https:\/\/vanitasespai.es\/?s={search_term_string}"},"query-input":{"@type":"PropertyValueSpecification","valueRequired":true,"valueName":"search_term_string"}}],"inLanguage":"ca"}]}},"_links":{"self":[{"href":"https:\/\/vanitasespai.es\/ca\/wp-json\/wp\/v2\/pages\/19429","targetHints":{"allow":["GET"]}}],"collection":[{"href":"https:\/\/vanitasespai.es\/ca\/wp-json\/wp\/v2\/pages"}],"about":[{"href":"https:\/\/vanitasespai.es\/ca\/wp-json\/wp\/v2\/types\/page"}],"author":[{"embeddable":true,"href":"https:\/\/vanitasespai.es\/ca\/wp-json\/wp\/v2\/users\/1"}],"replies":[{"embeddable":true,"href":"https:\/\/vanitasespai.es\/ca\/wp-json\/wp\/v2\/comments?post=19429"}],"version-history":[{"count":2,"href":"https:\/\/vanitasespai.es\/ca\/wp-json\/wp\/v2\/pages\/19429\/revisions"}],"predecessor-version":[{"id":19431,"href":"https:\/\/vanitasespai.es\/ca\/wp-json\/wp\/v2\/pages\/19429\/revisions\/19431"}],"up":[{"embeddable":true,"href":"https:\/\/vanitasespai.es\/ca\/wp-json\/wp\/v2\/pages\/19452"}],"wp:featuredmedia":[{"embeddable":true,"href":"https:\/\/vanitasespai.es\/ca\/wp-json\/wp\/v2\/media\/19367"}],"wp:attachment":[{"href":"https:\/\/vanitasespai.es\/ca\/wp-json\/wp\/v2\/media?parent=19429"}],"curies":[{"name":"wp","href":"https:\/\/api.w.org\/{rel}","templated":true}]}}