{"id":19425,"date":"2025-10-08T10:44:04","date_gmt":"2025-10-08T08:44:04","guid":{"rendered":"https:\/\/vanitasespai.es\/?page_id=19425"},"modified":"2025-10-08T10:45:39","modified_gmt":"2025-10-08T08:45:39","slug":"tractament-facial-exosomes","status":"publish","type":"page","link":"https:\/\/vanitasespai.es\/ca\/estetica\/tractament-facial-exosomes\/","title":{"rendered":"Tractament facial Exosomes"},"content":{"rendered":"<p>Millorar l&#8217;aparen\u00e7a de la pell \u00e9s un dels objectius clau de qualsevol tractament est\u00e8tic. Si cerques un resultat efica\u00e7 sense resultar invasiu, el tractament facial amb exosomes pot ser l&#8217;elecci\u00f3 perfecta per a tu. Amb resultats visibles en uns dies, ja s&#8217;ha convertit en un dels m\u00e9s populars. A m\u00e9s, com que resulta un excel\u00b7lent cost benefici i efica\u00e7, \u00e9s un dels m\u00e9s demandats del mercat.<\/p>\n<h2>Qu\u00e8 s\u00f3n els exosomes<\/h2>\n<p>De forma t\u00e8cnica, es pot definir els exosomes com a petites ves\u00edcules procedents de les c\u00e8l\u00b7lules. En aquest sentit, destaquen pel seu gran contingut en l\u00edpids, prote\u00efnes, ARN missatger, ADN o ARN mitocondrial, entre d&#8217;altres. El seu objectiu \u00e9s aconseguir que flueixi la comunicaci\u00f3 entre les c\u00e8l\u00b7lules, participant en processos com la inflamaci\u00f3, la regeneraci\u00f3 o la immunitat.<\/p>\n<p>Els exosomes poden ser efica\u00e7os en tractaments com el de la dermatitis at\u00f2pica. Tot i aix\u00f2, tamb\u00e9 s&#8217;ha descobert que s\u00f3n capa\u00e7os de regenerar i reparar la pell en profunditat. Tot i que es van descobrir fa m\u00e9s de 10 anys, se n&#8217;ha anat seguint el progr\u00e9s fins a demostrar els seus beneficis per a la pell, aix\u00ed com per al cuir cabellut. En contenir tots els elements esmentats, produeixen una millora que es nota de manera r\u00e0pida i efectiva despr\u00e9s de dur a terme el tractament.<\/p>\n<h2>Quins beneficis tenen els exosomes a la teva pell<\/h2>\n<p>Els exosomes s\u00f3n regeneradors d\u00e8rmics que equilibren i reparen la pell, millorant la seva lluminositat i aparen\u00e7a. D&#8217;aquesta manera aconsegueixen acabar amb problemes d&#8217;opacitat o d&#8217;envermelliment. Aix\u00ed mateix, actuen en el rejoveniment de pells castigades pels raigs solars, per\u00f2 tamb\u00e9 a la pell fina, sensible, aspra o amb porus dilatats.<\/p>\n<p>El millor del tractament facial amb exosomes \u00e9s que es pot dur a terme a qualsevol tipus de pell. En abastar un ampli ventall de problemes, s\u00f3n moltes les persones que se&#8217;n poden beneficiar, aconseguint acabar amb la problem\u00e0tica present a casa cas. Aix\u00ed mateix, la ci\u00e8ncia tamb\u00e9 ha demostrat que aquest tractament \u00e9s capa\u00e7 d&#8217;incrementar el col\u00b7lagen o l&#8217;elastina, elements imprescindibles perqu\u00e8 la pell romangui sana i m\u00e9s jove.<\/p>\n<p>Un altre dels beneficis d&#8217;aquest tractament \u00e9s la rapidesa amb qu\u00e8 es noten els seus resultats. Despr\u00e9s de la seva aplicaci\u00f3, la pell tindr\u00e0 una aparen\u00e7a m\u00e9s suau i molt m\u00e9s hidratada. A m\u00e9s, nom\u00e9s cal esperar entre dos i tres dies per notar del tot el resultat final. Com que no \u00e9s un tractament dolor\u00f3s, pot ser un gran aliat contra l&#8217;envelliment i com a potenciador de la cura del rostre.<\/p>\n<h2>Com s&#8217;apliquen els tractaments<\/h2>\n<p>De manera general, els tractaments amb exosomes s&#8217;apliquen amb microneedling (dermapen), radiofreq\u00fc\u00e8ncia o ter\u00e0pia fotodin\u00e0mica. L&#8217;elecci\u00f3 d&#8217;una aplicaci\u00f3 o una altra dependr\u00e0 de la zona a tractar, aix\u00ed com de les necessitats espec\u00edfiques de cada persona. Per aix\u00f2, \u00e9s imprescindible fer un diagn\u00f2stic previ de la pell per determinar qu\u00e8 \u00e9s millor segons el cas.<\/p>\n<p>Aquest tipus de tractaments, no obstant, solen compartir el pas a pas en la seva execuci\u00f3. Aix\u00ed, es comen\u00e7a amb una neteja i un peeling exfoliant per obrir porus. Despr\u00e9s, es fa el tractament en q\u00fcesti\u00f3 d&#8217;acord amb les necessitats de la persona. Despr\u00e9s d&#8217;obrir els canals de la pell, s&#8217;apliquen els exosoma i, per acabar, es finalitza amb una m\u00e0scara calmant i hidratant. Finalment, se segella el procediment amb crema amb protecci\u00f3 solar d&#8217;ampli espectre.<\/p>\n<h2>Tractaments amb exosomes a Vanitas Espai<\/h2>\n<p>A Vanitas Espai podr\u00e0s trobar dos tractaments amb exosomes capa\u00e7os de rejovenir la teva pell i aportar-li aquesta lluminositat que ha pogut perdre amb el pas del temps oa causa d&#8217;altres factors, com els raigs del sol. Com que s\u00f3n dos procediments diferents, podr\u00e0s triar el que millor s&#8217;ajusti a les teves necessitats personals.<\/p>\n<h2>Exosomes Whitening<\/h2>\n<p>Aquest tractament facial destaca per no ser invasiu per a la pell. Es porta a terme amb micropunci\u00f3, tamb\u00e9 conegut com a dermapen o microneedling i el seu pas a pas \u00e9s molt senzill. L&#8217;objectiu \u00e9s aplicar diferents exosomes amb efecte aclaridor que combaten la pigmentaci\u00f3 fosca i milloren l&#8217;oxidaci\u00f3 de la pell.<\/p>\n<p>\u00c9s un procediment recomanat per a tota mena de pells, incidint en aquelles amb hiperpigmentaci\u00f3. A m\u00e9s, \u00e9s un proc\u00e9s r\u00e0pid, que es porta a terme en tan sols 50 minuts, de manera que notar\u00e0s els resultats desitjats ben aviat.<\/p>\n<h2>\nExosomes Antiaging<\/h2>\n<p>D&#8217;altra banda, tamb\u00e9 trobareu el tractament Antiaging. Un altre cop, \u00e9s un tractament que comparteix la forma d&#8217;aplicaci\u00f3 amb l&#8217;anterior per\u00f2 que, en aquest cas, el seu objectiu se centra en el rejoveniment de la pell. Per fer-ho, s&#8217;apliquen exosomes antiedat, aix\u00ed com altres principis que lluiten contra l&#8217;envelliment.<\/p>\n<p>Aquesta combinaci\u00f3 incrementa l&#8217;activaci\u00f3 de les c\u00e8l\u00b7lules alhora que repara la pell. Tamb\u00e9 es recomana per a qualsevol tipus de pell amb signes d&#8217;envelliment i compta amb una durada de 50 minuts.<\/p>\n<p>En definitiva, si notes la teva pell menys cuidada, apagada o veus que han aparegut signes de ledat, un tractament facial amb exosomes pot ser una gran soluci\u00f3. A Vanitas Espai, experts en procediments est\u00e8tics, trobar\u00e0s aquell que s&#8217;adapti millor al que necessites.<\/p>\n","protected":false},"excerpt":{"rendered":"<p>Millorar l&#8217;aparen\u00e7a de la pell \u00e9s un dels objectius clau de qualsevol tractament est\u00e8tic. Si cerques un resultat efica\u00e7 sense resultar invasiu, el tractament facial amb exosomes pot ser l&#8217;elecci\u00f3 perfecta per a tu. Amb resultats visibles en uns dies, ja s&#8217;ha convertit en un dels m\u00e9s populars. A m\u00e9s, com que resulta un excel\u00b7lent [&hellip;]<\/p>\n","protected":false},"author":1,"featured_media":19367,"parent":19452,"menu_order":0,"comment_status":"closed","ping_status":"closed","template":"single-services.php","meta":{"_acf_changed":false,"_joinchat":[],"footnotes":""},"class_list":["post-19425","page","type-page","status-publish","has-post-thumbnail","hentry"],"acf":[],"yoast_head":"<!-- This site is optimized with the Yoast SEO plugin v26.1.1 - https:\/\/yoast.com\/wordpress\/plugins\/seo\/ -->\n<title>Vanitas Espai - Tractament facial Exosomes<\/title>\n<meta name=\"robots\" content=\"index, follow, max-snippet:-1, max-image-preview:large, max-video-preview:-1\" \/>\n<link rel=\"canonical\" href=\"https:\/\/vanitasespai.es\/ca\/tractament-facial-exosomes\/\" \/>\n<meta property=\"og:locale\" content=\"ca_ES\" \/>\n<meta property=\"og:type\" content=\"article\" \/>\n<meta property=\"og:title\" content=\"Vanitas Espai - Tractament facial Exosomes\" \/>\n<meta property=\"og:description\" content=\"Millorar l&#8217;aparen\u00e7a de la pell \u00e9s un dels objectius clau de qualsevol tractament est\u00e8tic. Si cerques un resultat efica\u00e7 sense resultar invasiu, el tractament facial amb exosomes pot ser l&#8217;elecci\u00f3 perfecta per a tu. Amb resultats visibles en uns dies, ja s&#8217;ha convertit en un dels m\u00e9s populars. A m\u00e9s, com que resulta un excel\u00b7lent [&hellip;]\" \/>\n<meta property=\"og:url\" content=\"https:\/\/vanitasespai.es\/ca\/tractament-facial-exosomes\/\" \/>\n<meta property=\"og:site_name\" content=\"Vanitas Espai\" \/>\n<meta property=\"article:modified_time\" content=\"2025-10-08T08:45:39+00:00\" \/>\n<meta property=\"og:image\" content=\"https:\/\/vanitasespai.es\/wp-content\/uploads\/2016\/11\/vnt-2016-g3.jpg\" \/>\n\t<meta property=\"og:image:width\" content=\"1000\" \/>\n\t<meta property=\"og:image:height\" content=\"660\" \/>\n\t<meta property=\"og:image:type\" content=\"image\/jpeg\" \/>\n<meta name=\"twitter:card\" content=\"summary_large_image\" \/>\n<meta name=\"twitter:label1\" content=\"Temps estimat de lectura\" \/>\n\t<meta name=\"twitter:data1\" content=\"5 minuts\" \/>\n<script type=\"application\/ld+json\" class=\"yoast-schema-graph\">{\"@context\":\"https:\/\/schema.org\",\"@graph\":[{\"@type\":\"WebPage\",\"@id\":\"https:\/\/vanitasespai.es\/ca\/tractament-facial-exosomes\/\",\"url\":\"https:\/\/vanitasespai.es\/ca\/tractament-facial-exosomes\/\",\"name\":\"Vanitas Espai - Tractament facial Exosomes\",\"isPartOf\":{\"@id\":\"https:\/\/vanitasespai.es\/#website\"},\"primaryImageOfPage\":{\"@id\":\"https:\/\/vanitasespai.es\/ca\/tractament-facial-exosomes\/#primaryimage\"},\"image\":{\"@id\":\"https:\/\/vanitasespai.es\/ca\/tractament-facial-exosomes\/#primaryimage\"},\"thumbnailUrl\":\"https:\/\/vanitasespai.es\/wp-content\/uploads\/2016\/11\/vnt-2016-g3.jpg\",\"datePublished\":\"2025-10-08T08:44:04+00:00\",\"dateModified\":\"2025-10-08T08:45:39+00:00\",\"breadcrumb\":{\"@id\":\"https:\/\/vanitasespai.es\/ca\/tractament-facial-exosomes\/#breadcrumb\"},\"inLanguage\":\"ca\",\"potentialAction\":[{\"@type\":\"ReadAction\",\"target\":[\"https:\/\/vanitasespai.es\/ca\/tractament-facial-exosomes\/\"]}]},{\"@type\":\"ImageObject\",\"inLanguage\":\"ca\",\"@id\":\"https:\/\/vanitasespai.es\/ca\/tractament-facial-exosomes\/#primaryimage\",\"url\":\"https:\/\/vanitasespai.es\/wp-content\/uploads\/2016\/11\/vnt-2016-g3.jpg\",\"contentUrl\":\"https:\/\/vanitasespai.es\/wp-content\/uploads\/2016\/11\/vnt-2016-g3.jpg\",\"width\":1000,\"height\":660},{\"@type\":\"BreadcrumbList\",\"@id\":\"https:\/\/vanitasespai.es\/ca\/tractament-facial-exosomes\/#breadcrumb\",\"itemListElement\":[{\"@type\":\"ListItem\",\"position\":1,\"name\":\"Home\",\"item\":\"https:\/\/vanitasespai.es\/ca\/\"},{\"@type\":\"ListItem\",\"position\":2,\"name\":\"Tractament facial Exosomes\"}]},{\"@type\":\"WebSite\",\"@id\":\"https:\/\/vanitasespai.es\/#website\",\"url\":\"https:\/\/vanitasespai.es\/\",\"name\":\"Vanitas Espai\",\"description\":\"Mejor sal\u00f3n de Peluquer\u00eda y Est\u00e9tica de Barcelona\",\"potentialAction\":[{\"@type\":\"SearchAction\",\"target\":{\"@type\":\"EntryPoint\",\"urlTemplate\":\"https:\/\/vanitasespai.es\/?s={search_term_string}\"},\"query-input\":{\"@type\":\"PropertyValueSpecification\",\"valueRequired\":true,\"valueName\":\"search_term_string\"}}],\"inLanguage\":\"ca\"}]}<\/script>\n<!-- \/ Yoast SEO plugin. -->","yoast_head_json":{"title":"Vanitas Espai - Tractament facial Exosomes","robots":{"index":"index","follow":"follow","max-snippet":"max-snippet:-1","max-image-preview":"max-image-preview:large","max-video-preview":"max-video-preview:-1"},"canonical":"https:\/\/vanitasespai.es\/ca\/tractament-facial-exosomes\/","og_locale":"ca_ES","og_type":"article","og_title":"Vanitas Espai - Tractament facial Exosomes","og_description":"Millorar l&#8217;aparen\u00e7a de la pell \u00e9s un dels objectius clau de qualsevol tractament est\u00e8tic. Si cerques un resultat efica\u00e7 sense resultar invasiu, el tractament facial amb exosomes pot ser l&#8217;elecci\u00f3 perfecta per a tu. Amb resultats visibles en uns dies, ja s&#8217;ha convertit en un dels m\u00e9s populars. A m\u00e9s, com que resulta un excel\u00b7lent [&hellip;]","og_url":"https:\/\/vanitasespai.es\/ca\/tractament-facial-exosomes\/","og_site_name":"Vanitas Espai","article_modified_time":"2025-10-08T08:45:39+00:00","og_image":[{"width":1000,"height":660,"url":"https:\/\/vanitasespai.es\/wp-content\/uploads\/2016\/11\/vnt-2016-g3.jpg","type":"image\/jpeg"}],"twitter_card":"summary_large_image","twitter_misc":{"Temps estimat de lectura":"5 minuts"},"schema":{"@context":"https:\/\/schema.org","@graph":[{"@type":"WebPage","@id":"https:\/\/vanitasespai.es\/ca\/tractament-facial-exosomes\/","url":"https:\/\/vanitasespai.es\/ca\/tractament-facial-exosomes\/","name":"Vanitas Espai - Tractament facial Exosomes","isPartOf":{"@id":"https:\/\/vanitasespai.es\/#website"},"primaryImageOfPage":{"@id":"https:\/\/vanitasespai.es\/ca\/tractament-facial-exosomes\/#primaryimage"},"image":{"@id":"https:\/\/vanitasespai.es\/ca\/tractament-facial-exosomes\/#primaryimage"},"thumbnailUrl":"https:\/\/vanitasespai.es\/wp-content\/uploads\/2016\/11\/vnt-2016-g3.jpg","datePublished":"2025-10-08T08:44:04+00:00","dateModified":"2025-10-08T08:45:39+00:00","breadcrumb":{"@id":"https:\/\/vanitasespai.es\/ca\/tractament-facial-exosomes\/#breadcrumb"},"inLanguage":"ca","potentialAction":[{"@type":"ReadAction","target":["https:\/\/vanitasespai.es\/ca\/tractament-facial-exosomes\/"]}]},{"@type":"ImageObject","inLanguage":"ca","@id":"https:\/\/vanitasespai.es\/ca\/tractament-facial-exosomes\/#primaryimage","url":"https:\/\/vanitasespai.es\/wp-content\/uploads\/2016\/11\/vnt-2016-g3.jpg","contentUrl":"https:\/\/vanitasespai.es\/wp-content\/uploads\/2016\/11\/vnt-2016-g3.jpg","width":1000,"height":660},{"@type":"BreadcrumbList","@id":"https:\/\/vanitasespai.es\/ca\/tractament-facial-exosomes\/#breadcrumb","itemListElement":[{"@type":"ListItem","position":1,"name":"Home","item":"https:\/\/vanitasespai.es\/ca\/"},{"@type":"ListItem","position":2,"name":"Tractament facial Exosomes"}]},{"@type":"WebSite","@id":"https:\/\/vanitasespai.es\/#website","url":"https:\/\/vanitasespai.es\/","name":"Vanitas Espai","description":"Mejor sal\u00f3n de Peluquer\u00eda y Est\u00e9tica de Barcelona","potentialAction":[{"@type":"SearchAction","target":{"@type":"EntryPoint","urlTemplate":"https:\/\/vanitasespai.es\/?s={search_term_string}"},"query-input":{"@type":"PropertyValueSpecification","valueRequired":true,"valueName":"search_term_string"}}],"inLanguage":"ca"}]}},"_links":{"self":[{"href":"https:\/\/vanitasespai.es\/ca\/wp-json\/wp\/v2\/pages\/19425","targetHints":{"allow":["GET"]}}],"collection":[{"href":"https:\/\/vanitasespai.es\/ca\/wp-json\/wp\/v2\/pages"}],"about":[{"href":"https:\/\/vanitasespai.es\/ca\/wp-json\/wp\/v2\/types\/page"}],"author":[{"embeddable":true,"href":"https:\/\/vanitasespai.es\/ca\/wp-json\/wp\/v2\/users\/1"}],"replies":[{"embeddable":true,"href":"https:\/\/vanitasespai.es\/ca\/wp-json\/wp\/v2\/comments?post=19425"}],"version-history":[{"count":3,"href":"https:\/\/vanitasespai.es\/ca\/wp-json\/wp\/v2\/pages\/19425\/revisions"}],"predecessor-version":[{"id":19428,"href":"https:\/\/vanitasespai.es\/ca\/wp-json\/wp\/v2\/pages\/19425\/revisions\/19428"}],"up":[{"embeddable":true,"href":"https:\/\/vanitasespai.es\/ca\/wp-json\/wp\/v2\/pages\/19452"}],"wp:featuredmedia":[{"embeddable":true,"href":"https:\/\/vanitasespai.es\/ca\/wp-json\/wp\/v2\/media\/19367"}],"wp:attachment":[{"href":"https:\/\/vanitasespai.es\/ca\/wp-json\/wp\/v2\/media?parent=19425"}],"curies":[{"name":"wp","href":"https:\/\/api.w.org\/{rel}","templated":true}]}}