{"id":19421,"date":"2025-10-08T10:34:13","date_gmt":"2025-10-08T08:34:13","guid":{"rendered":"https:\/\/vanitasespai.es\/?page_id=19421"},"modified":"2026-01-12T12:14:52","modified_gmt":"2026-01-12T11:14:52","slug":"higiene-facial","status":"publish","type":"page","link":"https:\/\/vanitasespai.es\/ca\/estetica\/higiene-facial\/","title":{"rendered":"Higiene facial"},"content":{"rendered":"<p><strong>Sents que tens massa porus i punts negres?<\/strong> T&#8217;agradaria aconseguir una pell llisa i llisa, completament neta, com les actrius de les pel\u00b7l\u00edcules?<br \/>\n<strong>Et notes la pell apagada, resseca o massa greixosa?<\/strong> Preferiries un cutis de porcellana, suau, brillant i saludable?<\/p>\n<p>La pell es va embrutant per moltes raons: el tabac, l&#8217;estr\u00e8s, la contaminaci\u00f3 ambiental, el pas dels anys, els maquillatges, les cremes i molt m\u00e9s&#8230; Si no en tenim cura, el seu aspecte es va deteriorant i perd la frescor de la joventut.<\/p>\n<h2>Renova la teva imatge amb una higiene facial completa a Vanitas Espai:<\/h2>\n<p>A Vanitas Espai comptem amb professionals de categoria per eliminar totes les impureses de la pell i deixar-te una cara com la d&#8217;una<em> geisha<\/em> japonesa. Tenim un ampli ventall de serveis de <strong>tractaments facials<\/strong> disponibles per a tu. Pots consultar-los tots i veure quin \u00e9s el que t&#8217;encaixa millor!<\/p>\n<p>Tot i aix\u00f2, en aquest post passarem a detallar-te punt per punt quin \u00e9s el procediment que fem servir per fer una higiene facial, que millorar\u00e0 sensiblement l&#8217;estatus de la teva pell<\/p>\n<p><strong>PAS 1 &#8211;\u00a0 NETEJA:<\/strong> Retirem restes de maquillatge i impureses.<\/p>\n<hr \/>\n<p><strong>PAS 2 &#8211; EXFOLIACI\u00d3 (PEELING):<\/strong> Desincrustem les impureses m\u00e9s profundes.<\/p>\n<hr \/>\n<p><strong>PAS 3 &#8211; PEELING ULTRAS\u00d2NIC:<\/strong> En aquest pas fem servir una esp\u00e0tula d&#8217;acer quir\u00fargic amb la funci\u00f3 de trencar la brut\u00edcia i eliminar el greix adherit a la superf\u00edcie de la pell per optimitzar en la preparaci\u00f3 per a l&#8217;extracci\u00f3.<\/p>\n<hr \/>\n<p><strong>PAS 4 &#8211; VAPOR D&#8217;OZ\u00d3:<\/strong> Obrim els porus i punts negres.<\/p>\n<hr \/>\n<p><strong>PAS 5 &#8211; EXTRACCI\u00d3:<\/strong> Traiem els indesitjats punts negres sense fer malb\u00e9 la pell.<\/p>\n<hr \/>\n<p><strong>PAS 6 &#8211; ALTA FREQ\u00dc\u00c8NCIA:<\/strong> Tanquem porus, cauteritzem i oxigenem la pell.<\/p>\n<hr \/>\n<p><strong>PAS 7 &#8211; MASSATGE \u00a0FACIAL:<\/strong> Fem un extens massatge sobre rostre, coll i escot.<\/p>\n<hr \/>\n<p><strong>PAS 8 &#8211; MASCARETA:<\/strong> Apliquem la m\u00e0scara m\u00e9s adequada al tipus de pell.<\/p>\n<hr \/>\n","protected":false},"excerpt":{"rendered":"<p>Sents que tens massa porus i punts negres? T&#8217;agradaria aconseguir una pell llisa i llisa, completament neta, com les actrius de les pel\u00b7l\u00edcules? Et notes la pell apagada, resseca o massa greixosa? Preferiries un cutis de porcellana, suau, brillant i saludable? La pell es va embrutant per moltes raons: el tabac, l&#8217;estr\u00e8s, la contaminaci\u00f3 ambiental, [&hellip;]<\/p>\n","protected":false},"author":1,"featured_media":19367,"parent":19452,"menu_order":0,"comment_status":"closed","ping_status":"closed","template":"single-services.php","meta":{"_acf_changed":false,"_joinchat":[],"footnotes":""},"class_list":["post-19421","page","type-page","status-publish","has-post-thumbnail","hentry"],"acf":[],"yoast_head":"<!-- This site is optimized with the Yoast SEO plugin v26.1.1 - https:\/\/yoast.com\/wordpress\/plugins\/seo\/ -->\n<title>Vanitas Espai - Higiene facial<\/title>\n<meta name=\"robots\" content=\"index, follow, max-snippet:-1, max-image-preview:large, max-video-preview:-1\" \/>\n<link rel=\"canonical\" href=\"https:\/\/vanitasespai.es\/ca\/estetica\/higiene-facial\/\" \/>\n<meta property=\"og:locale\" content=\"ca_ES\" \/>\n<meta property=\"og:type\" content=\"article\" \/>\n<meta property=\"og:title\" content=\"Vanitas Espai - Higiene facial\" \/>\n<meta property=\"og:description\" content=\"Sents que tens massa porus i punts negres? T&#8217;agradaria aconseguir una pell llisa i llisa, completament neta, com les actrius de les pel\u00b7l\u00edcules? Et notes la pell apagada, resseca o massa greixosa? Preferiries un cutis de porcellana, suau, brillant i saludable? La pell es va embrutant per moltes raons: el tabac, l&#8217;estr\u00e8s, la contaminaci\u00f3 ambiental, [&hellip;]\" \/>\n<meta property=\"og:url\" content=\"https:\/\/vanitasespai.es\/ca\/estetica\/higiene-facial\/\" \/>\n<meta property=\"og:site_name\" content=\"Vanitas Espai\" \/>\n<meta property=\"article:modified_time\" content=\"2026-01-12T11:14:52+00:00\" \/>\n<meta property=\"og:image\" content=\"https:\/\/vanitasespai.es\/wp-content\/uploads\/2016\/11\/vnt-2016-g3.jpg\" \/>\n\t<meta property=\"og:image:width\" content=\"1000\" \/>\n\t<meta property=\"og:image:height\" content=\"660\" \/>\n\t<meta property=\"og:image:type\" content=\"image\/jpeg\" \/>\n<meta name=\"twitter:card\" content=\"summary_large_image\" \/>\n<meta name=\"twitter:label1\" content=\"Temps estimat de lectura\" \/>\n\t<meta name=\"twitter:data1\" content=\"2 minuts\" \/>\n<script type=\"application\/ld+json\" class=\"yoast-schema-graph\">{\"@context\":\"https:\/\/schema.org\",\"@graph\":[{\"@type\":\"WebPage\",\"@id\":\"https:\/\/vanitasespai.es\/ca\/estetica\/higiene-facial\/\",\"url\":\"https:\/\/vanitasespai.es\/ca\/estetica\/higiene-facial\/\",\"name\":\"Vanitas Espai - Higiene facial\",\"isPartOf\":{\"@id\":\"https:\/\/vanitasespai.es\/#website\"},\"primaryImageOfPage\":{\"@id\":\"https:\/\/vanitasespai.es\/ca\/estetica\/higiene-facial\/#primaryimage\"},\"image\":{\"@id\":\"https:\/\/vanitasespai.es\/ca\/estetica\/higiene-facial\/#primaryimage\"},\"thumbnailUrl\":\"https:\/\/vanitasespai.es\/wp-content\/uploads\/2016\/11\/vnt-2016-g3.jpg\",\"datePublished\":\"2025-10-08T08:34:13+00:00\",\"dateModified\":\"2026-01-12T11:14:52+00:00\",\"breadcrumb\":{\"@id\":\"https:\/\/vanitasespai.es\/ca\/estetica\/higiene-facial\/#breadcrumb\"},\"inLanguage\":\"ca\",\"potentialAction\":[{\"@type\":\"ReadAction\",\"target\":[\"https:\/\/vanitasespai.es\/ca\/estetica\/higiene-facial\/\"]}]},{\"@type\":\"ImageObject\",\"inLanguage\":\"ca\",\"@id\":\"https:\/\/vanitasespai.es\/ca\/estetica\/higiene-facial\/#primaryimage\",\"url\":\"https:\/\/vanitasespai.es\/wp-content\/uploads\/2016\/11\/vnt-2016-g3.jpg\",\"contentUrl\":\"https:\/\/vanitasespai.es\/wp-content\/uploads\/2016\/11\/vnt-2016-g3.jpg\",\"width\":1000,\"height\":660},{\"@type\":\"BreadcrumbList\",\"@id\":\"https:\/\/vanitasespai.es\/ca\/estetica\/higiene-facial\/#breadcrumb\",\"itemListElement\":[{\"@type\":\"ListItem\",\"position\":1,\"name\":\"Home\",\"item\":\"https:\/\/vanitasespai.es\/ca\/\"},{\"@type\":\"ListItem\",\"position\":2,\"name\":\"Est\u00e8tica\",\"item\":\"https:\/\/vanitasespai.es\/ca\/estetica\/\"},{\"@type\":\"ListItem\",\"position\":3,\"name\":\"Higiene facial\"}]},{\"@type\":\"WebSite\",\"@id\":\"https:\/\/vanitasespai.es\/#website\",\"url\":\"https:\/\/vanitasespai.es\/\",\"name\":\"Vanitas Espai\",\"description\":\"Mejor sal\u00f3n de Peluquer\u00eda y Est\u00e9tica de Barcelona\",\"potentialAction\":[{\"@type\":\"SearchAction\",\"target\":{\"@type\":\"EntryPoint\",\"urlTemplate\":\"https:\/\/vanitasespai.es\/?s={search_term_string}\"},\"query-input\":{\"@type\":\"PropertyValueSpecification\",\"valueRequired\":true,\"valueName\":\"search_term_string\"}}],\"inLanguage\":\"ca\"}]}<\/script>\n<!-- \/ Yoast SEO plugin. -->","yoast_head_json":{"title":"Vanitas Espai - Higiene facial","robots":{"index":"index","follow":"follow","max-snippet":"max-snippet:-1","max-image-preview":"max-image-preview:large","max-video-preview":"max-video-preview:-1"},"canonical":"https:\/\/vanitasespai.es\/ca\/estetica\/higiene-facial\/","og_locale":"ca_ES","og_type":"article","og_title":"Vanitas Espai - Higiene facial","og_description":"Sents que tens massa porus i punts negres? T&#8217;agradaria aconseguir una pell llisa i llisa, completament neta, com les actrius de les pel\u00b7l\u00edcules? Et notes la pell apagada, resseca o massa greixosa? Preferiries un cutis de porcellana, suau, brillant i saludable? La pell es va embrutant per moltes raons: el tabac, l&#8217;estr\u00e8s, la contaminaci\u00f3 ambiental, [&hellip;]","og_url":"https:\/\/vanitasespai.es\/ca\/estetica\/higiene-facial\/","og_site_name":"Vanitas Espai","article_modified_time":"2026-01-12T11:14:52+00:00","og_image":[{"width":1000,"height":660,"url":"https:\/\/vanitasespai.es\/wp-content\/uploads\/2016\/11\/vnt-2016-g3.jpg","type":"image\/jpeg"}],"twitter_card":"summary_large_image","twitter_misc":{"Temps estimat de lectura":"2 minuts"},"schema":{"@context":"https:\/\/schema.org","@graph":[{"@type":"WebPage","@id":"https:\/\/vanitasespai.es\/ca\/estetica\/higiene-facial\/","url":"https:\/\/vanitasespai.es\/ca\/estetica\/higiene-facial\/","name":"Vanitas Espai - Higiene facial","isPartOf":{"@id":"https:\/\/vanitasespai.es\/#website"},"primaryImageOfPage":{"@id":"https:\/\/vanitasespai.es\/ca\/estetica\/higiene-facial\/#primaryimage"},"image":{"@id":"https:\/\/vanitasespai.es\/ca\/estetica\/higiene-facial\/#primaryimage"},"thumbnailUrl":"https:\/\/vanitasespai.es\/wp-content\/uploads\/2016\/11\/vnt-2016-g3.jpg","datePublished":"2025-10-08T08:34:13+00:00","dateModified":"2026-01-12T11:14:52+00:00","breadcrumb":{"@id":"https:\/\/vanitasespai.es\/ca\/estetica\/higiene-facial\/#breadcrumb"},"inLanguage":"ca","potentialAction":[{"@type":"ReadAction","target":["https:\/\/vanitasespai.es\/ca\/estetica\/higiene-facial\/"]}]},{"@type":"ImageObject","inLanguage":"ca","@id":"https:\/\/vanitasespai.es\/ca\/estetica\/higiene-facial\/#primaryimage","url":"https:\/\/vanitasespai.es\/wp-content\/uploads\/2016\/11\/vnt-2016-g3.jpg","contentUrl":"https:\/\/vanitasespai.es\/wp-content\/uploads\/2016\/11\/vnt-2016-g3.jpg","width":1000,"height":660},{"@type":"BreadcrumbList","@id":"https:\/\/vanitasespai.es\/ca\/estetica\/higiene-facial\/#breadcrumb","itemListElement":[{"@type":"ListItem","position":1,"name":"Home","item":"https:\/\/vanitasespai.es\/ca\/"},{"@type":"ListItem","position":2,"name":"Est\u00e8tica","item":"https:\/\/vanitasespai.es\/ca\/estetica\/"},{"@type":"ListItem","position":3,"name":"Higiene facial"}]},{"@type":"WebSite","@id":"https:\/\/vanitasespai.es\/#website","url":"https:\/\/vanitasespai.es\/","name":"Vanitas Espai","description":"Mejor sal\u00f3n de Peluquer\u00eda y Est\u00e9tica de Barcelona","potentialAction":[{"@type":"SearchAction","target":{"@type":"EntryPoint","urlTemplate":"https:\/\/vanitasespai.es\/?s={search_term_string}"},"query-input":{"@type":"PropertyValueSpecification","valueRequired":true,"valueName":"search_term_string"}}],"inLanguage":"ca"}]}},"_links":{"self":[{"href":"https:\/\/vanitasespai.es\/ca\/wp-json\/wp\/v2\/pages\/19421","targetHints":{"allow":["GET"]}}],"collection":[{"href":"https:\/\/vanitasespai.es\/ca\/wp-json\/wp\/v2\/pages"}],"about":[{"href":"https:\/\/vanitasespai.es\/ca\/wp-json\/wp\/v2\/types\/page"}],"author":[{"embeddable":true,"href":"https:\/\/vanitasespai.es\/ca\/wp-json\/wp\/v2\/users\/1"}],"replies":[{"embeddable":true,"href":"https:\/\/vanitasespai.es\/ca\/wp-json\/wp\/v2\/comments?post=19421"}],"version-history":[{"count":4,"href":"https:\/\/vanitasespai.es\/ca\/wp-json\/wp\/v2\/pages\/19421\/revisions"}],"predecessor-version":[{"id":19795,"href":"https:\/\/vanitasespai.es\/ca\/wp-json\/wp\/v2\/pages\/19421\/revisions\/19795"}],"up":[{"embeddable":true,"href":"https:\/\/vanitasespai.es\/ca\/wp-json\/wp\/v2\/pages\/19452"}],"wp:featuredmedia":[{"embeddable":true,"href":"https:\/\/vanitasespai.es\/ca\/wp-json\/wp\/v2\/media\/19367"}],"wp:attachment":[{"href":"https:\/\/vanitasespai.es\/ca\/wp-json\/wp\/v2\/media?parent=19421"}],"curies":[{"name":"wp","href":"https:\/\/api.w.org\/{rel}","templated":true}]}}