{"id":19409,"date":"2025-10-08T10:16:31","date_gmt":"2025-10-08T08:16:31","guid":{"rendered":"https:\/\/vanitasespai.es\/?page_id=19409"},"modified":"2026-01-12T12:19:56","modified_gmt":"2026-01-12T11:19:56","slug":"depilacio-amb-fil","status":"publish","type":"page","link":"https:\/\/vanitasespai.es\/ca\/estetica\/depilacio-amb-fil\/","title":{"rendered":"Depilaci\u00f3 amb Fil"},"content":{"rendered":"<h2>Depilaci\u00f3 Amb Fil<\/h2>\n<p>La depilaci\u00f3 amb fil (o \u201cthreading\u201d) \u00e9s una pr\u00e0ctica oriental mil\u00b7len\u00e0ria que constitueix, sens dubte, el millor i m\u00e9s natural m\u00e8tode de depilaci\u00f3 facial que hi ha actualment.<br \/>\nAquesta t\u00e8cnica arrenca els cabells d&#8217;arrel i \u00e9s perfecte per eliminar el p\u00e8l de qualsevol zona de la cara.<br \/>\nPer fer la depilaci\u00f3, es fan servir cordes de cot\u00f3 que, mitjan\u00e7ant un moviment controlat endavant i enrere, arrenquen el p\u00e8l d&#8217;arrel i en el sentit contrari al seu creixement. Els fils actuen com a pinces, formant una X, i arrenquen subtilment els cabells de forma pr\u00e0cticament indolora (a difer\u00e8ncia d&#8217;altres t\u00e8cniques de depilaci\u00f3).<\/p>\n<p>Vols saber-ne m\u00e9s sobre depilaci\u00f3 facial? Consulta <a href=\"https:\/\/vanitasespai.es\/contenidos-destacados\/depilacion-facial\/\">aquest enlla\u00e7.<\/a><\/p>\n<h4>AVANTATGES<\/h4>\n<p>\u00b7 No irrita la pell com passa amb la cera o les pinces<br \/>\n\u00b7 Arrenca el p\u00e8l d&#8217;arrel encara que els p\u00e8l\u00b7lits estiguin curts<br \/>\n\u00b7 Sovint aquest triga fins a setmanes a cr\u00e9ixer<br \/>\n\u00b7 Es pot treure tot el p\u00e8l facial sense que aquest engruixi<br \/>\n\u00b7 \u00c9s compatible amb un peeling o un tractament amb \u00e0cids si volem depilar-nos les celles<br \/>\n\u00b7 Permet depilar de forma senzilla zones especialment delicades, com les celles o el llavi superior, ja que no elimina capes de pell<br \/>\n\u00b7 \u00c9s una alternativa excel\u00b7lent en casos de Psoriasi (les persones amb aquesta classe d&#8217;alteraci\u00f3 d\u00e8rmica no es poden practicar cap altre tipus de depilaci\u00f3)<\/p>\n<p>Vanitas Espai \u00e9s un dels pocs salons on podem oferir-te un servei de veritables especialistes. No deixeu passar l&#8217;oportunitat de provar-ho.<\/p>\n<p><iframe loading=\"lazy\" title=\"YouTube video player\" src=\"https:\/\/www.youtube.com\/embed\/vrYU7fKXzAw\" width=\"315\" height=\"560\" frameborder=\"0\" allowfullscreen=\"allowfullscreen\" data-mce-fragment=\"1\"><span data-mce-type=\"bookmark\" style=\"display: inline-block; width: 0px; overflow: hidden; line-height: 0;\" class=\"mce_SELRES_start\">\ufeff<\/span><span data-mce-type=\"bookmark\" style=\"display: inline-block; width: 0px; overflow: hidden; line-height: 0;\" class=\"mce_SELRES_start\">\ufeff<\/span><\/iframe><\/p>\n","protected":false},"excerpt":{"rendered":"<p>Depilaci\u00f3 Amb Fil La depilaci\u00f3 amb fil (o \u201cthreading\u201d) \u00e9s una pr\u00e0ctica oriental mil\u00b7len\u00e0ria que constitueix, sens dubte, el millor i m\u00e9s natural m\u00e8tode de depilaci\u00f3 facial que hi ha actualment. Aquesta t\u00e8cnica arrenca els cabells d&#8217;arrel i \u00e9s perfecte per eliminar el p\u00e8l de qualsevol zona de la cara. Per fer la depilaci\u00f3, es [&hellip;]<\/p>\n","protected":false},"author":1,"featured_media":19367,"parent":19452,"menu_order":0,"comment_status":"closed","ping_status":"closed","template":"single-services.php","meta":{"_acf_changed":false,"_joinchat":[],"footnotes":""},"class_list":["post-19409","page","type-page","status-publish","has-post-thumbnail","hentry"],"acf":[],"yoast_head":"<!-- This site is optimized with the Yoast SEO plugin v26.1.1 - https:\/\/yoast.com\/wordpress\/plugins\/seo\/ -->\n<title>Vanitas Espai - Depilaci\u00f3 amb Fil<\/title>\n<meta name=\"robots\" content=\"index, follow, max-snippet:-1, max-image-preview:large, max-video-preview:-1\" \/>\n<link rel=\"canonical\" href=\"https:\/\/vanitasespai.es\/ca\/estetica\/depilacio-amb-fil\/\" \/>\n<meta property=\"og:locale\" content=\"ca_ES\" \/>\n<meta property=\"og:type\" content=\"article\" \/>\n<meta property=\"og:title\" content=\"Vanitas Espai - Depilaci\u00f3 amb Fil\" \/>\n<meta property=\"og:description\" content=\"Depilaci\u00f3 Amb Fil La depilaci\u00f3 amb fil (o \u201cthreading\u201d) \u00e9s una pr\u00e0ctica oriental mil\u00b7len\u00e0ria que constitueix, sens dubte, el millor i m\u00e9s natural m\u00e8tode de depilaci\u00f3 facial que hi ha actualment. Aquesta t\u00e8cnica arrenca els cabells d&#8217;arrel i \u00e9s perfecte per eliminar el p\u00e8l de qualsevol zona de la cara. Per fer la depilaci\u00f3, es [&hellip;]\" \/>\n<meta property=\"og:url\" content=\"https:\/\/vanitasespai.es\/ca\/estetica\/depilacio-amb-fil\/\" \/>\n<meta property=\"og:site_name\" content=\"Vanitas Espai\" \/>\n<meta property=\"article:modified_time\" content=\"2026-01-12T11:19:56+00:00\" \/>\n<meta property=\"og:image\" content=\"https:\/\/vanitasespai.es\/wp-content\/uploads\/2016\/11\/vnt-2016-g3.jpg\" \/>\n\t<meta property=\"og:image:width\" content=\"1000\" \/>\n\t<meta property=\"og:image:height\" content=\"660\" \/>\n\t<meta property=\"og:image:type\" content=\"image\/jpeg\" \/>\n<meta name=\"twitter:card\" content=\"summary_large_image\" \/>\n<meta name=\"twitter:label1\" content=\"Temps estimat de lectura\" \/>\n\t<meta name=\"twitter:data1\" content=\"2 minuts\" \/>\n<script type=\"application\/ld+json\" class=\"yoast-schema-graph\">{\"@context\":\"https:\/\/schema.org\",\"@graph\":[{\"@type\":\"WebPage\",\"@id\":\"https:\/\/vanitasespai.es\/ca\/estetica\/depilacio-amb-fil\/\",\"url\":\"https:\/\/vanitasespai.es\/ca\/estetica\/depilacio-amb-fil\/\",\"name\":\"Vanitas Espai - Depilaci\u00f3 amb Fil\",\"isPartOf\":{\"@id\":\"https:\/\/vanitasespai.es\/#website\"},\"primaryImageOfPage\":{\"@id\":\"https:\/\/vanitasespai.es\/ca\/estetica\/depilacio-amb-fil\/#primaryimage\"},\"image\":{\"@id\":\"https:\/\/vanitasespai.es\/ca\/estetica\/depilacio-amb-fil\/#primaryimage\"},\"thumbnailUrl\":\"https:\/\/vanitasespai.es\/wp-content\/uploads\/2016\/11\/vnt-2016-g3.jpg\",\"datePublished\":\"2025-10-08T08:16:31+00:00\",\"dateModified\":\"2026-01-12T11:19:56+00:00\",\"breadcrumb\":{\"@id\":\"https:\/\/vanitasespai.es\/ca\/estetica\/depilacio-amb-fil\/#breadcrumb\"},\"inLanguage\":\"ca\",\"potentialAction\":[{\"@type\":\"ReadAction\",\"target\":[\"https:\/\/vanitasespai.es\/ca\/estetica\/depilacio-amb-fil\/\"]}]},{\"@type\":\"ImageObject\",\"inLanguage\":\"ca\",\"@id\":\"https:\/\/vanitasespai.es\/ca\/estetica\/depilacio-amb-fil\/#primaryimage\",\"url\":\"https:\/\/vanitasespai.es\/wp-content\/uploads\/2016\/11\/vnt-2016-g3.jpg\",\"contentUrl\":\"https:\/\/vanitasespai.es\/wp-content\/uploads\/2016\/11\/vnt-2016-g3.jpg\",\"width\":1000,\"height\":660},{\"@type\":\"BreadcrumbList\",\"@id\":\"https:\/\/vanitasespai.es\/ca\/estetica\/depilacio-amb-fil\/#breadcrumb\",\"itemListElement\":[{\"@type\":\"ListItem\",\"position\":1,\"name\":\"Home\",\"item\":\"https:\/\/vanitasespai.es\/ca\/\"},{\"@type\":\"ListItem\",\"position\":2,\"name\":\"Est\u00e8tica\",\"item\":\"https:\/\/vanitasespai.es\/ca\/estetica\/\"},{\"@type\":\"ListItem\",\"position\":3,\"name\":\"Depilaci\u00f3 amb Fil\"}]},{\"@type\":\"WebSite\",\"@id\":\"https:\/\/vanitasespai.es\/#website\",\"url\":\"https:\/\/vanitasespai.es\/\",\"name\":\"Vanitas Espai\",\"description\":\"Mejor sal\u00f3n de Peluquer\u00eda y Est\u00e9tica de Barcelona\",\"potentialAction\":[{\"@type\":\"SearchAction\",\"target\":{\"@type\":\"EntryPoint\",\"urlTemplate\":\"https:\/\/vanitasespai.es\/?s={search_term_string}\"},\"query-input\":{\"@type\":\"PropertyValueSpecification\",\"valueRequired\":true,\"valueName\":\"search_term_string\"}}],\"inLanguage\":\"ca\"}]}<\/script>\n<!-- \/ Yoast SEO plugin. -->","yoast_head_json":{"title":"Vanitas Espai - Depilaci\u00f3 amb Fil","robots":{"index":"index","follow":"follow","max-snippet":"max-snippet:-1","max-image-preview":"max-image-preview:large","max-video-preview":"max-video-preview:-1"},"canonical":"https:\/\/vanitasespai.es\/ca\/estetica\/depilacio-amb-fil\/","og_locale":"ca_ES","og_type":"article","og_title":"Vanitas Espai - Depilaci\u00f3 amb Fil","og_description":"Depilaci\u00f3 Amb Fil La depilaci\u00f3 amb fil (o \u201cthreading\u201d) \u00e9s una pr\u00e0ctica oriental mil\u00b7len\u00e0ria que constitueix, sens dubte, el millor i m\u00e9s natural m\u00e8tode de depilaci\u00f3 facial que hi ha actualment. Aquesta t\u00e8cnica arrenca els cabells d&#8217;arrel i \u00e9s perfecte per eliminar el p\u00e8l de qualsevol zona de la cara. Per fer la depilaci\u00f3, es [&hellip;]","og_url":"https:\/\/vanitasespai.es\/ca\/estetica\/depilacio-amb-fil\/","og_site_name":"Vanitas Espai","article_modified_time":"2026-01-12T11:19:56+00:00","og_image":[{"width":1000,"height":660,"url":"https:\/\/vanitasespai.es\/wp-content\/uploads\/2016\/11\/vnt-2016-g3.jpg","type":"image\/jpeg"}],"twitter_card":"summary_large_image","twitter_misc":{"Temps estimat de lectura":"2 minuts"},"schema":{"@context":"https:\/\/schema.org","@graph":[{"@type":"WebPage","@id":"https:\/\/vanitasespai.es\/ca\/estetica\/depilacio-amb-fil\/","url":"https:\/\/vanitasespai.es\/ca\/estetica\/depilacio-amb-fil\/","name":"Vanitas Espai - Depilaci\u00f3 amb Fil","isPartOf":{"@id":"https:\/\/vanitasespai.es\/#website"},"primaryImageOfPage":{"@id":"https:\/\/vanitasespai.es\/ca\/estetica\/depilacio-amb-fil\/#primaryimage"},"image":{"@id":"https:\/\/vanitasespai.es\/ca\/estetica\/depilacio-amb-fil\/#primaryimage"},"thumbnailUrl":"https:\/\/vanitasespai.es\/wp-content\/uploads\/2016\/11\/vnt-2016-g3.jpg","datePublished":"2025-10-08T08:16:31+00:00","dateModified":"2026-01-12T11:19:56+00:00","breadcrumb":{"@id":"https:\/\/vanitasespai.es\/ca\/estetica\/depilacio-amb-fil\/#breadcrumb"},"inLanguage":"ca","potentialAction":[{"@type":"ReadAction","target":["https:\/\/vanitasespai.es\/ca\/estetica\/depilacio-amb-fil\/"]}]},{"@type":"ImageObject","inLanguage":"ca","@id":"https:\/\/vanitasespai.es\/ca\/estetica\/depilacio-amb-fil\/#primaryimage","url":"https:\/\/vanitasespai.es\/wp-content\/uploads\/2016\/11\/vnt-2016-g3.jpg","contentUrl":"https:\/\/vanitasespai.es\/wp-content\/uploads\/2016\/11\/vnt-2016-g3.jpg","width":1000,"height":660},{"@type":"BreadcrumbList","@id":"https:\/\/vanitasespai.es\/ca\/estetica\/depilacio-amb-fil\/#breadcrumb","itemListElement":[{"@type":"ListItem","position":1,"name":"Home","item":"https:\/\/vanitasespai.es\/ca\/"},{"@type":"ListItem","position":2,"name":"Est\u00e8tica","item":"https:\/\/vanitasespai.es\/ca\/estetica\/"},{"@type":"ListItem","position":3,"name":"Depilaci\u00f3 amb Fil"}]},{"@type":"WebSite","@id":"https:\/\/vanitasespai.es\/#website","url":"https:\/\/vanitasespai.es\/","name":"Vanitas Espai","description":"Mejor sal\u00f3n de Peluquer\u00eda y Est\u00e9tica de Barcelona","potentialAction":[{"@type":"SearchAction","target":{"@type":"EntryPoint","urlTemplate":"https:\/\/vanitasespai.es\/?s={search_term_string}"},"query-input":{"@type":"PropertyValueSpecification","valueRequired":true,"valueName":"search_term_string"}}],"inLanguage":"ca"}]}},"_links":{"self":[{"href":"https:\/\/vanitasespai.es\/ca\/wp-json\/wp\/v2\/pages\/19409","targetHints":{"allow":["GET"]}}],"collection":[{"href":"https:\/\/vanitasespai.es\/ca\/wp-json\/wp\/v2\/pages"}],"about":[{"href":"https:\/\/vanitasespai.es\/ca\/wp-json\/wp\/v2\/types\/page"}],"author":[{"embeddable":true,"href":"https:\/\/vanitasespai.es\/ca\/wp-json\/wp\/v2\/users\/1"}],"replies":[{"embeddable":true,"href":"https:\/\/vanitasespai.es\/ca\/wp-json\/wp\/v2\/comments?post=19409"}],"version-history":[{"count":3,"href":"https:\/\/vanitasespai.es\/ca\/wp-json\/wp\/v2\/pages\/19409\/revisions"}],"predecessor-version":[{"id":19801,"href":"https:\/\/vanitasespai.es\/ca\/wp-json\/wp\/v2\/pages\/19409\/revisions\/19801"}],"up":[{"embeddable":true,"href":"https:\/\/vanitasespai.es\/ca\/wp-json\/wp\/v2\/pages\/19452"}],"wp:featuredmedia":[{"embeddable":true,"href":"https:\/\/vanitasespai.es\/ca\/wp-json\/wp\/v2\/media\/19367"}],"wp:attachment":[{"href":"https:\/\/vanitasespai.es\/ca\/wp-json\/wp\/v2\/media?parent=19409"}],"curies":[{"name":"wp","href":"https:\/\/api.w.org\/{rel}","templated":true}]}}