{"id":19396,"date":"2025-10-08T09:25:14","date_gmt":"2025-10-08T07:25:14","guid":{"rendered":"https:\/\/vanitasespai.es\/?page_id=19396"},"modified":"2025-10-08T09:27:38","modified_gmt":"2025-10-08T07:27:38","slug":"microblading","status":"publish","type":"page","link":"https:\/\/vanitasespai.es\/ca\/pestanyes-i-celles\/microblading\/","title":{"rendered":"Microblading"},"content":{"rendered":"<p>Una de les noves t\u00e8cniques d&#8217;est\u00e8tica que estan triomfant m\u00e9s \u00e9s el microblading.<\/p>\n<p>A Vanitas Espai us oferim aquest servei exclusiu que est\u00e0 pensant per millorar l&#8217;aspecte d&#8217;unes celles mal depilades, amb poc borrissol, o amb altres problemes. Es tracta d&#8217;un nou m\u00e8tode pensat per definir i perfilar les celles per aconseguir emfatitzar el poder de la mirada d&#8217;una manera molt natural i atractiva.<\/p>\n<p>Moltes dones no acaben de sentir-se a gust amb la forma o l&#8217;aparen\u00e7a natural de les celles: la forma, la densitat o l&#8217;expressi\u00f3 que aporta a la cara pot no acabar de conv\u00e8ncer-nos. Per aquest motiu, fins ara, es feien servir m\u00e8todes est\u00e8tics com els llapis de celles (per emplenar els buits), la micropigmentaci\u00f3 o els tatuatges.<br \/>\nTot i aix\u00f2, ara ha aparegut un nou m\u00e8tode, el microblading, que d\u00f3na la possibilitat que la cella es mostri m\u00e9s frondosa i amb l&#8217;arc que desitgis aconseguint un resultat natural i, el millor de tot, semipermanent.<br \/>\nA Vanitas Espai comptem amb un equip d&#8217;experts professionals en el sector de l&#8217;est\u00e8tica i de la cura personal que us assessorar\u00e0 i us recomanar\u00e0 el millor arc per al vostre tipus de rostre i les vostres faccions personals. Quan tinguem clar el disseny que millor s&#8217;adapta a tu, procedirem a realitzar aquesta t\u00e8cnica que t&#8217;aportar\u00e0 un resultat molt natural i d&#8217;acord amb el teu tipus de pell i el color del teu p\u00e8l.<\/p>\n<hr \/>\n<h2>Com es realitza el &#8220;microblading&#8221;<\/h2>\n<p>El <em>microblading<\/em> (o micro-blading \/ micro blading)\u00a0\u00e9s un proc\u00e9s est\u00e8tic consistent a fer servir un llapis i una agulla per anar repartint el pigment a la zona de la cella que volem millorar. \u00c9s una t\u00e8cnica que permet un sorprenent grau de detall, la qual cosa ens permet aconseguir que el resultat sigui molt minuci\u00f3s, que quedi la zona perfectament coberta i que les celles semblin realment teves.<\/p>\n<h3>L&#8217;origen del terme &#8220;microblading&#8221;<\/h3>\n<p>L&#8217;origen del terme &#8220;microblading&#8221; es troba a la paraula anglesa &#8220;blade&#8221;, que significa &#8220;filo&#8221; o &#8220;ganiveta&#8221;, fent refer\u00e8ncia al tall d&#8217;una espasa oa una fulla d&#8217;afaitar. Un element met\u00e0l\u00b7lic i esmolat. El terme &#8220;micro&#8221;, que significa &#8220;petit&#8221;, revela precisament que l&#8217;exercici d&#8217;aquesta t\u00e8cnica es duu a terme amb un instrument amb fulles molt fines i petites que ens permetran introduir el maquillatge a la pell amb un grau de precisi\u00f3 elevad\u00edssim.<\/p>\n<h2>Difer\u00e8ncies principals entre el microblading i la micropigmentaci\u00f3 de celles:<\/h2>\n<p>La t\u00e8cnica del microblading forma part del maquillatge semipermanent, no del tatuatge; i per aix\u00f2 aconsegueix que el disseny de les celles es realitzi p\u00e8l a p\u00e8l fent que el resultat sigui molt m\u00e9s natural que el que s&#8217;aconsegueix amb els tatuatges. Tamb\u00e9 \u00e9s una t\u00e8cnica que es realitza m\u00e9s r\u00e0pidament, cicatritza millor i fa menys mal.<\/p>\n<h2>Quant es triga a fer el tractament?<\/h2>\n<p>Com que \u00e9s un m\u00e8tode que exigeix \u200b\u200buna precisi\u00f3 i grau de detall tan elevats, cal dur-lo a terme de forma molt minuciosa, la durada del tractament \u00e9s de 2 hores, aproximadament. Aquest temps pot variar depenent de la cella de cada persona, per\u00f2, en general, se solen necessitar uns 120 minuts per assolir els resultats desitjats.<\/p>\n<h2>El resultat \u00e9s permanent?<\/h2>\n<p>El microblading \u00e9s una t\u00e8cnica semipermanent i, per tant, t&#8217;haur\u00e0s d&#8217;anar retocant de tant en tant, depenent de cada persona. De totes maneres, has de saber que els resultats solen durar aproximadament 1 any. Si vols un resultat m\u00e9s durador, la micropigmentaci\u00f3 \u00e9s una alternativa que proporciona un resultat igual de natural.<\/p>\n<h2>Quina t\u00e8cnica \u00e9s millor per a mi, el microblading o la micropigmentaci\u00f3?<\/h2>\n<p>Per saber quina t\u00e8cnica \u00e9s m\u00e9s adequada per a tu, dep\u00e8n molt que com tinguis les celles naturals. \u00c9s una valoraci\u00f3 professional que cal fer en persona. El millor \u00e9s que demanis cita pr\u00e8via sense comprom\u00eds a Vanitas Espai.<br \/>\nUna t\u00e8cnica no \u00e9s millor que l&#8217;altra, simplement s\u00f3n t\u00e8cniques diferents que es trien segons el resultat que cerques i es valora cas per cas.<\/p>\n<h4>MILLORA LA POT\u00c8NCIA DE LA TEVA MIRADA ARREGLANT-TE LES CELLES AMB EL MICROBLADING.<\/h4>\n","protected":false},"excerpt":{"rendered":"<p>Una de les noves t\u00e8cniques d&#8217;est\u00e8tica que estan triomfant m\u00e9s \u00e9s el microblading. A Vanitas Espai us oferim aquest servei exclusiu que est\u00e0 pensant per millorar l&#8217;aspecte d&#8217;unes celles mal depilades, amb poc borrissol, o amb altres problemes. Es tracta d&#8217;un nou m\u00e8tode pensat per definir i perfilar les celles per aconseguir emfatitzar el poder [&hellip;]<\/p>\n","protected":false},"author":1,"featured_media":0,"parent":19404,"menu_order":0,"comment_status":"closed","ping_status":"closed","template":"single-services.php","meta":{"_acf_changed":false,"_joinchat":[],"footnotes":""},"class_list":["post-19396","page","type-page","status-publish","hentry"],"acf":[],"yoast_head":"<!-- This site is optimized with the Yoast SEO plugin v26.1.1 - https:\/\/yoast.com\/wordpress\/plugins\/seo\/ -->\n<title>Vanitas Espai - Microblading<\/title>\n<meta name=\"robots\" content=\"index, follow, max-snippet:-1, max-image-preview:large, max-video-preview:-1\" \/>\n<link rel=\"canonical\" href=\"https:\/\/vanitasespai.es\/ca\/microblading\/\" \/>\n<meta property=\"og:locale\" content=\"ca_ES\" \/>\n<meta property=\"og:type\" content=\"article\" \/>\n<meta property=\"og:title\" content=\"Vanitas Espai - Microblading\" \/>\n<meta property=\"og:description\" content=\"Una de les noves t\u00e8cniques d&#8217;est\u00e8tica que estan triomfant m\u00e9s \u00e9s el microblading. A Vanitas Espai us oferim aquest servei exclusiu que est\u00e0 pensant per millorar l&#8217;aspecte d&#8217;unes celles mal depilades, amb poc borrissol, o amb altres problemes. Es tracta d&#8217;un nou m\u00e8tode pensat per definir i perfilar les celles per aconseguir emfatitzar el poder [&hellip;]\" \/>\n<meta property=\"og:url\" content=\"https:\/\/vanitasespai.es\/ca\/microblading\/\" \/>\n<meta property=\"og:site_name\" content=\"Vanitas Espai\" \/>\n<meta property=\"article:modified_time\" content=\"2025-10-08T07:27:38+00:00\" \/>\n<meta property=\"og:image\" content=\"https:\/\/vanitasespai.es\/wp-content\/uploads\/2016\/11\/vanitas-2016-bg.jpg\" \/>\n\t<meta property=\"og:image:width\" content=\"1440\" \/>\n\t<meta property=\"og:image:height\" content=\"961\" \/>\n\t<meta property=\"og:image:type\" content=\"image\/jpeg\" \/>\n<meta name=\"twitter:card\" content=\"summary_large_image\" \/>\n<meta name=\"twitter:label1\" content=\"Temps estimat de lectura\" \/>\n\t<meta name=\"twitter:data1\" content=\"4 minuts\" \/>\n<script type=\"application\/ld+json\" class=\"yoast-schema-graph\">{\"@context\":\"https:\/\/schema.org\",\"@graph\":[{\"@type\":\"WebPage\",\"@id\":\"https:\/\/vanitasespai.es\/ca\/microblading\/\",\"url\":\"https:\/\/vanitasespai.es\/ca\/microblading\/\",\"name\":\"Vanitas Espai - Microblading\",\"isPartOf\":{\"@id\":\"https:\/\/vanitasespai.es\/#website\"},\"datePublished\":\"2025-10-08T07:25:14+00:00\",\"dateModified\":\"2025-10-08T07:27:38+00:00\",\"breadcrumb\":{\"@id\":\"https:\/\/vanitasespai.es\/ca\/microblading\/#breadcrumb\"},\"inLanguage\":\"ca\",\"potentialAction\":[{\"@type\":\"ReadAction\",\"target\":[\"https:\/\/vanitasespai.es\/ca\/microblading\/\"]}]},{\"@type\":\"BreadcrumbList\",\"@id\":\"https:\/\/vanitasespai.es\/ca\/microblading\/#breadcrumb\",\"itemListElement\":[{\"@type\":\"ListItem\",\"position\":1,\"name\":\"Home\",\"item\":\"https:\/\/vanitasespai.es\/ca\/\"},{\"@type\":\"ListItem\",\"position\":2,\"name\":\"Microblading\"}]},{\"@type\":\"WebSite\",\"@id\":\"https:\/\/vanitasespai.es\/#website\",\"url\":\"https:\/\/vanitasespai.es\/\",\"name\":\"Vanitas Espai\",\"description\":\"Mejor sal\u00f3n de Peluquer\u00eda y Est\u00e9tica de Barcelona\",\"potentialAction\":[{\"@type\":\"SearchAction\",\"target\":{\"@type\":\"EntryPoint\",\"urlTemplate\":\"https:\/\/vanitasespai.es\/?s={search_term_string}\"},\"query-input\":{\"@type\":\"PropertyValueSpecification\",\"valueRequired\":true,\"valueName\":\"search_term_string\"}}],\"inLanguage\":\"ca\"}]}<\/script>\n<!-- \/ Yoast SEO plugin. -->","yoast_head_json":{"title":"Vanitas Espai - Microblading","robots":{"index":"index","follow":"follow","max-snippet":"max-snippet:-1","max-image-preview":"max-image-preview:large","max-video-preview":"max-video-preview:-1"},"canonical":"https:\/\/vanitasespai.es\/ca\/microblading\/","og_locale":"ca_ES","og_type":"article","og_title":"Vanitas Espai - Microblading","og_description":"Una de les noves t\u00e8cniques d&#8217;est\u00e8tica que estan triomfant m\u00e9s \u00e9s el microblading. A Vanitas Espai us oferim aquest servei exclusiu que est\u00e0 pensant per millorar l&#8217;aspecte d&#8217;unes celles mal depilades, amb poc borrissol, o amb altres problemes. Es tracta d&#8217;un nou m\u00e8tode pensat per definir i perfilar les celles per aconseguir emfatitzar el poder [&hellip;]","og_url":"https:\/\/vanitasespai.es\/ca\/microblading\/","og_site_name":"Vanitas Espai","article_modified_time":"2025-10-08T07:27:38+00:00","og_image":[{"width":1440,"height":961,"url":"https:\/\/vanitasespai.es\/wp-content\/uploads\/2016\/11\/vanitas-2016-bg.jpg","type":"image\/jpeg"}],"twitter_card":"summary_large_image","twitter_misc":{"Temps estimat de lectura":"4 minuts"},"schema":{"@context":"https:\/\/schema.org","@graph":[{"@type":"WebPage","@id":"https:\/\/vanitasespai.es\/ca\/microblading\/","url":"https:\/\/vanitasespai.es\/ca\/microblading\/","name":"Vanitas Espai - Microblading","isPartOf":{"@id":"https:\/\/vanitasespai.es\/#website"},"datePublished":"2025-10-08T07:25:14+00:00","dateModified":"2025-10-08T07:27:38+00:00","breadcrumb":{"@id":"https:\/\/vanitasespai.es\/ca\/microblading\/#breadcrumb"},"inLanguage":"ca","potentialAction":[{"@type":"ReadAction","target":["https:\/\/vanitasespai.es\/ca\/microblading\/"]}]},{"@type":"BreadcrumbList","@id":"https:\/\/vanitasespai.es\/ca\/microblading\/#breadcrumb","itemListElement":[{"@type":"ListItem","position":1,"name":"Home","item":"https:\/\/vanitasespai.es\/ca\/"},{"@type":"ListItem","position":2,"name":"Microblading"}]},{"@type":"WebSite","@id":"https:\/\/vanitasespai.es\/#website","url":"https:\/\/vanitasespai.es\/","name":"Vanitas Espai","description":"Mejor sal\u00f3n de Peluquer\u00eda y Est\u00e9tica de Barcelona","potentialAction":[{"@type":"SearchAction","target":{"@type":"EntryPoint","urlTemplate":"https:\/\/vanitasespai.es\/?s={search_term_string}"},"query-input":{"@type":"PropertyValueSpecification","valueRequired":true,"valueName":"search_term_string"}}],"inLanguage":"ca"}]}},"_links":{"self":[{"href":"https:\/\/vanitasespai.es\/ca\/wp-json\/wp\/v2\/pages\/19396","targetHints":{"allow":["GET"]}}],"collection":[{"href":"https:\/\/vanitasespai.es\/ca\/wp-json\/wp\/v2\/pages"}],"about":[{"href":"https:\/\/vanitasespai.es\/ca\/wp-json\/wp\/v2\/types\/page"}],"author":[{"embeddable":true,"href":"https:\/\/vanitasespai.es\/ca\/wp-json\/wp\/v2\/users\/1"}],"replies":[{"embeddable":true,"href":"https:\/\/vanitasespai.es\/ca\/wp-json\/wp\/v2\/comments?post=19396"}],"version-history":[{"count":3,"href":"https:\/\/vanitasespai.es\/ca\/wp-json\/wp\/v2\/pages\/19396\/revisions"}],"predecessor-version":[{"id":19399,"href":"https:\/\/vanitasespai.es\/ca\/wp-json\/wp\/v2\/pages\/19396\/revisions\/19399"}],"up":[{"embeddable":true,"href":"https:\/\/vanitasespai.es\/ca\/wp-json\/wp\/v2\/pages\/19404"}],"wp:attachment":[{"href":"https:\/\/vanitasespai.es\/ca\/wp-json\/wp\/v2\/media?parent=19396"}],"curies":[{"name":"wp","href":"https:\/\/api.w.org\/{rel}","templated":true}]}}