{"id":19380,"date":"2025-10-07T17:52:18","date_gmt":"2025-10-07T15:52:18","guid":{"rendered":"https:\/\/vanitasespai.es\/?page_id=19380"},"modified":"2026-05-08T18:59:34","modified_gmt":"2026-05-08T16:59:34","slug":"cursos-dautomaquillatge","status":"publish","type":"page","link":"https:\/\/vanitasespai.es\/ca\/cursos-dautomaquillatge\/","title":{"rendered":"Cursos d&#8217;automaquillatge"},"content":{"rendered":"","protected":false},"excerpt":{"rendered":"","protected":false},"author":1,"featured_media":19358,"parent":0,"menu_order":0,"comment_status":"closed","ping_status":"closed","template":"single-services.php","meta":{"_acf_changed":false,"_joinchat":[],"footnotes":""},"class_list":["post-19380","page","type-page","status-publish","has-post-thumbnail","hentry"],"acf":[],"yoast_head":"<!-- This site is optimized with the Yoast SEO plugin v26.1.1 - https:\/\/yoast.com\/wordpress\/plugins\/seo\/ -->\n<title>Vanitas Espai - Cursos d&#039;automaquillatge<\/title>\n<meta name=\"robots\" content=\"index, follow, max-snippet:-1, max-image-preview:large, max-video-preview:-1\" \/>\n<link rel=\"canonical\" href=\"https:\/\/vanitasespai.es\/ca\/cursos-dautomaquillatge\/\" \/>\n<meta property=\"og:locale\" content=\"ca_ES\" \/>\n<meta property=\"og:type\" content=\"article\" \/>\n<meta property=\"og:title\" content=\"Vanitas Espai - Cursos d&#039;automaquillatge\" \/>\n<meta property=\"og:url\" content=\"https:\/\/vanitasespai.es\/ca\/cursos-dautomaquillatge\/\" \/>\n<meta property=\"og:site_name\" content=\"Vanitas Espai\" \/>\n<meta property=\"article:modified_time\" content=\"2026-05-08T16:59:34+00:00\" \/>\n<meta property=\"og:image\" content=\"https:\/\/vanitasespai.es\/wp-content\/uploads\/2013\/01\/Fondo-Zona-VIP-Maquillaje.jpg\" \/>\n\t<meta property=\"og:image:width\" content=\"1920\" \/>\n\t<meta property=\"og:image:height\" content=\"991\" \/>\n\t<meta property=\"og:image:type\" content=\"image\/jpeg\" \/>\n<meta name=\"twitter:card\" content=\"summary_large_image\" \/>\n<meta name=\"twitter:label1\" content=\"Temps estimat de lectura\" \/>\n\t<meta name=\"twitter:data1\" content=\"1 minut\" \/>\n<script type=\"application\/ld+json\" class=\"yoast-schema-graph\">{\"@context\":\"https:\/\/schema.org\",\"@graph\":[{\"@type\":\"WebPage\",\"@id\":\"https:\/\/vanitasespai.es\/ca\/cursos-dautomaquillatge\/\",\"url\":\"https:\/\/vanitasespai.es\/ca\/cursos-dautomaquillatge\/\",\"name\":\"Vanitas Espai - Cursos d'automaquillatge\",\"isPartOf\":{\"@id\":\"https:\/\/vanitasespai.es\/#website\"},\"primaryImageOfPage\":{\"@id\":\"https:\/\/vanitasespai.es\/ca\/cursos-dautomaquillatge\/#primaryimage\"},\"image\":{\"@id\":\"https:\/\/vanitasespai.es\/ca\/cursos-dautomaquillatge\/#primaryimage\"},\"thumbnailUrl\":\"https:\/\/vanitasespai.es\/wp-content\/uploads\/2013\/01\/Fondo-Zona-VIP-Maquillaje.jpg\",\"datePublished\":\"2025-10-07T15:52:18+00:00\",\"dateModified\":\"2026-05-08T16:59:34+00:00\",\"breadcrumb\":{\"@id\":\"https:\/\/vanitasespai.es\/ca\/cursos-dautomaquillatge\/#breadcrumb\"},\"inLanguage\":\"ca\",\"potentialAction\":[{\"@type\":\"ReadAction\",\"target\":[\"https:\/\/vanitasespai.es\/ca\/cursos-dautomaquillatge\/\"]}]},{\"@type\":\"ImageObject\",\"inLanguage\":\"ca\",\"@id\":\"https:\/\/vanitasespai.es\/ca\/cursos-dautomaquillatge\/#primaryimage\",\"url\":\"https:\/\/vanitasespai.es\/wp-content\/uploads\/2013\/01\/Fondo-Zona-VIP-Maquillaje.jpg\",\"contentUrl\":\"https:\/\/vanitasespai.es\/wp-content\/uploads\/2013\/01\/Fondo-Zona-VIP-Maquillaje.jpg\",\"width\":1920,\"height\":991},{\"@type\":\"BreadcrumbList\",\"@id\":\"https:\/\/vanitasespai.es\/ca\/cursos-dautomaquillatge\/#breadcrumb\",\"itemListElement\":[{\"@type\":\"ListItem\",\"position\":1,\"name\":\"Home\",\"item\":\"https:\/\/vanitasespai.es\/ca\/\"},{\"@type\":\"ListItem\",\"position\":2,\"name\":\"Cursos d&#8217;automaquillatge\"}]},{\"@type\":\"WebSite\",\"@id\":\"https:\/\/vanitasespai.es\/#website\",\"url\":\"https:\/\/vanitasespai.es\/\",\"name\":\"Vanitas Espai\",\"description\":\"Mejor sal\u00f3n de Peluquer\u00eda y Est\u00e9tica de Barcelona\",\"potentialAction\":[{\"@type\":\"SearchAction\",\"target\":{\"@type\":\"EntryPoint\",\"urlTemplate\":\"https:\/\/vanitasespai.es\/?s={search_term_string}\"},\"query-input\":{\"@type\":\"PropertyValueSpecification\",\"valueRequired\":true,\"valueName\":\"search_term_string\"}}],\"inLanguage\":\"ca\"}]}<\/script>\n<!-- \/ Yoast SEO plugin. -->","yoast_head_json":{"title":"Vanitas Espai - Cursos d'automaquillatge","robots":{"index":"index","follow":"follow","max-snippet":"max-snippet:-1","max-image-preview":"max-image-preview:large","max-video-preview":"max-video-preview:-1"},"canonical":"https:\/\/vanitasespai.es\/ca\/cursos-dautomaquillatge\/","og_locale":"ca_ES","og_type":"article","og_title":"Vanitas Espai - Cursos d'automaquillatge","og_url":"https:\/\/vanitasespai.es\/ca\/cursos-dautomaquillatge\/","og_site_name":"Vanitas Espai","article_modified_time":"2026-05-08T16:59:34+00:00","og_image":[{"width":1920,"height":991,"url":"https:\/\/vanitasespai.es\/wp-content\/uploads\/2013\/01\/Fondo-Zona-VIP-Maquillaje.jpg","type":"image\/jpeg"}],"twitter_card":"summary_large_image","twitter_misc":{"Temps estimat de lectura":"1 minut"},"schema":{"@context":"https:\/\/schema.org","@graph":[{"@type":"WebPage","@id":"https:\/\/vanitasespai.es\/ca\/cursos-dautomaquillatge\/","url":"https:\/\/vanitasespai.es\/ca\/cursos-dautomaquillatge\/","name":"Vanitas Espai - Cursos d'automaquillatge","isPartOf":{"@id":"https:\/\/vanitasespai.es\/#website"},"primaryImageOfPage":{"@id":"https:\/\/vanitasespai.es\/ca\/cursos-dautomaquillatge\/#primaryimage"},"image":{"@id":"https:\/\/vanitasespai.es\/ca\/cursos-dautomaquillatge\/#primaryimage"},"thumbnailUrl":"https:\/\/vanitasespai.es\/wp-content\/uploads\/2013\/01\/Fondo-Zona-VIP-Maquillaje.jpg","datePublished":"2025-10-07T15:52:18+00:00","dateModified":"2026-05-08T16:59:34+00:00","breadcrumb":{"@id":"https:\/\/vanitasespai.es\/ca\/cursos-dautomaquillatge\/#breadcrumb"},"inLanguage":"ca","potentialAction":[{"@type":"ReadAction","target":["https:\/\/vanitasespai.es\/ca\/cursos-dautomaquillatge\/"]}]},{"@type":"ImageObject","inLanguage":"ca","@id":"https:\/\/vanitasespai.es\/ca\/cursos-dautomaquillatge\/#primaryimage","url":"https:\/\/vanitasespai.es\/wp-content\/uploads\/2013\/01\/Fondo-Zona-VIP-Maquillaje.jpg","contentUrl":"https:\/\/vanitasespai.es\/wp-content\/uploads\/2013\/01\/Fondo-Zona-VIP-Maquillaje.jpg","width":1920,"height":991},{"@type":"BreadcrumbList","@id":"https:\/\/vanitasespai.es\/ca\/cursos-dautomaquillatge\/#breadcrumb","itemListElement":[{"@type":"ListItem","position":1,"name":"Home","item":"https:\/\/vanitasespai.es\/ca\/"},{"@type":"ListItem","position":2,"name":"Cursos d&#8217;automaquillatge"}]},{"@type":"WebSite","@id":"https:\/\/vanitasespai.es\/#website","url":"https:\/\/vanitasespai.es\/","name":"Vanitas Espai","description":"Mejor sal\u00f3n de Peluquer\u00eda y Est\u00e9tica de Barcelona","potentialAction":[{"@type":"SearchAction","target":{"@type":"EntryPoint","urlTemplate":"https:\/\/vanitasespai.es\/?s={search_term_string}"},"query-input":{"@type":"PropertyValueSpecification","valueRequired":true,"valueName":"search_term_string"}}],"inLanguage":"ca"}]}},"_links":{"self":[{"href":"https:\/\/vanitasespai.es\/ca\/wp-json\/wp\/v2\/pages\/19380","targetHints":{"allow":["GET"]}}],"collection":[{"href":"https:\/\/vanitasespai.es\/ca\/wp-json\/wp\/v2\/pages"}],"about":[{"href":"https:\/\/vanitasespai.es\/ca\/wp-json\/wp\/v2\/types\/page"}],"author":[{"embeddable":true,"href":"https:\/\/vanitasespai.es\/ca\/wp-json\/wp\/v2\/users\/1"}],"replies":[{"embeddable":true,"href":"https:\/\/vanitasespai.es\/ca\/wp-json\/wp\/v2\/comments?post=19380"}],"version-history":[{"count":5,"href":"https:\/\/vanitasespai.es\/ca\/wp-json\/wp\/v2\/pages\/19380\/revisions"}],"predecessor-version":[{"id":19895,"href":"https:\/\/vanitasespai.es\/ca\/wp-json\/wp\/v2\/pages\/19380\/revisions\/19895"}],"wp:featuredmedia":[{"embeddable":true,"href":"https:\/\/vanitasespai.es\/ca\/wp-json\/wp\/v2\/media\/19358"}],"wp:attachment":[{"href":"https:\/\/vanitasespai.es\/ca\/wp-json\/wp\/v2\/media?parent=19380"}],"curies":[{"name":"wp","href":"https:\/\/api.w.org\/{rel}","templated":true}]}}