{"id":19352,"date":"2025-10-07T16:08:04","date_gmt":"2025-10-07T14:08:04","guid":{"rendered":"https:\/\/vanitasespai.es\/?page_id=19352"},"modified":"2026-01-16T09:31:56","modified_gmt":"2026-01-16T08:31:56","slug":"maquillatge","status":"publish","type":"page","link":"https:\/\/vanitasespai.es\/ca\/perruqueria\/maquillatge\/","title":{"rendered":"Maquillatge"},"content":{"rendered":"<p>Pot ser que maquillar-se sembli una tasca senzilla, per\u00f2 t&#8217;adonar\u00e0s que no \u00e9s aix\u00ed quan s&#8217;encarregui de maquillar-te un maquillador professional. Un bon maquillatge acompanyat d&#8217;un bon pentinat et transformar\u00e0 i et far\u00e0 sentir segura i la protagonista de qualsevol esdeveniment o convenci\u00f3 social on vulguis acudir. A Vanitas Espai podem garantir-te resultats extraordinaris perqu\u00e8 usem \u00fanicament primeres marques de maquillatge, molt exclusives, com Chanel, MakeUp Forever, Bobby Brown, MAC, entre d&#8217;altres.<\/p>\n","protected":false},"excerpt":{"rendered":"<p>Pot ser que maquillar-se sembli una tasca senzilla, per\u00f2 t&#8217;adonar\u00e0s que no \u00e9s aix\u00ed quan s&#8217;encarregui de maquillar-te un maquillador professional. Un bon maquillatge acompanyat d&#8217;un bon pentinat et transformar\u00e0 i et far\u00e0 sentir segura i la protagonista de qualsevol esdeveniment o convenci\u00f3 social on vulguis acudir. A Vanitas Espai podem garantir-te resultats extraordinaris perqu\u00e8 [&hellip;]<\/p>\n","protected":false},"author":1,"featured_media":0,"parent":19315,"menu_order":0,"comment_status":"closed","ping_status":"closed","template":"single-services.php","meta":{"_acf_changed":false,"_joinchat":[],"footnotes":""},"class_list":["post-19352","page","type-page","status-publish","hentry"],"acf":[],"yoast_head":"<!-- This site is optimized with the Yoast SEO plugin v26.1.1 - https:\/\/yoast.com\/wordpress\/plugins\/seo\/ -->\n<title>Vanitas Espai - Maquillatge<\/title>\n<meta name=\"robots\" content=\"index, follow, max-snippet:-1, max-image-preview:large, max-video-preview:-1\" \/>\n<link rel=\"canonical\" href=\"https:\/\/vanitasespai.es\/ca\/perruqueria\/maquillatge\/\" \/>\n<meta property=\"og:locale\" content=\"ca_ES\" \/>\n<meta property=\"og:type\" content=\"article\" \/>\n<meta property=\"og:title\" content=\"Vanitas Espai - Maquillatge\" \/>\n<meta property=\"og:description\" content=\"Pot ser que maquillar-se sembli una tasca senzilla, per\u00f2 t&#8217;adonar\u00e0s que no \u00e9s aix\u00ed quan s&#8217;encarregui de maquillar-te un maquillador professional. Un bon maquillatge acompanyat d&#8217;un bon pentinat et transformar\u00e0 i et far\u00e0 sentir segura i la protagonista de qualsevol esdeveniment o convenci\u00f3 social on vulguis acudir. A Vanitas Espai podem garantir-te resultats extraordinaris perqu\u00e8 [&hellip;]\" \/>\n<meta property=\"og:url\" content=\"https:\/\/vanitasespai.es\/ca\/perruqueria\/maquillatge\/\" \/>\n<meta property=\"og:site_name\" content=\"Vanitas Espai\" \/>\n<meta property=\"article:modified_time\" content=\"2026-01-16T08:31:56+00:00\" \/>\n<meta property=\"og:image\" content=\"https:\/\/vanitasespai.es\/wp-content\/uploads\/2016\/11\/vanitas-2016-bg.jpg\" \/>\n\t<meta property=\"og:image:width\" content=\"1440\" \/>\n\t<meta property=\"og:image:height\" content=\"961\" \/>\n\t<meta property=\"og:image:type\" content=\"image\/jpeg\" \/>\n<meta name=\"twitter:card\" content=\"summary_large_image\" \/>\n<meta name=\"twitter:label1\" content=\"Temps estimat de lectura\" \/>\n\t<meta name=\"twitter:data1\" content=\"1 minut\" \/>\n<script type=\"application\/ld+json\" class=\"yoast-schema-graph\">{\"@context\":\"https:\/\/schema.org\",\"@graph\":[{\"@type\":\"WebPage\",\"@id\":\"https:\/\/vanitasespai.es\/ca\/perruqueria\/maquillatge\/\",\"url\":\"https:\/\/vanitasespai.es\/ca\/perruqueria\/maquillatge\/\",\"name\":\"Vanitas Espai - Maquillatge\",\"isPartOf\":{\"@id\":\"https:\/\/vanitasespai.es\/#website\"},\"datePublished\":\"2025-10-07T14:08:04+00:00\",\"dateModified\":\"2026-01-16T08:31:56+00:00\",\"breadcrumb\":{\"@id\":\"https:\/\/vanitasespai.es\/ca\/perruqueria\/maquillatge\/#breadcrumb\"},\"inLanguage\":\"ca\",\"potentialAction\":[{\"@type\":\"ReadAction\",\"target\":[\"https:\/\/vanitasespai.es\/ca\/perruqueria\/maquillatge\/\"]}]},{\"@type\":\"BreadcrumbList\",\"@id\":\"https:\/\/vanitasespai.es\/ca\/perruqueria\/maquillatge\/#breadcrumb\",\"itemListElement\":[{\"@type\":\"ListItem\",\"position\":1,\"name\":\"Home\",\"item\":\"https:\/\/vanitasespai.es\/ca\/\"},{\"@type\":\"ListItem\",\"position\":2,\"name\":\"Perruqueria\",\"item\":\"https:\/\/vanitasespai.es\/ca\/perruqueria\/\"},{\"@type\":\"ListItem\",\"position\":3,\"name\":\"Maquillatge\"}]},{\"@type\":\"WebSite\",\"@id\":\"https:\/\/vanitasespai.es\/#website\",\"url\":\"https:\/\/vanitasespai.es\/\",\"name\":\"Vanitas Espai\",\"description\":\"Mejor sal\u00f3n de Peluquer\u00eda y Est\u00e9tica de Barcelona\",\"potentialAction\":[{\"@type\":\"SearchAction\",\"target\":{\"@type\":\"EntryPoint\",\"urlTemplate\":\"https:\/\/vanitasespai.es\/?s={search_term_string}\"},\"query-input\":{\"@type\":\"PropertyValueSpecification\",\"valueRequired\":true,\"valueName\":\"search_term_string\"}}],\"inLanguage\":\"ca\"}]}<\/script>\n<!-- \/ Yoast SEO plugin. -->","yoast_head_json":{"title":"Vanitas Espai - Maquillatge","robots":{"index":"index","follow":"follow","max-snippet":"max-snippet:-1","max-image-preview":"max-image-preview:large","max-video-preview":"max-video-preview:-1"},"canonical":"https:\/\/vanitasespai.es\/ca\/perruqueria\/maquillatge\/","og_locale":"ca_ES","og_type":"article","og_title":"Vanitas Espai - Maquillatge","og_description":"Pot ser que maquillar-se sembli una tasca senzilla, per\u00f2 t&#8217;adonar\u00e0s que no \u00e9s aix\u00ed quan s&#8217;encarregui de maquillar-te un maquillador professional. Un bon maquillatge acompanyat d&#8217;un bon pentinat et transformar\u00e0 i et far\u00e0 sentir segura i la protagonista de qualsevol esdeveniment o convenci\u00f3 social on vulguis acudir. A Vanitas Espai podem garantir-te resultats extraordinaris perqu\u00e8 [&hellip;]","og_url":"https:\/\/vanitasespai.es\/ca\/perruqueria\/maquillatge\/","og_site_name":"Vanitas Espai","article_modified_time":"2026-01-16T08:31:56+00:00","og_image":[{"width":1440,"height":961,"url":"https:\/\/vanitasespai.es\/wp-content\/uploads\/2016\/11\/vanitas-2016-bg.jpg","type":"image\/jpeg"}],"twitter_card":"summary_large_image","twitter_misc":{"Temps estimat de lectura":"1 minut"},"schema":{"@context":"https:\/\/schema.org","@graph":[{"@type":"WebPage","@id":"https:\/\/vanitasespai.es\/ca\/perruqueria\/maquillatge\/","url":"https:\/\/vanitasespai.es\/ca\/perruqueria\/maquillatge\/","name":"Vanitas Espai - Maquillatge","isPartOf":{"@id":"https:\/\/vanitasespai.es\/#website"},"datePublished":"2025-10-07T14:08:04+00:00","dateModified":"2026-01-16T08:31:56+00:00","breadcrumb":{"@id":"https:\/\/vanitasespai.es\/ca\/perruqueria\/maquillatge\/#breadcrumb"},"inLanguage":"ca","potentialAction":[{"@type":"ReadAction","target":["https:\/\/vanitasespai.es\/ca\/perruqueria\/maquillatge\/"]}]},{"@type":"BreadcrumbList","@id":"https:\/\/vanitasespai.es\/ca\/perruqueria\/maquillatge\/#breadcrumb","itemListElement":[{"@type":"ListItem","position":1,"name":"Home","item":"https:\/\/vanitasespai.es\/ca\/"},{"@type":"ListItem","position":2,"name":"Perruqueria","item":"https:\/\/vanitasespai.es\/ca\/perruqueria\/"},{"@type":"ListItem","position":3,"name":"Maquillatge"}]},{"@type":"WebSite","@id":"https:\/\/vanitasespai.es\/#website","url":"https:\/\/vanitasespai.es\/","name":"Vanitas Espai","description":"Mejor sal\u00f3n de Peluquer\u00eda y Est\u00e9tica de Barcelona","potentialAction":[{"@type":"SearchAction","target":{"@type":"EntryPoint","urlTemplate":"https:\/\/vanitasespai.es\/?s={search_term_string}"},"query-input":{"@type":"PropertyValueSpecification","valueRequired":true,"valueName":"search_term_string"}}],"inLanguage":"ca"}]}},"_links":{"self":[{"href":"https:\/\/vanitasespai.es\/ca\/wp-json\/wp\/v2\/pages\/19352","targetHints":{"allow":["GET"]}}],"collection":[{"href":"https:\/\/vanitasespai.es\/ca\/wp-json\/wp\/v2\/pages"}],"about":[{"href":"https:\/\/vanitasespai.es\/ca\/wp-json\/wp\/v2\/types\/page"}],"author":[{"embeddable":true,"href":"https:\/\/vanitasespai.es\/ca\/wp-json\/wp\/v2\/users\/1"}],"replies":[{"embeddable":true,"href":"https:\/\/vanitasespai.es\/ca\/wp-json\/wp\/v2\/comments?post=19352"}],"version-history":[{"count":4,"href":"https:\/\/vanitasespai.es\/ca\/wp-json\/wp\/v2\/pages\/19352\/revisions"}],"predecessor-version":[{"id":19831,"href":"https:\/\/vanitasespai.es\/ca\/wp-json\/wp\/v2\/pages\/19352\/revisions\/19831"}],"up":[{"embeddable":true,"href":"https:\/\/vanitasespai.es\/ca\/wp-json\/wp\/v2\/pages\/19315"}],"wp:attachment":[{"href":"https:\/\/vanitasespai.es\/ca\/wp-json\/wp\/v2\/media?parent=19352"}],"curies":[{"name":"wp","href":"https:\/\/api.w.org\/{rel}","templated":true}]}}