{"id":19315,"date":"2025-10-07T13:54:05","date_gmt":"2025-10-07T11:54:05","guid":{"rendered":"https:\/\/vanitasespai.es\/?page_id=19315"},"modified":"2025-10-07T13:57:10","modified_gmt":"2025-10-07T11:57:10","slug":"perruqueria","status":"publish","type":"page","link":"https:\/\/vanitasespai.es\/ca\/perruqueria\/","title":{"rendered":"Perruqueria"},"content":{"rendered":"<h2>Un servei exquisit, et sentir\u00e0s totalment exclusiu i mimat@<\/h2>\n<p>A les nostres instal\u00b7lacions trobar\u00e0s els <em><strong>millors serveis de perruqueria a Barcelona<\/strong>, \u200b\u200bamb la m\u00e0xima comoditat, professionalitat i atenci\u00f3<\/em>, que et faran sentir molt especial.<\/p>\n<p>Vanitas disposa d&#8217;estilistes altament qualificats amb experi\u00e8ncia i formaci\u00f3 als millors salons nacionals i internacionals. Tots s\u00f3n apassionats pel m\u00f3n de la bellesa. Busquem sempre respectar el teu estil i seguir tend\u00e8ncies en talls femen\u00ed i mascul\u00ed, colors, t\u00e8cniques innovadores de metxes, allisats, tractaments de recuperaci\u00f3 del cabell, extensions de cabell 100% natural.<\/p>\n<p>Per a nosaltres, la perruqueria \u00e9s un art a trav\u00e9s del qual podem aconseguir que et sentis millor, et vegis m\u00e9s maco i trobis un look d&#8217;acord amb el que vols projectar a l&#8217;exterior. Tenim acc\u00e9s als millors productes europeus i internacionals per cuidar la teva cabellera i dotar-la d&#8217;una for\u00e7a i vivesa que ressaltin el teu atractiu natural.<\/p>\n","protected":false},"excerpt":{"rendered":"<p>Un servei exquisit, et sentir\u00e0s totalment exclusiu i mimat@ A les nostres instal\u00b7lacions trobar\u00e0s els millors serveis de perruqueria a Barcelona, \u200b\u200bamb la m\u00e0xima comoditat, professionalitat i atenci\u00f3, que et faran sentir molt especial. Vanitas disposa d&#8217;estilistes altament qualificats amb experi\u00e8ncia i formaci\u00f3 als millors salons nacionals i internacionals. Tots s\u00f3n apassionats pel m\u00f3n de [&hellip;]<\/p>\n","protected":false},"author":1,"featured_media":19348,"parent":0,"menu_order":0,"comment_status":"closed","ping_status":"closed","template":"home-services.php","meta":{"_acf_changed":false,"_joinchat":[],"footnotes":""},"class_list":["post-19315","page","type-page","status-publish","has-post-thumbnail","hentry"],"acf":[],"yoast_head":"<!-- This site is optimized with the Yoast SEO plugin v26.1.1 - https:\/\/yoast.com\/wordpress\/plugins\/seo\/ -->\n<title>Vanitas Espai - Perruqueria<\/title>\n<meta name=\"robots\" content=\"index, follow, max-snippet:-1, max-image-preview:large, max-video-preview:-1\" \/>\n<link rel=\"canonical\" href=\"https:\/\/vanitasespai.es\/ca\/perruqueria\/\" \/>\n<meta property=\"og:locale\" content=\"ca_ES\" \/>\n<meta property=\"og:type\" content=\"article\" \/>\n<meta property=\"og:title\" content=\"Vanitas Espai - Perruqueria\" \/>\n<meta property=\"og:description\" content=\"Un servei exquisit, et sentir\u00e0s totalment exclusiu i mimat@ A les nostres instal\u00b7lacions trobar\u00e0s els millors serveis de perruqueria a Barcelona, \u200b\u200bamb la m\u00e0xima comoditat, professionalitat i atenci\u00f3, que et faran sentir molt especial. Vanitas disposa d&#8217;estilistes altament qualificats amb experi\u00e8ncia i formaci\u00f3 als millors salons nacionals i internacionals. Tots s\u00f3n apassionats pel m\u00f3n de [&hellip;]\" \/>\n<meta property=\"og:url\" content=\"https:\/\/vanitasespai.es\/ca\/perruqueria\/\" \/>\n<meta property=\"og:site_name\" content=\"Vanitas Espai\" \/>\n<meta property=\"article:modified_time\" content=\"2025-10-07T11:57:10+00:00\" \/>\n<meta property=\"og:image\" content=\"https:\/\/vanitasespai.es\/wp-content\/uploads\/2013\/01\/Fondo-Zona-Peluqueria-Corte.jpg\" \/>\n\t<meta property=\"og:image:width\" content=\"1920\" \/>\n\t<meta property=\"og:image:height\" content=\"991\" \/>\n\t<meta property=\"og:image:type\" content=\"image\/jpeg\" \/>\n<meta name=\"twitter:card\" content=\"summary_large_image\" \/>\n<meta name=\"twitter:label1\" content=\"Temps estimat de lectura\" \/>\n\t<meta name=\"twitter:data1\" content=\"1 minut\" \/>\n<script type=\"application\/ld+json\" class=\"yoast-schema-graph\">{\"@context\":\"https:\/\/schema.org\",\"@graph\":[{\"@type\":\"WebPage\",\"@id\":\"https:\/\/vanitasespai.es\/ca\/perruqueria\/\",\"url\":\"https:\/\/vanitasespai.es\/ca\/perruqueria\/\",\"name\":\"Vanitas Espai - Perruqueria\",\"isPartOf\":{\"@id\":\"https:\/\/vanitasespai.es\/#website\"},\"primaryImageOfPage\":{\"@id\":\"https:\/\/vanitasespai.es\/ca\/perruqueria\/#primaryimage\"},\"image\":{\"@id\":\"https:\/\/vanitasespai.es\/ca\/perruqueria\/#primaryimage\"},\"thumbnailUrl\":\"https:\/\/vanitasespai.es\/wp-content\/uploads\/2013\/01\/Fondo-Zona-Peluqueria-Corte.jpg\",\"datePublished\":\"2025-10-07T11:54:05+00:00\",\"dateModified\":\"2025-10-07T11:57:10+00:00\",\"breadcrumb\":{\"@id\":\"https:\/\/vanitasespai.es\/ca\/perruqueria\/#breadcrumb\"},\"inLanguage\":\"ca\",\"potentialAction\":[{\"@type\":\"ReadAction\",\"target\":[\"https:\/\/vanitasespai.es\/ca\/perruqueria\/\"]}]},{\"@type\":\"ImageObject\",\"inLanguage\":\"ca\",\"@id\":\"https:\/\/vanitasespai.es\/ca\/perruqueria\/#primaryimage\",\"url\":\"https:\/\/vanitasespai.es\/wp-content\/uploads\/2013\/01\/Fondo-Zona-Peluqueria-Corte.jpg\",\"contentUrl\":\"https:\/\/vanitasespai.es\/wp-content\/uploads\/2013\/01\/Fondo-Zona-Peluqueria-Corte.jpg\",\"width\":1920,\"height\":991},{\"@type\":\"BreadcrumbList\",\"@id\":\"https:\/\/vanitasespai.es\/ca\/perruqueria\/#breadcrumb\",\"itemListElement\":[{\"@type\":\"ListItem\",\"position\":1,\"name\":\"Home\",\"item\":\"https:\/\/vanitasespai.es\/ca\/\"},{\"@type\":\"ListItem\",\"position\":2,\"name\":\"Perruqueria\"}]},{\"@type\":\"WebSite\",\"@id\":\"https:\/\/vanitasespai.es\/#website\",\"url\":\"https:\/\/vanitasespai.es\/\",\"name\":\"Vanitas Espai\",\"description\":\"Mejor sal\u00f3n de Peluquer\u00eda y Est\u00e9tica de Barcelona\",\"potentialAction\":[{\"@type\":\"SearchAction\",\"target\":{\"@type\":\"EntryPoint\",\"urlTemplate\":\"https:\/\/vanitasespai.es\/?s={search_term_string}\"},\"query-input\":{\"@type\":\"PropertyValueSpecification\",\"valueRequired\":true,\"valueName\":\"search_term_string\"}}],\"inLanguage\":\"ca\"}]}<\/script>\n<!-- \/ Yoast SEO plugin. -->","yoast_head_json":{"title":"Vanitas Espai - Perruqueria","robots":{"index":"index","follow":"follow","max-snippet":"max-snippet:-1","max-image-preview":"max-image-preview:large","max-video-preview":"max-video-preview:-1"},"canonical":"https:\/\/vanitasespai.es\/ca\/perruqueria\/","og_locale":"ca_ES","og_type":"article","og_title":"Vanitas Espai - Perruqueria","og_description":"Un servei exquisit, et sentir\u00e0s totalment exclusiu i mimat@ A les nostres instal\u00b7lacions trobar\u00e0s els millors serveis de perruqueria a Barcelona, \u200b\u200bamb la m\u00e0xima comoditat, professionalitat i atenci\u00f3, que et faran sentir molt especial. Vanitas disposa d&#8217;estilistes altament qualificats amb experi\u00e8ncia i formaci\u00f3 als millors salons nacionals i internacionals. Tots s\u00f3n apassionats pel m\u00f3n de [&hellip;]","og_url":"https:\/\/vanitasespai.es\/ca\/perruqueria\/","og_site_name":"Vanitas Espai","article_modified_time":"2025-10-07T11:57:10+00:00","og_image":[{"width":1920,"height":991,"url":"https:\/\/vanitasespai.es\/wp-content\/uploads\/2013\/01\/Fondo-Zona-Peluqueria-Corte.jpg","type":"image\/jpeg"}],"twitter_card":"summary_large_image","twitter_misc":{"Temps estimat de lectura":"1 minut"},"schema":{"@context":"https:\/\/schema.org","@graph":[{"@type":"WebPage","@id":"https:\/\/vanitasespai.es\/ca\/perruqueria\/","url":"https:\/\/vanitasespai.es\/ca\/perruqueria\/","name":"Vanitas Espai - Perruqueria","isPartOf":{"@id":"https:\/\/vanitasespai.es\/#website"},"primaryImageOfPage":{"@id":"https:\/\/vanitasespai.es\/ca\/perruqueria\/#primaryimage"},"image":{"@id":"https:\/\/vanitasespai.es\/ca\/perruqueria\/#primaryimage"},"thumbnailUrl":"https:\/\/vanitasespai.es\/wp-content\/uploads\/2013\/01\/Fondo-Zona-Peluqueria-Corte.jpg","datePublished":"2025-10-07T11:54:05+00:00","dateModified":"2025-10-07T11:57:10+00:00","breadcrumb":{"@id":"https:\/\/vanitasespai.es\/ca\/perruqueria\/#breadcrumb"},"inLanguage":"ca","potentialAction":[{"@type":"ReadAction","target":["https:\/\/vanitasespai.es\/ca\/perruqueria\/"]}]},{"@type":"ImageObject","inLanguage":"ca","@id":"https:\/\/vanitasespai.es\/ca\/perruqueria\/#primaryimage","url":"https:\/\/vanitasespai.es\/wp-content\/uploads\/2013\/01\/Fondo-Zona-Peluqueria-Corte.jpg","contentUrl":"https:\/\/vanitasespai.es\/wp-content\/uploads\/2013\/01\/Fondo-Zona-Peluqueria-Corte.jpg","width":1920,"height":991},{"@type":"BreadcrumbList","@id":"https:\/\/vanitasespai.es\/ca\/perruqueria\/#breadcrumb","itemListElement":[{"@type":"ListItem","position":1,"name":"Home","item":"https:\/\/vanitasespai.es\/ca\/"},{"@type":"ListItem","position":2,"name":"Perruqueria"}]},{"@type":"WebSite","@id":"https:\/\/vanitasespai.es\/#website","url":"https:\/\/vanitasespai.es\/","name":"Vanitas Espai","description":"Mejor sal\u00f3n de Peluquer\u00eda y Est\u00e9tica de Barcelona","potentialAction":[{"@type":"SearchAction","target":{"@type":"EntryPoint","urlTemplate":"https:\/\/vanitasespai.es\/?s={search_term_string}"},"query-input":{"@type":"PropertyValueSpecification","valueRequired":true,"valueName":"search_term_string"}}],"inLanguage":"ca"}]}},"_links":{"self":[{"href":"https:\/\/vanitasespai.es\/ca\/wp-json\/wp\/v2\/pages\/19315","targetHints":{"allow":["GET"]}}],"collection":[{"href":"https:\/\/vanitasespai.es\/ca\/wp-json\/wp\/v2\/pages"}],"about":[{"href":"https:\/\/vanitasespai.es\/ca\/wp-json\/wp\/v2\/types\/page"}],"author":[{"embeddable":true,"href":"https:\/\/vanitasespai.es\/ca\/wp-json\/wp\/v2\/users\/1"}],"replies":[{"embeddable":true,"href":"https:\/\/vanitasespai.es\/ca\/wp-json\/wp\/v2\/comments?post=19315"}],"version-history":[{"count":3,"href":"https:\/\/vanitasespai.es\/ca\/wp-json\/wp\/v2\/pages\/19315\/revisions"}],"predecessor-version":[{"id":19351,"href":"https:\/\/vanitasespai.es\/ca\/wp-json\/wp\/v2\/pages\/19315\/revisions\/19351"}],"wp:featuredmedia":[{"embeddable":true,"href":"https:\/\/vanitasespai.es\/ca\/wp-json\/wp\/v2\/media\/19348"}],"wp:attachment":[{"href":"https:\/\/vanitasespai.es\/ca\/wp-json\/wp\/v2\/media?parent=19315"}],"curies":[{"name":"wp","href":"https:\/\/api.w.org\/{rel}","templated":true}]}}