{"id":19306,"date":"2025-10-07T13:42:07","date_gmt":"2025-10-07T11:42:07","guid":{"rendered":"https:\/\/vanitasespai.es\/?page_id=19306"},"modified":"2025-10-07T13:43:30","modified_gmt":"2025-10-07T11:43:30","slug":"extensio-de-cabell","status":"publish","type":"page","link":"https:\/\/vanitasespai.es\/ca\/perruqueria\/extensio-de-cabell\/","title":{"rendered":"Extensi\u00f3 de cabell"},"content":{"rendered":"","protected":false},"excerpt":{"rendered":"","protected":false},"author":1,"featured_media":0,"parent":19315,"menu_order":0,"comment_status":"closed","ping_status":"closed","template":"single-services.php","meta":{"_acf_changed":false,"_joinchat":[],"footnotes":""},"class_list":["post-19306","page","type-page","status-publish","hentry"],"acf":[],"yoast_head":"<!-- This site is optimized with the Yoast SEO plugin v26.1.1 - https:\/\/yoast.com\/wordpress\/plugins\/seo\/ -->\n<title>Vanitas Espai - Extensi\u00f3 de cabell<\/title>\n<meta name=\"robots\" content=\"index, follow, max-snippet:-1, max-image-preview:large, max-video-preview:-1\" \/>\n<link rel=\"canonical\" href=\"https:\/\/vanitasespai.es\/ca\/extensio-de-cabell\/\" \/>\n<meta property=\"og:locale\" content=\"ca_ES\" \/>\n<meta property=\"og:type\" content=\"article\" \/>\n<meta property=\"og:title\" content=\"Vanitas Espai - Extensi\u00f3 de cabell\" \/>\n<meta property=\"og:url\" content=\"https:\/\/vanitasespai.es\/ca\/extensio-de-cabell\/\" \/>\n<meta property=\"og:site_name\" content=\"Vanitas Espai\" \/>\n<meta property=\"article:modified_time\" content=\"2025-10-07T11:43:30+00:00\" \/>\n<meta property=\"og:image\" content=\"https:\/\/vanitasespai.es\/wp-content\/uploads\/2016\/11\/vanitas-2016-bg.jpg\" \/>\n\t<meta property=\"og:image:width\" content=\"1440\" \/>\n\t<meta property=\"og:image:height\" content=\"961\" \/>\n\t<meta property=\"og:image:type\" content=\"image\/jpeg\" \/>\n<meta name=\"twitter:card\" content=\"summary_large_image\" \/>\n<script type=\"application\/ld+json\" class=\"yoast-schema-graph\">{\"@context\":\"https:\/\/schema.org\",\"@graph\":[{\"@type\":\"WebPage\",\"@id\":\"https:\/\/vanitasespai.es\/ca\/extensio-de-cabell\/\",\"url\":\"https:\/\/vanitasespai.es\/ca\/extensio-de-cabell\/\",\"name\":\"Vanitas Espai - Extensi\u00f3 de cabell\",\"isPartOf\":{\"@id\":\"https:\/\/vanitasespai.es\/#website\"},\"datePublished\":\"2025-10-07T11:42:07+00:00\",\"dateModified\":\"2025-10-07T11:43:30+00:00\",\"breadcrumb\":{\"@id\":\"https:\/\/vanitasespai.es\/ca\/extensio-de-cabell\/#breadcrumb\"},\"inLanguage\":\"ca\",\"potentialAction\":[{\"@type\":\"ReadAction\",\"target\":[\"https:\/\/vanitasespai.es\/ca\/extensio-de-cabell\/\"]}]},{\"@type\":\"BreadcrumbList\",\"@id\":\"https:\/\/vanitasespai.es\/ca\/extensio-de-cabell\/#breadcrumb\",\"itemListElement\":[{\"@type\":\"ListItem\",\"position\":1,\"name\":\"Home\",\"item\":\"https:\/\/vanitasespai.es\/ca\/\"},{\"@type\":\"ListItem\",\"position\":2,\"name\":\"Extensi\u00f3 de cabell\"}]},{\"@type\":\"WebSite\",\"@id\":\"https:\/\/vanitasespai.es\/#website\",\"url\":\"https:\/\/vanitasespai.es\/\",\"name\":\"Vanitas Espai\",\"description\":\"Mejor sal\u00f3n de Peluquer\u00eda y Est\u00e9tica de Barcelona\",\"potentialAction\":[{\"@type\":\"SearchAction\",\"target\":{\"@type\":\"EntryPoint\",\"urlTemplate\":\"https:\/\/vanitasespai.es\/?s={search_term_string}\"},\"query-input\":{\"@type\":\"PropertyValueSpecification\",\"valueRequired\":true,\"valueName\":\"search_term_string\"}}],\"inLanguage\":\"ca\"}]}<\/script>\n<!-- \/ Yoast SEO plugin. -->","yoast_head_json":{"title":"Vanitas Espai - Extensi\u00f3 de cabell","robots":{"index":"index","follow":"follow","max-snippet":"max-snippet:-1","max-image-preview":"max-image-preview:large","max-video-preview":"max-video-preview:-1"},"canonical":"https:\/\/vanitasespai.es\/ca\/extensio-de-cabell\/","og_locale":"ca_ES","og_type":"article","og_title":"Vanitas Espai - Extensi\u00f3 de cabell","og_url":"https:\/\/vanitasespai.es\/ca\/extensio-de-cabell\/","og_site_name":"Vanitas Espai","article_modified_time":"2025-10-07T11:43:30+00:00","og_image":[{"width":1440,"height":961,"url":"https:\/\/vanitasespai.es\/wp-content\/uploads\/2016\/11\/vanitas-2016-bg.jpg","type":"image\/jpeg"}],"twitter_card":"summary_large_image","schema":{"@context":"https:\/\/schema.org","@graph":[{"@type":"WebPage","@id":"https:\/\/vanitasespai.es\/ca\/extensio-de-cabell\/","url":"https:\/\/vanitasespai.es\/ca\/extensio-de-cabell\/","name":"Vanitas Espai - Extensi\u00f3 de cabell","isPartOf":{"@id":"https:\/\/vanitasespai.es\/#website"},"datePublished":"2025-10-07T11:42:07+00:00","dateModified":"2025-10-07T11:43:30+00:00","breadcrumb":{"@id":"https:\/\/vanitasespai.es\/ca\/extensio-de-cabell\/#breadcrumb"},"inLanguage":"ca","potentialAction":[{"@type":"ReadAction","target":["https:\/\/vanitasespai.es\/ca\/extensio-de-cabell\/"]}]},{"@type":"BreadcrumbList","@id":"https:\/\/vanitasespai.es\/ca\/extensio-de-cabell\/#breadcrumb","itemListElement":[{"@type":"ListItem","position":1,"name":"Home","item":"https:\/\/vanitasespai.es\/ca\/"},{"@type":"ListItem","position":2,"name":"Extensi\u00f3 de cabell"}]},{"@type":"WebSite","@id":"https:\/\/vanitasespai.es\/#website","url":"https:\/\/vanitasespai.es\/","name":"Vanitas Espai","description":"Mejor sal\u00f3n de Peluquer\u00eda y Est\u00e9tica de Barcelona","potentialAction":[{"@type":"SearchAction","target":{"@type":"EntryPoint","urlTemplate":"https:\/\/vanitasespai.es\/?s={search_term_string}"},"query-input":{"@type":"PropertyValueSpecification","valueRequired":true,"valueName":"search_term_string"}}],"inLanguage":"ca"}]}},"_links":{"self":[{"href":"https:\/\/vanitasespai.es\/ca\/wp-json\/wp\/v2\/pages\/19306","targetHints":{"allow":["GET"]}}],"collection":[{"href":"https:\/\/vanitasespai.es\/ca\/wp-json\/wp\/v2\/pages"}],"about":[{"href":"https:\/\/vanitasespai.es\/ca\/wp-json\/wp\/v2\/types\/page"}],"author":[{"embeddable":true,"href":"https:\/\/vanitasespai.es\/ca\/wp-json\/wp\/v2\/users\/1"}],"replies":[{"embeddable":true,"href":"https:\/\/vanitasespai.es\/ca\/wp-json\/wp\/v2\/comments?post=19306"}],"version-history":[{"count":2,"href":"https:\/\/vanitasespai.es\/ca\/wp-json\/wp\/v2\/pages\/19306\/revisions"}],"predecessor-version":[{"id":19308,"href":"https:\/\/vanitasespai.es\/ca\/wp-json\/wp\/v2\/pages\/19306\/revisions\/19308"}],"up":[{"embeddable":true,"href":"https:\/\/vanitasespai.es\/ca\/wp-json\/wp\/v2\/pages\/19315"}],"wp:attachment":[{"href":"https:\/\/vanitasespai.es\/ca\/wp-json\/wp\/v2\/media?parent=19306"}],"curies":[{"name":"wp","href":"https:\/\/api.w.org\/{rel}","templated":true}]}}