{"id":19244,"date":"2025-10-07T12:55:45","date_gmt":"2025-10-07T10:55:45","guid":{"rendered":"https:\/\/vanitasespai.es\/?page_id=19244"},"modified":"2025-10-08T14:20:31","modified_gmt":"2025-10-08T12:20:31","slug":"coneix-vanitas-espai","status":"publish","type":"page","link":"https:\/\/vanitasespai.es\/ca\/coneix-vanitas-espai\/","title":{"rendered":"Coneix Vanitas Espai"},"content":{"rendered":"<p>Vanitas Espai \u00e9s un acollidor sal\u00f3 de bellesa de disseny al cor de l&#8217;Eixample barcelon\u00ed, amb una atmosfera creada perqu\u00e8 estiguis totalment relaxat mentre cuidem de la teva imatge a les nostres exclusives zones de perruqueria i est\u00e8tica. Rebr\u00e0s atenci\u00f3 personalitzada que et far\u00e0 sentir molt especial. Els nostres professionals estan sempre a la darrera de les novetats i les darreres tend\u00e8ncies. Som la perruqueria de Barcelona que estaves buscant perqu\u00e8 cuidem els teus cabells, t&#8217;assessorarem sobre quin look t&#8217;afavoreix m\u00e9s i et proporcionem tots els tractaments facials i corporals perqu\u00e8 sempre llueixis una pell radiant i un aspecte fabul\u00f3s.<\/p>\n<p>Al nostre sal\u00f3 d&#8217;est\u00e8tica, perruqueria i bellesa, som experts en: Tractaments unisex per als cabells, canvis de look per a totes les edats, metxes californianes i metxes balayage, <strong><a href=\"https:\/\/vanitasespai.es\/ca\/pestanyes-i-celles\/extensions-de-pestanyes\/\">extensions de pestanyes p\u00e8l a p\u00e8l<\/a><\/strong>, allisats i tractaments de rejoveniment per als cabells, aix\u00ed com tots els serveis per a n\u00f2via facials i corporals, <strong><a href=\"https:\/\/vanitasespai.es\/ca\/ungles\/manicura\/\">manicura<\/a><\/strong>, <a href=\"https:\/\/vanitasespai.es\/ca\/ungles\/pedicura\/\"><strong>pedicura<\/strong><\/a>, massatges i molt m\u00e9s que podr\u00e0s anar descobrint al nostre blog o la nostra secci\u00f3 de serveis. <a href=\"https:\/\/vanitasespai.es\/ca\/reserva\/\"><strong>Reserva ja la teva cita<\/strong><\/a> a Vanitas Espai per con\u00e8ixer-nos personalment i descobrir tot el que podem fer perqu\u00e8 et sentis millor i posar-te m\u00e9s maco.<\/p>\n<p>&nbsp;<\/p>\n\t\t\t<style>\n                #foogallery-gallery-12471.fg-justified .fg-item {\n                    margin-right: 1px;\n                    margin-bottom: 1px;\n                }\n\n                #foogallery-gallery-12471.fg-justified .fg-image {\n                    height: 150px;\n                }\n\t\t\t<\/style>\n\t\t\t<div class=\"foogallery foogallery-container foogallery-justified foogallery-lightbox-dfactory fg-justified fg-light fg-loading-default fg-loaded-fade-in fg-hover-fade fg-ready\" id=\"foogallery-gallery-12471\" data-foogallery=\"{&quot;item&quot;:{&quot;showCaptionTitle&quot;:true,&quot;showCaptionDescription&quot;:true},&quot;lazy&quot;:true,&quot;template&quot;:{&quot;rowHeight&quot;:150,&quot;maxRowHeight&quot;:300,&quot;margins&quot;:1,&quot;align&quot;:&quot;center&quot;,&quot;lastRow&quot;:&quot;smart&quot;}}\" >\n\t<div class=\"fg-item fg-type-image fg-idle\"><figure class=\"fg-item-inner\"><a href=\"https:\/\/vanitasespai.es\/wp-content\/uploads\/2017\/08\/Recepcion.jpg\" data-attachment-id=\"13328\" data-rel=\"lightbox-image-bGlnaHRib3g=\" data-rl_title=\"\" data-rl_caption=\"\" data-type=\"image\" class=\"fg-thumb\" title=\"\"><span class=\"fg-image-wrap\"><img fetchpriority=\"high\" decoding=\"async\" height=\"300\" width=\"449\" class=\"skip-lazy fg-image\" data-src-fg=\"https:\/\/vanitasespai.es\/wp-content\/uploads\/cache\/2017\/08\/Recepcion\/1226940508.jpg\" src=\"data:image\/svg+xml,%3Csvg%20xmlns%3D%22http%3A%2F%2Fwww.w3.org%2F2000%2Fsvg%22%20width%3D%22449%22%20height%3D%22300%22%20viewBox%3D%220%200%20449%20300%22%3E%3C%2Fsvg%3E\" loading=\"eager\"><\/span><span class=\"fg-image-overlay\"><\/span><\/a><figcaption class=\"fg-caption\"><div class=\"fg-caption-inner\"><\/div><\/figcaption><\/figure><div class=\"fg-loader\"><\/div><\/div><div class=\"fg-item fg-type-image fg-idle\"><figure class=\"fg-item-inner\"><a href=\"https:\/\/vanitasespai.es\/wp-content\/uploads\/2017\/08\/Escaparate-Logo.jpg\" data-attachment-id=\"13334\" data-rel=\"lightbox-image-bGlnaHRib3g=\" data-rl_title=\"\" data-rl_caption=\"\" data-type=\"image\" class=\"fg-thumb\" title=\"\"><span class=\"fg-image-wrap\"><img decoding=\"async\" height=\"300\" width=\"449\" class=\"skip-lazy fg-image\" data-src-fg=\"https:\/\/vanitasespai.es\/wp-content\/uploads\/cache\/2017\/08\/Escaparate-Logo\/543716749.jpg\" src=\"data:image\/svg+xml,%3Csvg%20xmlns%3D%22http%3A%2F%2Fwww.w3.org%2F2000%2Fsvg%22%20width%3D%22449%22%20height%3D%22300%22%20viewBox%3D%220%200%20449%20300%22%3E%3C%2Fsvg%3E\" loading=\"eager\"><\/span><span class=\"fg-image-overlay\"><\/span><\/a><figcaption class=\"fg-caption\"><div class=\"fg-caption-inner\"><\/div><\/figcaption><\/figure><div class=\"fg-loader\"><\/div><\/div><div class=\"fg-item fg-type-image fg-idle\"><figure class=\"fg-item-inner\"><a href=\"https:\/\/vanitasespai.es\/wp-content\/uploads\/2017\/08\/Zona-Peluqueria-Color.jpg\" data-attachment-id=\"13331\" data-rel=\"lightbox-image-bGlnaHRib3g=\" data-rl_title=\"\" data-rl_caption=\"\" data-type=\"image\" class=\"fg-thumb\" title=\"\"><span class=\"fg-image-wrap\"><img decoding=\"async\" height=\"300\" width=\"449\" class=\"skip-lazy fg-image\" data-src-fg=\"https:\/\/vanitasespai.es\/wp-content\/uploads\/cache\/2017\/08\/Zona-Peluqueria-Color\/1925917380.jpg\" src=\"data:image\/svg+xml,%3Csvg%20xmlns%3D%22http%3A%2F%2Fwww.w3.org%2F2000%2Fsvg%22%20width%3D%22449%22%20height%3D%22300%22%20viewBox%3D%220%200%20449%20300%22%3E%3C%2Fsvg%3E\" loading=\"eager\"><\/span><span class=\"fg-image-overlay\"><\/span><\/a><figcaption class=\"fg-caption\"><div class=\"fg-caption-inner\"><\/div><\/figcaption><\/figure><div class=\"fg-loader\"><\/div><\/div><div class=\"fg-item fg-type-image fg-idle\"><figure class=\"fg-item-inner\"><a href=\"https:\/\/vanitasespai.es\/wp-content\/uploads\/2017\/08\/Zona-Peluqueria-Corte-2.jpg\" data-attachment-id=\"13332\" data-rel=\"lightbox-image-bGlnaHRib3g=\" data-rl_title=\"\" data-rl_caption=\"\" data-type=\"image\" class=\"fg-thumb\" title=\"\"><span class=\"fg-image-wrap\"><img decoding=\"async\" height=\"300\" width=\"449\" class=\"skip-lazy fg-image\" data-src-fg=\"https:\/\/vanitasespai.es\/wp-content\/uploads\/cache\/2017\/08\/Zona-Peluqueria-Corte-2\/1541175807.jpg\" src=\"data:image\/svg+xml,%3Csvg%20xmlns%3D%22http%3A%2F%2Fwww.w3.org%2F2000%2Fsvg%22%20width%3D%22449%22%20height%3D%22300%22%20viewBox%3D%220%200%20449%20300%22%3E%3C%2Fsvg%3E\" loading=\"eager\"><\/span><span class=\"fg-image-overlay\"><\/span><\/a><figcaption class=\"fg-caption\"><div class=\"fg-caption-inner\"><\/div><\/figcaption><\/figure><div class=\"fg-loader\"><\/div><\/div><div class=\"fg-item fg-type-image fg-idle\"><figure class=\"fg-item-inner\"><a href=\"https:\/\/vanitasespai.es\/wp-content\/uploads\/2017\/08\/Zona-Peluqueria-Corte.jpg\" data-attachment-id=\"13333\" data-rel=\"lightbox-image-bGlnaHRib3g=\" data-rl_title=\"\" data-rl_caption=\"\" data-type=\"image\" class=\"fg-thumb\" title=\"\"><span class=\"fg-image-wrap\"><img decoding=\"async\" height=\"300\" width=\"449\" class=\"skip-lazy fg-image\" data-src-fg=\"https:\/\/vanitasespai.es\/wp-content\/uploads\/cache\/2017\/08\/Zona-Peluqueria-Corte\/2660216459.jpg\" src=\"data:image\/svg+xml,%3Csvg%20xmlns%3D%22http%3A%2F%2Fwww.w3.org%2F2000%2Fsvg%22%20width%3D%22449%22%20height%3D%22300%22%20viewBox%3D%220%200%20449%20300%22%3E%3C%2Fsvg%3E\" loading=\"eager\"><\/span><span class=\"fg-image-overlay\"><\/span><\/a><figcaption class=\"fg-caption\"><div class=\"fg-caption-inner\"><\/div><\/figcaption><\/figure><div class=\"fg-loader\"><\/div><\/div><div class=\"fg-item fg-type-image fg-idle\"><figure class=\"fg-item-inner\"><a href=\"https:\/\/vanitasespai.es\/wp-content\/uploads\/2017\/08\/Zona-Relax-Lavacabezas.jpg\" data-attachment-id=\"13336\" data-rel=\"lightbox-image-bGlnaHRib3g=\" data-rl_title=\"\" data-rl_caption=\"\" data-type=\"image\" class=\"fg-thumb\" title=\"\"><span class=\"fg-image-wrap\"><img decoding=\"async\" height=\"300\" width=\"449\" class=\"skip-lazy fg-image\" data-src-fg=\"https:\/\/vanitasespai.es\/wp-content\/uploads\/cache\/2017\/08\/Zona-Relax-Lavacabezas\/3369497514.jpg\" src=\"data:image\/svg+xml,%3Csvg%20xmlns%3D%22http%3A%2F%2Fwww.w3.org%2F2000%2Fsvg%22%20width%3D%22449%22%20height%3D%22300%22%20viewBox%3D%220%200%20449%20300%22%3E%3C%2Fsvg%3E\" loading=\"eager\"><\/span><span class=\"fg-image-overlay\"><\/span><\/a><figcaption class=\"fg-caption\"><div class=\"fg-caption-inner\"><\/div><\/figcaption><\/figure><div class=\"fg-loader\"><\/div><\/div><div class=\"fg-item fg-type-image fg-idle\"><figure class=\"fg-item-inner\"><a href=\"https:\/\/vanitasespai.es\/wp-content\/uploads\/2017\/08\/Zona-Relax-Lavacabezas-2.jpg\" data-attachment-id=\"13335\" data-rel=\"lightbox-image-bGlnaHRib3g=\" data-rl_title=\"\" data-rl_caption=\"\" data-type=\"image\" class=\"fg-thumb\" title=\"\"><span class=\"fg-image-wrap\"><img decoding=\"async\" height=\"300\" width=\"449\" class=\"skip-lazy fg-image\" data-src-fg=\"https:\/\/vanitasespai.es\/wp-content\/uploads\/cache\/2017\/08\/Zona-Relax-Lavacabezas-2\/3380248541.jpg\" src=\"data:image\/svg+xml,%3Csvg%20xmlns%3D%22http%3A%2F%2Fwww.w3.org%2F2000%2Fsvg%22%20width%3D%22449%22%20height%3D%22300%22%20viewBox%3D%220%200%20449%20300%22%3E%3C%2Fsvg%3E\" loading=\"eager\"><\/span><span class=\"fg-image-overlay\"><\/span><\/a><figcaption class=\"fg-caption\"><div class=\"fg-caption-inner\"><\/div><\/figcaption><\/figure><div class=\"fg-loader\"><\/div><\/div><div class=\"fg-item fg-type-image fg-idle\"><figure class=\"fg-item-inner\"><a href=\"https:\/\/vanitasespai.es\/wp-content\/uploads\/2016\/11\/vnt-2016-g3.jpg\" data-attachment-id=\"19367\" data-rel=\"lightbox-image-bGlnaHRib3g=\" data-rl_title=\"\" data-rl_caption=\"\" data-type=\"image\" class=\"fg-thumb\" title=\"\"><span class=\"fg-image-wrap\"><img decoding=\"async\" height=\"300\" width=\"455\" class=\"skip-lazy fg-image\" data-src-fg=\"https:\/\/vanitasespai.es\/wp-content\/uploads\/cache\/2016\/11\/vnt-2016-g3\/581092270.jpg\" src=\"data:image\/svg+xml,%3Csvg%20xmlns%3D%22http%3A%2F%2Fwww.w3.org%2F2000%2Fsvg%22%20width%3D%22455%22%20height%3D%22300%22%20viewBox%3D%220%200%20455%20300%22%3E%3C%2Fsvg%3E\" loading=\"eager\"><\/span><span class=\"fg-image-overlay\"><\/span><\/a><figcaption class=\"fg-caption\"><div class=\"fg-caption-inner\"><\/div><\/figcaption><\/figure><div class=\"fg-loader\"><\/div><\/div><div class=\"fg-item fg-type-image fg-idle\"><figure class=\"fg-item-inner\"><a href=\"https:\/\/vanitasespai.es\/wp-content\/uploads\/2017\/08\/Zona-Manicura-Spa.jpg\" data-attachment-id=\"13329\" data-rel=\"lightbox-image-bGlnaHRib3g=\" data-rl_title=\"\" data-rl_caption=\"\" data-type=\"image\" class=\"fg-thumb\" title=\"\"><span class=\"fg-image-wrap\"><img decoding=\"async\" height=\"300\" width=\"449\" class=\"skip-lazy fg-image\" data-src-fg=\"https:\/\/vanitasespai.es\/wp-content\/uploads\/cache\/2017\/08\/Zona-Manicura-Spa\/2038003179.jpg\" src=\"data:image\/svg+xml,%3Csvg%20xmlns%3D%22http%3A%2F%2Fwww.w3.org%2F2000%2Fsvg%22%20width%3D%22449%22%20height%3D%22300%22%20viewBox%3D%220%200%20449%20300%22%3E%3C%2Fsvg%3E\" loading=\"eager\"><\/span><span class=\"fg-image-overlay\"><\/span><\/a><figcaption class=\"fg-caption\"><div class=\"fg-caption-inner\"><\/div><\/figcaption><\/figure><div class=\"fg-loader\"><\/div><\/div><div class=\"fg-item fg-type-image fg-idle\"><figure class=\"fg-item-inner\"><a href=\"https:\/\/vanitasespai.es\/wp-content\/uploads\/2017\/08\/Zona-Pedicura-Spa.jpg\" data-attachment-id=\"13330\" data-rel=\"lightbox-image-bGlnaHRib3g=\" data-rl_title=\"\" data-rl_caption=\"\" data-type=\"image\" class=\"fg-thumb\" title=\"\"><span class=\"fg-image-wrap\"><img decoding=\"async\" height=\"300\" width=\"449\" class=\"skip-lazy fg-image\" data-src-fg=\"https:\/\/vanitasespai.es\/wp-content\/uploads\/cache\/2017\/08\/Zona-Pedicura-Spa\/1060605399.jpg\" src=\"data:image\/svg+xml,%3Csvg%20xmlns%3D%22http%3A%2F%2Fwww.w3.org%2F2000%2Fsvg%22%20width%3D%22449%22%20height%3D%22300%22%20viewBox%3D%220%200%20449%20300%22%3E%3C%2Fsvg%3E\" loading=\"eager\"><\/span><span class=\"fg-image-overlay\"><\/span><\/a><figcaption class=\"fg-caption\"><div class=\"fg-caption-inner\"><\/div><\/figcaption><\/figure><div class=\"fg-loader\"><\/div><\/div><div class=\"fg-item fg-type-image fg-idle\"><figure class=\"fg-item-inner\"><a href=\"https:\/\/vanitasespai.es\/wp-content\/uploads\/2017\/08\/Zona-VIP-con-lavacabezas.jpg\" data-attachment-id=\"13337\" data-rel=\"lightbox-image-bGlnaHRib3g=\" data-rl_title=\"\" data-rl_caption=\"\" data-type=\"image\" class=\"fg-thumb\" title=\"\"><span class=\"fg-image-wrap\"><img decoding=\"async\" height=\"300\" width=\"449\" class=\"skip-lazy fg-image\" data-src-fg=\"https:\/\/vanitasespai.es\/wp-content\/uploads\/cache\/2017\/08\/Zona-VIP-con-lavacabezas\/2020397351.jpg\" src=\"data:image\/svg+xml,%3Csvg%20xmlns%3D%22http%3A%2F%2Fwww.w3.org%2F2000%2Fsvg%22%20width%3D%22449%22%20height%3D%22300%22%20viewBox%3D%220%200%20449%20300%22%3E%3C%2Fsvg%3E\" loading=\"eager\"><\/span><span class=\"fg-image-overlay\"><\/span><\/a><figcaption class=\"fg-caption\"><div class=\"fg-caption-inner\"><\/div><\/figcaption><\/figure><div class=\"fg-loader\"><\/div><\/div><div class=\"fg-item fg-type-image fg-idle\"><figure class=\"fg-item-inner\"><a href=\"https:\/\/vanitasespai.es\/wp-content\/uploads\/2017\/08\/Zona-VIP-Maquillaje.jpg\" data-attachment-id=\"13338\" data-rel=\"lightbox-image-bGlnaHRib3g=\" data-rl_title=\"\" data-rl_caption=\"\" data-type=\"image\" class=\"fg-thumb\" title=\"\"><span class=\"fg-image-wrap\"><img decoding=\"async\" height=\"300\" width=\"449\" class=\"skip-lazy fg-image\" data-src-fg=\"https:\/\/vanitasespai.es\/wp-content\/uploads\/cache\/2017\/08\/Zona-VIP-Maquillaje\/2923850585.jpg\" src=\"data:image\/svg+xml,%3Csvg%20xmlns%3D%22http%3A%2F%2Fwww.w3.org%2F2000%2Fsvg%22%20width%3D%22449%22%20height%3D%22300%22%20viewBox%3D%220%200%20449%20300%22%3E%3C%2Fsvg%3E\" loading=\"eager\"><\/span><span class=\"fg-image-overlay\"><\/span><\/a><figcaption class=\"fg-caption\"><div class=\"fg-caption-inner\"><\/div><\/figcaption><\/figure><div class=\"fg-loader\"><\/div><\/div><\/div>\n\n","protected":false},"excerpt":{"rendered":"<p>Vanitas Espai \u00e9s un acollidor sal\u00f3 de bellesa de disseny al cor de l&#8217;Eixample barcelon\u00ed, amb una atmosfera creada perqu\u00e8 estiguis totalment relaxat mentre cuidem de la teva imatge a les nostres exclusives zones de perruqueria i est\u00e8tica. Rebr\u00e0s atenci\u00f3 personalitzada que et far\u00e0 sentir molt especial. Els nostres professionals estan sempre a la darrera [&hellip;]<\/p>\n","protected":false},"author":1,"featured_media":19246,"parent":0,"menu_order":0,"comment_status":"closed","ping_status":"closed","template":"page-default.php","meta":{"_acf_changed":false,"_joinchat":[],"footnotes":""},"class_list":["post-19244","page","type-page","status-publish","has-post-thumbnail","hentry"],"acf":[],"yoast_head":"<!-- This site is optimized with the Yoast SEO plugin v26.1.1 - https:\/\/yoast.com\/wordpress\/plugins\/seo\/ -->\n<title>Vanitas Espai - Coneix Vanitas Espai<\/title>\n<meta name=\"robots\" content=\"index, follow, max-snippet:-1, max-image-preview:large, max-video-preview:-1\" \/>\n<link rel=\"canonical\" href=\"https:\/\/vanitasespai.es\/ca\/coneix-vanitas-espai\/\" \/>\n<meta property=\"og:locale\" content=\"ca_ES\" \/>\n<meta property=\"og:type\" content=\"article\" \/>\n<meta property=\"og:title\" content=\"Vanitas Espai - Coneix Vanitas Espai\" \/>\n<meta property=\"og:description\" content=\"Vanitas Espai \u00e9s un acollidor sal\u00f3 de bellesa de disseny al cor de l&#8217;Eixample barcelon\u00ed, amb una atmosfera creada perqu\u00e8 estiguis totalment relaxat mentre cuidem de la teva imatge a les nostres exclusives zones de perruqueria i est\u00e8tica. Rebr\u00e0s atenci\u00f3 personalitzada que et far\u00e0 sentir molt especial. Els nostres professionals estan sempre a la darrera [&hellip;]\" \/>\n<meta property=\"og:url\" content=\"https:\/\/vanitasespai.es\/ca\/coneix-vanitas-espai\/\" \/>\n<meta property=\"og:site_name\" content=\"Vanitas Espai\" \/>\n<meta property=\"article:modified_time\" content=\"2025-10-08T12:20:31+00:00\" \/>\n<meta property=\"og:image\" content=\"https:\/\/vanitasespai.es\/wp-content\/uploads\/2011\/08\/fondo-escaparate-entero.jpg\" \/>\n\t<meta property=\"og:image:width\" content=\"1440\" \/>\n\t<meta property=\"og:image:height\" content=\"991\" \/>\n\t<meta property=\"og:image:type\" content=\"image\/jpeg\" \/>\n<meta name=\"twitter:card\" content=\"summary_large_image\" \/>\n<meta name=\"twitter:label1\" content=\"Temps estimat de lectura\" \/>\n\t<meta name=\"twitter:data1\" content=\"2 minuts\" \/>\n<script type=\"application\/ld+json\" class=\"yoast-schema-graph\">{\"@context\":\"https:\/\/schema.org\",\"@graph\":[{\"@type\":\"WebPage\",\"@id\":\"https:\/\/vanitasespai.es\/ca\/coneix-vanitas-espai\/\",\"url\":\"https:\/\/vanitasespai.es\/ca\/coneix-vanitas-espai\/\",\"name\":\"Vanitas Espai - Coneix Vanitas Espai\",\"isPartOf\":{\"@id\":\"https:\/\/vanitasespai.es\/#website\"},\"primaryImageOfPage\":{\"@id\":\"https:\/\/vanitasespai.es\/ca\/coneix-vanitas-espai\/#primaryimage\"},\"image\":{\"@id\":\"https:\/\/vanitasespai.es\/ca\/coneix-vanitas-espai\/#primaryimage\"},\"thumbnailUrl\":\"https:\/\/vanitasespai.es\/wp-content\/uploads\/2011\/08\/fondo-escaparate-entero.jpg\",\"datePublished\":\"2025-10-07T10:55:45+00:00\",\"dateModified\":\"2025-10-08T12:20:31+00:00\",\"breadcrumb\":{\"@id\":\"https:\/\/vanitasespai.es\/ca\/coneix-vanitas-espai\/#breadcrumb\"},\"inLanguage\":\"ca\",\"potentialAction\":[{\"@type\":\"ReadAction\",\"target\":[\"https:\/\/vanitasespai.es\/ca\/coneix-vanitas-espai\/\"]}]},{\"@type\":\"ImageObject\",\"inLanguage\":\"ca\",\"@id\":\"https:\/\/vanitasespai.es\/ca\/coneix-vanitas-espai\/#primaryimage\",\"url\":\"https:\/\/vanitasespai.es\/wp-content\/uploads\/2011\/08\/fondo-escaparate-entero.jpg\",\"contentUrl\":\"https:\/\/vanitasespai.es\/wp-content\/uploads\/2011\/08\/fondo-escaparate-entero.jpg\",\"width\":1440,\"height\":991},{\"@type\":\"BreadcrumbList\",\"@id\":\"https:\/\/vanitasespai.es\/ca\/coneix-vanitas-espai\/#breadcrumb\",\"itemListElement\":[{\"@type\":\"ListItem\",\"position\":1,\"name\":\"Home\",\"item\":\"https:\/\/vanitasespai.es\/ca\/\"},{\"@type\":\"ListItem\",\"position\":2,\"name\":\"Coneix Vanitas Espai\"}]},{\"@type\":\"WebSite\",\"@id\":\"https:\/\/vanitasespai.es\/#website\",\"url\":\"https:\/\/vanitasespai.es\/\",\"name\":\"Vanitas Espai\",\"description\":\"Mejor sal\u00f3n de Peluquer\u00eda y Est\u00e9tica de Barcelona\",\"potentialAction\":[{\"@type\":\"SearchAction\",\"target\":{\"@type\":\"EntryPoint\",\"urlTemplate\":\"https:\/\/vanitasespai.es\/?s={search_term_string}\"},\"query-input\":{\"@type\":\"PropertyValueSpecification\",\"valueRequired\":true,\"valueName\":\"search_term_string\"}}],\"inLanguage\":\"ca\"}]}<\/script>\n<!-- \/ Yoast SEO plugin. -->","yoast_head_json":{"title":"Vanitas Espai - Coneix Vanitas Espai","robots":{"index":"index","follow":"follow","max-snippet":"max-snippet:-1","max-image-preview":"max-image-preview:large","max-video-preview":"max-video-preview:-1"},"canonical":"https:\/\/vanitasespai.es\/ca\/coneix-vanitas-espai\/","og_locale":"ca_ES","og_type":"article","og_title":"Vanitas Espai - Coneix Vanitas Espai","og_description":"Vanitas Espai \u00e9s un acollidor sal\u00f3 de bellesa de disseny al cor de l&#8217;Eixample barcelon\u00ed, amb una atmosfera creada perqu\u00e8 estiguis totalment relaxat mentre cuidem de la teva imatge a les nostres exclusives zones de perruqueria i est\u00e8tica. Rebr\u00e0s atenci\u00f3 personalitzada que et far\u00e0 sentir molt especial. Els nostres professionals estan sempre a la darrera [&hellip;]","og_url":"https:\/\/vanitasespai.es\/ca\/coneix-vanitas-espai\/","og_site_name":"Vanitas Espai","article_modified_time":"2025-10-08T12:20:31+00:00","og_image":[{"width":1440,"height":991,"url":"https:\/\/vanitasespai.es\/wp-content\/uploads\/2011\/08\/fondo-escaparate-entero.jpg","type":"image\/jpeg"}],"twitter_card":"summary_large_image","twitter_misc":{"Temps estimat de lectura":"2 minuts"},"schema":{"@context":"https:\/\/schema.org","@graph":[{"@type":"WebPage","@id":"https:\/\/vanitasespai.es\/ca\/coneix-vanitas-espai\/","url":"https:\/\/vanitasespai.es\/ca\/coneix-vanitas-espai\/","name":"Vanitas Espai - Coneix Vanitas Espai","isPartOf":{"@id":"https:\/\/vanitasespai.es\/#website"},"primaryImageOfPage":{"@id":"https:\/\/vanitasespai.es\/ca\/coneix-vanitas-espai\/#primaryimage"},"image":{"@id":"https:\/\/vanitasespai.es\/ca\/coneix-vanitas-espai\/#primaryimage"},"thumbnailUrl":"https:\/\/vanitasespai.es\/wp-content\/uploads\/2011\/08\/fondo-escaparate-entero.jpg","datePublished":"2025-10-07T10:55:45+00:00","dateModified":"2025-10-08T12:20:31+00:00","breadcrumb":{"@id":"https:\/\/vanitasespai.es\/ca\/coneix-vanitas-espai\/#breadcrumb"},"inLanguage":"ca","potentialAction":[{"@type":"ReadAction","target":["https:\/\/vanitasespai.es\/ca\/coneix-vanitas-espai\/"]}]},{"@type":"ImageObject","inLanguage":"ca","@id":"https:\/\/vanitasespai.es\/ca\/coneix-vanitas-espai\/#primaryimage","url":"https:\/\/vanitasespai.es\/wp-content\/uploads\/2011\/08\/fondo-escaparate-entero.jpg","contentUrl":"https:\/\/vanitasespai.es\/wp-content\/uploads\/2011\/08\/fondo-escaparate-entero.jpg","width":1440,"height":991},{"@type":"BreadcrumbList","@id":"https:\/\/vanitasespai.es\/ca\/coneix-vanitas-espai\/#breadcrumb","itemListElement":[{"@type":"ListItem","position":1,"name":"Home","item":"https:\/\/vanitasespai.es\/ca\/"},{"@type":"ListItem","position":2,"name":"Coneix Vanitas Espai"}]},{"@type":"WebSite","@id":"https:\/\/vanitasespai.es\/#website","url":"https:\/\/vanitasespai.es\/","name":"Vanitas Espai","description":"Mejor sal\u00f3n de Peluquer\u00eda y Est\u00e9tica de Barcelona","potentialAction":[{"@type":"SearchAction","target":{"@type":"EntryPoint","urlTemplate":"https:\/\/vanitasespai.es\/?s={search_term_string}"},"query-input":{"@type":"PropertyValueSpecification","valueRequired":true,"valueName":"search_term_string"}}],"inLanguage":"ca"}]}},"_links":{"self":[{"href":"https:\/\/vanitasespai.es\/ca\/wp-json\/wp\/v2\/pages\/19244","targetHints":{"allow":["GET"]}}],"collection":[{"href":"https:\/\/vanitasespai.es\/ca\/wp-json\/wp\/v2\/pages"}],"about":[{"href":"https:\/\/vanitasespai.es\/ca\/wp-json\/wp\/v2\/types\/page"}],"author":[{"embeddable":true,"href":"https:\/\/vanitasespai.es\/ca\/wp-json\/wp\/v2\/users\/1"}],"replies":[{"embeddable":true,"href":"https:\/\/vanitasespai.es\/ca\/wp-json\/wp\/v2\/comments?post=19244"}],"version-history":[{"count":4,"href":"https:\/\/vanitasespai.es\/ca\/wp-json\/wp\/v2\/pages\/19244\/revisions"}],"predecessor-version":[{"id":19594,"href":"https:\/\/vanitasespai.es\/ca\/wp-json\/wp\/v2\/pages\/19244\/revisions\/19594"}],"wp:featuredmedia":[{"embeddable":true,"href":"https:\/\/vanitasespai.es\/ca\/wp-json\/wp\/v2\/media\/19246"}],"wp:attachment":[{"href":"https:\/\/vanitasespai.es\/ca\/wp-json\/wp\/v2\/media?parent=19244"}],"curies":[{"name":"wp","href":"https:\/\/api.w.org\/{rel}","templated":true}]}}